{"id":46108,"date":"2025-11-04T03:09:44","date_gmt":"2025-11-04T03:09:44","guid":{"rendered":"https:\/\/jasonhosesolutions.com\/termos-de-servico\/"},"modified":"2026-01-30T12:44:46","modified_gmt":"2026-01-30T12:44:46","slug":"termos-de-servico","status":"publish","type":"page","link":"https:\/\/jasonhosesolutions.com\/pt-br\/termos-de-servico\/","title":{"rendered":"Termos de Servi\u00e7o"},"content":{"rendered":"\n<p>Leia atentamente estes Termos de Uso (&#8220;Termos&#8221;, &#8220;Termos de Uso&#8221;) antes de utilizar o website <a href=\"https:\/\/jasonhosesolutions.com\/pt-br\/\">jasonhosesolutions.com<\/a> (o &#8220;Servi\u00e7o&#8221;) operado pela Jason (&#8220;n\u00f3s&#8221;, &#8220;nos&#8221; ou &#8220;nosso&#8221;).<\/p>\n\n<p>Seu acesso e uso do Servi\u00e7o est\u00e3o condicionados \u00e0 sua aceita\u00e7\u00e3o e conformidade com estes Termos. Estes Termos se aplicam a todos os visitantes, usu\u00e1rios e outros que acessam ou usam o Servi\u00e7o. <\/p>\n\n<p>Ao acessar ou usar o Servi\u00e7o, voc\u00ea concorda em ficar vinculado a estes Termos. Se voc\u00ea discordar de alguma parte dos termos, n\u00e3o poder\u00e1 acessar o Servi\u00e7o. <\/p>\n\n<h2 class=\"wp-block-heading\">Propriedade Intelectual<\/h2>\n\n<p>O Servi\u00e7o e seu conte\u00fado original, recursos e funcionalidades s\u00e3o e permanecer\u00e3o propriedade exclusiva da Jason e de seus licenciadores.<\/p>\n\n<h2 class=\"wp-block-heading\">Links para outros websites<\/h2>\n\n<p>Nosso Servi\u00e7o pode conter links para sites ou servi\u00e7os de terceiros que n\u00e3o s\u00e3o de propriedade ou controlados pela Jason<\/p>\n\n<p>A Jason n\u00e3o tem controle e n\u00e3o assume responsabilidade pelo conte\u00fado, pol\u00edticas de privacidade ou pr\u00e1ticas de sites ou servi\u00e7os de terceiros. Voc\u00ea tamb\u00e9m reconhece e concorda que a Jason n\u00e3o ser\u00e1 respons\u00e1vel, direta ou indiretamente, por qualquer dano ou perda causada ou alegada como sendo causada por ou em conex\u00e3o com o uso ou confian\u00e7a em qualquer conte\u00fado, bens ou servi\u00e7os dispon\u00edveis em ou atrav\u00e9s de tais sites ou servi\u00e7os. <\/p>\n\n<p>Aconselhamos vivamente que leia os termos e condi\u00e7\u00f5es e as pol\u00edticas de privacidade de quaisquer sites ou servi\u00e7os de terceiros que visite.<\/p>\n\n<h2 class=\"wp-block-heading\">Rescis\u00e3o<\/h2>\n\n<p>Podemos rescindir ou suspender o acesso ao nosso Servi\u00e7o imediatamente, sem aviso pr\u00e9vio ou responsabilidade, por qualquer motivo, incluindo, sem limita\u00e7\u00e3o, se voc\u00ea violar os Termos.<\/p>\n\n<p>Todas as disposi\u00e7\u00f5es dos Termos que, por sua natureza, devem sobreviver \u00e0 rescis\u00e3o, sobreviver\u00e3o \u00e0 rescis\u00e3o, incluindo, sem limita\u00e7\u00e3o, disposi\u00e7\u00f5es de propriedade, isen\u00e7\u00f5es de garantia, indeniza\u00e7\u00e3o e limita\u00e7\u00f5es de responsabilidade.<\/p>\n\n<h2 class=\"wp-block-heading\">Isen\u00e7\u00e3o de responsabilidade<\/h2>\n\n<p>O uso do Servi\u00e7o \u00e9 por sua conta e risco. O Servi\u00e7o \u00e9 fornecido \u201cCOMO EST\u00c1\u201d e \u201cCONFORME DISPON\u00cdVEL\u201d. O Servi\u00e7o \u00e9 fornecido sem garantias de qualquer tipo, expressas ou impl\u00edcitas, incluindo, mas n\u00e3o se limitando a, garantias impl\u00edcitas de comercializa\u00e7\u00e3o, adequa\u00e7\u00e3o a um prop\u00f3sito espec\u00edfico, n\u00e3o viola\u00e7\u00e3o ou curso de desempenho.  <\/p>\n\n<h2 class=\"wp-block-heading\">Lei Aplic\u00e1vel<\/h2>\n\n<p>Estes Termos ser\u00e3o regidos e interpretados de acordo com as leis dos Estados Unidos, sem levar em considera\u00e7\u00e3o suas disposi\u00e7\u00f5es sobre conflitos de leis.<\/p>\n\n<p>Nossa falha em fazer cumprir qualquer direito ou disposi\u00e7\u00e3o destes Termos n\u00e3o ser\u00e1 considerada uma ren\u00fancia a esses direitos. Se qualquer disposi\u00e7\u00e3o destes Termos for considerada inv\u00e1lida ou inexequ\u00edvel por um tribunal, as disposi\u00e7\u00f5es restantes destes Termos permanecer\u00e3o em vigor. Estes Termos constituem o acordo integral entre n\u00f3s em rela\u00e7\u00e3o ao nosso Servi\u00e7o e substituem quaisquer acordos anteriores que possamos ter entre n\u00f3s em rela\u00e7\u00e3o ao Servi\u00e7o.  <\/p>\n\n<h2 class=\"wp-block-heading\">Altera\u00e7\u00f5es<\/h2>\n\n<p>Reservamo-nos o direito, a nosso exclusivo crit\u00e9rio, de modificar ou substituir estes Termos a qualquer momento. Se uma revis\u00e3o for material, tentaremos fornecer um aviso de pelo menos 30 dias antes que quaisquer novos termos entrem em vigor. O que constitui uma altera\u00e7\u00e3o material ser\u00e1 determinado a nosso exclusivo crit\u00e9rio.  <\/p>\n\n<p>Ao continuar a acessar ou usar nosso Servi\u00e7o ap\u00f3s a entrada em vigor dessas revis\u00f5es, voc\u00ea concorda em ficar vinculado aos termos revisados. Se voc\u00ea n\u00e3o concordar com os novos termos, pare de usar o Servi\u00e7o. <\/p>\n\n<h2 class=\"wp-block-heading\">Contate-nos<\/h2>\n\n<p>Se voc\u00ea tiver alguma d\u00favida sobre estes Termos, entre em contato conosco.<\/p>\n","protected":false},"excerpt":{"rendered":"<p>Leia atentamente estes Termos de Uso (&#8220;Termos&#8221;, &#8220;Termos de Uso&#8221;) antes de utilizar o website jasonhosesolutions.com (o &#8220;Servi\u00e7o&#8221;) operado pela Jason (&#8220;n\u00f3s&#8221;, &#8220;nos&#8221; ou &#8220;nosso&#8221;). Seu acesso e uso do Servi\u00e7o est\u00e3o condicionados \u00e0 sua aceita\u00e7\u00e3o e conformidade com estes Termos. Estes Termos se aplicam a todos os visitantes, usu\u00e1rios e outros que acessam ou [&hellip;]<\/p>\n","protected":false},"author":1,"featured_media":0,"parent":0,"menu_order":0,"comment_status":"closed","ping_status":"closed","template":"","meta":{"_acf_changed":false,"_seopress_robots_primary_cat":"","_seopress_titles_title":"","_seopress_titles_desc":"","_seopress_robots_index":"","footnotes":""},"class_list":["post-46108","page","type-page","status-publish"],"acf":[],"_links":{"self":[{"href":"https:\/\/jasonhosesolutions.com\/pt-br\/wp-json\/wp\/v2\/pages\/46108","targetHints":{"allow":["GET"]}}],"collection":[{"href":"https:\/\/jasonhosesolutions.com\/pt-br\/wp-json\/wp\/v2\/pages"}],"about":[{"href":"https:\/\/jasonhosesolutions.com\/pt-br\/wp-json\/wp\/v2\/types\/page"}],"author":[{"embeddable":true,"href":"https:\/\/jasonhosesolutions.com\/pt-br\/wp-json\/wp\/v2\/users\/1"}],"replies":[{"embeddable":true,"href":"https:\/\/jasonhosesolutions.com\/pt-br\/wp-json\/wp\/v2\/comments?post=46108"}],"version-history":[{"count":0,"href":"https:\/\/jasonhosesolutions.com\/pt-br\/wp-json\/wp\/v2\/pages\/46108\/revisions"}],"wp:attachment":[{"href":"https:\/\/jasonhosesolutions.com\/pt-br\/wp-json\/wp\/v2\/media?parent=46108"}],"curies":[{"name":"wp","href":"https:\/\/api.w.org\/{rel}","templated":true}]}}