{"id":46104,"date":"2025-11-11T18:36:56","date_gmt":"2025-11-11T18:36:56","guid":{"rendered":"https:\/\/jasonhosesolutions.com\/setores\/equipamentos-industriais-para-servicos-pesados\/"},"modified":"2026-02-04T12:53:57","modified_gmt":"2026-02-04T12:53:57","slug":"equipamentos-industriais-para-servicos-pesados","status":"publish","type":"page","link":"https:\/\/jasonhosesolutions.com\/pt-br\/setores\/equipamentos-industriais-para-servicos-pesados\/","title":{"rendered":"Equipamentos industriais para servi\u00e7os pesados"},"content":{"rendered":"\n<p>As mangueiras hidr\u00e1ulicas fornecem energia hidr\u00e1ulica com efici\u00eancia para escavadeiras, guindastes, plataformas de perfura\u00e7\u00e3o offshore, equipamentos de minera\u00e7\u00e3o e v\u00e1rias outras pe\u00e7as de maquin\u00e1rio industrial pesado. Elas fornecem solu\u00e7\u00f5es de energia seguras e duradouras, oferecendo a durabilidade e a flexibilidade necess\u00e1rias para lidar com v\u00e1rios ambientes e aplica\u00e7\u00f5es desafiadores. <\/p>\n\n<p>Na Jason, fornecemos mangueiras industriais de alto desempenho para diversos setores desde 1958. Somos a divis\u00e3o de mangueiras da AMMEGA, fornecendo produtos para clientes nas Am\u00e9ricas do Norte, do Sul e Central. Saiba mais sobre como oferecemos suporte aos nossos clientes da ind\u00fastria pesada com mangueiras robustas para equipamentos industriais.  <\/p>\n\n<h2 class=\"wp-block-heading\">Mangueiras de maquin\u00e1rio<\/h2>\n\n<p>As mangueiras de maquin\u00e1rio s\u00e3o essenciais para a funcionalidade e a efici\u00eancia de equipamentos pesados de constru\u00e7\u00e3o e minera\u00e7\u00e3o com sistemas hidr\u00e1ulicos. As mangueiras hidr\u00e1ulicas transferem energia na forma de fluido de alta press\u00e3o dos sistemas hidr\u00e1ulicos para v\u00e1lvulas, cilindros, motores e outras pe\u00e7as do maquin\u00e1rio, permitindo o movimento e o controle dos componentes. <\/p>\n\n<h3 class=\"wp-block-heading\">Tratores de esteira<\/h3>\n\n<p>Os buld\u00f4zeres utilizam sistemas hidr\u00e1ulicos e mangueiras de servi\u00e7o pesado para fornecer energia fluida para suas l\u00e2minas. Esses componentes permitem que os buld\u00f4zeres nivelem, nivelem, escavem e empurrem o solo e outros materiais em ambientes de constru\u00e7\u00e3o. <\/p>\n\n<h3 class=\"wp-block-heading\">Guindastes<\/h3>\n\n<p>Para operar a lan\u00e7a &#8211; o componente do equipamento respons\u00e1vel por elevar, abaixar e transportar itens e materiais pesados &#8211; os guindastes s\u00e3o projetados com cilindros hidr\u00e1ulicos. Nossas mangueiras hidr\u00e1ulicas para servi\u00e7os pesados fornecem com efici\u00eancia a energia necess\u00e1ria para operar os cilindros no sistema hidr\u00e1ulico de um guindaste. <\/p>\n\n<h3 class=\"wp-block-heading\">Escavadeiras<\/h3>\n\n<p>Da mesma forma, o sistema hidr\u00e1ulico de uma escavadeira fornece energia para a ca\u00e7amba e a lan\u00e7a. Ao fornecer fluido altamente pressurizado para os cilindros hidr\u00e1ulicos da escavadeira, as mangueiras do maquin\u00e1rio ajudam a dar aos operadores a funcionalidade para mover essas pe\u00e7as do equipamento. <\/p>\n\n<h3 class=\"wp-block-heading\">Carregadores<\/h3>\n\n<p>Ao fornecer energia para os cilindros hidr\u00e1ulicos das carregadeiras, as mangueiras de maquin\u00e1rio permitem que esse equipamento eleve a ca\u00e7amba em sua parte frontal. Os operadores podem ent\u00e3o controlar a ca\u00e7amba para transportar sujeira e materiais conforme necess\u00e1rio. <\/p>\n\n<h3 class=\"wp-block-heading\">Equipamentos de minera\u00e7\u00e3o<\/h3>\n\n<p>Em aplica\u00e7\u00f5es de minera\u00e7\u00e3o, tanto acima quanto abaixo do solo, a maioria dos equipamentos utiliza mangueiras hidr\u00e1ulicas de minera\u00e7\u00e3o para garantir opera\u00e7\u00f5es suaves e fornecimento de energia consistente. Exemplos desse tipo de maquin\u00e1rio incluem: <\/p>\n\n<ul class=\"wp-block-list\">\n<li>Mineradores cont\u00ednuos<\/li>\n\n\n\n<li>Escavadeiras<\/li>\n\n\n\n<li>Exerc\u00edcios<\/li>\n\n\n\n<li>Caminh\u00f5es de transporte<\/li>\n\n\n\n<li>P\u00e1s hidr\u00e1ulicas<\/li>\n\n\n\n<li>Raspadores<\/li>\n<\/ul>\n\n<h2 class=\"wp-block-heading\">Vantagens das mangueiras em maquin\u00e1rio para servi\u00e7os pesados<\/h2>\n\n<p>As mangueiras de maquin\u00e1rio industrial oferecem v\u00e1rias vantagens para equipamentos industriais de servi\u00e7o pesado. Os benef\u00edcios das mangueiras hidr\u00e1ulicas nessas aplica\u00e7\u00f5es incluem: <\/p>\n\n<ul class=\"wp-block-list\">\n<li><strong>Fornecimento eficiente de energia:<\/strong> Ao funcionar entre uma fonte de energia e componentes como cilindros nos sistemas hidr\u00e1ulicos do seu equipamento, nossas mangueiras hidr\u00e1ulicas oferecem flexibilidade no roteamento para transferir energia de forma eficiente entre pontos com baixas perdas de energia. Isso d\u00e1 \u00e0s nossas mangueiras para servi\u00e7os pesados o benef\u00edcio colateral de serem econ\u00f4micas, com poss\u00edveis economias nos custos operacionais e de energia. <\/li>\n\n\n\n<li><strong>Alta pot\u00eancia em um espa\u00e7o compacto:<\/strong> Al\u00e9m de lidar eficazmente com aplica\u00e7\u00f5es de alta pot\u00eancia, as mangueiras hidr\u00e1ulicas oferecem densidade de pot\u00eancia ideal devido ao seu formato compacto e baixo peso. Elas s\u00e3o uma op\u00e7\u00e3o ideal para aplica\u00e7\u00f5es com restri\u00e7\u00f5es de espa\u00e7o, para que os equipamentos de constru\u00e7\u00e3o e minera\u00e7\u00e3o n\u00e3o precisem sacrificar a pot\u00eancia. <\/li>\n\n\n\n<li><strong>Opera\u00e7\u00f5es mais seguras:<\/strong> As mangueiras hidr\u00e1ulicas t\u00eam uma classifica\u00e7\u00e3o de press\u00e3o especificada para ajudar voc\u00ea a selecionar a op\u00e7\u00e3o certa para apoiar opera\u00e7\u00f5es seguras em seu equipamento industrial. Com a manuten\u00e7\u00e3o adequada e peri\u00f3dica, essas mangueiras robustas e confi\u00e1veis podem resistir ao uso intenso e diminuir o risco de acidentes com trabalhadores e danos aos equipamentos. A montagem, a inspe\u00e7\u00e3o\/manuten\u00e7\u00e3o e a substitui\u00e7\u00e3o adequadas das mangueiras s\u00e3o fundamentais.  <\/li>\n\n\n\n<li><strong>Flexibilidade aprimorada para facilitar a movimenta\u00e7\u00e3o: <\/strong>Parte de sua capacidade de se encaixar em \u00e1reas apertadas \u00e9 a flexibilidade. Nossas mangueiras para maquin\u00e1rio conseguem se esticar em cantos, manobrar entre componentes e muito mais para facilitar o movimento e atender \u00e0s necessidades de equipamentos pesados, mesmo em espa\u00e7os ou ambientes desafiadores. <\/li>\n\n\n\n<li><strong>Desempenho duradouro: <\/strong>As mangueiras hidr\u00e1ulicas resistem de forma confi\u00e1vel em ambientes adversos, aplica\u00e7\u00f5es robustas e uso dif\u00edcil. Projetadas com a ind\u00fastria pesada em mente, elas oferecem \u00f3tima longevidade. <\/li>\n\n\n\n<li><strong>Aplica\u00e7\u00f5es vers\u00e1teis:<\/strong> Nossas mangueiras podem acomodar sistemas hidr\u00e1ulicos complexos, personalizados para transmitir energia por todo o seu equipamento industrial pesado espec\u00edfico. Voc\u00ea pode at\u00e9 mesmo alimentar v\u00e1rios componentes de m\u00e1quinas ao mesmo tempo. <\/li>\n<\/ul>\n\n<h2 class=\"wp-block-heading\">Contato Jason<\/h2>\n\n<p>As mangueiras hidr\u00e1ulicas s\u00e3o eficazes em aplica\u00e7\u00f5es nos setores industrial, de constru\u00e7\u00e3o e de minera\u00e7\u00e3o. Ao fornecer energia a v\u00e1rios tipos de equipamentos hidr\u00e1ulicos, nossas mangueiras hidr\u00e1ulicas s\u00e3o uma solu\u00e7\u00e3o operacional segura e eficiente. Elas proporcionam a voc\u00ea a capacidade de manobra e a longevidade que o seu equipamento para servi\u00e7os pesados exige para lidar com condi\u00e7\u00f5es operacionais adversas.  <\/p>\n\n<p>Quando voc\u00ea faz uma parceria com a Jason para mangueiras de equipamentos industriais para servi\u00e7os pesados, voc\u00ea tem acesso a d\u00e9cadas de conhecimento de produtos, atendimento superior ao cliente e mangueiras de alta qualidade para opera\u00e7\u00f5es confi\u00e1veis. <a href=\"https:\/\/jasonhosesolutions.com\/pt-br\/contato\/\" data-type=\"page\" data-id=\"152\">Entre em contato conosco<\/a> hoje mesmo para saber mais sobre como a nossa equipe pode dar suporte \u00e0s suas aplica\u00e7\u00f5es exigentes na ind\u00fastria pesada ou <a href=\"https:\/\/jasonhosesolutions.com\/pt-br\/solicitacao-de-cotacao\/\" data-type=\"page\" data-id=\"122\">solicite uma cota\u00e7\u00e3o<\/a> para obter detalhes sobre pre\u00e7os.<\/p>\n","protected":false},"excerpt":{"rendered":"<p>As mangueiras hidr\u00e1ulicas fornecem energia eficiente e segura para escavadeiras, guindastes, plataformas e equipamentos de minera\u00e7\u00e3o, oferecendo durabilidade e flexibilidade em ambientes dif\u00edceis. A Jason, divis\u00e3o de mangueiras da AMMEGA desde 1958, fornece mangueiras de alto desempenho nas Am\u00e9ricas para solu\u00e7\u00f5es confi\u00e1veis para a ind\u00fastria pesada. <\/p>\n","protected":false},"author":1,"featured_media":46522,"parent":46042,"menu_order":0,"comment_status":"closed","ping_status":"closed","template":"","meta":{"_acf_changed":false,"_seopress_robots_primary_cat":"","_seopress_titles_title":"","_seopress_titles_desc":"","_seopress_robots_index":"","footnotes":""},"class_list":["post-46104","page","type-page","status-publish","has-post-thumbnail"],"acf":[],"_links":{"self":[{"href":"https:\/\/jasonhosesolutions.com\/pt-br\/wp-json\/wp\/v2\/pages\/46104","targetHints":{"allow":["GET"]}}],"collection":[{"href":"https:\/\/jasonhosesolutions.com\/pt-br\/wp-json\/wp\/v2\/pages"}],"about":[{"href":"https:\/\/jasonhosesolutions.com\/pt-br\/wp-json\/wp\/v2\/types\/page"}],"author":[{"embeddable":true,"href":"https:\/\/jasonhosesolutions.com\/pt-br\/wp-json\/wp\/v2\/users\/1"}],"replies":[{"embeddable":true,"href":"https:\/\/jasonhosesolutions.com\/pt-br\/wp-json\/wp\/v2\/comments?post=46104"}],"version-history":[{"count":0,"href":"https:\/\/jasonhosesolutions.com\/pt-br\/wp-json\/wp\/v2\/pages\/46104\/revisions"}],"up":[{"embeddable":true,"href":"https:\/\/jasonhosesolutions.com\/pt-br\/wp-json\/wp\/v2\/pages\/46042"}],"wp:featuredmedia":[{"embeddable":true,"href":"https:\/\/jasonhosesolutions.com\/pt-br\/wp-json\/wp\/v2\/media\/46522"}],"wp:attachment":[{"href":"https:\/\/jasonhosesolutions.com\/pt-br\/wp-json\/wp\/v2\/media?parent=46104"}],"curies":[{"name":"wp","href":"https:\/\/api.w.org\/{rel}","templated":true}]}}