{"id":46078,"date":"2025-11-04T07:58:35","date_gmt":"2025-11-04T07:58:35","guid":{"rendered":"https:\/\/jasonhosesolutions.com\/produtos\/industrial\/"},"modified":"2026-01-30T12:44:35","modified_gmt":"2026-01-30T12:44:35","slug":"industrial","status":"publish","type":"page","link":"https:\/\/jasonhosesolutions.com\/pt-br\/produtos\/industrial\/","title":{"rendered":"Industrial"},"content":{"rendered":"\n<p>A Jason oferece uma linha completa de mangueiras industriais de borracha e termopl\u00e1sticas, conex\u00f5es e acess\u00f3rios para uma ampla gama de ind\u00fastrias e aplica\u00e7\u00f5es. Nosso principal centro de distribui\u00e7\u00e3o de mangueiras est\u00e1 localizado em Carol Stream, Illinois. Centros de distribui\u00e7\u00e3o adicionais nos Estados Unidos est\u00e3o localizados na Calif\u00f3rnia, Fl\u00f3rida, Nova Jersey, Oregon e Texas, a fim de fornecer estoque aos nossos clientes o mais r\u00e1pido poss\u00edvel. Centros de distribui\u00e7\u00e3o adicionais est\u00e3o localizados em todas as Am\u00e9ricas e podem ser encontrados em nossa p\u00e1gina <a href=\"https:\/\/jasonhosesolutions.com\/pt-br\/sobre-nos\/\" data-type=\"page\" data-id=\"144\">sobre n\u00f3s<\/a>.   <\/p>\n","protected":false},"excerpt":{"rendered":"<p>A Jason oferece uma linha completa de mangueiras industriais de borracha e termopl\u00e1sticas, conex\u00f5es e acess\u00f3rios para uma ampla gama de ind\u00fastrias e aplica\u00e7\u00f5es. Nosso principal centro de distribui\u00e7\u00e3o de mangueiras est\u00e1 localizado em Carol Stream, Illinois. Centros de distribui\u00e7\u00e3o adicionais nos Estados Unidos est\u00e3o localizados na Calif\u00f3rnia, Fl\u00f3rida, Nova Jersey, Oregon e Texas, a [&hellip;]<\/p>\n","protected":false},"author":1,"featured_media":26694,"parent":46076,"menu_order":0,"comment_status":"closed","ping_status":"closed","template":"","meta":{"_acf_changed":false,"_seopress_robots_primary_cat":"","_seopress_titles_title":"","_seopress_titles_desc":"","_seopress_robots_index":"","footnotes":""},"class_list":["post-46078","page","type-page","status-publish","has-post-thumbnail"],"acf":[],"_links":{"self":[{"href":"https:\/\/jasonhosesolutions.com\/pt-br\/wp-json\/wp\/v2\/pages\/46078","targetHints":{"allow":["GET"]}}],"collection":[{"href":"https:\/\/jasonhosesolutions.com\/pt-br\/wp-json\/wp\/v2\/pages"}],"about":[{"href":"https:\/\/jasonhosesolutions.com\/pt-br\/wp-json\/wp\/v2\/types\/page"}],"author":[{"embeddable":true,"href":"https:\/\/jasonhosesolutions.com\/pt-br\/wp-json\/wp\/v2\/users\/1"}],"replies":[{"embeddable":true,"href":"https:\/\/jasonhosesolutions.com\/pt-br\/wp-json\/wp\/v2\/comments?post=46078"}],"version-history":[{"count":0,"href":"https:\/\/jasonhosesolutions.com\/pt-br\/wp-json\/wp\/v2\/pages\/46078\/revisions"}],"up":[{"embeddable":true,"href":"https:\/\/jasonhosesolutions.com\/pt-br\/wp-json\/wp\/v2\/pages\/46076"}],"wp:featuredmedia":[{"embeddable":true,"href":"https:\/\/jasonhosesolutions.com\/pt-br\/wp-json\/wp\/v2\/media\/26694"}],"wp:attachment":[{"href":"https:\/\/jasonhosesolutions.com\/pt-br\/wp-json\/wp\/v2\/media?parent=46078"}],"curies":[{"name":"wp","href":"https:\/\/api.w.org\/{rel}","templated":true}]}}