{"id":46075,"date":"2025-11-04T03:08:49","date_gmt":"2025-11-04T03:08:49","guid":{"rendered":"https:\/\/jasonhosesolutions.com\/solicitacao-de-cotacao\/"},"modified":"2026-01-30T12:44:34","modified_gmt":"2026-01-30T12:44:34","slug":"solicitacao-de-cotacao","status":"publish","type":"page","link":"https:\/\/jasonhosesolutions.com\/pt-br\/solicitacao-de-cotacao\/","title":{"rendered":"SOLICITA\u00c7\u00c3O DE COTA\u00c7\u00c3O"},"content":{"rendered":"\n<p>Voc\u00ea tem alguma d\u00favida sobre um de nossos produtos? Nossa equipe de especialistas ter\u00e1 prazer em ajudar voc\u00ea. Use o formul\u00e1rio desta p\u00e1gina para nos dizer o que voc\u00ea precisa, e entraremos em contato em breve!  <\/p>\n\n<p>Entre em contato conosco hoje mesmo para saber como podemos ajudar!<\/p>\n\n<p><\/p>\n","protected":false},"excerpt":{"rendered":"<p>Voc\u00ea tem alguma d\u00favida sobre um de nossos produtos? Nossa equipe de especialistas ter\u00e1 prazer em ajudar voc\u00ea. Use o formul\u00e1rio desta p\u00e1gina para nos dizer o que voc\u00ea precisa, e entraremos em contato em breve! Entre em contato conosco hoje mesmo para saber como podemos ajudar!<\/p>\n","protected":false},"author":1,"featured_media":26694,"parent":0,"menu_order":0,"comment_status":"closed","ping_status":"closed","template":"","meta":{"_acf_changed":false,"_seopress_robots_primary_cat":"","_seopress_titles_title":"","_seopress_titles_desc":"","_seopress_robots_index":"","footnotes":""},"class_list":["post-46075","page","type-page","status-publish","has-post-thumbnail"],"acf":[],"_links":{"self":[{"href":"https:\/\/jasonhosesolutions.com\/pt-br\/wp-json\/wp\/v2\/pages\/46075","targetHints":{"allow":["GET"]}}],"collection":[{"href":"https:\/\/jasonhosesolutions.com\/pt-br\/wp-json\/wp\/v2\/pages"}],"about":[{"href":"https:\/\/jasonhosesolutions.com\/pt-br\/wp-json\/wp\/v2\/types\/page"}],"author":[{"embeddable":true,"href":"https:\/\/jasonhosesolutions.com\/pt-br\/wp-json\/wp\/v2\/users\/1"}],"replies":[{"embeddable":true,"href":"https:\/\/jasonhosesolutions.com\/pt-br\/wp-json\/wp\/v2\/comments?post=46075"}],"version-history":[{"count":0,"href":"https:\/\/jasonhosesolutions.com\/pt-br\/wp-json\/wp\/v2\/pages\/46075\/revisions"}],"wp:featuredmedia":[{"embeddable":true,"href":"https:\/\/jasonhosesolutions.com\/pt-br\/wp-json\/wp\/v2\/media\/26694"}],"wp:attachment":[{"href":"https:\/\/jasonhosesolutions.com\/pt-br\/wp-json\/wp\/v2\/media?parent=46075"}],"curies":[{"name":"wp","href":"https:\/\/api.w.org\/{rel}","templated":true}]}}