{"id":46055,"date":"2025-11-11T18:37:44","date_gmt":"2025-11-11T18:37:44","guid":{"rendered":"https:\/\/jasonhosesolutions.com\/setores\/maquinas-ferramentas\/"},"modified":"2026-02-04T12:54:14","modified_gmt":"2026-02-04T12:54:14","slug":"maquinas-ferramentas","status":"publish","type":"page","link":"https:\/\/jasonhosesolutions.com\/pt-br\/setores\/maquinas-ferramentas\/","title":{"rendered":"M\u00e1quinas-ferramentas"},"content":{"rendered":"\n<p>Uma m\u00e1quina-ferramenta \u00e9 usada para fresar, moldar, moer ou cortar mat\u00e9rias-primas para produzir componentes para a agricultura, constru\u00e7\u00e3o, manufatura em geral e muitos outros <a href=\"https:\/\/jasonhosesolutions.com\/pt-br\/setores\/\" data-type=\"page\" data-id=\"323\">setores que atendemos<\/a>. Tornos CNC, esmerilhadeiras, equipamentos de fresagem e outras m\u00e1quinas-ferramentas requerem mangueiras hidr\u00e1ulicas para a opera\u00e7\u00e3o adequada. Com a hidr\u00e1ulica, os projetistas de m\u00e1quinas-ferramenta podem desenvolver fun\u00e7\u00f5es pr\u00e1ticas e poderosas para aumentar a confiabilidade e o desempenho dessas m\u00e1quinas.  <\/p>\n\n<p>As mangueiras de m\u00e1quinas-ferramenta transferem efetivamente o \u00f3leo hidr\u00e1ulico ou outros fluidos de um local para outro. Elas devem ser flex\u00edveis e altamente dur\u00e1veis para suportar a transfer\u00eancia de fluidos de alta press\u00e3o. Saiba mais sobre a fun\u00e7\u00e3o das mangueiras nos sistemas hidr\u00e1ulicos, a import\u00e2ncia das mangueiras nas m\u00e1quinas-ferramentas e a sele\u00e7\u00e3o de mangueiras hidr\u00e1ulicas para m\u00e1quinas-ferramentas dispon\u00edveis na Jason.  <\/p>\n\n<h2 class=\"wp-block-heading\">Mangueiras em sistemas hidr\u00e1ulicos<\/h2>\n\n<p>Os sistemas hidr\u00e1ulicos dependem de fluidos pressurizados para transmitir, gerar e controlar a energia. Uma mangueira hidr\u00e1ulica de alta qualidade \u00e9 parte integrante do sistema hidr\u00e1ulico e essencial para o funcionamento das m\u00e1quinas-ferramentas. Nas m\u00e1quinas CNC, o sistema hidr\u00e1ulico usa a press\u00e3o do fluido para mover e controlar com efici\u00eancia as pe\u00e7as de trabalho, os grampos, as ferramentas de corte e outras pe\u00e7as vitais.  <\/p>\n\n<p>Os principais componentes de um sistema hidr\u00e1ulico em m\u00e1quinas-ferramenta incluem:<\/p>\n\n<ul class=\"wp-block-list\">\n<li>Bomba<\/li>\n\n\n\n<li>Fluido hidr\u00e1ulico<\/li>\n\n\n\n<li>Reservat\u00f3rio<\/li>\n\n\n\n<li>V\u00e1lvulas<\/li>\n\n\n\n<li>Atuadores<\/li>\n<\/ul>\n\n<p>Aqui est\u00e1 um exemplo passo a passo de como os sistemas hidr\u00e1ulicos funcionam:<\/p>\n\n<ol class=\"wp-block-list\">\n<li>A bomba puxa o fluido hidr\u00e1ulico para fora do reservat\u00f3rio e o pressuriza.<\/li>\n\n\n\n<li>O fluido hidr\u00e1ulico pressurizado passa por uma mangueira hidr\u00e1ulica, atuando em um cilindro em cunha e empurrando a tora at\u00e9 que ela se divida.<\/li>\n\n\n\n<li>\u00c0 medida que o pist\u00e3o se retrai, o fluido \u00e9 empurrado de volta pelo cilindro para uma mangueira de retorno, que leva ao reservat\u00f3rio.<\/li>\n\n\n\n<li>O fluido tem tempo para esfriar enquanto se prepara para o pr\u00f3ximo ciclo.<\/li>\n<\/ol>\n\n<p>A mangueira hidr\u00e1ulica, o cilindro, a bomba e o reservat\u00f3rio s\u00e3o todos componentes essenciais do sistema hidr\u00e1ulico. As mangueiras hidr\u00e1ulicas s\u00e3o respons\u00e1veis por conectar esses componentes, criando uma rede para que o fluido circule livremente pelo sistema hidr\u00e1ulico. Essas mangueiras refor\u00e7adas s\u00e3o extremamente flex\u00edveis e projetadas para suportar as condi\u00e7\u00f5es de alta temperatura e alta press\u00e3o dos sistemas hidr\u00e1ulicos industriais.  <\/p>\n\n<h2 class=\"wp-block-heading\">A import\u00e2ncia da hidr\u00e1ulica nas m\u00e1quinas-ferramenta<\/h2>\n\n<p>Com um projeto simples, os sistemas hidr\u00e1ulicos s\u00e3o muito eficientes e apresentam perdas m\u00ednimas durante a transfer\u00eancia de energia. O desempenho preciso das m\u00e1quinas CNC depende da precis\u00e3o e da efici\u00eancia de seus sistemas hidr\u00e1ulicos. Um sistema hidr\u00e1ulico bem conservado e projetado pode aumentar a confiabilidade, a precis\u00e3o e a velocidade de uma m\u00e1quina, resultando em produtos de melhor qualidade e maior produtividade.  <\/p>\n\n<p>O sistema hidr\u00e1ulico desempenha um papel fundamental, especialmente em aplica\u00e7\u00f5es de alto impulso e alta press\u00e3o. As mangueiras hidr\u00e1ulicas t\u00eam especifica\u00e7\u00f5es de crimpagem com baixa margem de erro, suportam f\u00e1cil manuten\u00e7\u00e3o do sistema e s\u00e3o constru\u00eddas com materiais de alta qualidade para proporcionar um desempenho preciso e de longo prazo nessas aplica\u00e7\u00f5es dif\u00edceis. <\/p>\n\n<h2 class=\"wp-block-heading\">Constru\u00e7\u00e3o da mangueira hidr\u00e1ulica<\/h2>\n\n<p>As mangueiras hidr\u00e1ulicas incluem v\u00e1rios componentes que trabalham em un\u00edssono para proporcionar efici\u00eancia e durabilidade, mesmo nas condi\u00e7\u00f5es mais exigentes. Cada mangueira \u00e9 composta pelos seguintes componentes: <\/p>\n\n<ul class=\"wp-block-list\">\n<li><strong>Tubo interno: <\/strong>Como a camada mais interna da mangueira hidr\u00e1ulica, o tubo interno transporta o fluido hidr\u00e1ulico. Geralmente \u00e9 feito de um material de borracha sint\u00e9tica que resiste ao desgaste e \u00e9 compat\u00edvel com v\u00e1rios tipos de fluido hidr\u00e1ulico. <\/li>\n\n\n\n<li><strong>Camada de refor\u00e7o: <\/strong>a camada de refor\u00e7o fornece estrutura e suporte para a mangueira suportar as press\u00f5es correspondentes. Normalmente, esse refor\u00e7o consiste em materiais t\u00eaxteis ou a\u00e7o de alta resist\u00eancia, como arame enrolado em espiral ou tran\u00e7ado, que pode suportar ambientes de alta press\u00e3o. <\/li>\n\n\n\n<li><strong>Capa externa: <\/strong>Essa camada protetora protege os componentes internos contra produtos qu\u00edmicos, abras\u00e3o e outros fatores ambientais. Normalmente, a cobertura externa consiste em uma borracha termopl\u00e1stica ou sint\u00e9tica que resiste a danos e ao envelhecimento. <\/li>\n<\/ul>\n\n<h2 class=\"wp-block-heading\">Entre em contato com Jason para obter informa\u00e7\u00f5es sobre mangueiras hidr\u00e1ulicas<\/h2>\n\n<p>Com d\u00e9cadas de experi\u00eancia no setor, a Jason tem uma reputa\u00e7\u00e3o comprovada como a principal fonte de mangueiras hidr\u00e1ulicas e industriais. Como a divis\u00e3o de mangueiras da AMMEGA, a Jason atende a uma ampla gama de ind\u00fastrias nas Am\u00e9ricas do Norte, do Sul e Central. <\/p>\n\n<p>Oferecemos mangueiras hidr\u00e1ulicas, acoplamentos hidr\u00e1ulicos, mangueiras industriais, acoplamentos industriais e acess\u00f3rios.<\/p>\n\n<p><a href=\"https:\/\/jasonhosesolutions.com\/pt-br\/contato\/\" data-type=\"page\" data-id=\"152\">Entre em contato conosco<\/a> hoje mesmo para saber mais sobre nossas mangueiras hidr\u00e1ulicas de alta qualidade. Voc\u00ea tamb\u00e9m pode <a href=\"https:\/\/jasonhosesolutions.com\/pt-br\/solicitacao-de-cotacao\/\" data-type=\"page\" data-id=\"122\">solicitar uma cota\u00e7\u00e3o<\/a> para obter informa\u00e7\u00f5es detalhadas sobre pre\u00e7os. <\/p>\n","protected":false},"excerpt":{"rendered":"<p>M\u00e1quinas-ferramentas, como tornos CNC e ret\u00edficas, dependem de mangueiras hidr\u00e1ulicas para transferir fluido pressurizado, permitindo o controle preciso de grampos, ferramentas e pe\u00e7as de trabalho. A Jason fornece mangueiras dur\u00e1veis e de alto desempenho para sistemas hidr\u00e1ulicos na agricultura, constru\u00e7\u00e3o e manufatura em todas as Am\u00e9ricas. <\/p>\n","protected":false},"author":1,"featured_media":46527,"parent":46042,"menu_order":0,"comment_status":"closed","ping_status":"closed","template":"","meta":{"_acf_changed":false,"_seopress_robots_primary_cat":"","_seopress_titles_title":"","_seopress_titles_desc":"","_seopress_robots_index":"","footnotes":""},"class_list":["post-46055","page","type-page","status-publish","has-post-thumbnail"],"acf":[],"_links":{"self":[{"href":"https:\/\/jasonhosesolutions.com\/pt-br\/wp-json\/wp\/v2\/pages\/46055","targetHints":{"allow":["GET"]}}],"collection":[{"href":"https:\/\/jasonhosesolutions.com\/pt-br\/wp-json\/wp\/v2\/pages"}],"about":[{"href":"https:\/\/jasonhosesolutions.com\/pt-br\/wp-json\/wp\/v2\/types\/page"}],"author":[{"embeddable":true,"href":"https:\/\/jasonhosesolutions.com\/pt-br\/wp-json\/wp\/v2\/users\/1"}],"replies":[{"embeddable":true,"href":"https:\/\/jasonhosesolutions.com\/pt-br\/wp-json\/wp\/v2\/comments?post=46055"}],"version-history":[{"count":0,"href":"https:\/\/jasonhosesolutions.com\/pt-br\/wp-json\/wp\/v2\/pages\/46055\/revisions"}],"up":[{"embeddable":true,"href":"https:\/\/jasonhosesolutions.com\/pt-br\/wp-json\/wp\/v2\/pages\/46042"}],"wp:featuredmedia":[{"embeddable":true,"href":"https:\/\/jasonhosesolutions.com\/pt-br\/wp-json\/wp\/v2\/media\/46527"}],"wp:attachment":[{"href":"https:\/\/jasonhosesolutions.com\/pt-br\/wp-json\/wp\/v2\/media?parent=46055"}],"curies":[{"name":"wp","href":"https:\/\/api.w.org\/{rel}","templated":true}]}}