{"id":46042,"date":"2025-11-04T06:32:08","date_gmt":"2025-11-04T06:32:08","guid":{"rendered":"https:\/\/jasonhosesolutions.com\/setores\/"},"modified":"2026-03-23T07:10:48","modified_gmt":"2026-03-23T07:10:48","slug":"setores","status":"publish","type":"page","link":"https:\/\/jasonhosesolutions.com\/pt-br\/setores\/","title":{"rendered":"Setores"},"content":{"rendered":"\n<p>Na Jason Hose Solutions, acreditamos que as coisas mais essenciais da vida muitas vezes passam despercebidas. Nossas mangueiras s\u00e3o a for\u00e7a silenciosa por tr\u00e1s dos sistemas que movimentam l\u00edquidos, gases e materiais com precis\u00e3o e confiabilidade. <\/p>\n\n\n\n<p>Desde o alimento que voc\u00ea consome at\u00e9 a energia que abastece o seu dia, as mangueiras da Jason est\u00e3o presentes nos bastidores, possibilitando o progresso em todos os setores.<\/p>\n\n\n\n<p><strong>\u201cEssencial em tudo\u201d<\/strong>\u00a0\u00e9 mais do que uma mensagem: \u00e9 o nosso compromisso. Uma promessa de que, onde houver necessidade de for\u00e7a, seguran\u00e7a e desempenho, a Jason estar\u00e1 presente.<\/p>\n\n\n\n<p>Seja na agricultura, constru\u00e7\u00e3o, energia ou manufatura, entregamos solu\u00e7\u00f5es em mangueiras projetadas para enfrentar os desafios mais exigentes de cada ambiente.<\/p>\n\n\n\n<p><\/p>\n","protected":false},"excerpt":{"rendered":"<p>Na Jason Hose Solutions, acreditamos que as coisas mais essenciais da vida muitas vezes passam despercebidas. Nossas mangueiras s\u00e3o a for\u00e7a silenciosa por tr\u00e1s dos sistemas que movimentam l\u00edquidos, gases e materiais com precis\u00e3o e confiabilidade. Desde o alimento que voc\u00ea consome at\u00e9 a energia que abastece o seu dia, as mangueiras da Jason est\u00e3o [&hellip;]<\/p>\n","protected":false},"author":1,"featured_media":46047,"parent":0,"menu_order":0,"comment_status":"closed","ping_status":"closed","template":"","meta":{"_acf_changed":false,"_seopress_robots_primary_cat":"","_seopress_titles_title":"","_seopress_titles_desc":"","_seopress_robots_index":"","footnotes":""},"class_list":["post-46042","page","type-page","status-publish","has-post-thumbnail"],"acf":[],"_links":{"self":[{"href":"https:\/\/jasonhosesolutions.com\/pt-br\/wp-json\/wp\/v2\/pages\/46042","targetHints":{"allow":["GET"]}}],"collection":[{"href":"https:\/\/jasonhosesolutions.com\/pt-br\/wp-json\/wp\/v2\/pages"}],"about":[{"href":"https:\/\/jasonhosesolutions.com\/pt-br\/wp-json\/wp\/v2\/types\/page"}],"author":[{"embeddable":true,"href":"https:\/\/jasonhosesolutions.com\/pt-br\/wp-json\/wp\/v2\/users\/1"}],"replies":[{"embeddable":true,"href":"https:\/\/jasonhosesolutions.com\/pt-br\/wp-json\/wp\/v2\/comments?post=46042"}],"version-history":[{"count":5,"href":"https:\/\/jasonhosesolutions.com\/pt-br\/wp-json\/wp\/v2\/pages\/46042\/revisions"}],"predecessor-version":[{"id":60560,"href":"https:\/\/jasonhosesolutions.com\/pt-br\/wp-json\/wp\/v2\/pages\/46042\/revisions\/60560"}],"wp:featuredmedia":[{"embeddable":true,"href":"https:\/\/jasonhosesolutions.com\/pt-br\/wp-json\/wp\/v2\/media\/46047"}],"wp:attachment":[{"href":"https:\/\/jasonhosesolutions.com\/pt-br\/wp-json\/wp\/v2\/media?parent=46042"}],"curies":[{"name":"wp","href":"https:\/\/api.w.org\/{rel}","templated":true}]}}