{"id":46034,"date":"2025-11-11T13:15:32","date_gmt":"2025-11-11T13:15:32","guid":{"rendered":"https:\/\/jasonhosesolutions.com\/mangueiras-agricolas\/"},"modified":"2026-02-04T12:54:49","modified_gmt":"2026-02-04T12:54:49","slug":"mangueiras-agricolas","status":"publish","type":"page","link":"https:\/\/jasonhosesolutions.com\/pt-br\/setores\/mangueiras-agricolas\/","title":{"rendered":"Mangueiras agr\u00edcolas"},"content":{"rendered":"\n<p>A Jason oferece uma ampla sele\u00e7\u00e3o de produtos industriais e agr\u00edcolas. Temos orgulho de atender clientes dos mais variados setores com mangueiras e acoplamentos de alta qualidade, dos quais empresas, fazendeiros e propriet\u00e1rios de resid\u00eancias dependem para obter desempenho superior e uso duradouro. Tamb\u00e9m priorizamos o excelente atendimento ao cliente e a f\u00e1cil disponibilidade dos produtos, para que nossos clientes n\u00e3o precisem se preocupar com paralisa\u00e7\u00f5es n\u00e3o programadas e com a espera por substitui\u00e7\u00f5es de pe\u00e7as. Voc\u00ea pode encontrar nossos produtos em lojas de varejo de fazendas, fazendas e ferragens.   <\/p>\n\n<figure class=\"wp-block-video\"><video height=\"734\" style=\"aspect-ratio: 1292 \/ 734;\" width=\"1292\" controls=\"\" poster=\"https:\/\/jasonhosesolutions.com\/wp-content\/uploads\/2025\/12\/screenshot-2025-08-06-125803.jpg\" src=\"https:\/\/jasonhosesolutions.com\/wp-content\/uploads\/2025\/12\/agriculture-video.mp4\"><\/video><\/figure>\n\n<h2 class=\"wp-block-heading\">Fun\u00e7\u00e3o das mangueiras agr\u00edcolas<\/h2>\n\n<p>As empresas e opera\u00e7\u00f5es agr\u00edcolas devem levar muitos fatores em considera\u00e7\u00e3o ao configurar sistemas para transportar \u00e1gua e materiais ou cuidar de animais de fazenda e planta\u00e7\u00f5es. Por exemplo, as fazendas exigem equipamentos resistentes que possam resistir \u00e0 abras\u00e3o, a ambientes externos e ao uso \u00e1spero ou frequente. Al\u00e9m disso, fazendas e ranchos costumam ter muitas depend\u00eancias, algumas das quais podem estar em locais mais remotos, e precisam de mangueiras confi\u00e1veis para transferir materiais com efici\u00eancia para campos ou estruturas distantes.<br\/>Seja qual for a sua necessidade, nossas mangueiras industriais facilitam uma s\u00e9rie de procedimentos agr\u00edcolas e s\u00e3o a solu\u00e7\u00e3o ideal para os seguintes produtos:  <\/p>\n\n<ul class=\"wp-block-list\">\n<li><strong>Dando \u00e1gua ao gado:<\/strong> Uma das principais preocupa\u00e7\u00f5es ao cuidar de animais de fazenda \u00e9 que eles sejam alimentados adequadamente e tenham o suficiente para beber. As mangueiras agr\u00edcolas fornecer\u00e3o \u00e1gua pot\u00e1vel de forma confi\u00e1vel e eficiente para o gado de sua opera\u00e7\u00e3o agr\u00edcola. <\/li>\n\n\n\n<li><strong>Irriga\u00e7\u00e3o de culturas:<\/strong> Com o clima t\u00e3o pouco confi\u00e1vel, \u00e9 importante que voc\u00ea tenha sistemas de irriga\u00e7\u00e3o para fornecer \u00e1gua suficiente para as culturas agr\u00edcolas ar\u00e1veis. A capacidade de transportar \u00e1gua para seus campos pode ajudar a garantir colheitas mais fortes e um rendimento maior. <\/li>\n\n\n\n<li><strong>Aplica\u00e7\u00e3o de fertilizante:<\/strong> O fertilizante \u00e9 outro material essencial para o crescimento bem-sucedido das culturas, pois fornece os nutrientes adequados \u00e0s plantas e ao solo. O uso de mangueiras agr\u00edcolas para a distribui\u00e7\u00e3o de fertilizantes no solo de um campo permite que voc\u00ea obtenha uma distribui\u00e7\u00e3o uniforme. Da mesma forma, voc\u00ea pode distribuir musgo de turfa, que ajuda a absorver e reter a \u00e1gua, e aplicar uma camada de cobertura morta para aumentar a nutri\u00e7\u00e3o do solo e suprimir as ervas daninhas.  <\/li>\n\n\n\n<li><strong>Manuseio de gr\u00e3os:<\/strong> Muitas fazendas precisam processar e armazenar com efici\u00eancia grandes volumes de gr\u00e3os. As mangueiras agr\u00edcolas facilitam o recebimento e a transfer\u00eancia desses gr\u00e3os dentro das instala\u00e7\u00f5es de manuseio e dos galp\u00f5es de uma fazenda. <\/li>\n\n\n\n<li><strong>Fornecimento de combust\u00edvel:<\/strong> nossas mangueiras tamb\u00e9m s\u00e3o h\u00e1beis no fornecimento de combust\u00edvel para v\u00e1rios equipamentos agr\u00edcolas pesados. Elas podem fornecer qualquer coisa, desde gasolina comum at\u00e9 biodiesel, dada a sua resist\u00eancia a v\u00e1rias subst\u00e2ncias qu\u00edmicas. <\/li>\n\n\n\n<li><strong>Prote\u00e7\u00e3o contra inunda\u00e7\u00f5es:<\/strong> Especialmente entre \u00e1reas distantes em uma fazenda ou rancho, as mangueiras agr\u00edcolas podem ajudar voc\u00ea a preparar sua opera\u00e7\u00e3o para poss\u00edveis inunda\u00e7\u00f5es. Elas ajudam voc\u00ea a ser autossuficiente diante de uma emerg\u00eancia para minimizar as interrup\u00e7\u00f5es. <\/li>\n<\/ul>\n\n<h2 class=\"wp-block-heading\">Que tipo de mangueira externa o setor agr\u00edcola usa?<\/h2>\n\n<p>O mercado agr\u00edcola exige uma s\u00e9rie de tipos diferentes de mangueiras externas para atender \u00e0s necessidades das v\u00e1rias aplica\u00e7\u00f5es acima. Uma variedade comum, no entanto, s\u00e3o as mangueiras flex\u00edveis. Essas variedades vers\u00e1teis e bem projetadas da Jason permitem que os trabalhadores do setor agr\u00edcola melhorem a efici\u00eancia, aumentem o rendimento e atendam \u00e0s demandas do mercado como parte de muitas opera\u00e7\u00f5es na agricultura ambientalmente sustent\u00e1vel.<br\/>A borracha termopl\u00e1stica \u00e9 uma escolha popular para mangueiras flex\u00edveis devido \u00e0 sua rela\u00e7\u00e3o custo-benef\u00edcio e disponibilidade em uma infinidade de cores. \u00c9 importante ressaltar que o material \u00e9 uma boa op\u00e7\u00e3o para aplica\u00e7\u00f5es externas, como mangueiras, pois oferece alta resist\u00eancia \u00e0 tra\u00e7\u00e3o e alongamento, al\u00e9m de resist\u00eancia \u00e0 umidade, condi\u00e7\u00f5es t\u00e9rmicas vari\u00e1veis, produtos qu\u00edmicos, luz ultravioleta, rasgos, abras\u00e3o e deforma\u00e7\u00e3o. Ele oferece durabilidade impressionante e duradoura para projetos agr\u00edcolas robustos, al\u00e9m de \u00f3tima liberdade de design.    <\/p>\n\n<h2 class=\"wp-block-heading\">Quais Produtos Agr\u00edcolas a Jason Oferece?<\/h2>\n\n<p>Nossas categorias de produtos mais populares incluem:<\/p>\n\n<ul class=\"wp-block-list\">\n<li>Mangueiras de Ar<\/li>\n\n\n\n<li>Mangueiras de transfer\u00eancia de combust\u00edvel<\/li>\n\n\n\n<li>Mangueiras e Adaptadores Hidr\u00e1ulicos<\/li>\n\n\n\n<li>Tubula\u00e7\u00e3o Tran\u00e7ada \u2013 PVC<\/li>\n\n\n\n<li>Mangueiras de Pulveriza\u00e7\u00e3o \u2013 EPDM<\/li>\n\n\n\n<li>Tubula\u00e7\u00e3o de am\u00f4nia anidra &#8211; EVA<\/li>\n\n\n\n<li>Mangueiras de Suc\u00e7\u00e3o e Descarga<\/li>\n\n\n\n<li>Conex\u00f5es e Filtros<\/li>\n<\/ul>\n\n<h2 class=\"wp-block-heading\">Jason&#8217;s Agricultural Hoses &amp; Couplings (Mangueiras e acoplamentos agr\u00edcolas da Jason)<\/h2>\n\n<p>Alguns de nossos produtos populares de mangueiras e conex\u00f5es incluem:<\/p>\n\n<ul class=\"wp-block-list\">\n<li><strong>Mangueira de transfer\u00eancia de combust\u00edvel para tanques agr\u00edcolas:<\/strong> Essa mangueira de transfer\u00eancia resistente e refor\u00e7ada com poli\u00e9ster pode dispensar biodiesel (at\u00e9 B20), etanol (at\u00e9 E15), gasolina, diesel e querosene. A mangueira pode suportar uma ampla faixa de temperatura de -20\u00b0 F a 160\u00b0 F para uso durante todo o ano. <\/li>\n\n\n\n<li><strong>Mangueira de descarga de \u00e1gua Layflat de PVC azul:<\/strong> A mangueira se enrola para ser armazenada. Os principais usos s\u00e3o para agricultura, irriga\u00e7\u00e3o por gotejamento, constru\u00e7\u00e3o em geral e aplica\u00e7\u00f5es de gerenciamento de \u00e1gua. Ela \u00e9 refor\u00e7ada com fios de poli\u00e9ster para durabilidade e desempenho de longo prazo. Tamb\u00e9m fornecemos mangueiras de descarga para servi\u00e7os m\u00e9dios (vermelho, PVC) e pesados (branco, SBR).   <\/li>\n\n\n\n<li><strong>Mangueira de Suc\u00e7\u00e3o de \u00c1gua de PVC Verde:<\/strong> Esta mangueira corrugada e refor\u00e7ada mant\u00e9m uma se\u00e7\u00e3o transversal circular. \u00c9 flex\u00edvel, mas refor\u00e7ada para lidar com aplica\u00e7\u00f5es de suc\u00e7\u00e3o e descarga. <\/li>\n\n\n\n<li><strong>Mangueiras de suc\u00e7\u00e3o de alimentos da FDA e do USDA:<\/strong> Mantemos uma sele\u00e7\u00e3o completa de mangueiras em conformidade com a FDA e a USDA que podem ser usadas para transportar alimentos e produtos de origem animal sem contamina\u00e7\u00e3o. Nossa mangueira de PVC tem uma h\u00e9lice no sentido hor\u00e1rio para integridade estrutural, pode suportar temperaturas de -5\u00b0 F a 140\u00b0 F e \u00e9 transparente para facilitar as inspe\u00e7\u00f5es e o monitoramento. Os usos comuns incluem o transporte de \u00e1gua pot\u00e1vel, produtos l\u00e1cteos e outros l\u00edquidos de grau aliment\u00edcio.  <\/li>\n<\/ul>\n\n<h2 class=\"wp-block-heading\">Por que fazer parceria com a Jason para mangueiras e acoplamentos agr\u00edcolas?<\/h2>\n\n<p>Na Jason, temos orgulho de sermos uma loja completa para todas as necessidades de mangueiras e acoplamentos de nossos clientes. Produzimos e fornecemos mangueiras, conex\u00f5es e acess\u00f3rios de alta qualidade para uma ampla gama de aplica\u00e7\u00f5es agr\u00edcolas, incluindo irriga\u00e7\u00e3o, cuidados com animais e resposta emergencial a inunda\u00e7\u00f5es. Mantemos um grande estoque para atender \u00e0s necessidades de nossos clientes em todo o pa\u00eds. Cada mangueira \u00e9 projetada para proporcionar um alto grau de desempenho e durar anos de uso frequente. Usamos materiais robustos e de alta qualidade para o corpo e o refor\u00e7o de cada mangueira e, ao mesmo tempo, oferecemos pre\u00e7os econ\u00f4micos. Oferecemos mangueiras flex\u00edveis, leves e capazes de suportar temperaturas altas e baixas para uso durante todo o ano.     <\/p>\n\n<h2 class=\"wp-block-heading\">Entre em contato com Jason para obter informa\u00e7\u00f5es sobre mangueiras agr\u00edcolas<\/h2>\n\n<p>Trabalhar no setor agr\u00edcola \u00e9 um trabalho \u00e1rduo. A equipe da Jason se esfor\u00e7a para dar suporte aos nossos clientes agr\u00edcolas nas Am\u00e9ricas do Norte, do Sul e Central, tornando esse trabalho o mais simples poss\u00edvel. Oferecemos uma extensa linha de mangueiras industriais, al\u00e9m de acoplamentos e conex\u00f5es para atender \u00e0s necessidades de aplica\u00e7\u00f5es espec\u00edficas do setor, para opera\u00e7\u00f5es ininterruptas e servi\u00e7os confi\u00e1veis. <a href=\"https:\/\/jasonindustrial.com\/contact-us\/\">Entre em contato conosco<\/a> hoje mesmo para saber mais sobre nossos produtos dur\u00e1veis para o setor agr\u00edcola ou <a href=\"https:\/\/jasonindustrial.com\/request-for-quote\/\">solicite uma cota\u00e7\u00e3o<\/a> para come\u00e7ar.  <\/p>\n\n<p><\/p>\n","protected":false},"excerpt":{"rendered":"<p>Mantenha suas opera\u00e7\u00f5es funcionando do plantio \u00e0 colheita. Encontre correias de reposi\u00e7\u00e3o dur\u00e1veis para seus equipamentos e mangueiras confi\u00e1veis para irriga\u00e7\u00e3o, fertilizantes l\u00edquidos e manuseio de gr\u00e3os a granel. <\/p>\n","protected":false},"author":1,"featured_media":46259,"parent":46042,"menu_order":0,"comment_status":"closed","ping_status":"closed","template":"","meta":{"_acf_changed":false,"_seopress_robots_primary_cat":"","_seopress_titles_title":"","_seopress_titles_desc":"","_seopress_robots_index":"","footnotes":""},"class_list":["post-46034","page","type-page","status-publish","has-post-thumbnail"],"acf":[],"_links":{"self":[{"href":"https:\/\/jasonhosesolutions.com\/pt-br\/wp-json\/wp\/v2\/pages\/46034","targetHints":{"allow":["GET"]}}],"collection":[{"href":"https:\/\/jasonhosesolutions.com\/pt-br\/wp-json\/wp\/v2\/pages"}],"about":[{"href":"https:\/\/jasonhosesolutions.com\/pt-br\/wp-json\/wp\/v2\/types\/page"}],"author":[{"embeddable":true,"href":"https:\/\/jasonhosesolutions.com\/pt-br\/wp-json\/wp\/v2\/users\/1"}],"replies":[{"embeddable":true,"href":"https:\/\/jasonhosesolutions.com\/pt-br\/wp-json\/wp\/v2\/comments?post=46034"}],"version-history":[{"count":0,"href":"https:\/\/jasonhosesolutions.com\/pt-br\/wp-json\/wp\/v2\/pages\/46034\/revisions"}],"up":[{"embeddable":true,"href":"https:\/\/jasonhosesolutions.com\/pt-br\/wp-json\/wp\/v2\/pages\/46042"}],"wp:featuredmedia":[{"embeddable":true,"href":"https:\/\/jasonhosesolutions.com\/pt-br\/wp-json\/wp\/v2\/media\/46259"}],"wp:attachment":[{"href":"https:\/\/jasonhosesolutions.com\/pt-br\/wp-json\/wp\/v2\/media?parent=46034"}],"curies":[{"name":"wp","href":"https:\/\/api.w.org\/{rel}","templated":true}]}}