{"id":46023,"date":"2025-11-04T03:25:24","date_gmt":"2025-11-04T03:25:24","guid":{"rendered":"https:\/\/jasonhosesolutions.com\/contato\/"},"modified":"2026-01-30T12:44:05","modified_gmt":"2026-01-30T12:44:05","slug":"contato","status":"publish","type":"page","link":"https:\/\/jasonhosesolutions.com\/pt-br\/contato\/","title":{"rendered":"Contato"},"content":{"rendered":"\n<p>Voc\u00ea tem alguma d\u00favida sobre um de nossos produtos? Nossa equipe de especialistas ter\u00e1 prazer em ajudar voc\u00ea. Use o formul\u00e1rio \u00e0 esquerda para nos dizer o que voc\u00ea precisa, e entraremos em contato em breve!  <\/p>\n\n<p>Entre em contato conosco hoje mesmo para saber como podemos ajudar!<\/p>\n","protected":false},"excerpt":{"rendered":"<p>Voc\u00ea tem alguma d\u00favida sobre um de nossos produtos? Nossa equipe de especialistas ter\u00e1 prazer em ajudar voc\u00ea. Use o formul\u00e1rio \u00e0 esquerda para nos dizer o que voc\u00ea precisa, e entraremos em contato em breve! Entre em contato conosco hoje mesmo para saber como podemos ajudar!<\/p>\n","protected":false},"author":1,"featured_media":26694,"parent":0,"menu_order":0,"comment_status":"closed","ping_status":"closed","template":"","meta":{"_acf_changed":false,"_seopress_robots_primary_cat":"","_seopress_titles_title":"","_seopress_titles_desc":"","_seopress_robots_index":"","_seopress_analysis_target_kw":"","footnotes":""},"class_list":["post-46023","page","type-page","status-publish","has-post-thumbnail"],"acf":[],"_links":{"self":[{"href":"https:\/\/jasonhosesolutions.com\/pt-br\/wp-json\/wp\/v2\/pages\/46023","targetHints":{"allow":["GET"]}}],"collection":[{"href":"https:\/\/jasonhosesolutions.com\/pt-br\/wp-json\/wp\/v2\/pages"}],"about":[{"href":"https:\/\/jasonhosesolutions.com\/pt-br\/wp-json\/wp\/v2\/types\/page"}],"author":[{"embeddable":true,"href":"https:\/\/jasonhosesolutions.com\/pt-br\/wp-json\/wp\/v2\/users\/1"}],"replies":[{"embeddable":true,"href":"https:\/\/jasonhosesolutions.com\/pt-br\/wp-json\/wp\/v2\/comments?post=46023"}],"version-history":[{"count":0,"href":"https:\/\/jasonhosesolutions.com\/pt-br\/wp-json\/wp\/v2\/pages\/46023\/revisions"}],"wp:featuredmedia":[{"embeddable":true,"href":"https:\/\/jasonhosesolutions.com\/pt-br\/wp-json\/wp\/v2\/media\/26694"}],"wp:attachment":[{"href":"https:\/\/jasonhosesolutions.com\/pt-br\/wp-json\/wp\/v2\/media?parent=46023"}],"curies":[{"name":"wp","href":"https:\/\/api.w.org\/{rel}","templated":true}]}}