{"id":46000,"date":"2025-11-11T18:38:22","date_gmt":"2025-11-11T18:38:22","guid":{"rendered":"https:\/\/jasonhosesolutions.com\/petroleo-e-gas\/"},"modified":"2026-02-04T12:55:03","modified_gmt":"2026-02-04T12:55:03","slug":"petroleo-e-gas","status":"publish","type":"page","link":"https:\/\/jasonhosesolutions.com\/pt-br\/setores\/petroleo-e-gas\/","title":{"rendered":"Petr\u00f3leo e g\u00e1s"},"content":{"rendered":"\n<p>As opera\u00e7\u00f5es de petr\u00f3leo e g\u00e1s exigem mangueiras industriais confi\u00e1veis e robustas. A Jason \u00e9 l\u00edder no fornecimento de mangueiras industriais projetadas para a variedade de condi\u00e7\u00f5es adversas que esse setor enfrenta regularmente, desde opera\u00e7\u00f5es de perfura\u00e7\u00e3o remotas at\u00e9 o transporte de petr\u00f3leo para as refinarias. Nossa ampla linha de mangueiras para petr\u00f3leo e g\u00e1s garante efici\u00eancia operacional, seguran\u00e7a e confiabilidade, cada uma delas adaptada \u00e0 sua fun\u00e7\u00e3o espec\u00edfica no setor de petr\u00f3leo e g\u00e1s.  <\/p>\n\n<figure class=\"wp-block-video\"><video height=\"734\" style=\"aspect-ratio: 1292 \/ 734;\" width=\"1292\" controls=\"\" poster=\"https:\/\/jasonhosesolutions.com\/wp-content\/uploads\/2025\/12\/screenshot-2025-08-06-125803.jpg\" src=\"https:\/\/jasonhosesolutions.com\/wp-content\/uploads\/2025\/12\/js-industry-oil-and-gas-animated-en.mp4\"><\/video><\/figure>\n\n<p>Continue lendo para saber mais sobre por que as mangueiras de g\u00e1s industriais especializadas s\u00e3o necess\u00e1rias para esse setor, al\u00e9m de suas aplica\u00e7\u00f5es mais comuns.<\/p>\n\n<h2 class=\"wp-block-heading\">A necessidade de mangueiras industriais em petr\u00f3leo e g\u00e1s<\/h2>\n\n<p>Com a evolu\u00e7\u00e3o do setor de petr\u00f3leo e g\u00e1s, os fabricantes de mangueiras industriais inovaram seus produtos para se adaptarem. Embora as mangueiras tradicionais sejam adequadas para setores pesados, como papel e celulose, agricultura e a\u00e7o, o crescimento do fracking e da perfura\u00e7\u00e3o horizontal desde 2010 aumentou a demanda por mangueiras industriais mais robustas. As mangueiras devem ser capazes de suportar materiais corrosivos, press\u00f5es mais altas e volumes maiores desses novos processos de perfura\u00e7\u00e3o de petr\u00f3leo.<br\/>Operadores e fabricantes de mangueiras como a Jason reconhecem que as mangueiras industriais s\u00e3o essenciais para o sucesso desses projetos. As aplica\u00e7\u00f5es espec\u00edficas das mangueiras variam desde mangueiras de perfura\u00e7\u00e3o at\u00e9 o fornecimento de \u00e1gua para o local de perfura\u00e7\u00e3o. As mangueiras de petr\u00f3leo e g\u00e1s s\u00e3o meticulosamente projetadas para suportar desafios ambientais severos e os materiais abrasivos que transportam, o que as torna essenciais para opera\u00e7\u00f5es eficientes e seguras.    <\/p>\n\n<h2 class=\"wp-block-heading\">Aplica\u00e7\u00f5es de mangueiras em petr\u00f3leo e g\u00e1s<\/h2>\n\n<p>Nossas mangueiras industriais atendem a uma variedade de aplica\u00e7\u00f5es no setor de petr\u00f3leo e g\u00e1s. Aqui voc\u00ea encontra uma vis\u00e3o geral dos principais tipos de mangueiras que oferecemos com base no caso de uso. <\/p>\n\n<h2 class=\"wp-block-heading\">Mangueiras de perfura\u00e7\u00e3o<\/h2>\n\n<p>Uma opera\u00e7\u00e3o de perfura\u00e7\u00e3o come\u00e7a quando o fluido de perfura\u00e7\u00e3o \u00e9 bombeado a alta press\u00e3o para a bomba de lama e as mangueiras de perfura\u00e7\u00e3o. A plataforma de perfura\u00e7\u00e3o m\u00e9dia tem v\u00e1rios conjuntos de mangueiras, operando em muitas press\u00f5es do sistema. Uma \u00fanica falha na mangueira pode interromper todas as opera\u00e7\u00f5es, resultando em custos significativos de tempo de inatividade, especialmente em locais de perfura\u00e7\u00e3o remotos. A<br\/>Jason oferece muitos tipos de mangueiras para essas aplica\u00e7\u00f5es e suporte \u00e0 aplica\u00e7\u00e3o para que voc\u00ea mantenha a sua aplica\u00e7\u00e3o de perfura\u00e7\u00e3o funcionando sem problemas e mantendo os custos baixos. As mangueiras apropriadas para a aplica\u00e7\u00e3o s\u00e3o equipadas com v\u00e1rias camadas de refor\u00e7o para lidar com picos de press\u00e3o repentinos e evitar explos\u00f5es. Sua flexibilidade permite f\u00e1cil manuseio e posicionamento.     <\/p>\n\n<h2 class=\"wp-block-heading\">Mangueiras de fraturamento hidr\u00e1ulico<\/h2>\n\n<p>Durante o fraturamento hidr\u00e1ulico, ou fracking, uma mistura de \u00e1gua, areia e produtos qu\u00edmicos \u00e9 injetada nos po\u00e7os para melhorar a extra\u00e7\u00e3o de recursos. Esse processo requer mangueiras longas e robustas que possam lidar com press\u00f5es normalmente de 400 PSI ou mais. Apenas uma falha na mangueira pode custar a voc\u00ea horas de produtividade cr\u00edtica. Os danos ambientais ou vazamentos causados por mangueiras defeituosas podem resultar em multas pesadas.<br\/>As mangueiras premium da Jason s\u00e3o projetadas com prote\u00e7\u00e3o externa aprimorada para resistir a condi\u00e7\u00f5es clim\u00e1ticas adversas e ao desgaste. Oferecemos nossa experi\u00eancia juntamente com nossa ampla gama de mangueiras industriais para \u00f3leo para melhor atender voc\u00ea e suas opera\u00e7\u00f5es.    <\/p>\n\n<h2 class=\"wp-block-heading\">Mangueiras de refino<\/h2>\n\n<p>As refinarias operam sem parar, processando petr\u00f3leo bruto em combust\u00edvel que alimenta in\u00fameros produtos do cotidiano. Qualquer interrup\u00e7\u00e3o devido a falhas nas mangueiras pode levar a perdas financeiras significativas para cada hora de inatividade. Al\u00e9m disso, os vazamentos de mangueiras podem acarretar multas regulamentares. A<br\/>Jason oferece mangueiras projetadas para minimizar o risco de vazamentos e falhas, garantindo um refino cont\u00ednuo e eficiente. As mangueiras s\u00e3o adaptadas dentro de suas classifica\u00e7\u00f5es de aplica\u00e7\u00e3o para suportar os produtos qu\u00edmicos e as temperaturas espec\u00edficas encontradas no refino, apresentando materiais espec\u00edficos resistentes a produtos qu\u00edmicos e ao calor, bem como conex\u00f5es \u00e0 prova de vazamentos.   <\/p>\n\n<h2 class=\"wp-block-heading\">Solicite uma cota\u00e7\u00e3o de mangueiras para petr\u00f3leo e g\u00e1s<\/h2>\n\n<p>Escolher a Jason significa que voc\u00ea n\u00e3o est\u00e1 apenas comprando mangueiras &#8211; voc\u00ea est\u00e1 investindo em uma parceria que prioriza a mais alta qualidade e efici\u00eancia em suas opera\u00e7\u00f5es. Nossos produtos de mangueiras industriais s\u00e3o projetados para atender \u00e0s rigorosas demandas do setor, garantindo que as suas opera\u00e7\u00f5es sejam executadas sem problemas, com boa rela\u00e7\u00e3o custo-benef\u00edcio e com o m\u00ednimo impacto ambiental.<br\/>Entre em contato conosco hoje mesmo para discutir as suas necessidades ou <a href=\"https:\/\/jasonhosesolutions.com\/pt-br\/solicitacao-de-cotacao\/\" data-type=\"page\" data-id=\"122\">solicite uma cota\u00e7\u00e3o<\/a> para obter detalhes sobre pre\u00e7os. <\/p>\n","protected":false},"excerpt":{"rendered":"<p>As opera\u00e7\u00f5es de petr\u00f3leo e g\u00e1s exigem mangueiras robustas para condi\u00e7\u00f5es adversas de perfura\u00e7\u00e3o, fraturamento hidr\u00e1ulico e refino. A Jason fornece mangueiras industriais especializadas e refor\u00e7adas para garantir efici\u00eancia, seguran\u00e7a e tempo m\u00ednimo de inatividade, adaptadas para altas press\u00f5es, abras\u00e3o e materiais corrosivos em locais remotos e refinarias. <\/p>\n","protected":false},"author":1,"featured_media":46562,"parent":46042,"menu_order":0,"comment_status":"closed","ping_status":"closed","template":"","meta":{"_acf_changed":false,"_seopress_robots_primary_cat":"","_seopress_titles_title":"","_seopress_titles_desc":"","_seopress_robots_index":"","footnotes":""},"class_list":["post-46000","page","type-page","status-publish","has-post-thumbnail"],"acf":[],"_links":{"self":[{"href":"https:\/\/jasonhosesolutions.com\/pt-br\/wp-json\/wp\/v2\/pages\/46000","targetHints":{"allow":["GET"]}}],"collection":[{"href":"https:\/\/jasonhosesolutions.com\/pt-br\/wp-json\/wp\/v2\/pages"}],"about":[{"href":"https:\/\/jasonhosesolutions.com\/pt-br\/wp-json\/wp\/v2\/types\/page"}],"author":[{"embeddable":true,"href":"https:\/\/jasonhosesolutions.com\/pt-br\/wp-json\/wp\/v2\/users\/1"}],"replies":[{"embeddable":true,"href":"https:\/\/jasonhosesolutions.com\/pt-br\/wp-json\/wp\/v2\/comments?post=46000"}],"version-history":[{"count":0,"href":"https:\/\/jasonhosesolutions.com\/pt-br\/wp-json\/wp\/v2\/pages\/46000\/revisions"}],"up":[{"embeddable":true,"href":"https:\/\/jasonhosesolutions.com\/pt-br\/wp-json\/wp\/v2\/pages\/46042"}],"wp:featuredmedia":[{"embeddable":true,"href":"https:\/\/jasonhosesolutions.com\/pt-br\/wp-json\/wp\/v2\/media\/46562"}],"wp:attachment":[{"href":"https:\/\/jasonhosesolutions.com\/pt-br\/wp-json\/wp\/v2\/media?parent=46000"}],"curies":[{"name":"wp","href":"https:\/\/api.w.org\/{rel}","templated":true}]}}