{"id":45989,"date":"2025-11-11T18:35:33","date_gmt":"2025-11-11T18:35:33","guid":{"rendered":"https:\/\/jasonhosesolutions.com\/construcao-e-industria-pesada\/"},"modified":"2026-02-04T12:52:33","modified_gmt":"2026-02-04T12:52:33","slug":"construcao-e-industria-pesada","status":"publish","type":"page","link":"https:\/\/jasonhosesolutions.com\/pt-br\/setores\/construcao-e-industria-pesada\/","title":{"rendered":"Constru\u00e7\u00e3o e ind\u00fastria pesada"},"content":{"rendered":"\n<p>As construtoras e empresas do setor pesado dependem de equipamentos robustos, capazes de suportar ambientes de trabalho extremos e cargas pesadas. As mangueiras industriais para servi\u00e7os pesados constru\u00eddas para esses setores podem transportar com efici\u00eancia e seguran\u00e7a cargas densas, como areia, cascalho e concreto, enquanto as mangueiras hidr\u00e1ulicas ajudam a alimentar e controlar equipamentos hidr\u00e1ulicos, como tratores e escavadeiras. <\/p>\n\n<p>Na Jason, fornecemos aos clientes de diversos setores mangueiras flex\u00edveis capazes de suportar peso significativo, press\u00f5es intensas e as condi\u00e7\u00f5es ambientais de locais como canteiros de obras, minas e f\u00e1bricas, proporcionando, ao mesmo tempo, facilidade de movimenta\u00e7\u00e3o ideal. Continue lendo para saber mais sobre as aplica\u00e7\u00f5es mais comuns de nossas mangueiras industriais na constru\u00e7\u00e3o e na ind\u00fastria pesada. <\/p>\n\n<h2 class=\"wp-block-heading\">Movimenta\u00e7\u00e3o de materiais de constru\u00e7\u00e3o com mangueiras<\/h2>\n\n<p>Uma das principais aplica\u00e7\u00f5es de nossas mangueiras no setor da ind\u00fastria pesada \u00e9 o transporte de materiais. Tr\u00eas materiais t\u00edpicos de constru\u00e7\u00e3o e minera\u00e7\u00e3o que nossas mangueiras robustas e de alto desempenho podem transferir incluem: <\/p>\n\n<ul class=\"wp-block-list\">\n<li><strong>Concreto: <\/strong>os construtores n\u00e3o podem confiar em mangueiras comuns para manusear concreto. Em vez disso, nossas mangueiras de concreto de alta qualidade s\u00e3o especialmente constru\u00eddas para resistir \u00e0 alta abras\u00e3o, \u00e0 corros\u00e3o e \u00e0s altas press\u00f5es que, de outra forma, poderiam causar danos f\u00edsicos. Al\u00e9m de serem dur\u00e1veis e duradouras, as mangueiras s\u00e3o uma solu\u00e7\u00e3o segura para o fornecimento eficiente de concreto aos locais de constru\u00e7\u00e3o.  <\/li>\n\n\n\n<li><strong>Areia: <\/strong>As empresas dos mercados de petr\u00f3leo e g\u00e1s, constru\u00e7\u00e3o e minera\u00e7\u00e3o usam areia para hidrofraturamento, gera\u00e7\u00e3o de concreto e asfalto e como abrasivo para acabamento de superf\u00edcies. Como a areia \u00e9 um abrasivo resistente, \u00e9 dif\u00edcil para o tubo de uma mangueira, por isso \u00e9 importante usar uma mangueira de areia refor\u00e7ada com o material adequado e a espessura da parede do tubo para evitar danos. As mangueiras de transfer\u00eancia de areia permitem que os operadores movimentem a areia com efici\u00eancia ou a utilizem para fins de jateamento e limpeza.  <\/li>\n\n\n\n<li><strong>Cascalho: <\/strong>Da mesma forma, as mangueiras de dragagem e cascalho requerem materiais especializados e dur\u00e1veis que resistam ao desgaste, n\u00e3o desenvolvam furos ou falhem sob as press\u00f5es de trabalho exigidas. As aplica\u00e7\u00f5es comuns para nossas mangueiras de transfer\u00eancia de cascalho s\u00e3o o fornecimento de cascalho para telhados comerciais e industriais em projetos de cobertura e a movimenta\u00e7\u00e3o do abrasivo das minas para as instala\u00e7\u00f5es de processamento. <\/li>\n<\/ul>\n\n<h2 class=\"wp-block-heading\">Alimenta\u00e7\u00e3o de m\u00e1quinas de constru\u00e7\u00e3o com mangueiras<\/h2>\n\n<p>Embora as mangueiras sejam essenciais para movimentar materiais como concreto, areia e cascalho, esses produtos vers\u00e1teis podem fazer muito mais. As mangueiras hidr\u00e1ulicas que resistem ao desgaste, ao rasgo, aos altos n\u00edveis de press\u00e3o, \u00e0s condi\u00e7\u00f5es adversas e \u00e0 flex\u00e3o cont\u00ednua tamb\u00e9m s\u00e3o vitais para alimentar equipamentos de forma confi\u00e1vel e facilitar a opera\u00e7\u00e3o nos seguintes casos: <\/p>\n\n<ul class=\"wp-block-list\">\n<li><strong>Guindastes sobre esteiras: <\/strong>A capacidade de controlar com efic\u00e1cia a eleva\u00e7\u00e3o e o posicionamento de cargas muito pesadas \u00e9 fundamental nos canteiros de obras. Para fornecer energia de forma confi\u00e1vel aos componentes do guindaste e gerar movimentos suaves e precisos, o equipamento para servi\u00e7os pesados depende de mangueiras hidr\u00e1ulicas. Como as nossas mangueiras s\u00e3o fabricadas para durar, elas proporcionam maior efici\u00eancia e produtividade no canteiro de obras, maior tempo de atividade operacional e maior seguran\u00e7a devido \u00e0 redu\u00e7\u00e3o do risco de ferimentos nos trabalhadores e danos ao maquin\u00e1rio.  <\/li>\n\n\n\n<li><strong>Misturadores de concreto: <\/strong>as mangueiras hidr\u00e1ulicas tamb\u00e9m permitem o movimento controlado das l\u00e2minas dos misturadores de concreto, que mant\u00eam o material em um estado de movimento continuamente controlado. Com l\u00e2minas hidr\u00e1ulicas elevadas e finamente controladas, essas m\u00e1quinas podem preservar e depositar concreto bem misturado no local onde ele \u00e9 necess\u00e1rio para instala\u00e7\u00f5es de concreto mais eficientes. <\/li>\n\n\n\n<li><strong>Elevadores hidr\u00e1ulicos: <\/strong>Os elevadores hidr\u00e1ulicos s\u00e3o plataformas que podem i\u00e7ar verticalmente equipamentos, cargas de materiais e trabalhadores da constru\u00e7\u00e3o civil para locais altos ou de dif\u00edcil acesso. Nossas mangueiras hidr\u00e1ulicas acionam esse movimento controlado e permitem que os funcion\u00e1rios acessem com efici\u00eancia o telhado ou o exterior de uma estrutura para realizar seu trabalho com seguran\u00e7a. <\/li>\n\n\n\n<li><strong>Bra\u00e7os rob\u00f3ticos: <\/strong>os projetos de constru\u00e7\u00e3o atuais est\u00e3o incorporando cada vez mais a rob\u00f3tica para lidar com tarefas precisas, dif\u00edceis ou longas que seriam um desafio para os trabalhadores humanos realizarem ou acessarem no local. Nossas mangueiras hidr\u00e1ulicas de constru\u00e7\u00e3o conectam as juntas flex\u00edveis dentro dos bra\u00e7os rob\u00f3ticos para impulsionar movimentos finamente articulados. Os bra\u00e7os rob\u00f3ticos s\u00e3o capazes de lidar com aplica\u00e7\u00f5es pesadas de levantamento, posicionamento e at\u00e9 mesmo instala\u00e7\u00e3o.  <\/li>\n<\/ul>\n\n<h2 class=\"wp-block-heading\">Entre em contato com a Jason para obter informa\u00e7\u00f5es sobre mangueiras para constru\u00e7\u00e3o e ind\u00fastria pesada<\/h2>\n\n<p>As opera\u00e7\u00f5es industriais exigem mangueiras de resist\u00eancia industrial. Na Jason, fornecemos uma variedade de mangueiras hidr\u00e1ulicas dur\u00e1veis e de alta qualidade que podem lidar de forma confi\u00e1vel com fluidos hidr\u00e1ulicos pressurizados e mangueiras industriais dur\u00e1veis para lidar com materiais de constru\u00e7\u00e3o para aplica\u00e7\u00f5es exigentes. Desde o in\u00edcio de nossas atividades, em 1958, ampliamos nossas ofertas para incluir produtos de alto desempenho, como mangueiras industriais e hidr\u00e1ulicas, acoplamentos, acess\u00f3rios relacionados e muito mais, para atender a clientes nas Am\u00e9ricas do Norte, do Sul e Central.  <\/p>\n\n<p>Fornecemos nossas mangueiras para constru\u00e7\u00e3o e ind\u00fastria pesada em uma variedade de materiais, tamanhos e op\u00e7\u00f5es de extremidade de conector de encaixe para melhor atender \u00e0s suas necessidades espec\u00edficas de aplica\u00e7\u00e3o. <a href=\"https:\/\/jasonhosesolutions.com\/pt-br\/contato\/\" data-type=\"page\" data-id=\"152\">Entre em contato conosco<\/a> para saber mais sobre nossos produtos ou <a href=\"https:\/\/jasonhosesolutions.com\/pt-br\/solicitacao-de-cotacao\/\" data-type=\"page\" data-id=\"122\">solicite um or\u00e7amento<\/a> hoje mesmo para come\u00e7ar.<\/p>\n","protected":false},"excerpt":{"rendered":"<p>As empresas de constru\u00e7\u00e3o dependem de mangueiras industriais dur\u00e1veis para transportar concreto, areia e cascalho, enquanto as mangueiras hidr\u00e1ulicas acionam equipamentos como guindastes, misturadores, elevadores e bra\u00e7os rob\u00f3ticos. A Jason, desde 1958, fornece mangueiras flex\u00edveis e de alto desempenho em todas as Am\u00e9ricas para opera\u00e7\u00f5es seguras e eficientes na ind\u00fastria pesada. <\/p>\n","protected":false},"author":1,"featured_media":46507,"parent":46042,"menu_order":0,"comment_status":"closed","ping_status":"closed","template":"","meta":{"_acf_changed":false,"_seopress_robots_primary_cat":"","_seopress_titles_title":"","_seopress_titles_desc":"","_seopress_robots_index":"","footnotes":""},"class_list":["post-45989","page","type-page","status-publish","has-post-thumbnail"],"acf":[],"_links":{"self":[{"href":"https:\/\/jasonhosesolutions.com\/pt-br\/wp-json\/wp\/v2\/pages\/45989","targetHints":{"allow":["GET"]}}],"collection":[{"href":"https:\/\/jasonhosesolutions.com\/pt-br\/wp-json\/wp\/v2\/pages"}],"about":[{"href":"https:\/\/jasonhosesolutions.com\/pt-br\/wp-json\/wp\/v2\/types\/page"}],"author":[{"embeddable":true,"href":"https:\/\/jasonhosesolutions.com\/pt-br\/wp-json\/wp\/v2\/users\/1"}],"replies":[{"embeddable":true,"href":"https:\/\/jasonhosesolutions.com\/pt-br\/wp-json\/wp\/v2\/comments?post=45989"}],"version-history":[{"count":0,"href":"https:\/\/jasonhosesolutions.com\/pt-br\/wp-json\/wp\/v2\/pages\/45989\/revisions"}],"up":[{"embeddable":true,"href":"https:\/\/jasonhosesolutions.com\/pt-br\/wp-json\/wp\/v2\/pages\/46042"}],"wp:featuredmedia":[{"embeddable":true,"href":"https:\/\/jasonhosesolutions.com\/pt-br\/wp-json\/wp\/v2\/media\/46507"}],"wp:attachment":[{"href":"https:\/\/jasonhosesolutions.com\/pt-br\/wp-json\/wp\/v2\/media?parent=45989"}],"curies":[{"name":"wp","href":"https:\/\/api.w.org\/{rel}","templated":true}]}}