{"id":45976,"date":"2025-11-11T18:36:30","date_gmt":"2025-11-11T18:36:30","guid":{"rendered":"https:\/\/jasonhosesolutions.com\/fabricacao-geral\/"},"modified":"2026-03-19T06:15:28","modified_gmt":"2026-03-19T06:15:28","slug":"fabricacao-geral","status":"publish","type":"page","link":"https:\/\/jasonhosesolutions.com\/pt-br\/setores\/fabricacao-geral\/","title":{"rendered":"Fabrica\u00e7\u00e3o geral"},"content":{"rendered":"\n<p\/>\n\n\n\n<p\/>\n","protected":false},"excerpt":{"rendered":"<p>As mangueiras industriais e hidr\u00e1ulicas garantem efici\u00eancia e seguran\u00e7a na fabrica\u00e7\u00e3o, transferindo materiais e transmitindo energia. A Jason, divis\u00e3o de mangueiras da AMMEGA, fornece mangueiras dur\u00e1veis e espec\u00edficas para aplica\u00e7\u00f5es em todas as Am\u00e9ricas, apoiando a produ\u00e7\u00e3o desde as mat\u00e9rias-primas at\u00e9 a distribui\u00e7\u00e3o, com sele\u00e7\u00e3o especializada e desempenho confi\u00e1vel. <\/p>\n","protected":false},"author":1,"featured_media":46517,"parent":46042,"menu_order":0,"comment_status":"closed","ping_status":"closed","template":"","meta":{"_acf_changed":false,"_seopress_robots_primary_cat":"","_seopress_titles_title":"","_seopress_titles_desc":"","_seopress_robots_index":"","footnotes":""},"class_list":["post-45976","page","type-page","status-publish","has-post-thumbnail"],"acf":[],"_links":{"self":[{"href":"https:\/\/jasonhosesolutions.com\/pt-br\/wp-json\/wp\/v2\/pages\/45976","targetHints":{"allow":["GET"]}}],"collection":[{"href":"https:\/\/jasonhosesolutions.com\/pt-br\/wp-json\/wp\/v2\/pages"}],"about":[{"href":"https:\/\/jasonhosesolutions.com\/pt-br\/wp-json\/wp\/v2\/types\/page"}],"author":[{"embeddable":true,"href":"https:\/\/jasonhosesolutions.com\/pt-br\/wp-json\/wp\/v2\/users\/1"}],"replies":[{"embeddable":true,"href":"https:\/\/jasonhosesolutions.com\/pt-br\/wp-json\/wp\/v2\/comments?post=45976"}],"version-history":[{"count":2,"href":"https:\/\/jasonhosesolutions.com\/pt-br\/wp-json\/wp\/v2\/pages\/45976\/revisions"}],"predecessor-version":[{"id":60450,"href":"https:\/\/jasonhosesolutions.com\/pt-br\/wp-json\/wp\/v2\/pages\/45976\/revisions\/60450"}],"up":[{"embeddable":true,"href":"https:\/\/jasonhosesolutions.com\/pt-br\/wp-json\/wp\/v2\/pages\/46042"}],"wp:featuredmedia":[{"embeddable":true,"href":"https:\/\/jasonhosesolutions.com\/pt-br\/wp-json\/wp\/v2\/media\/46517"}],"wp:attachment":[{"href":"https:\/\/jasonhosesolutions.com\/pt-br\/wp-json\/wp\/v2\/media?parent=45976"}],"curies":[{"name":"wp","href":"https:\/\/api.w.org\/{rel}","templated":true}]}}