{"id":45970,"date":"2025-11-12T07:09:24","date_gmt":"2025-11-12T07:09:24","guid":{"rendered":"https:\/\/jasonhosesolutions.com\/mangueira-de-vapor\/"},"modified":"2026-01-30T12:44:27","modified_gmt":"2026-01-30T12:44:27","slug":"mangueira-de-vapor","status":"publish","type":"page","link":"https:\/\/jasonhosesolutions.com\/pt-br\/produtos\/industrial\/mangueira-de-vapor\/","title":{"rendered":"Mangueira de vapor"},"content":{"rendered":"\n<figure class=\"wp-block-image size-full\"><img loading=\"lazy\" decoding=\"async\" width=\"500\" height=\"333\" src=\"https:\/\/jasonhosesolutions.com\/wp-content\/uploads\/2025\/11\/jason-industrial-4816-steam.jpg\" alt=\"jason industrial 4816 vapor\" class=\"wp-image-6226\"\/><\/figure>\n\n<p>A Jason oferece mangueiras de vapor para transferir vapor nos seguintes setores:<\/p>\n\n<ul class=\"wp-block-list\">\n<li>Polpa e processamento<\/li>\n\n\n\n<li>Qu\u00edmica<\/li>\n\n\n\n<li>Petr\u00f3leo<\/li>\n\n\n\n<li>Alimentos<\/li>\n\n\n\n<li>Madeira<\/li>\n\n\n\n<li>Manuseio de materiais<\/li>\n<\/ul>\n\n<p>Tanto o tubo quanto a cobertura da nossa mangueira para vapor s\u00e3o feitos de EPDM. A cobertura \u00e9 perfurada para permitir a ventila\u00e7\u00e3o e eliminar o risco de forma\u00e7\u00e3o de bolhas e separa\u00e7\u00e3o da cobertura, al\u00e9m de ser resistente ao clima e ao oz\u00f4nio. A mangueira apresenta uma alta press\u00e3o de trabalho e classifica\u00e7\u00e3o de temperatura.  <\/p>\n\n<p>A Jason Steam Hose est\u00e1 dispon\u00edvel nas s\u00e9ries 4815 ou 4816. A 4815 possui uma capa preta, \u00e9 refor\u00e7ada com duas tran\u00e7as de arame de a\u00e7o e est\u00e1 dispon\u00edvel nos tamanhos de 1\/2&#8243; (12,7 mm) de di\u00e2metro interno a 3&#8243; (76,22 mm) de di\u00e2metro interno. O 4816 apresenta uma tampa vermelha, \u00e9 refor\u00e7ado com duas tran\u00e7as de fio de a\u00e7o e est\u00e1 dispon\u00edvel em tamanhos de 1\/2&#8243; (12,7 mm) de di\u00e2metro interno a 2&#8243; (50,88 mm) de di\u00e2metro interno.  <\/p>\n\n<p>Como o manuseio de vapor \u00e9 muito perigoso, \u00e9 fundamental que voc\u00ea tenha extremo cuidado e siga as precau\u00e7\u00f5es de seguran\u00e7a para reduzir o risco de danos pessoais ou materiais. Para obter mais informa\u00e7\u00f5es, consulte as <a href=\"https:\/\/jasonhosesolutions.com\/wp-content\/uploads\/2025\/11\/Steam-Hose-Safety-Recommendations.pdf\" target=\"_blank\" rel=\"noopener\">Recomenda\u00e7\u00f5es de seguran\u00e7a para mangueiras de vapor ARPM-11-1<\/a>. <\/p>\n\n<p>Para obter especifica\u00e7\u00f5es mais detalhadas sobre nossas mangueiras para vapor, consulte nosso cat\u00e1logo on-line.<\/p>\n\n<p><\/p>\n","protected":false},"excerpt":{"rendered":"<p>A Jason oferece mangueiras de vapor para transferir vapor nos seguintes setores: Tanto o tubo quanto a cobertura da nossa mangueira para vapor s\u00e3o feitos de EPDM. A cobertura \u00e9 perfurada para permitir a ventila\u00e7\u00e3o e eliminar o risco de forma\u00e7\u00e3o de bolhas e separa\u00e7\u00e3o da cobertura, al\u00e9m de ser resistente ao clima e ao [&hellip;]<\/p>\n","protected":false},"author":1,"featured_media":0,"parent":46078,"menu_order":0,"comment_status":"closed","ping_status":"closed","template":"","meta":{"_acf_changed":false,"_seopress_robots_primary_cat":"","_seopress_titles_title":"","_seopress_titles_desc":"","_seopress_robots_index":"","footnotes":""},"class_list":["post-45970","page","type-page","status-publish"],"acf":[],"_links":{"self":[{"href":"https:\/\/jasonhosesolutions.com\/pt-br\/wp-json\/wp\/v2\/pages\/45970","targetHints":{"allow":["GET"]}}],"collection":[{"href":"https:\/\/jasonhosesolutions.com\/pt-br\/wp-json\/wp\/v2\/pages"}],"about":[{"href":"https:\/\/jasonhosesolutions.com\/pt-br\/wp-json\/wp\/v2\/types\/page"}],"author":[{"embeddable":true,"href":"https:\/\/jasonhosesolutions.com\/pt-br\/wp-json\/wp\/v2\/users\/1"}],"replies":[{"embeddable":true,"href":"https:\/\/jasonhosesolutions.com\/pt-br\/wp-json\/wp\/v2\/comments?post=45970"}],"version-history":[{"count":0,"href":"https:\/\/jasonhosesolutions.com\/pt-br\/wp-json\/wp\/v2\/pages\/45970\/revisions"}],"up":[{"embeddable":true,"href":"https:\/\/jasonhosesolutions.com\/pt-br\/wp-json\/wp\/v2\/pages\/46078"}],"wp:attachment":[{"href":"https:\/\/jasonhosesolutions.com\/pt-br\/wp-json\/wp\/v2\/media?parent=45970"}],"curies":[{"name":"wp","href":"https:\/\/api.w.org\/{rel}","templated":true}]}}