{"id":45963,"date":"2025-11-12T07:09:25","date_gmt":"2025-11-12T07:09:25","guid":{"rendered":"https:\/\/jasonhosesolutions.com\/mangueira-de-agua\/"},"modified":"2026-01-30T12:44:27","modified_gmt":"2026-01-30T12:44:27","slug":"mangueira-de-agua","status":"publish","type":"page","link":"https:\/\/jasonhosesolutions.com\/pt-br\/produtos\/industrial\/mangueira-de-agua\/","title":{"rendered":"Mangueira de \u00e1gua"},"content":{"rendered":"\n<p>A Jason oferece uma ampla variedade de mangueiras para uso em \u00e1gua em movimento. Desde a suc\u00e7\u00e3o at\u00e9 a descarga, a lavagem, o jato e a irriga\u00e7\u00e3o, nossas mangueiras fabricadas com uma variedade de materiais termopl\u00e1sticos e de borracha s\u00e3o projetadas para atender \u00e0s necessidades espec\u00edficas da sua aplica\u00e7\u00e3o. <\/p>\n\n<h2 class=\"wp-block-heading\">Nossa linha de mangueiras de \u00e1gua inclui<\/h2>\n\n<h3 class=\"wp-block-heading\">Mangueira de suc\u00e7\u00e3o e transfer\u00eancia de PVC para servi\u00e7o pesado<\/h3>\n\n<p>Com refor\u00e7o de fios de poli\u00e9ster de alta resist\u00eancia e uma h\u00e9lice laranja caracter\u00edstica, essa mangueira foi originalmente projetada para suc\u00e7\u00e3o de peixes, suc\u00e7\u00e3o de \u00e1gua e bombeamento de lixo. Entretanto, agora ela descobriu novas aplica\u00e7\u00f5es no setor de fraturamento hidr\u00e1ulico. Ela \u00e9 extremamente popular para movimentar \u00e1gua para dentro e para fora de tanques de reten\u00e7\u00e3o. Essa mangueira suporta altas press\u00f5es de transfer\u00eancia.   <\/p>\n\n<h3 class=\"wp-block-heading\">Mangueira de suc\u00e7\u00e3o de PVC transparente para clima frio HD Sub-Zero<\/h3>\n\n<p>Projetada para uso em condi\u00e7\u00f5es clim\u00e1ticas extremas, essa mangueira pode suportar temperaturas t\u00e3o baixas quanto -40\u00b0F.<\/p>\n\n<h3 class=\"wp-block-heading\">Mangueira de suc\u00e7\u00e3o de \u00e1gua padr\u00e3o<\/h3>\n\n<p>Essa mangueira de suc\u00e7\u00e3o de \u00e1gua \u00e9 oferecida nos modelos FRAC e de borracha. Para reciclagem de suc\u00e7\u00e3o e descarte de \u00e1gua de retorno de fluxo, a op\u00e7\u00e3o FRAC \u00e9 a mais adequada. Entretanto, para suc\u00e7\u00e3o, descarga ou fluxo de \u00e1gua por gravidade em aplica\u00e7\u00f5es de constru\u00e7\u00e3o, minera\u00e7\u00e3o, explora\u00e7\u00e3o de petr\u00f3leo, agricultura e aluguel de equipamentos, a op\u00e7\u00e3o de borracha \u00e9 mais adequada<strong>.<\/strong>  <\/p>\n\n<h3 class=\"wp-block-heading\">Mangueira n\u00e3o condutora da porta da fornalha<\/h3>\n\n<p>Ao transferir \u00e1gua fria para portas de fornos em usinas sider\u00fargicas, f\u00e1bricas de vidro e outras opera\u00e7\u00f5es semelhantes, essa mangueira reduz a temperatura das portas sem risco potencial para os usu\u00e1rios. A constru\u00e7\u00e3o em EPDM\/fibra de vidro dessa mangueira resiste ao calor e \u00e9 resistente a chamas. A pr\u00f3pria cobertura pode resistir a respingos de metal fundido de at\u00e9 +575\u00b0F.  <\/p>\n\n<h3 class=\"wp-block-heading\">Mangueiras e conjuntos de PVC para descarga de \u00e1gua<\/h3>\n\n<p>Com op\u00e7\u00f5es de servi\u00e7o m\u00e9dio (dispon\u00edvel nas cores azul ou vermelho-vinho) e servi\u00e7o pesado (cor vermelha) em estoque, essa mangueira \u00e9 frequentemente empregada para descarga de \u00e1gua para fins gerais em constru\u00e7\u00e3o, agricultura, irriga\u00e7\u00e3o por gotejamento e aluguel de equipamentos. Essa mangueira \u00e9 leve e f\u00e1cil de manusear e se enrola para facilitar o armazenamento. <\/p>\n\n<h3 class=\"wp-block-heading\">Mangueiras e conjuntos de descarga de moinhos<\/h3>\n\n<p>Essa mangueira est\u00e1 dispon\u00edvel em dois estilos: DJ para servi\u00e7o pesado e SJ de grau municipal. A mangueira para servi\u00e7os pesados \u00e9 frequentemente usada para lavagem municipal ou de conv\u00e9s de navios, aluguel de bombas ou linha de abastecimento de \u00e1gua de hidrante para caminh\u00e3o. Por outro lado, a mangueira de grau municipal \u00e9 frequentemente empregada para servi\u00e7o de descarga de \u00e1gua em p\u00e1tios de aluguel, servi\u00e7o de frota, lavagem municipal e desaguamento de servi\u00e7os p\u00fablicos.  <\/p>\n\n<h3 class=\"wp-block-heading\">Mangueira de suc\u00e7\u00e3o de EPDM<\/h3>\n\n<p>Essa mangueira \u00e9 adequada para aplica\u00e7\u00f5es de suc\u00e7\u00e3o e manuseio de \u00e1gua para servi\u00e7os padr\u00e3o, inclusive s\u00e9pticos, \u00e1guas residuais, esterco l\u00edquido e fertilizantes l\u00edquidos agr\u00edcolas.<\/p>\n\n<h3 class=\"wp-block-heading\">Mangueira de suc\u00e7\u00e3o de \u00e1gua em PVC verde ou PVC Helix transparente\/branco<\/h3>\n\n<p>Dispon\u00edvel em PVC com h\u00e9lice verde ou transparente\/branco, essa mangueira \u00e9 mais bem utilizada para suc\u00e7\u00e3o, descarga ou fluxo por gravidade de \u00e1gua, \u00e1gua salgada e \u00e1gua oleosa na constru\u00e7\u00e3o, agricultura, minera\u00e7\u00e3o ou aluguel de equipamentos.<\/p>\n\n<h3 class=\"wp-block-heading\">Mangueira de borracha de 2 camadas para descarga de \u00e1gua<\/h3>\n\n<p>Com modelos de 2 e 4 camadas dispon\u00edveis, essa mangueira \u00e9 usada para aluguel de equipamentos pesados, constru\u00e7\u00e3o em geral, minas, pedreiras e outras aplica\u00e7\u00f5es de descarga de \u00e1gua. Essas mangueiras ficam planas e permitem f\u00e1cil enrolamento, mantendo a resist\u00eancia a intemp\u00e9ries e ao oz\u00f4nio. <\/p>\n\n<h3 class=\"wp-block-heading\">Conjuntos de lavadoras de press\u00e3o Mainstream<\/h3>\n\n<p>Como essa mangueira foi projetada para aplica\u00e7\u00f5es de lavagem sob press\u00e3o, ela \u00e9 usada com mais frequ\u00eancia para a limpeza de instala\u00e7\u00f5es av\u00edcolas, latic\u00ednios, equipamentos fora de estrada, f\u00e1bricas de papel, constru\u00e7\u00e3o, resid\u00eancias e p\u00e1tios externos. Essa mangueira suporta press\u00f5es de trabalho de at\u00e9 3.000 lbs. <\/p>\n\n<h3 class=\"wp-block-heading\">Mangueira de descarga resistente a \u00f3leo de nitrilo\/PVC<\/h3>\n\n<p>Dispon\u00edvel nos modelos preto ou amarelo, essa mangueira \u00e9 geralmente usada para lavagem industrial, irriga\u00e7\u00e3o, desaguamento geral, descarga de bombas e drenagem. Essas mangueiras funcionam com at\u00e9 250 PSI (17,25 BAR). Dispon\u00edvel em comprimentos de 660&#8242; com di\u00e2metro interno de 4&#8243;, 6&#8243; e 8&#8243;.  <\/p>\n\n<h3 class=\"wp-block-heading\">Conjuntos de mangueiras de inc\u00eandio da MSHA<\/h3>\n\n<p>Essa mangueira atende \u00e0 classifica\u00e7\u00e3o 18-FHA08001 da MSHA. Com op\u00e7\u00f5es de mangueiras de 50 e 100 p\u00e9s de comprimento, esse conjunto de mangueiras \u00e9 usado como mangueira de inc\u00eandio em minas subterr\u00e2neas. Essa mangueira se enrola para facilitar o armazenamento.  <\/p>\n","protected":false},"excerpt":{"rendered":"<p>A Jason oferece uma ampla variedade de mangueiras para uso em \u00e1gua em movimento. Desde a suc\u00e7\u00e3o at\u00e9 a descarga, a lavagem, o jato e a irriga\u00e7\u00e3o, nossas mangueiras fabricadas com uma variedade de materiais termopl\u00e1sticos e de borracha s\u00e3o projetadas para atender \u00e0s necessidades espec\u00edficas da sua aplica\u00e7\u00e3o. Nossa linha de mangueiras de \u00e1gua [&hellip;]<\/p>\n","protected":false},"author":1,"featured_media":26694,"parent":46078,"menu_order":0,"comment_status":"closed","ping_status":"closed","template":"","meta":{"_acf_changed":false,"_seopress_robots_primary_cat":"","_seopress_titles_title":"","_seopress_titles_desc":"","_seopress_robots_index":"","footnotes":""},"class_list":["post-45963","page","type-page","status-publish","has-post-thumbnail"],"acf":[],"_links":{"self":[{"href":"https:\/\/jasonhosesolutions.com\/pt-br\/wp-json\/wp\/v2\/pages\/45963","targetHints":{"allow":["GET"]}}],"collection":[{"href":"https:\/\/jasonhosesolutions.com\/pt-br\/wp-json\/wp\/v2\/pages"}],"about":[{"href":"https:\/\/jasonhosesolutions.com\/pt-br\/wp-json\/wp\/v2\/types\/page"}],"author":[{"embeddable":true,"href":"https:\/\/jasonhosesolutions.com\/pt-br\/wp-json\/wp\/v2\/users\/1"}],"replies":[{"embeddable":true,"href":"https:\/\/jasonhosesolutions.com\/pt-br\/wp-json\/wp\/v2\/comments?post=45963"}],"version-history":[{"count":0,"href":"https:\/\/jasonhosesolutions.com\/pt-br\/wp-json\/wp\/v2\/pages\/45963\/revisions"}],"up":[{"embeddable":true,"href":"https:\/\/jasonhosesolutions.com\/pt-br\/wp-json\/wp\/v2\/pages\/46078"}],"wp:featuredmedia":[{"embeddable":true,"href":"https:\/\/jasonhosesolutions.com\/pt-br\/wp-json\/wp\/v2\/media\/26694"}],"wp:attachment":[{"href":"https:\/\/jasonhosesolutions.com\/pt-br\/wp-json\/wp\/v2\/media?parent=45963"}],"curies":[{"name":"wp","href":"https:\/\/api.w.org\/{rel}","templated":true}]}}