{"id":45936,"date":"2025-11-12T10:03:48","date_gmt":"2025-11-12T10:03:48","guid":{"rendered":"https:\/\/jasonhosesolutions.com\/conexoes-hidraulicas\/"},"modified":"2026-02-09T11:30:53","modified_gmt":"2026-02-09T11:30:53","slug":"conexoes-hidraulicas","status":"publish","type":"page","link":"https:\/\/jasonhosesolutions.com\/pt-br\/produtos\/produtos-hidraulicos\/conexoes-hidraulicas\/","title":{"rendered":"Conex\u00f5es hidr\u00e1ulicas"},"content":{"rendered":"\n<p>Os sistemas hidr\u00e1ulicos exigem conex\u00f5es dur\u00e1veis e de alta qualidade para criar uma conex\u00e3o segura entre mangueiras e tubos. Na Jason, oferecemos uma sele\u00e7\u00e3o de conex\u00f5es hidr\u00e1ulicas confi\u00e1veis para uma variedade de aplica\u00e7\u00f5es. <\/p>\n\n\n\n<h2 class=\"wp-block-heading\">Tipos de conex\u00f5es hidr\u00e1ulicas<\/h2>\n\n\n\n<p>Para atender \u00e0s diversas necessidades de nossos clientes, oferecemos uma sele\u00e7\u00e3o de engates hidr\u00e1ulicos de crimpagem total, estilo \u201cmorder o fio\u201d em nossas s\u00e9ries 12, 40 e 60.<\/p>\n\n\n\n<p><strong>SAE J514, Flange de 37\u00b0<\/strong><br>Tamb\u00e9m chamada de Flange JIC de 37\u00b0, esta conex\u00e3o apresenta um assento macho de 37\u00b0 que se encaixa no assento f\u00eamea de flange de 37\u00b0 ao fixar roscas retas. Os sistemas hidr\u00e1ulicos s\u00e3o aplica\u00e7\u00f5es comuns para essas conex\u00f5es. <\/p>\n\n\n\n<p><strong>SAE J514 Rosca Reta com Anel O<\/strong><br>Embora apresente as mesmas roscas da flange J514 de 37\u00b0, esta conex\u00e3o usa um anel O em vez da flange de 37\u00b0. Capturado com um rebaixo c\u00f4nico, o anel O cria uma veda\u00e7\u00e3o forte quando equipado com a porta f\u00eamea do encaixe do anel O. <\/p>\n\n\n\n<p><strong>SAE J1453 Veda\u00e7\u00e3o Frontal com Anel O<\/strong><br>Esta veda\u00e7\u00e3o projetada para ser livre de vazamentos \u00e9 capaz de suportar n\u00edveis de press\u00e3o de at\u00e9 6.000 PSI em tamanhos selecionados. Possui uma extremidade macho com roscas retas e um anel O em sua face que se conecta \u00e0 face plana do assento f\u00eamea, tudo mantido junto mecanicamente usando uma porca f\u00eamea girat\u00f3ria. <\/p>\n\n\n\n<p><strong>SAE J512, Flange de 45\u00b0<\/strong><br>Os assentos e roscas desses conectores em tamanhos selecionados s\u00e3o semelhantes aos das flanges J514 de 37\u00b0, mas com um \u00e2ngulo de flange de 45\u00b0. Dadas as suas semelhan\u00e7as, \u00e9 importante identific\u00e1-los positivamente com base em suas flanges e roscas. Compat\u00edvel com aplica\u00e7\u00f5es de baixa press\u00e3o, os usos comuns incluem adaptadores de lat\u00e3o e sistemas hidr\u00e1ulicos automotivos.  <\/p>\n\n\n\n<p><strong>Roscas de Tubula\u00e7\u00e3o Americana (NPTF &amp; NPSM)<\/strong><br>Um tipo de conex\u00e3o muito comum, esses engates usam duas t\u00e9cnicas de veda\u00e7\u00e3o. A rosca c\u00f4nica macho National Pipe Taper Fuel (NPTF), ou Dryseal, se encaixa com uma f\u00eamea c\u00f4nica NPTF, normalmente servindo como uma porta. A veda\u00e7\u00e3o \u00e9 formada pelo esmagamento das roscas macho e f\u00eamea.  <\/p>\n\n\n\n<p>Alternativamente, as roscas macho Pipe Thread Fuel (PTF), ou Dryseal curta, s\u00e3o mais curtas do que as variedades NPTF em uma rosca na extremidade pequena e c\u00f4nica. Caso contr\u00e1rio, suas roscas s\u00e3o semelhantes. Fita de PTFE, selante de rosca e outros auxiliares de veda\u00e7\u00e3o podem ser usados em conjunto para uma veda\u00e7\u00e3o mais eficaz.  <\/p>\n\n\n\n<p>As conex\u00f5es macho com um assento de 30\u00b0 s\u00e3o compat\u00edveis com o assento c\u00f4nico de 30\u00b0 de uma conex\u00e3o f\u00eamea girat\u00f3ria de rosca National Pipe Straight Mechanical (NPSM). Normalmente est\u00e1 presente em um adaptador, e as roscas fixam mecanicamente a conex\u00e3o. <\/p>\n\n\n\n<p><strong>British Standard Pipe \u2013 BSP<\/strong><br>As conex\u00f5es BSP est\u00e3o dispon\u00edveis em tipos de rosca paralela (BSPP) ou c\u00f4nica (BSPT). Criando uma veda\u00e7\u00e3o de rosca, as conex\u00f5es macho BSPT s\u00e3o projetadas para se conectar com conex\u00f5es f\u00eamea BSPT, que geralmente servem como portas. \u00c9 importante notar que, embora semelhantes, as roscas British Standard Pipe (BSP) diferem das roscas American NPTF e NPSM e n\u00e3o s\u00e3o intercambi\u00e1veis.  <\/p>\n\n\n\n<p><strong>Flange JIS de 30\u00b0 com Roscas de Tubula\u00e7\u00e3o Paralelas<\/strong><br>Esses conectores hidr\u00e1ulicos s\u00e3o compar\u00e1veis \u00e0s flanges JIS de 37\u00b0 americanas, mas com um assento de 30\u00b0 em vez disso e roscas de tubula\u00e7\u00e3o paralelas retas semelhantes \u00e0s das conex\u00f5es BSPP.<\/p>\n\n\n\n<p><strong>Rosca de Tubula\u00e7\u00e3o C\u00f4nica JIS<\/strong><br>Esta conex\u00e3o serve como uma alternativa id\u00eantica \u00e0 rosca de tubula\u00e7\u00e3o c\u00f4nica BSPT brit\u00e2nica, exceto que n\u00e3o possui um chanfro de 60\u00b0 na extremidade macho. Al\u00e9m disso, s\u00f3 \u00e9 poss\u00edvel vedar ao esmagar as roscas juntas em uma porta BSP ou JIS compat\u00edvel. <\/p>\n\n\n\n<p><strong>Cone DIN de 24\u00b0<\/strong><br>Os machos de cone DIN de 24\u00b0 incluem assentos de 24\u00b0, roscas retas m\u00e9tricas e rebaixos embutidos iguais ao di\u00e2metro externo (DE) do tubo de acoplamento que o acompanha. Eles s\u00e3o compat\u00edveis com uma variedade de cones f\u00eameas. A contraparte f\u00eamea pode ser um cone de 24\u00b0 e anel O, um cone universal de 24\u00b0\/60\u00b0 ou uma conex\u00e3o de tubo m\u00e9trica.  <\/p>\n\n\n\n<p>As conex\u00f5es DIN das s\u00e9ries pesada (S) e leve (L) est\u00e3o dispon\u00edveis. Para identificar essas conex\u00f5es, voc\u00ea medir\u00e1 seu DE do tubo e o tamanho da rosca. As conex\u00f5es da s\u00e9rie pesada t\u00eam maior espessura de parede e um DE do tubo menor em compara\u00e7\u00e3o com a s\u00e9rie leve. Usando um medidor de \u00e2ngulo de assento de 12\u00b0, voc\u00ea pode determinar o \u00e2ngulo da flange a partir da linha de centro do conector.   <\/p>\n\n\n\n<p><strong>Cone DIN de 60\u00b0<\/strong><br>Este cone macho s\u00f3 funciona com o conector f\u00eamea universal de cone de 24\u00b0 ou 60\u00b0. Possui roscas m\u00e9tricas retas e um assento de 60\u00b0, enquanto a contraparte f\u00eamea tem um assento universal de 24\u00b0 e 60\u00b0 com o mesmo tipo de rosca. Voc\u00ea pode usar o medidor de \u00e2ngulo de assento de 30\u00b0 para medir o \u00e2ngulo da flange a partir da linha de centro do conector.  <\/p>\n\n\n\n<h2 class=\"wp-block-heading\">Conex\u00f5es hidr\u00e1ulicas da Jason<\/h2>\n\n\n\n<p>Para otimizar a funcionalidade do sistema hidr\u00e1ulico e opera\u00e7\u00f5es seguras, \u00e9 importante selecionar as conex\u00f5es e conectores de mangueira hidr\u00e1ulica certos para sua aplica\u00e7\u00e3o. A equipe Jason tem ajudado clientes com adaptadores e conex\u00f5es hidr\u00e1ulicas confi\u00e1veis e de alta qualidade desde 1958. <\/p>\n\n\n\n<p>Nossos especialistas em mangueiras e acess\u00f3rios hidr\u00e1ulicos e industriais ter\u00e3o prazer em ajud\u00e1-lo a encontrar as solu\u00e7\u00f5es de produtos ideais para suas necessidades exclusivas. <a href=\"https:\/\/jasonhosesolutions.com\/pt-br\/contato\/\" data-type=\"page\" data-id=\"152\">Entre em contato<\/a> conosco hoje para obter mais informa\u00e7\u00f5es ou <a href=\"https:\/\/jasonhosesolutions.com\/pt-br\/solicitacao-de-cotacao\/\" data-type=\"page\" data-id=\"122\">solicite um or\u00e7amento<\/a> para sua conex\u00e3o hidr\u00e1ulica preferida.<\/p>\n","protected":false},"excerpt":{"rendered":"<p>Os sistemas hidr\u00e1ulicos exigem conex\u00f5es dur\u00e1veis e de alta qualidade para criar uma conex\u00e3o segura entre mangueiras e tubos. Na Jason, oferecemos uma sele\u00e7\u00e3o de conex\u00f5es hidr\u00e1ulicas confi\u00e1veis para uma variedade de aplica\u00e7\u00f5es. Tipos de conex\u00f5es hidr\u00e1ulicas Para atender \u00e0s diversas necessidades de nossos clientes, oferecemos uma sele\u00e7\u00e3o de engates hidr\u00e1ulicos de crimpagem total, estilo [&hellip;]<\/p>\n","protected":false},"author":1,"featured_media":26694,"parent":46112,"menu_order":0,"comment_status":"closed","ping_status":"closed","template":"","meta":{"_acf_changed":false,"_seopress_robots_primary_cat":"","_seopress_titles_title":"","_seopress_titles_desc":"","_seopress_robots_index":"","_seopress_analysis_target_kw":"","footnotes":""},"class_list":["post-45936","page","type-page","status-publish","has-post-thumbnail"],"acf":[],"_links":{"self":[{"href":"https:\/\/jasonhosesolutions.com\/pt-br\/wp-json\/wp\/v2\/pages\/45936","targetHints":{"allow":["GET"]}}],"collection":[{"href":"https:\/\/jasonhosesolutions.com\/pt-br\/wp-json\/wp\/v2\/pages"}],"about":[{"href":"https:\/\/jasonhosesolutions.com\/pt-br\/wp-json\/wp\/v2\/types\/page"}],"author":[{"embeddable":true,"href":"https:\/\/jasonhosesolutions.com\/pt-br\/wp-json\/wp\/v2\/users\/1"}],"replies":[{"embeddable":true,"href":"https:\/\/jasonhosesolutions.com\/pt-br\/wp-json\/wp\/v2\/comments?post=45936"}],"version-history":[{"count":0,"href":"https:\/\/jasonhosesolutions.com\/pt-br\/wp-json\/wp\/v2\/pages\/45936\/revisions"}],"up":[{"embeddable":true,"href":"https:\/\/jasonhosesolutions.com\/pt-br\/wp-json\/wp\/v2\/pages\/46112"}],"wp:featuredmedia":[{"embeddable":true,"href":"https:\/\/jasonhosesolutions.com\/pt-br\/wp-json\/wp\/v2\/media\/26694"}],"wp:attachment":[{"href":"https:\/\/jasonhosesolutions.com\/pt-br\/wp-json\/wp\/v2\/media?parent=45936"}],"curies":[{"name":"wp","href":"https:\/\/api.w.org\/{rel}","templated":true}]}}