{"id":45827,"date":"2025-11-12T10:08:37","date_gmt":"2025-11-12T10:08:37","guid":{"rendered":"https:\/\/jasonhosesolutions.com\/quer-ser-um-distribuidor-hidraulico-da-jason\/"},"modified":"2026-01-27T15:45:58","modified_gmt":"2026-01-27T15:45:58","slug":"quer-ser-um-distribuidor-hidraulico-da-jason","status":"publish","type":"page","link":"https:\/\/jasonhosesolutions.com\/pt-br\/quer-ser-um-distribuidor-hidraulico-da-jason\/","title":{"rendered":"Quer ser um distribuidor hidr\u00e1ulico da Jason?"},"content":{"rendered":"\n<p>Na Jason, oferecemos um vasto invent\u00e1rio de produtos de mangueiras hidr\u00e1ulicas l\u00edderes do setor. A tarefa de escolher a mangueira hidr\u00e1ulica apropriada pode ser desafiadora, e \u00e9 por isso que nossa equipe de especialistas est\u00e1 sempre preparada para ajud\u00e1-lo a encontrar o produto ideal para sua aplica\u00e7\u00e3o. Nossa extensa lista de ofertas de produtos nos permite atender \u00e0s necessidades de clientes em uma ampla gama de setores e aplica\u00e7\u00f5es.  <\/p>\n\n<p>Fornecemos continuamente n\u00edveis excelentes de atendimento ao cliente, produtos da mais alta qualidade, ferramentas B2B robustas e entregas r\u00e1pidas para nossos parceiros. Isso, al\u00e9m de nossos estoques bem abastecidos e planejamento log\u00edstico para empresas parceiras, levou ao nosso sucesso cont\u00ednuo trabalhando com distribuidores nacionais e internacionais. Ao nos mantermos atualizados com todas as tend\u00eancias em transmiss\u00e3o de energia fluida, podemos ajustar nosso invent\u00e1rio para melhor atender \u00e0s necessidades de nossos clientes.  <\/p>\n\n<h2 class=\"wp-block-heading\">Sobre nossas mangueiras hidr\u00e1ulicas<\/h2>\n\n<p>Nossas mangueiras hidr\u00e1ulicas, equipamentos de crimpagem, acoplamentos e acess\u00f3rios s\u00e3o ideais para uso em uma ampla variedade de aplica\u00e7\u00f5es hidr\u00e1ulicas, desde agricultura, constru\u00e7\u00e3o off-road e aplica\u00e7\u00f5es industriais.<\/p>\n\n<p>A Jason oferece as mangueiras hidr\u00e1ulicas mais comuns encontradas no mercado. Em v\u00e1rias das mangueiras com refor\u00e7o de tran\u00e7ado de arame, oferecemos uma cobertura lisa e uma cobertura especial com acabamento curado resistente \u00e0 abras\u00e3o. <\/p>\n\n<p>Para aplica\u00e7\u00f5es que exigem n\u00edveis mais altos de prote\u00e7\u00e3o externa da mangueira, oferecemos nossa cobertura de borracha resistente \u00e0 abras\u00e3o Dreamshield\u00ae. Feita de compostos de borracha particularmente dur\u00e1veis, esta cobertura protetora \u00e9 at\u00e9 8 vezes mais resistente \u00e0 abras\u00e3o em compara\u00e7\u00e3o com as op\u00e7\u00f5es tradicionais de material de cobertura de borracha. Como tal, o Dreamshield\u00ae pode prolongar significativamente a vida \u00fatil das mangueiras hidr\u00e1ulicas. Todas as mangueiras hidr\u00e1ulicas com cobertura de borracha oferecidas pela Jason utilizam coberturas resistentes a chamas (listadas pela MSHA).   <\/p>\n\n<p>A Jason oferece um portf\u00f3lio abrangente de mangueiras hidr\u00e1ulicas e produtos relacionados, incluindo:<\/p>\n\n<figure class=\"wp-block-image is-resized\"><img alt=\"\" decoding=\"async\" src=\"https:\/\/jasonhosesolutions.com\/wp-content\/uploads\/2022\/04\/Hydraulic-Hose-Product-Guide-2017-1_Page_002_Image_0001-1.jpg\" alt=\"\" class=\"wp-image-1682\" style=\"object-fit:cover;width:396px;height:auto\"\/><\/figure>\n\n<ul class=\"wp-block-list\">\n<li>S\u00e9rie 5011 (SAE 100R1\/1SN cobertura com acabamento liso)<\/li>\n\n\n\n<li>S\u00e9rie 5012 (SAE 100R1\/1SN cobertura Dreamshield\u00ae com acabamento envolvente)<\/li>\n\n\n\n<li>S\u00e9rie 5021 (SAE 100R2\/2SN cobertura com acabamento liso)<\/li>\n\n\n\n<li>S\u00e9rie 5022 (SAE 100R2\/2SN cobertura Dreamshield\u00ae com acabamento envolvente)<\/li>\n\n\n\n<li>S\u00e9rie 5040 (SAE 100R4 Extra Flex\u00edvel)<\/li>\n\n\n\n<li>S\u00e9rie 5050 (SAE 100R5 Hi-temp com cobertura t\u00eaxtil preta)<\/li>\n\n\n\n<li>S\u00e9rie 5161 (SAE 100R16\/2SC cobertura com acabamento liso)<\/li>\n\n\n\n<li>S\u00e9rie 5162 (SAE 100R16\/2SC cobertura Dreamshield\u00ae com acabamento envolvente)<\/li>\n\n\n\n<li>S\u00e9rie 5171 (SAE 100R17 cobertura com acabamento liso)<\/li>\n\n\n\n<li>S\u00e9rie 5172 (SAE 100R17 cobertura Dreamshield\u00ae com acabamento envolvente)<\/li>\n\n\n\n<li>S\u00e9rie 5192 (SAE 100R19 cobertura Dreamshield\u00ae com acabamento envolvente)<\/li>\n\n\n\n<li>S\u00e9rie 5122 (SAE 100R12 cobertura Dreamshield\u00ae com acabamento envolvente)<\/li>\n\n\n\n<li>S\u00e9rie 5132 (SAE 100R13 cobertura Dreamshield\u00ae com acabamento envolvente)<\/li>\n\n\n\n<li>S\u00e9rie 5152 (SAE 100R15 cobertura Dreamshield\u00ae com acabamento envolvente)<\/li>\n<\/ul>\n\n<p>Nossa sele\u00e7\u00e3o de <a href=\"https:\/\/jasonhosesolutions.com\/types\/hydraulic\/fittings\/\">acoplamentos de mangueira<\/a> inclui:<\/p>\n\n<ul class=\"wp-block-list\">\n<li>S\u00e9rie 12 (para tran\u00e7ado de arame Jason e 5040)<\/li>\n\n\n\n<li>S\u00e9rie 40 (para uso com 5122)<\/li>\n\n\n\n<li>S\u00e9rie 60 (para uso com 5132 e 5152)<\/li>\n\n\n\n<li>S\u00e9rie 75 (acoplamentos acopl\u00e1veis em campo para uso com 5050)<\/li>\n<\/ul>\n\n<p>Todos esses acoplamentos (com exce\u00e7\u00e3o da S\u00e9rie 75) foram desenvolvidos como \u201csem skive\u201d e crimpagem total, o que simplifica muito a montagem na mangueira.<\/p>\n\n<p>Tamb\u00e9m fornecemos uma variedade de ferramentas de crimpagem, desde pequenas unidades port\u00e1teis at\u00e9 crimpadores de produ\u00e7\u00e3o em grande escala:<\/p>\n\n<ul class=\"wp-block-list\">\n<li>S\u00e9rie JCD100S-T420 (crimpador de mangueira de servi\u00e7o port\u00e1til)<\/li>\n\n\n\n<li>S\u00e9rie JCD165M-T420 (crimpador de mangueira padr\u00e3o)<\/li>\n\n\n\n<li>S\u00e9rie JCD205-WB (crimpador de mangueira hidr\u00e1ulica)<\/li>\n\n\n\n<li>S\u00e9rie JCC-200 (crimpador de mangueira de produ\u00e7\u00e3o geral)<\/li>\n\n\n\n<li>JIC340 (crimpador de mangueira de produ\u00e7\u00e3o geral com controlador)<\/li>\n\n\n\n<li>Outros crimpadores e equipamentos de montagem est\u00e3o dispon\u00edveis<\/li>\n<\/ul>\n\n<p>Para a conveni\u00eancia de nossos clientes, fornecemos continuamente especifica\u00e7\u00f5es de crimpagem atualizadas no Jason MyCrimp App (<a href=\"https:\/\/apps.apple.com\/us\/app\/mycrimp-%20jason-industrial\/id1250484050\" target=\"_blank\" rel=\"noopener nofollow\">IOS<\/a> \/ <a href=\"https:\/\/play.google.com\/store\/apps\/details?id=com.customcrimp.jasonindustrial&amp;hl=en_US&amp;gl=US\" target=\"_blank\" rel=\"noopener nofollow\">Android<\/a>) e na <a href=\"https:\/\/jasonhosesolutions.com\/resources\/\">p\u00e1gina de recursos de nosso site<\/a>. Isso torna significativamente mais f\u00e1cil para os profissionais de montagem de mangueiras garantir que as especifica\u00e7\u00f5es de crimpagem mais atuais estejam dispon\u00edveis para eles para as ofertas de produtos cada vez maiores da Jason. <\/p>\n\n<h2 class=\"wp-block-heading\">Nova linha de mangueiras de press\u00e3o constante (isob\u00e1ricas)<\/h2>\n\n<p>Expandimos nossa linha para oferecer as mangueiras de press\u00e3o constante (tamb\u00e9m conhecidas como \u201cisob\u00e1ricas\u201d) mais comumente necess\u00e1rias e todas est\u00e3o dispon\u00edveis com a cobertura Dreamshield\u00ae. Estas s\u00e3o: <\/p>\n\n<ul class=\"wp-block-list\">\n<li>SAE 100R17 \u2013 3.000 PSI (5171 cobertura padr\u00e3o lisa e 5172 cobertura Dreamshield\u00ae)<\/li>\n\n\n\n<li>SAE 100R19 \u2013 4.000 PSI (5192 cobertura Dreamshield\u00ae)<\/li>\n\n\n\n<li>SAE 100R13 \u2013 5.000 PSI (5132 cobertura Dreamshield\u00ae)<\/li>\n\n\n\n<li>SAE 100R15 \u2013 6.000 PSI (5152 cobertura Dreamshield\u00ae)<\/li>\n<\/ul>\n\n<p>Tamb\u00e9m oferecemos uma linha completa de acoplamentos de uma pe\u00e7a, sobre a cobertura\/mordida no arame que combinam com essas mangueiras hidr\u00e1ulicas. Todos s\u00e3o totalmente testados e aprovados com nossas especifica\u00e7\u00f5es de crimpagem fornecidas pela Jason. Para garantir qualidade, funcionalidade e durabilidade ideais, fabricamos todos esses acoplamentos em a\u00e7o de alta qualidade, com insertos feitos de uma \u00fanica pe\u00e7a (sem juntas soldadas para vazar ou falhar). Tamb\u00e9m utilizamos porcas conectoras conformadas a frio, o que praticamente elimina o risco de rachaduras durante o processo de aperto. As ponteiras s\u00e3o feitas de a\u00e7o conformado a frio ou a quente, sem elementos de usinagem livre, o que proporciona \u00f3tima formabilidade de crimpagem sem rachaduras.    <\/p>\n\n<h2 class=\"wp-block-heading\">Fa\u00e7a parceria com os especialistas da Jason<\/h2>\n\n<p>Com nossa dedica\u00e7\u00e3o ao atendimento ao cliente, \u00e9 sempre f\u00e1cil trabalhar com a equipe da Jason. Atribu\u00edmos um grande valor aos relacionamentos que promovemos com nossos distribuidores, priorizando continuamente a comunica\u00e7\u00e3o aberta e os tempos de resposta r\u00e1pidos. Nosso extenso invent\u00e1rio inclui uma linha completa de crimpadores, e temos as capacidades de produ\u00e7\u00e3o para atender \u00e0s suas necessidades com retorno r\u00e1pido. Tamb\u00e9m oferecemos pedidos B2B f\u00e1ceis.   <\/p>\n\n<p>H\u00e1 mais de 60 anos, somos fornecedores l\u00edderes do setor de mangueiras e equipamentos hidr\u00e1ulicos. Al\u00e9m de nossa equipe de especialistas de plant\u00e3o, tamb\u00e9m oferecemos o aplicativo Jason MyCrimp (<a href=\"https:\/\/apps.apple.com\/us\/app\/mycrimp-%20jason-industrial\/id1250484050\" target=\"_blank\" rel=\"noopener nofollow\">IOS<\/a> \/ <a href=\"https:\/\/play.google.com\/store\/apps\/details?id=com.customcrimp.jasonindustrial&amp;hl=en_US&amp;gl=US\" target=\"_blank\" rel=\"noopener nofollow\">Android<\/a>) para fornecer as informa\u00e7\u00f5es mais recentes sobre nossos equipamentos de crimpagem, mangueiras e acoplamentos. Para saber mais sobre como trabalhar com a Jason, <a href=\"https:\/\/jasonhosesolutions.com\/contact\/\">entre em contato conosco<\/a> ou <a href=\"https:\/\/jasonhosesolutions.com\/rfq\/\">solicite um or\u00e7amento<\/a> hoje mesmo.  <\/p>\n","protected":false},"excerpt":{"rendered":"<p>Na Jason, oferecemos um vasto invent\u00e1rio de produtos de mangueiras hidr\u00e1ulicas l\u00edderes do setor. A tarefa de escolher a mangueira hidr\u00e1ulica apropriada pode ser desafiadora, e \u00e9 por isso que nossa equipe de especialistas est\u00e1 sempre preparada para ajud\u00e1-lo a encontrar o produto ideal para sua aplica\u00e7\u00e3o. Nossa extensa lista de ofertas de produtos nos [&hellip;]<\/p>\n","protected":false},"author":1,"featured_media":26694,"parent":0,"menu_order":0,"comment_status":"closed","ping_status":"closed","template":"","meta":{"_acf_changed":false,"_seopress_robots_primary_cat":"","_seopress_titles_title":"","_seopress_titles_desc":"","_seopress_robots_index":"","footnotes":""},"class_list":["post-45827","page","type-page","status-publish","has-post-thumbnail"],"acf":[],"_links":{"self":[{"href":"https:\/\/jasonhosesolutions.com\/pt-br\/wp-json\/wp\/v2\/pages\/45827","targetHints":{"allow":["GET"]}}],"collection":[{"href":"https:\/\/jasonhosesolutions.com\/pt-br\/wp-json\/wp\/v2\/pages"}],"about":[{"href":"https:\/\/jasonhosesolutions.com\/pt-br\/wp-json\/wp\/v2\/types\/page"}],"author":[{"embeddable":true,"href":"https:\/\/jasonhosesolutions.com\/pt-br\/wp-json\/wp\/v2\/users\/1"}],"replies":[{"embeddable":true,"href":"https:\/\/jasonhosesolutions.com\/pt-br\/wp-json\/wp\/v2\/comments?post=45827"}],"version-history":[{"count":0,"href":"https:\/\/jasonhosesolutions.com\/pt-br\/wp-json\/wp\/v2\/pages\/45827\/revisions"}],"wp:featuredmedia":[{"embeddable":true,"href":"https:\/\/jasonhosesolutions.com\/pt-br\/wp-json\/wp\/v2\/media\/26694"}],"wp:attachment":[{"href":"https:\/\/jasonhosesolutions.com\/pt-br\/wp-json\/wp\/v2\/media?parent=45827"}],"curies":[{"name":"wp","href":"https:\/\/api.w.org\/{rel}","templated":true}]}}