{"id":45817,"date":"2025-11-17T12:23:56","date_gmt":"2025-11-17T12:23:56","guid":{"rendered":"https:\/\/jasonhosesolutions.com\/serie\/serie-jcc4-50\/"},"modified":"2026-01-27T15:45:20","modified_gmt":"2026-01-27T15:45:20","slug":"serie-jcc4-50","status":"publish","type":"page","link":"https:\/\/jasonhosesolutions.com\/pt-br\/serie\/serie-jcc4-50\/","title":{"rendered":"S\u00e9rie JCC4-50"},"content":{"rendered":"\n<h2 class=\"wp-block-heading\">Crimpadora de mangueiras de produ\u00e7\u00e3o geral<\/h2>\n\n<h3 class=\"wp-block-heading\">Controlador ACT<sup>\u2122<\/sup> patenteado, exclusivo e f\u00e1cil de usar<\/h3>\n\n<ul class=\"wp-block-list\">\n<li>Crimpagem totalmente ajust\u00e1vel ao di\u00e2metro<\/li>\n\n\n\n<li>Capacidades de produ\u00e7\u00e3o<\/li>\n\n\n\n<li>Capacidade de mem\u00f3ria para repetibilidade precisa<\/li>\n\n\n\n<li>Converte automaticamente polegadas em mm e mm em polegadas, para que nenhum c\u00e1lculo seja necess\u00e1rio<\/li>\n<\/ul>\n\n<h3 class=\"wp-block-heading\">Controlador ACT<sup>\u2122<\/sup> patenteado<\/h3>\n\n<p>Oferece 4 configura\u00e7\u00f5es de idioma para escolher entre ingl\u00eas, espanhol, alem\u00e3o e franc\u00eas<\/p>\n\n<h3 class=\"wp-block-heading\">Recursos da interface do operador<\/h3>\n\n<p>Navega\u00e7\u00e3o f\u00e1cil de usar, modo manual, modo semiautom\u00e1tico, modo totalmente autom\u00e1tico e recursos de produ\u00e7\u00e3o<\/p>\n\n<h3 class=\"wp-block-heading\">Compensa\u00e7\u00e3o de press\u00e3o<\/h3>\n\n<p>Usa a press\u00e3o para eliminar \u201ctentativa e erro\u201d<\/p>\n\n<h2 class=\"wp-block-heading\">Projetado para Acomodar Suas Necessidades<\/h2>\n\n<ul class=\"wp-block-list\">\n<li>Capacidade de mangueira de at\u00e9 2-1\/2\u2033 mangueira hidr\u00e1ulica de 6 fios e at\u00e9 3\u2033 mangueira industrial<\/li>\n\n\n\n<li>Controlador ACT\u2122 patenteado moderno com tela de toque grande e navega\u00e7\u00e3o f\u00e1cil de usar<\/li>\n\n\n\n<li>Interruptor de p\u00e9 para uso no modo semiautom\u00e1tico e totalmente autom\u00e1tico, mantendo ambas as m\u00e3os livres<\/li>\n\n\n\n<li>A ferramenta de troca r\u00e1pida torna as trocas de matriz um processo r\u00e1pido e simples<\/li>\n\n\n\n<li>O batente traseiro ajust\u00e1vel acelera v\u00e1rias crimpagens da mesma mangueira e conex\u00e3o<\/li>\n\n\n\n<li>F\u00e1cil manuten\u00e7\u00e3o de graxa atrav\u00e9s de oito conex\u00f5es de graxa<\/li>\n\n\n\n<li>Almofadas de espuma protetoras da matriz principal entre os dedos da matriz evitam que detritos caiam nas superf\u00edcies cr\u00edticas e causem danos permanentes<\/li>\n\n\n\n<li>Os orif\u00edcios de montagem do reservat\u00f3rio permitem que o crimpador seja montado em bancada ou na carroceria do caminh\u00e3o, se necess\u00e1rio<\/li>\n<\/ul>\n\n<h2 class=\"wp-block-heading\">Design Dur\u00e1vel e Confi\u00e1vel = Rentabilidade<\/h2>\n\n<ul class=\"wp-block-list\">\n<li>340 toneladas de for\u00e7a de crimpagem<\/li>\n\n\n\n<li>Motor de 7,5 HP conectado a 230 volts trif\u00e1sico com bomba de engrenagem para crimpagens r\u00e1pidas (padr\u00e3o)<\/li>\n\n\n\n<li>Gama completa de matrizes e acess\u00f3rios dispon\u00edveis<\/li>\n<\/ul>\n\n<p><strong>Produtos cobertos por todas ou algumas destas patentes: US 7.383.709; US 8.230.714; EP 1.909.987 e patentes pendentes<\/strong><\/p>\n","protected":false},"excerpt":{"rendered":"<p>Crimpadora de mangueiras de produ\u00e7\u00e3o geral Controlador ACT\u2122 patenteado, exclusivo e f\u00e1cil de usar Controlador ACT\u2122 patenteado Oferece 4 configura\u00e7\u00f5es de idioma para escolher entre ingl\u00eas, espanhol, alem\u00e3o e franc\u00eas Recursos da interface do operador Navega\u00e7\u00e3o f\u00e1cil de usar, modo manual, modo semiautom\u00e1tico, modo totalmente autom\u00e1tico e recursos de produ\u00e7\u00e3o Compensa\u00e7\u00e3o de press\u00e3o Usa a [&hellip;]<\/p>\n","protected":false},"author":1,"featured_media":45818,"parent":45754,"menu_order":0,"comment_status":"closed","ping_status":"closed","template":"","meta":{"_acf_changed":false,"_seopress_robots_primary_cat":"","_seopress_titles_title":"","_seopress_titles_desc":"","_seopress_robots_index":"","footnotes":""},"class_list":["post-45817","page","type-page","status-publish","has-post-thumbnail"],"acf":[],"_links":{"self":[{"href":"https:\/\/jasonhosesolutions.com\/pt-br\/wp-json\/wp\/v2\/pages\/45817","targetHints":{"allow":["GET"]}}],"collection":[{"href":"https:\/\/jasonhosesolutions.com\/pt-br\/wp-json\/wp\/v2\/pages"}],"about":[{"href":"https:\/\/jasonhosesolutions.com\/pt-br\/wp-json\/wp\/v2\/types\/page"}],"author":[{"embeddable":true,"href":"https:\/\/jasonhosesolutions.com\/pt-br\/wp-json\/wp\/v2\/users\/1"}],"replies":[{"embeddable":true,"href":"https:\/\/jasonhosesolutions.com\/pt-br\/wp-json\/wp\/v2\/comments?post=45817"}],"version-history":[{"count":0,"href":"https:\/\/jasonhosesolutions.com\/pt-br\/wp-json\/wp\/v2\/pages\/45817\/revisions"}],"up":[{"embeddable":true,"href":"https:\/\/jasonhosesolutions.com\/pt-br\/wp-json\/wp\/v2\/pages\/45754"}],"wp:featuredmedia":[{"embeddable":true,"href":"https:\/\/jasonhosesolutions.com\/pt-br\/wp-json\/wp\/v2\/media\/45818"}],"wp:attachment":[{"href":"https:\/\/jasonhosesolutions.com\/pt-br\/wp-json\/wp\/v2\/media?parent=45817"}],"curies":[{"name":"wp","href":"https:\/\/api.w.org\/{rel}","templated":true}]}}