{"id":45797,"date":"2025-11-17T12:47:49","date_gmt":"2025-11-17T12:47:49","guid":{"rendered":"https:\/\/jasonhosesolutions.com\/serie\/serie-jcd205-wb\/"},"modified":"2026-01-27T15:44:36","modified_gmt":"2026-01-27T15:44:36","slug":"serie-jcd205-wb","status":"publish","type":"page","link":"https:\/\/jasonhosesolutions.com\/pt-br\/serie\/serie-jcd205-wb\/","title":{"rendered":"S\u00e9rie JCD205-WB"},"content":{"rendered":"\n<h2 class=\"wp-block-heading\">Prensas hidr\u00e1ulicas para mangueiras<\/h2>\n\n<h3 class=\"wp-block-heading\">Pilha de matrizes com s\u00e9rie de matrizes EN98-032<\/h3>\n\n<ol class=\"wp-block-list\">\n<li>Placa impulsora grande<\/li>\n\n\n\n<li>S\u00e9rie de matrizes EN98-032 (n\u00e3o inclu\u00edda)<\/li>\n<\/ol>\n\n<h3 class=\"wp-block-heading\">Pilha de matrizes com s\u00e9rie de matrizes EN98-020<\/h3>\n\n<ol class=\"wp-block-list\">\n<li>Placa impulsora de tubo dobrado<\/li>\n\n\n\n<li>Placa impulsora padr\u00e3o<\/li>\n\n\n\n<li>S\u00e9rie de matrizes EN98-020 (n\u00e3o inclu\u00edda)<\/li>\n\n\n\n<li>Inser\u00e7\u00e3o de cone<\/li>\n<\/ol>\n\n<h3 class=\"wp-block-heading\">Alta visibilidade<\/h3>\n\n<p>A posi\u00e7\u00e3o invertida da matriz permite que o operador posicione com precis\u00e3o a conex\u00e3o antes da crimpagem.<\/p>\n\n<h3 class=\"wp-block-heading\">Economize tempo<\/h3>\n\n<p>O batente de retra\u00e7\u00e3o ajust\u00e1vel limita a retra\u00e7\u00e3o do pist\u00e3o.<\/p>\n\n<h2 class=\"wp-block-heading\">Projetado para Acomodar Suas Necessidades<\/h2>\n\n<ul class=\"wp-block-list\">\n<li>Capacidade da mangueira de at\u00e9 1-\u00bc\u201d 6SP (com matrizes padr\u00e3o EN98-020) e at\u00e9 2\u2033 mangueira de 6 fios (com s\u00e9rie de matrizes EN98-032 opcional)<\/li>\n\n\n\n<li>Um micr\u00f4metro infinitamente ajust\u00e1vel e um interruptor de desligamento eletr\u00f4nico fazem crimpagens precisas<\/li>\n\n\n\n<li>O posicionamento invertido da matriz oferece boa visibilidade, permitindo que o operador posicione com precis\u00e3o a conex\u00e3o antes de fazer a crimpagem final<\/li>\n\n\n\n<li>O impulsor remov\u00edvel e a posi\u00e7\u00e3o invertida da matriz facilitam o posicionamento preciso da conex\u00e3o<\/li>\n\n\n\n<li>O batente de retra\u00e7\u00e3o ajust\u00e1vel integrado limita a retra\u00e7\u00e3o do pist\u00e3o apenas \u00e0 quantidade necess\u00e1ria para remover a mangueira e o acoplamento, economizando tempo em v\u00e1rias crimpagens<\/li>\n\n\n\n<li>L\u00e2mpada de trabalho flex\u00edvel integrada para iluminar a \u00e1rea de trabalho para melhor visibilidade<\/li>\n\n\n\n<li>O interruptor remoto pneum\u00e1tico pode ser operado com a m\u00e3o ou o p\u00e9<\/li>\n\n\n\n<li>Os orif\u00edcios de montagem na base permitem que a crimpadora seja montada em bancada ou na carroceria do caminh\u00e3o, se necess\u00e1rio<\/li>\n<\/ul>\n\n<h2 class=\"wp-block-heading\">Design Dur\u00e1vel e Confi\u00e1vel = Rentabilidade<\/h2>\n\n<ul class=\"wp-block-list\">\n<li>80 toneladas de for\u00e7a de crimpagem<\/li>\n\n\n\n<li>Design aberto para proporcionar excelente visibilidade ao operador<\/li>\n\n\n\n<li>Gama completa de matrizes e acess\u00f3rios dispon\u00edveis<\/li>\n<\/ul>\n","protected":false},"excerpt":{"rendered":"<p>Prensas hidr\u00e1ulicas para mangueiras Pilha de matrizes com s\u00e9rie de matrizes EN98-032 Pilha de matrizes com s\u00e9rie de matrizes EN98-020 Alta visibilidade A posi\u00e7\u00e3o invertida da matriz permite que o operador posicione com precis\u00e3o a conex\u00e3o antes da crimpagem. Economize tempo O batente de retra\u00e7\u00e3o ajust\u00e1vel limita a retra\u00e7\u00e3o do pist\u00e3o. Projetado para Acomodar Suas [&hellip;]<\/p>\n","protected":false},"author":1,"featured_media":45798,"parent":45754,"menu_order":0,"comment_status":"closed","ping_status":"closed","template":"","meta":{"_acf_changed":false,"_seopress_robots_primary_cat":"","_seopress_titles_title":"","_seopress_titles_desc":"","_seopress_robots_index":"","footnotes":""},"class_list":["post-45797","page","type-page","status-publish","has-post-thumbnail"],"acf":[],"_links":{"self":[{"href":"https:\/\/jasonhosesolutions.com\/pt-br\/wp-json\/wp\/v2\/pages\/45797","targetHints":{"allow":["GET"]}}],"collection":[{"href":"https:\/\/jasonhosesolutions.com\/pt-br\/wp-json\/wp\/v2\/pages"}],"about":[{"href":"https:\/\/jasonhosesolutions.com\/pt-br\/wp-json\/wp\/v2\/types\/page"}],"author":[{"embeddable":true,"href":"https:\/\/jasonhosesolutions.com\/pt-br\/wp-json\/wp\/v2\/users\/1"}],"replies":[{"embeddable":true,"href":"https:\/\/jasonhosesolutions.com\/pt-br\/wp-json\/wp\/v2\/comments?post=45797"}],"version-history":[{"count":0,"href":"https:\/\/jasonhosesolutions.com\/pt-br\/wp-json\/wp\/v2\/pages\/45797\/revisions"}],"up":[{"embeddable":true,"href":"https:\/\/jasonhosesolutions.com\/pt-br\/wp-json\/wp\/v2\/pages\/45754"}],"wp:featuredmedia":[{"embeddable":true,"href":"https:\/\/jasonhosesolutions.com\/pt-br\/wp-json\/wp\/v2\/media\/45798"}],"wp:attachment":[{"href":"https:\/\/jasonhosesolutions.com\/pt-br\/wp-json\/wp\/v2\/media?parent=45797"}],"curies":[{"name":"wp","href":"https:\/\/api.w.org\/{rel}","templated":true}]}}