{"id":45789,"date":"2025-11-17T13:52:39","date_gmt":"2025-11-17T13:52:39","guid":{"rendered":"https:\/\/jasonhosesolutions.com\/serie\/serie-jcd100s-t420\/"},"modified":"2026-01-27T15:43:53","modified_gmt":"2026-01-27T15:43:53","slug":"serie-jcd100s-t420","status":"publish","type":"page","link":"https:\/\/jasonhosesolutions.com\/pt-br\/serie\/serie-jcd100s-t420\/","title":{"rendered":"S\u00e9rie JCD100S-T420"},"content":{"rendered":"\n<h2 class=\"wp-block-heading\">Crimpadora de Mangueiras de Servi\u00e7o Port\u00e1til<\/h2>\n\n<p><br\/>A crimpadora de mangueiras da S\u00e9rie Port\u00e1til JCD100S-T420 com o Ajuste de Micr\u00f4metro T420 e 35 toneladas de for\u00e7a de crimpagem tem a capacidade de crimpar mangueiras de at\u00e9 1\u201d de 2 tramas e 3\/4\u201d 4SP.<\/p>\n\n<h2 class=\"wp-block-heading\">Conjuntos de Matrizes Enjauladas Flex\u00edveis T420 e Gaiolas Flex\u00edveis<\/h2>\n\n<ul class=\"wp-block-list\">\n<li>Conjuntos de matrizes enjauladas flex\u00edveis para ambientes de trabalho pesado<\/li>\n\n\n\n<li>Elimina a necessidade de substituir parafusos e molas quebrados<\/li>\n<\/ul>\n\n<h2 class=\"wp-block-heading\">Preciso e Repet\u00edvel<\/h2>\n\n<p>O indicador \u201cMicroSite\u201d no micr\u00f4metro T420 permite que o operador fa\u00e7a crimpagens precisas, r\u00e1pidas e repet\u00edveis.<\/p>\n\n<h2 class=\"wp-block-heading\">Unidade Port\u00e1til Leve<\/h2>\n\n<p>A crimpadora verdadeiramente \u201cport\u00e1til\u201d pode ser transportada para quase qualquer local onde o servi\u00e7o \u00e9 necess\u00e1rio.<\/p>\n\n<h2 class=\"wp-block-heading\">\u00d3leo Lubrificante de Matriz CRIMPX<\/h2>\n\n<ul class=\"wp-block-list\">\n<li>Para prolongar a vida \u00fatil e o desempenho da matriz<\/li>\n\n\n\n<li>F\u00e1cil de usar e as m\u00e3os permanecem limpas<\/li>\n<\/ul>\n\n<h2 class=\"wp-block-heading\">Projetado para Acomodar Suas Necessidades<\/h2>\n\n<ul class=\"wp-block-list\">\n<li>Capacidade da mangueira de at\u00e9 1\u201d de 2 tramas e 3\/4\u201d 4SP<\/li>\n\n\n\n<li>O micr\u00f4metro T420 \u00e9 totalmente ajust\u00e1vel para uma crimpagem precisa<\/li>\n\n\n\n<li>Bomba manual dispon\u00edvel, bomba pneum\u00e1tica de 10.000 psi ou bomba multi-el\u00e9trica<\/li>\n\n\n\n<li>A posi\u00e7\u00e3o da crimpadora pode ser ajustada para uma posi\u00e7\u00e3o de crimpagem ideal ou abaixada para a posi\u00e7\u00e3o vertical para um melhor equil\u00edbrio quando a crimpadora est\u00e1 sendo transportada<\/li>\n\n\n\n<li>O empurrador remov\u00edvel e o conjunto de matrizes enjauladas de borracha T420 de 2 pe\u00e7as facilitam o posicionamento preciso do encaixe<\/li>\n\n\n\n<li>A crimpadora port\u00e1til JCD100S-T420 pesa apenas 47 lbs<\/li>\n\n\n\n<li>A prateleira de armazenamento de matrizes opcional mant\u00e9m as matrizes organizadas e prontamente dispon\u00edveis<\/li>\n\n\n\n<li>Os orif\u00edcios de montagem na base permitem que a crimpadora seja montada em bancada ou na carroceria do caminh\u00e3o, se necess\u00e1rio<\/li>\n<\/ul>\n\n<h2 class=\"wp-block-heading\">Design Dur\u00e1vel e Confi\u00e1vel = Rentabilidade<\/h2>\n\n<ul class=\"wp-block-list\">\n<li>35 toneladas de for\u00e7a de crimpagem<\/li>\n\n\n\n<li>Design aberto para fornecer excelente visibilidade ao operador<\/li>\n\n\n\n<li>Gama completa de matrizes e acess\u00f3rios dispon\u00edveis<\/li>\n<\/ul>\n","protected":false},"excerpt":{"rendered":"<p>Crimpadora de Mangueiras de Servi\u00e7o Port\u00e1til A crimpadora de mangueiras da S\u00e9rie Port\u00e1til JCD100S-T420 com o Ajuste de Micr\u00f4metro T420 e 35 toneladas de for\u00e7a de crimpagem tem a capacidade de crimpar mangueiras de at\u00e9 1\u201d de 2 tramas e 3\/4\u201d 4SP. Conjuntos de Matrizes Enjauladas Flex\u00edveis T420 e Gaiolas Flex\u00edveis Preciso e Repet\u00edvel O [&hellip;]<\/p>\n","protected":false},"author":1,"featured_media":45790,"parent":45754,"menu_order":0,"comment_status":"closed","ping_status":"closed","template":"","meta":{"_acf_changed":false,"_seopress_robots_primary_cat":"","_seopress_titles_title":"","_seopress_titles_desc":"","_seopress_robots_index":"","footnotes":""},"class_list":["post-45789","page","type-page","status-publish","has-post-thumbnail"],"acf":[],"_links":{"self":[{"href":"https:\/\/jasonhosesolutions.com\/pt-br\/wp-json\/wp\/v2\/pages\/45789","targetHints":{"allow":["GET"]}}],"collection":[{"href":"https:\/\/jasonhosesolutions.com\/pt-br\/wp-json\/wp\/v2\/pages"}],"about":[{"href":"https:\/\/jasonhosesolutions.com\/pt-br\/wp-json\/wp\/v2\/types\/page"}],"author":[{"embeddable":true,"href":"https:\/\/jasonhosesolutions.com\/pt-br\/wp-json\/wp\/v2\/users\/1"}],"replies":[{"embeddable":true,"href":"https:\/\/jasonhosesolutions.com\/pt-br\/wp-json\/wp\/v2\/comments?post=45789"}],"version-history":[{"count":0,"href":"https:\/\/jasonhosesolutions.com\/pt-br\/wp-json\/wp\/v2\/pages\/45789\/revisions"}],"up":[{"embeddable":true,"href":"https:\/\/jasonhosesolutions.com\/pt-br\/wp-json\/wp\/v2\/pages\/45754"}],"wp:featuredmedia":[{"embeddable":true,"href":"https:\/\/jasonhosesolutions.com\/pt-br\/wp-json\/wp\/v2\/media\/45790"}],"wp:attachment":[{"href":"https:\/\/jasonhosesolutions.com\/pt-br\/wp-json\/wp\/v2\/media?parent=45789"}],"curies":[{"name":"wp","href":"https:\/\/api.w.org\/{rel}","templated":true}]}}