{"id":45787,"date":"2025-11-17T13:49:23","date_gmt":"2025-11-17T13:49:23","guid":{"rendered":"https:\/\/jasonhosesolutions.com\/serie\/serie-jcd165-t420\/"},"modified":"2026-01-27T15:43:53","modified_gmt":"2026-01-27T15:43:53","slug":"serie-jcd165-t420","status":"publish","type":"page","link":"https:\/\/jasonhosesolutions.com\/pt-br\/serie\/serie-jcd165-t420\/","title":{"rendered":"S\u00e9rie JCD165-T420"},"content":{"rendered":"\n<p>A crimpadora da S\u00e9rie JCD165-T420 com ajuste tipo micr\u00f4metro e 62 toneladas de for\u00e7a de crimpagem tem a capacidade de crimpar mangueiras de 4 espirais de at\u00e9 1-1\/4\u201d.<\/p>\n\n<p><strong>Desligamento autom\u00e1tico do micr\u00f4metro<\/strong><\/p>\n\n<ul class=\"wp-block-list\">\n<li>F\u00e1cil de usar e calibrar<\/li>\n\n\n\n<li>Ideal para crimpagens repet\u00edveis<\/li>\n<\/ul>\n\n<p><strong>\u00d3leo lubrificante para matrizes Crimp X<\/strong><\/p>\n\n<ul class=\"wp-block-list\">\n<li>Para prolongar a vida \u00fatil e o desempenho da matriz<\/li>\n\n\n\n<li>F\u00e1cil de usar e as m\u00e3os permanecem limpas<\/li>\n<\/ul>\n\n<p><strong>Conjuntos de matrizes em gaiola flex\u00edvel T-420 e gaiolas flex\u00edveis<\/strong><\/p>\n\n<ul class=\"wp-block-list\">\n<li>Para aplica\u00e7\u00f5es pesadas<\/li>\n\n\n\n<li>Elimina a necessidade de substituir parafusos e molas quebrados<\/li>\n\n\n\n<li>Manuten\u00e7\u00e3o m\u00ednima<\/li>\n<\/ul>\n\n<p><strong>PROJETADO PARA ATENDER \u00c0S SUAS NECESSIDADES<\/strong><\/p>\n\n<ul class=\"wp-block-list\">\n<li>Capacidade da mangueira at\u00e9 1-1\/4\u201d 4 espirais<\/li>\n\n\n\n<li>Desligamento autom\u00e1tico para crimpagens precisas<\/li>\n\n\n\n<li>O empurrador remov\u00edvel e o conjunto de matrizes de crimpagem de gaiola de borracha de duas pe\u00e7as facilitam o posicionamento preciso do encaixe<\/li>\n\n\n\n<li>O batente de retra\u00e7\u00e3o ajust\u00e1vel integrado limita a retra\u00e7\u00e3o do pist\u00e3o apenas \u00e0 quantidade necess\u00e1ria para remover a mangueira e o acoplamento, economizando tempo em v\u00e1rias crimpagens<\/li>\n\n\n\n<li>A prateleira de armazenamento de matrizes opcional mant\u00e9m as matrizes organizadas e prontamente dispon\u00edveis<\/li>\n\n\n\n<li>L\u00e2mpada de trabalho flex\u00edvel integrada opcional para iluminar a \u00e1rea de trabalho para melhor visibilidade<\/li>\n\n\n\n<li>Os orif\u00edcios de montagem na base permitem que a crimpadora seja montada em bancada ou na carroceria do caminh\u00e3o, se necess\u00e1rio<\/li>\n<\/ul>\n\n<p><strong>DESIGN DUR\u00c1VEL E CONFI\u00c1VEL = RENTABILIDADE<\/strong><\/p>\n\n<ul class=\"wp-block-list\">\n<li>62 toneladas de for\u00e7a de crimpagem<\/li>\n\n\n\n<li>Design aberto para proporcionar excelente visibilidade ao operador<\/li>\n\n\n\n<li>Gama completa de matrizes e acess\u00f3rios dispon\u00edveis<\/li>\n<\/ul>\n","protected":false},"excerpt":{"rendered":"<p>A crimpadora da S\u00e9rie JCD165-T420 com ajuste tipo micr\u00f4metro e 62 toneladas de for\u00e7a de crimpagem tem a capacidade de crimpar mangueiras de 4 espirais de at\u00e9 1-1\/4\u201d. Desligamento autom\u00e1tico do micr\u00f4metro \u00d3leo lubrificante para matrizes Crimp X Conjuntos de matrizes em gaiola flex\u00edvel T-420 e gaiolas flex\u00edveis PROJETADO PARA ATENDER \u00c0S SUAS NECESSIDADES DESIGN [&hellip;]<\/p>\n","protected":false},"author":1,"featured_media":45788,"parent":45754,"menu_order":0,"comment_status":"closed","ping_status":"closed","template":"","meta":{"_acf_changed":false,"_seopress_robots_primary_cat":"","_seopress_titles_title":"","_seopress_titles_desc":"","_seopress_robots_index":"","footnotes":""},"class_list":["post-45787","page","type-page","status-publish","has-post-thumbnail"],"acf":[],"_links":{"self":[{"href":"https:\/\/jasonhosesolutions.com\/pt-br\/wp-json\/wp\/v2\/pages\/45787","targetHints":{"allow":["GET"]}}],"collection":[{"href":"https:\/\/jasonhosesolutions.com\/pt-br\/wp-json\/wp\/v2\/pages"}],"about":[{"href":"https:\/\/jasonhosesolutions.com\/pt-br\/wp-json\/wp\/v2\/types\/page"}],"author":[{"embeddable":true,"href":"https:\/\/jasonhosesolutions.com\/pt-br\/wp-json\/wp\/v2\/users\/1"}],"replies":[{"embeddable":true,"href":"https:\/\/jasonhosesolutions.com\/pt-br\/wp-json\/wp\/v2\/comments?post=45787"}],"version-history":[{"count":0,"href":"https:\/\/jasonhosesolutions.com\/pt-br\/wp-json\/wp\/v2\/pages\/45787\/revisions"}],"up":[{"embeddable":true,"href":"https:\/\/jasonhosesolutions.com\/pt-br\/wp-json\/wp\/v2\/pages\/45754"}],"wp:featuredmedia":[{"embeddable":true,"href":"https:\/\/jasonhosesolutions.com\/pt-br\/wp-json\/wp\/v2\/media\/45788"}],"wp:attachment":[{"href":"https:\/\/jasonhosesolutions.com\/pt-br\/wp-json\/wp\/v2\/media?parent=45787"}],"curies":[{"name":"wp","href":"https:\/\/api.w.org\/{rel}","templated":true}]}}