{"id":45785,"date":"2025-11-17T17:02:40","date_gmt":"2025-11-17T17:02:40","guid":{"rendered":"https:\/\/jasonhosesolutions.com\/correias\/"},"modified":"2026-01-30T12:44:25","modified_gmt":"2026-01-30T12:44:25","slug":"correias","status":"publish","type":"page","link":"https:\/\/jasonhosesolutions.com\/pt-br\/produtos\/correias\/","title":{"rendered":"Correias"},"content":{"rendered":"\n<p>A Jason sempre foi conhecida por fabricar e fornecer correias de transmiss\u00e3o de energia e mangueiras industriais de alta qualidade. Ao longo dos anos, nossa oferta de produtos teve um crescimento significativo. No lado das correias, trabalhamos com a Megadyne para expandir nosso portf\u00f3lio e nos unimos oficialmente em 2007. Nosso neg\u00f3cio de mangueiras tamb\u00e9m continuou a crescer com adi\u00e7\u00f5es \u00e0 nossa linha de mangueiras industriais e a introdu\u00e7\u00e3o de nossa linha de mangueiras hidr\u00e1ulicas.   <\/p>\n\n<p>Com nosso portf\u00f3lio de produtos expandido e sele\u00e7\u00e3o de marcas, simplificamos nossas ofertas, definindo mensagens mais claras para cada marca. Essa reestrutura\u00e7\u00e3o de marca agora tem a Jason como nossa marca de mangueiras e a Megadyne, l\u00edder global na fabrica\u00e7\u00e3o de correias de transmiss\u00e3o de energia de borracha e uretano, agora \u00e9 reconhecida como nossa marca de correias de transmiss\u00e3o de energia. Os mesmos produtos e solu\u00e7\u00f5es de correias confi\u00e1veis que voc\u00ea est\u00e1 acostumado da Jason permanecem dispon\u00edveis atrav\u00e9s da Megadyne, juntamente com o conhecimento, as pessoas e o servi\u00e7o de classe mundial que sempre fizeram da Jason seu fornecedor preferido.  <\/p>\n","protected":false},"excerpt":{"rendered":"<p>A Jason sempre foi conhecida por fabricar e fornecer correias de transmiss\u00e3o de energia e mangueiras industriais de alta qualidade. Ao longo dos anos, nossa oferta de produtos teve um crescimento significativo. No lado das correias, trabalhamos com a Megadyne para expandir nosso portf\u00f3lio e nos unimos oficialmente em 2007. Nosso neg\u00f3cio de mangueiras tamb\u00e9m [&hellip;]<\/p>\n","protected":false},"author":1,"featured_media":26694,"parent":46076,"menu_order":0,"comment_status":"closed","ping_status":"closed","template":"","meta":{"_acf_changed":false,"_seopress_robots_primary_cat":"","_seopress_titles_title":"","_seopress_titles_desc":"","_seopress_robots_index":"","footnotes":""},"class_list":["post-45785","page","type-page","status-publish","has-post-thumbnail"],"acf":[],"_links":{"self":[{"href":"https:\/\/jasonhosesolutions.com\/pt-br\/wp-json\/wp\/v2\/pages\/45785","targetHints":{"allow":["GET"]}}],"collection":[{"href":"https:\/\/jasonhosesolutions.com\/pt-br\/wp-json\/wp\/v2\/pages"}],"about":[{"href":"https:\/\/jasonhosesolutions.com\/pt-br\/wp-json\/wp\/v2\/types\/page"}],"author":[{"embeddable":true,"href":"https:\/\/jasonhosesolutions.com\/pt-br\/wp-json\/wp\/v2\/users\/1"}],"replies":[{"embeddable":true,"href":"https:\/\/jasonhosesolutions.com\/pt-br\/wp-json\/wp\/v2\/comments?post=45785"}],"version-history":[{"count":0,"href":"https:\/\/jasonhosesolutions.com\/pt-br\/wp-json\/wp\/v2\/pages\/45785\/revisions"}],"up":[{"embeddable":true,"href":"https:\/\/jasonhosesolutions.com\/pt-br\/wp-json\/wp\/v2\/pages\/46076"}],"wp:featuredmedia":[{"embeddable":true,"href":"https:\/\/jasonhosesolutions.com\/pt-br\/wp-json\/wp\/v2\/media\/26694"}],"wp:attachment":[{"href":"https:\/\/jasonhosesolutions.com\/pt-br\/wp-json\/wp\/v2\/media?parent=45785"}],"curies":[{"name":"wp","href":"https:\/\/api.w.org\/{rel}","templated":true}]}}