{"id":45760,"date":"2025-12-02T09:48:51","date_gmt":"2025-12-02T09:48:51","guid":{"rendered":"https:\/\/jasonhosesolutions.com\/empregos-e-carreiras\/"},"modified":"2026-01-27T15:43:10","modified_gmt":"2026-01-27T15:43:10","slug":"empregos-e-carreiras","status":"publish","type":"page","link":"https:\/\/jasonhosesolutions.com\/pt-br\/empregos-e-carreiras\/","title":{"rendered":"Empregos e Carreiras"},"content":{"rendered":"\n<h2 class=\"wp-block-heading\">Um futuro para voc\u00ea na Jason<\/h2>\n\n<p>A Jason \u00e9 uma das l\u00edderes mundiais em energia fluida. Nossos funcion\u00e1rios atendem clientes em todas as Am\u00e9ricas, fornecendo produtos, servi\u00e7os e suporte de qualidade. <\/p>\n\n<p>Ao trabalhar na Jason, voc\u00ea estar\u00e1 em um ambiente internacional, com colegas talentosos e apaixonados pelo seu trabalho e pela estrat\u00e9gia de crescimento da empresa. Voc\u00ea trabalhar\u00e1 arduamente, realizar\u00e1 muito e se divertir\u00e1, recebendo respeito e uma recompensa justa por seus esfor\u00e7os. <\/p>\n\n<p>Somos bem-sucedidos porque nosso pessoal \u00e9 bem-sucedido \u2013 eles s\u00e3o dedicados, criativos e prosperam no trabalho em equipe. Eles est\u00e3o indo a lugares, e voc\u00ea pode se juntar a eles. <\/p>\n\n<p>Quaisquer vagas em aberto ser\u00e3o exibidas abaixo.<\/p>\n","protected":false},"excerpt":{"rendered":"<p>Um futuro para voc\u00ea na Jason A Jason \u00e9 uma das l\u00edderes mundiais em energia fluida. Nossos funcion\u00e1rios atendem clientes em todas as Am\u00e9ricas, fornecendo produtos, servi\u00e7os e suporte de qualidade. Ao trabalhar na Jason, voc\u00ea estar\u00e1 em um ambiente internacional, com colegas talentosos e apaixonados pelo seu trabalho e pela estrat\u00e9gia de crescimento da [&hellip;]<\/p>\n","protected":false},"author":1,"featured_media":45761,"parent":0,"menu_order":0,"comment_status":"closed","ping_status":"closed","template":"","meta":{"_acf_changed":false,"_seopress_robots_primary_cat":"","_seopress_titles_title":"","_seopress_titles_desc":"","_seopress_robots_index":"","footnotes":""},"class_list":["post-45760","page","type-page","status-publish","has-post-thumbnail"],"acf":[],"_links":{"self":[{"href":"https:\/\/jasonhosesolutions.com\/pt-br\/wp-json\/wp\/v2\/pages\/45760","targetHints":{"allow":["GET"]}}],"collection":[{"href":"https:\/\/jasonhosesolutions.com\/pt-br\/wp-json\/wp\/v2\/pages"}],"about":[{"href":"https:\/\/jasonhosesolutions.com\/pt-br\/wp-json\/wp\/v2\/types\/page"}],"author":[{"embeddable":true,"href":"https:\/\/jasonhosesolutions.com\/pt-br\/wp-json\/wp\/v2\/users\/1"}],"replies":[{"embeddable":true,"href":"https:\/\/jasonhosesolutions.com\/pt-br\/wp-json\/wp\/v2\/comments?post=45760"}],"version-history":[{"count":0,"href":"https:\/\/jasonhosesolutions.com\/pt-br\/wp-json\/wp\/v2\/pages\/45760\/revisions"}],"wp:featuredmedia":[{"embeddable":true,"href":"https:\/\/jasonhosesolutions.com\/pt-br\/wp-json\/wp\/v2\/media\/45761"}],"wp:attachment":[{"href":"https:\/\/jasonhosesolutions.com\/pt-br\/wp-json\/wp\/v2\/media?parent=45760"}],"curies":[{"name":"wp","href":"https:\/\/api.w.org\/{rel}","templated":true}]}}