{"id":45758,"date":"2025-11-18T09:37:15","date_gmt":"2025-11-18T09:37:15","guid":{"rendered":"https:\/\/jasonhosesolutions.com\/produtos-agricolas-oferecidos-pela-jason\/"},"modified":"2026-01-27T15:43:10","modified_gmt":"2026-01-27T15:43:10","slug":"produtos-agricolas-oferecidos-pela-jason","status":"publish","type":"page","link":"https:\/\/jasonhosesolutions.com\/pt-br\/produtos-agricolas-oferecidos-pela-jason\/","title":{"rendered":"Produtos Agr\u00edcolas Oferecidos pela Jason"},"content":{"rendered":"\n<p>A Jason oferece uma ampla sele\u00e7\u00e3o de produtos agr\u00edcolas e industriais. Temos orgulho em atender nossos clientes com mangueiras e conex\u00f5es de alta qualidade, nas quais propriet\u00e1rios, agricultores e empresas podem confiar para uso superior e de longo prazo. Tamb\u00e9m priorizamos um excelente atendimento ao cliente e f\u00e1cil disponibilidade de produtos, para que nossos clientes n\u00e3o precisem se preocupar com tempo de inatividade n\u00e3o programado e espera por substitui\u00e7\u00f5es de pe\u00e7as. Nossos produtos podem ser encontrados em lojas de varejo de fazendas, ranchos e ferragens.   <\/p>\n\n<h2 class=\"wp-block-heading\">Quais Produtos Agr\u00edcolas a Jason Oferece?<\/h2>\n\n<p>Nossas categorias de produtos mais populares incluem:<\/p>\n\n<ul class=\"wp-block-list\">\n<li>Mangueiras de Ar<\/li>\n\n\n\n<li>Mangueira de Transfer\u00eancia de Combust\u00edvel<\/li>\n\n\n\n<li>Mangueiras e Adaptadores Hidr\u00e1ulicos<\/li>\n\n\n\n<li>Tubula\u00e7\u00e3o Tran\u00e7ada \u2013 PVC<\/li>\n\n\n\n<li>Mangueiras de Pulveriza\u00e7\u00e3o \u2013 EPDM<\/li>\n\n\n\n<li>Am\u00f4nia Anidra \u2013 EVA<\/li>\n\n\n\n<li>Mangueiras de Suc\u00e7\u00e3o e Descarga<\/li>\n\n\n\n<li>Conex\u00f5es e Filtros<\/li>\n\n\n\n<li>Correias em V<\/li>\n<\/ul>\n\n<h2 class=\"wp-block-heading\">Mangueiras e Conex\u00f5es Agr\u00edcolas da Jason<\/h2>\n\n<p>Alguns de nossos produtos populares de mangueiras e conex\u00f5es incluem:<\/p>\n\n<ul class=\"wp-block-list\">\n<li><strong>Mangueira de Transfer\u00eancia de Combust\u00edvel para Tanque Agr\u00edcola:<\/strong> Esta mangueira de transfer\u00eancia robusta, refor\u00e7ada com poli\u00e9ster, pode dispensar biodiesel, etanol (at\u00e9 E15), gasolina, diesel e querosene. A mangueira pode suportar uma ampla faixa de temperatura de -20\u00b0F a 160\u00b0F para uso durante todo o ano. <\/li>\n\n\n\n<li><strong>Mangueira de Descarga de \u00c1gua Layflat de PVC Azul:<\/strong> A mangueira enrola-se para armazenamento. Os principais usos s\u00e3o para agricultura, irriga\u00e7\u00e3o por gotejamento, constru\u00e7\u00e3o geral e aplica\u00e7\u00f5es de gest\u00e3o de \u00e1gua. \u00c9 refor\u00e7ada com fio de poli\u00e9ster para durabilidade e desempenho a longo prazo. Tamb\u00e9m fornecemos mangueiras de descarga de m\u00e9dia resist\u00eancia (vermelha, PVC) e de alta resist\u00eancia (branca, SBR).   <\/li>\n\n\n\n<li><strong>Mangueira de Suc\u00e7\u00e3o de \u00c1gua de PVC Verde:<\/strong> Esta mangueira corrugada e refor\u00e7ada mant\u00e9m uma se\u00e7\u00e3o transversal circular. \u00c9 flex\u00edvel, mas refor\u00e7ada para lidar com aplica\u00e7\u00f5es de suc\u00e7\u00e3o e descarga. <\/li>\n\n\n\n<li><strong>Mangueiras de Suc\u00e7\u00e3o de Alimentos FDA e USDA:<\/strong> Mantemos uma sele\u00e7\u00e3o completa de mangueiras compat\u00edveis com FDA e USDA que podem ser usadas para transportar alimentos e produtos de origem animal sem contamina\u00e7\u00e3o. Nossa tubula\u00e7\u00e3o de PVC tem uma h\u00e9lice no sentido hor\u00e1rio para integridade estrutural, pode suportar temperaturas de -5\u00b0F a 140\u00b0F e \u00e9 transparente para facilitar inspe\u00e7\u00f5es e monitoramento. Os usos comuns incluem o transporte de \u00e1gua pot\u00e1vel, produtos l\u00e1cteos e outros l\u00edquidos de qualidade alimentar.  <\/li>\n<\/ul>\n\n<h2 class=\"wp-block-heading\">Vantagens de Trabalhar Com a Jason<\/h2>\n\n<p>Na Jason, nos orgulhamos de ser um balc\u00e3o \u00fanico para todas as necessidades de mangueiras e conex\u00f5es de nossos clientes. Produzimos e fornecemos mangueiras, correias, conex\u00f5es e acess\u00f3rios de alta qualidade para uma ampla gama de aplica\u00e7\u00f5es agr\u00edcolas, incluindo irriga\u00e7\u00e3o, tratamento de animais e respostas de emerg\u00eancia a inunda\u00e7\u00f5es. Mantemos um grande estoque para atender \u00e0s necessidades de nossos clientes em todo o pa\u00eds. Cada mangueira \u00e9 projetada para fornecer um alto grau de desempenho e durar anos de uso frequente. Usamos materiais resistentes e de alta qualidade para o corpo e o refor\u00e7o de cada mangueira, ao mesmo tempo em que oferecemos pre\u00e7os econ\u00f4micos. Nossos produtos de mangueira s\u00e3o flex\u00edveis, leves e capazes de suportar altas e baixas temperaturas para uso durante todo o ano.     <\/p>\n\n<p>Oferecemos um excelente atendimento ao cliente. Nossa equipe est\u00e1 aqui para ajud\u00e1-lo a encontrar a melhor op\u00e7\u00e3o de mangueira para cada projeto em sua propriedade. Podemos ajud\u00e1-lo a selecionar as conex\u00f5es, engates e acess\u00f3rios certos para que esse projeto seja bem-sucedido. Cada item em nosso extenso invent\u00e1rio \u00e9 testado quanto \u00e0 durabilidade da temperatura e resist\u00eancia a formas comuns de danos em locais agr\u00edcolas e industriais. Entre em contato com nossa equipe hoje mesmo para saber mais sobre a integridade de nossos produtos ou <a href=\"https:\/\/jasonhosesolutions.com\/rfq\/\" data-type=\"page\" data-id=\"122\" target=\"_blank\" rel=\"noopener\">solicite um or\u00e7amento<\/a> para iniciar seu pedido.    <\/p>\n","protected":false},"excerpt":{"rendered":"<p>A Jason oferece uma ampla sele\u00e7\u00e3o de produtos agr\u00edcolas e industriais. Temos orgulho em atender nossos clientes com mangueiras e conex\u00f5es de alta qualidade, nas quais propriet\u00e1rios, agricultores e empresas podem confiar para uso superior e de longo prazo. Tamb\u00e9m priorizamos um excelente atendimento ao cliente e f\u00e1cil disponibilidade de produtos, para que nossos clientes [&hellip;]<\/p>\n","protected":false},"author":1,"featured_media":26694,"parent":0,"menu_order":0,"comment_status":"closed","ping_status":"closed","template":"","meta":{"_acf_changed":false,"_seopress_robots_primary_cat":"","_seopress_titles_title":"","_seopress_titles_desc":"","_seopress_robots_index":"","footnotes":""},"class_list":["post-45758","page","type-page","status-publish","has-post-thumbnail"],"acf":[],"_links":{"self":[{"href":"https:\/\/jasonhosesolutions.com\/pt-br\/wp-json\/wp\/v2\/pages\/45758","targetHints":{"allow":["GET"]}}],"collection":[{"href":"https:\/\/jasonhosesolutions.com\/pt-br\/wp-json\/wp\/v2\/pages"}],"about":[{"href":"https:\/\/jasonhosesolutions.com\/pt-br\/wp-json\/wp\/v2\/types\/page"}],"author":[{"embeddable":true,"href":"https:\/\/jasonhosesolutions.com\/pt-br\/wp-json\/wp\/v2\/users\/1"}],"replies":[{"embeddable":true,"href":"https:\/\/jasonhosesolutions.com\/pt-br\/wp-json\/wp\/v2\/comments?post=45758"}],"version-history":[{"count":0,"href":"https:\/\/jasonhosesolutions.com\/pt-br\/wp-json\/wp\/v2\/pages\/45758\/revisions"}],"wp:featuredmedia":[{"embeddable":true,"href":"https:\/\/jasonhosesolutions.com\/pt-br\/wp-json\/wp\/v2\/media\/26694"}],"wp:attachment":[{"href":"https:\/\/jasonhosesolutions.com\/pt-br\/wp-json\/wp\/v2\/media?parent=45758"}],"curies":[{"name":"wp","href":"https:\/\/api.w.org\/{rel}","templated":true}]}}