{"id":60096,"date":"2026-03-06T14:10:39","date_gmt":"2026-03-06T14:10:39","guid":{"rendered":"https:\/\/jasonhosesolutions.com\/produits\/agriculture-products\/"},"modified":"2026-03-06T14:10:39","modified_gmt":"2026-03-06T14:10:39","slug":"agriculture-products","status":"publish","type":"page","link":"https:\/\/jasonhosesolutions.com\/fr\/produits\/agriculture-products\/","title":{"rendered":"Produits agricoles"},"content":{"rendered":"\n<p>Jason propose une vaste s\u00e9lection de produits agricoles et industriels. Nous sommes fiers de servir nos clients avec des tuyaux et des raccords de haute qualit\u00e9 sur lesquels les propri\u00e9taires, les agriculteurs et les entreprises peuvent compter pour une utilisation sup\u00e9rieure et \u00e0 long terme. Nous accordons \u00e9galement la priorit\u00e9 \u00e0 un excellent service client et \u00e0 une disponibilit\u00e9 facile des produits afin que nos clients n&#8217;aient pas \u00e0 se soucier des temps d&#8217;arr\u00eat impr\u00e9vus et de l&#8217;attente du remplacement des pi\u00e8ces. Nos produits sont disponibles dans les magasins de d\u00e9tail agricoles, d&#8217;\u00e9levage et de quincaillerie.   <\/p>\n\n\n\n<h2 class=\"wp-block-heading\">Quels produits agricoles Jason propose-t-il&nbsp;?<\/h2>\n\n\n\n<p>Nos cat\u00e9gories de produits les plus populaires comprennent&nbsp;:<\/p>\n\n\n\n<ul class=\"wp-block-list\">\n<li>Tuyaux d&#8217;air<\/li>\n\n\n\n<li>Tuyau de transfert de carburant<\/li>\n\n\n\n<li>Tuyaux et adaptateurs hydrauliques<\/li>\n\n\n\n<li>Tubes tress\u00e9s \u2013 PVC<\/li>\n\n\n\n<li>Tuyaux de pulv\u00e9risateur \u2013 EPDM<\/li>\n\n\n\n<li>Ammoniac anhydre \u2013 EVA<\/li>\n\n\n\n<li>Tuyaux d&#8217;aspiration et de refoulement<\/li>\n\n\n\n<li>Raccords et cr\u00e9pines<\/li>\n\n\n\n<li>Courroies trap\u00e9zo\u00efdales<\/li>\n<\/ul>\n\n\n\n<h2 class=\"wp-block-heading\">Tuyaux et raccords agricoles Jason<\/h2>\n\n\n\n<p>Voici quelques-uns de nos tuyaux et raccords les plus populaires&nbsp;:<\/p>\n\n\n\n<ul class=\"wp-block-list\">\n<li><strong>Tuyau de transfert de carburant pour r\u00e9servoir de ferme :<\/strong> Ce tuyau de transfert robuste renforc\u00e9 de polyester peut distribuer du biodiesel, de l&#8217;\u00e9thanol (jusqu&#8217;\u00e0 E15), de l&#8217;essence, du diesel et du k\u00e9ros\u00e8ne. Le tuyau peut r\u00e9sister \u00e0 une large gamme de temp\u00e9ratures allant de -20\u00b0F \u00e0 160\u00b0F pour une utilisation tout au long de l&#8217;ann\u00e9e. <\/li>\n\n\n\n<li><strong>Tuyau d&#8217;\u00e9vacuation d&#8217;eau en PVC bleu \u00e0 plat :<\/strong> Le tuyau s&#8217;enroule \u00e0 plat pour le stockage. Il est principalement utilis\u00e9 pour l&#8217;agriculture, l&#8217;irrigation au goutte-\u00e0-goutte, la construction g\u00e9n\u00e9rale et les applications de gestion de l&#8217;eau. Il est renforc\u00e9 par un fil de polyester pour une durabilit\u00e9 et des performances \u00e0 long terme. Nous fournissons \u00e9galement des tuyaux d&#8217;\u00e9vacuation \u00e0 usage moyen (rouge, PVC) et \u00e0 usage intensif (blanc, SBR).   <\/li>\n\n\n\n<li><strong>Tuyau d&#8217;aspiration d&#8217;eau en PVC vert :<\/strong> Ce tuyau renforc\u00e9 et ondul\u00e9 pr\u00e9sente une section transversale circulaire. Il est flexible mais renforc\u00e9 pour les applications d&#8217;aspiration et de refoulement. <\/li>\n\n\n\n<li><strong>Tuyaux d&#8217;aspiration alimentaire FDA et USDA :<\/strong> Nous disposons d&#8217;une s\u00e9lection compl\u00e8te de tuyaux conformes aux normes de la FDA et de l&#8217;USDA qui peuvent \u00eatre utilis\u00e9s pour transporter des produits alimentaires et animaux sans contamination. Nos tuyaux en PVC ont une h\u00e9lice dans le sens des aiguilles d&#8217;une montre pour l&#8217;int\u00e9grit\u00e9 structurelle, peuvent supporter des temp\u00e9ratures de -5\u00b0F \u00e0 140\u00b0F et sont transparents pour faciliter les inspections et le contr\u00f4le. Les utilisations courantes comprennent le transport d&#8217;eau potable, de produits laitiers et d&#8217;autres liquides de qualit\u00e9 alimentaire.  <\/li>\n<\/ul>\n\n\n\n<h2 class=\"wp-block-heading\">Avantages de travailler avec Jason<\/h2>\n\n\n\n<p>Chez Jason, nous sommes fiers d&#8217;\u00eatre un guichet unique pour tous les besoins de nos clients en mati\u00e8re de tuyaux et de raccords. Nous produisons et fournissons des tuyaux, des courroies, des raccords et des accessoires de haute qualit\u00e9 pour une large gamme d&#8217;applications agricoles, y compris l&#8217;irrigation, les soins aux animaux et les interventions d&#8217;urgence en cas d&#8217;inondation. Nous maintenons un stock important pour r\u00e9pondre aux besoins de nos clients \u00e0 travers le pays. Chaque tuyau est con\u00e7u pour offrir un haut degr\u00e9 de performance et pour durer des ann\u00e9es d&#8217;utilisation fr\u00e9quente. Nous utilisons des mat\u00e9riaux robustes et de haute qualit\u00e9 pour le corps et le renforcement de chaque tuyau tout en offrant des prix rentables. Nos tuyaux sont flexibles, l\u00e9gers et capables de r\u00e9sister aux temp\u00e9ratures \u00e9lev\u00e9es et basses pour une utilisation tout au long de l&#8217;ann\u00e9e.     <\/p>\n\n\n\n<p>Nous offrons un excellent service \u00e0 la client\u00e8le. Notre \u00e9quipe est l\u00e0 pour vous aider \u00e0 trouver le meilleur tuyau pour chaque projet sur votre propri\u00e9t\u00e9. Nous pouvons vous aider \u00e0 s\u00e9lectionner les raccords et accessoires n\u00e9cessaires \u00e0 la r\u00e9ussite de votre projet. Chaque article de notre vaste inventaire est test\u00e9 pour la durabilit\u00e9 de la temp\u00e9rature et la r\u00e9sistance aux formes courantes de dommages sur les sites agricoles et industriels. Contactez notre \u00e9quipe d\u00e8s aujourd&#8217;hui pour en savoir plus sur l&#8217;int\u00e9grit\u00e9 de nos produits.    &nbsp;<a href=\"https:\/\/jasonhosesolutions.com\/fr\/demande-de-devis\/\" data-type=\"page\" data-id=\"122\" target=\"_blank\" rel=\"noopener\">demandez un devis<\/a> pour commencer votre commande.<\/p>\n","protected":false},"excerpt":{"rendered":"<p>Jason propose une vaste s\u00e9lection de produits agricoles et industriels. Nous sommes fiers de servir nos clients avec des tuyaux et des raccords de haute qualit\u00e9 sur lesquels les propri\u00e9taires, les agriculteurs et les entreprises peuvent compter pour une utilisation sup\u00e9rieure et \u00e0 long terme. Nous accordons \u00e9galement la priorit\u00e9 \u00e0 un excellent service client [&hellip;]<\/p>\n","protected":false},"author":3,"featured_media":45557,"parent":45701,"menu_order":0,"comment_status":"closed","ping_status":"closed","template":"","meta":{"_acf_changed":false,"_seopress_robots_primary_cat":"","_seopress_titles_title":"","_seopress_titles_desc":"","_seopress_robots_index":"","footnotes":""},"class_list":["post-60096","page","type-page","status-publish","has-post-thumbnail"],"acf":[],"_links":{"self":[{"href":"https:\/\/jasonhosesolutions.com\/fr\/wp-json\/wp\/v2\/pages\/60096","targetHints":{"allow":["GET"]}}],"collection":[{"href":"https:\/\/jasonhosesolutions.com\/fr\/wp-json\/wp\/v2\/pages"}],"about":[{"href":"https:\/\/jasonhosesolutions.com\/fr\/wp-json\/wp\/v2\/types\/page"}],"author":[{"embeddable":true,"href":"https:\/\/jasonhosesolutions.com\/fr\/wp-json\/wp\/v2\/users\/3"}],"replies":[{"embeddable":true,"href":"https:\/\/jasonhosesolutions.com\/fr\/wp-json\/wp\/v2\/comments?post=60096"}],"version-history":[{"count":0,"href":"https:\/\/jasonhosesolutions.com\/fr\/wp-json\/wp\/v2\/pages\/60096\/revisions"}],"up":[{"embeddable":true,"href":"https:\/\/jasonhosesolutions.com\/fr\/wp-json\/wp\/v2\/pages\/45701"}],"wp:featuredmedia":[{"embeddable":true,"href":"https:\/\/jasonhosesolutions.com\/fr\/wp-json\/wp\/v2\/media\/45557"}],"wp:attachment":[{"href":"https:\/\/jasonhosesolutions.com\/fr\/wp-json\/wp\/v2\/media?parent=60096"}],"curies":[{"name":"wp","href":"https:\/\/api.w.org\/{rel}","templated":true}]}}