{"id":45749,"date":"2025-11-12T07:09:25","date_gmt":"2025-11-12T07:09:25","guid":{"rendered":"https:\/\/jasonhosesolutions.com\/produits\/industriel\/tuyau-deau\/"},"modified":"2026-01-27T15:39:46","modified_gmt":"2026-01-27T15:39:46","slug":"tuyau-deau","status":"publish","type":"page","link":"https:\/\/jasonhosesolutions.com\/fr\/produits\/industriel\/tuyau-deau\/","title":{"rendered":"Tuyau d\u2019eau"},"content":{"rendered":"\n<p>Jason propose une large gamme de tuyaux pour le transport d&#8217;eau. Qu&#8217;il s&#8217;agisse d&#8217;aspiration, de refoulement, de lavage, de jetting ou d&#8217;irrigation, nos tuyaux fabriqu\u00e9s \u00e0 partir de divers mat\u00e9riaux thermoplastiques et caoutchouteux sont con\u00e7us pour r\u00e9pondre aux besoins sp\u00e9cifiques de votre application. <\/p>\n\n<h2 class=\"wp-block-heading\">Notre gamme de tuyaux d&#8217;eau comprend<\/h2>\n\n<h3 class=\"wp-block-heading\">Tuyau d&#8217;aspiration et de transfert en PVC robuste<\/h3>\n\n<p>Avec un renforcement en fil de polyester \u00e0 haute r\u00e9sistance et une h\u00e9lice orange distinctive, ce tuyau a \u00e9t\u00e9 initialement con\u00e7u pour l&#8217;aspiration de poissons, l&#8217;aspiration d&#8217;eau et le pompage de d\u00e9chets. Cependant, il a maintenant trouv\u00e9 de nouvelles applications dans l&#8217;industrie de la fracturation hydraulique. Il est extr\u00eamement populaire pour le transport d&#8217;eau dans et hors des bassins de r\u00e9tention. Ce tuyau r\u00e9sistera \u00e0 des pressions de transfert \u00e9lev\u00e9es.   <\/p>\n\n<h3 class=\"wp-block-heading\">Tuyau d&#8217;aspiration en PVC transparent pour temps froid HD Sub-Zero<\/h3>\n\n<p>Con\u00e7u pour \u00eatre utilis\u00e9 dans des conditions m\u00e9t\u00e9orologiques extr\u00eames, ce tuyau peut supporter des temp\u00e9ratures aussi basses que -40\u00b0F.<\/p>\n\n<h3 class=\"wp-block-heading\">Tuyau d&#8217;aspiration d&#8217;eau standard<\/h3>\n\n<p>Ce tuyau d&#8217;aspiration d&#8217;eau est propos\u00e9 en mod\u00e8les FRAC et en caoutchouc. Pour l&#8217;aspiration, le recyclage et l&#8217;\u00e9limination des eaux de reflux, l&#8217;option FRAC est la plus appropri\u00e9e. Cependant, pour l&#8217;aspiration, le refoulement ou l&#8217;\u00e9coulement gravitaire de l&#8217;eau dans les applications de construction, d&#8217;exploitation mini\u00e8re, d&#8217;exploration p\u00e9troli\u00e8re, d&#8217;agriculture et de location de mat\u00e9riel, l&#8217;option en caoutchouc est plus adapt\u00e9e<strong>.<\/strong>  <\/p>\n\n<h3 class=\"wp-block-heading\">Tuyau de porte de four non conducteur<\/h3>\n\n<p>En transf\u00e9rant de l&#8217;eau froide vers les portes de four dans les aci\u00e9ries, les verreries et autres op\u00e9rations similaires, ce tuyau abaisse la temp\u00e9rature des portes sans risque potentiel pour les utilisateurs. La construction en EPDM\/fibre de verre de ce tuyau r\u00e9siste \u00e0 la chaleur et est ignifuge. Le rev\u00eatement lui-m\u00eame peut r\u00e9sister aux \u00e9claboussures de m\u00e9tal en fusion jusqu&#8217;\u00e0 +575\u00b0F.  <\/p>\n\n<h3 class=\"wp-block-heading\">Tuyaux et assemblages en vrac pour le refoulement d&#8217;eau en PVC<\/h3>\n\n<p>Avec des options de service moyen (disponibles en bleu ou en rouge bordeaux) et de service intensif (couleur rouge) en stock, ce tuyau est souvent utilis\u00e9 pour le refoulement d&#8217;eau \u00e0 usage g\u00e9n\u00e9ral dans la construction, l&#8217;agriculture, l&#8217;irrigation goutte \u00e0 goutte et la location de mat\u00e9riel. Ce tuyau est l\u00e9ger et facile \u00e0 manipuler et s&#8217;enroule \u00e0 plat pour un stockage pratique. <\/p>\n\n<h3 class=\"wp-block-heading\">Tuyaux et assemblages de refoulement pour usines<\/h3>\n\n<p>Ce tuyau est disponible en deux styles\u00a0: DJ robuste et SJ de qualit\u00e9 municipale. Le tuyau robuste est fr\u00e9quemment utilis\u00e9 pour le lavage municipal ou de pont de navire, la location de pompe ou la conduite d&#8217;alimentation en eau d&#8217;une borne d&#8217;incendie \u00e0 un camion. Alternativement, le tuyau de qualit\u00e9 municipale est souvent utilis\u00e9 pour le service de refoulement d&#8217;eau dans les parcs de location, le service de flotte, le lavage municipal et l&#8217;ass\u00e8chement des services publics.  <\/p>\n\n<h3 class=\"wp-block-heading\">Tuyau d&#8217;aspiration en EPDM<\/h3>\n\n<p>Ce tuyau est bien adapt\u00e9 aux applications d&#8217;aspiration et de manipulation d&#8217;eau \u00e0 usage standard, y compris les fosses septiques, les eaux us\u00e9es, le lisier et les engrais liquides agricoles.<\/p>\n\n<h3 class=\"wp-block-heading\">Tuyau d&#8217;aspiration d&#8217;eau en PVC vert ou en PVC \u00e0 h\u00e9lice transparent\/blanc<\/h3>\n\n<p>Disponible en PVC vert ou \u00e0 h\u00e9lice transparent\/blanc, ce tuyau est id\u00e9al pour l&#8217;aspiration, le refoulement ou l&#8217;\u00e9coulement gravitaire d&#8217;eau, d&#8217;eau sal\u00e9e et d&#8217;eau huileuse dans la construction, l&#8217;agriculture, l&#8217;exploitation mini\u00e8re ou la location de mat\u00e9riel.<\/p>\n\n<h3 class=\"wp-block-heading\">Tuyau de refoulement d&#8217;eau en caoutchouc \u00e0 2\u00a0plis<\/h3>\n\n<p>Avec des mod\u00e8les \u00e0 2\u00a0plis et \u00e0 4\u00a0plis disponibles, ce tuyau est utilis\u00e9 pour la location de mat\u00e9riel robuste, la construction g\u00e9n\u00e9rale, les mines, les carri\u00e8res et d&#8217;autres applications de refoulement d&#8217;eau. Ces tuyaux sont plats et permettent un enroulement facile, tout en maintenant une r\u00e9sistance aux intemp\u00e9ries et \u00e0 l&#8217;ozone. <\/p>\n\n<h3 class=\"wp-block-heading\">Assemblages de laveuses \u00e0 pression Mainstream\u2122<\/h3>\n\n<p>\u00c9tant donn\u00e9 que ce tuyau est con\u00e7u pour les applications de lavage \u00e0 pression, il est le plus souvent utilis\u00e9 pour le nettoyage des \u00e9levages de volailles, des laiteries, du mat\u00e9riel hors route, des papeteries, de la construction, des maisons et des patios ext\u00e9rieurs. Ce tuyau supportera des pressions de service allant jusqu&#8217;\u00e0 3\u00a0000\u00a0lb. <\/p>\n\n<h3 class=\"wp-block-heading\">Tuyau de refoulement r\u00e9sistant \u00e0 l&#8217;huile en nitrile\/PVC<\/h3>\n\n<p>Disponibles en mod\u00e8les noirs ou jaunes, ces tuyaux sont g\u00e9n\u00e9ralement utilis\u00e9s pour le lavage industriel, l&#8217;irrigation, l&#8217;ass\u00e8chement g\u00e9n\u00e9ral, le refoulement de pompe et le drainage. Ces tuyaux fonctionneront jusqu&#8217;\u00e0 250\u00a0PSI (17,25\u00a0BAR). Disponibles en longueurs de 660\u00a0pi en diam\u00e8tres int\u00e9rieurs de 4\u00a0po, 6\u00a0po et 8\u00a0po.  <\/p>\n\n<h3 class=\"wp-block-heading\">Assemblages de tuyaux d&#8217;incendie MSHA<\/h3>\n\n<p>Ce tuyau r\u00e9pond \u00e0 la cote MSHA 18-FHA08001. Avec des options de longueur de tuyau de 50 et 100\u00a0pieds, cet assemblage de tuyau est utilis\u00e9 comme tuyau d&#8217;incendie souterrain. Ce tuyau s&#8217;enroule \u00e0 plat pour un rangement facile.  <\/p>\n","protected":false},"excerpt":{"rendered":"<p>Jason propose une large gamme de tuyaux pour le transport d&#8217;eau. Qu&#8217;il s&#8217;agisse d&#8217;aspiration, de refoulement, de lavage, de jetting ou d&#8217;irrigation, nos tuyaux fabriqu\u00e9s \u00e0 partir de divers mat\u00e9riaux thermoplastiques et caoutchouteux sont con\u00e7us pour r\u00e9pondre aux besoins sp\u00e9cifiques de votre application. Notre gamme de tuyaux d&#8217;eau comprend Tuyau d&#8217;aspiration et de transfert en [&hellip;]<\/p>\n","protected":false},"author":1,"featured_media":45557,"parent":45725,"menu_order":0,"comment_status":"closed","ping_status":"closed","template":"","meta":{"_acf_changed":false,"_seopress_robots_primary_cat":"","_seopress_titles_title":"","_seopress_titles_desc":"","_seopress_robots_index":"","footnotes":""},"class_list":["post-45749","page","type-page","status-publish","has-post-thumbnail"],"acf":[],"_links":{"self":[{"href":"https:\/\/jasonhosesolutions.com\/fr\/wp-json\/wp\/v2\/pages\/45749","targetHints":{"allow":["GET"]}}],"collection":[{"href":"https:\/\/jasonhosesolutions.com\/fr\/wp-json\/wp\/v2\/pages"}],"about":[{"href":"https:\/\/jasonhosesolutions.com\/fr\/wp-json\/wp\/v2\/types\/page"}],"author":[{"embeddable":true,"href":"https:\/\/jasonhosesolutions.com\/fr\/wp-json\/wp\/v2\/users\/1"}],"replies":[{"embeddable":true,"href":"https:\/\/jasonhosesolutions.com\/fr\/wp-json\/wp\/v2\/comments?post=45749"}],"version-history":[{"count":0,"href":"https:\/\/jasonhosesolutions.com\/fr\/wp-json\/wp\/v2\/pages\/45749\/revisions"}],"up":[{"embeddable":true,"href":"https:\/\/jasonhosesolutions.com\/fr\/wp-json\/wp\/v2\/pages\/45725"}],"wp:featuredmedia":[{"embeddable":true,"href":"https:\/\/jasonhosesolutions.com\/fr\/wp-json\/wp\/v2\/media\/45557"}],"wp:attachment":[{"href":"https:\/\/jasonhosesolutions.com\/fr\/wp-json\/wp\/v2\/media?parent=45749"}],"curies":[{"name":"wp","href":"https:\/\/api.w.org\/{rel}","templated":true}]}}