{"id":45747,"date":"2025-11-11T18:36:30","date_gmt":"2025-11-11T18:36:30","guid":{"rendered":"https:\/\/jasonhosesolutions.com\/secteurs-dactivite\/fabrication-generale\/"},"modified":"2026-03-18T14:37:05","modified_gmt":"2026-03-18T14:37:05","slug":"general-manufacturing","status":"publish","type":"page","link":"https:\/\/jasonhosesolutions.com\/fr\/secteurs-dactivite\/general-manufacturing\/","title":{"rendered":"Fabrication g\u00e9n\u00e9rale"},"content":{"rendered":"\n<p\/>\n\n\n\n<p\/>\n","protected":false},"excerpt":{"rendered":"<p>Les flexibles industriels et hydrauliques assurent l\u2019efficacit\u00e9 et la s\u00e9curit\u00e9 dans la fabrication en transf\u00e9rant des mat\u00e9riaux et en transmettant de la puissance. Jason, la division des flexibles d\u2019AMMEGA, fournit des flexibles durables et sp\u00e9cifiques \u00e0 l\u2019application dans toutes les Am\u00e9riques, soutenant la production des mati\u00e8res premi\u00e8res \u00e0 la distribution gr\u00e2ce \u00e0 une s\u00e9lection experte et \u00e0 des performances fiables. <\/p>\n","protected":false},"author":1,"featured_media":46516,"parent":45714,"menu_order":0,"comment_status":"closed","ping_status":"closed","template":"","meta":{"_acf_changed":false,"_seopress_robots_primary_cat":"","_seopress_titles_title":"","_seopress_titles_desc":"","_seopress_robots_index":"","footnotes":""},"class_list":["post-45747","page","type-page","status-publish","has-post-thumbnail"],"acf":[],"_links":{"self":[{"href":"https:\/\/jasonhosesolutions.com\/fr\/wp-json\/wp\/v2\/pages\/45747","targetHints":{"allow":["GET"]}}],"collection":[{"href":"https:\/\/jasonhosesolutions.com\/fr\/wp-json\/wp\/v2\/pages"}],"about":[{"href":"https:\/\/jasonhosesolutions.com\/fr\/wp-json\/wp\/v2\/types\/page"}],"author":[{"embeddable":true,"href":"https:\/\/jasonhosesolutions.com\/fr\/wp-json\/wp\/v2\/users\/1"}],"replies":[{"embeddable":true,"href":"https:\/\/jasonhosesolutions.com\/fr\/wp-json\/wp\/v2\/comments?post=45747"}],"version-history":[{"count":14,"href":"https:\/\/jasonhosesolutions.com\/fr\/wp-json\/wp\/v2\/pages\/45747\/revisions"}],"predecessor-version":[{"id":60448,"href":"https:\/\/jasonhosesolutions.com\/fr\/wp-json\/wp\/v2\/pages\/45747\/revisions\/60448"}],"up":[{"embeddable":true,"href":"https:\/\/jasonhosesolutions.com\/fr\/wp-json\/wp\/v2\/pages\/45714"}],"wp:featuredmedia":[{"embeddable":true,"href":"https:\/\/jasonhosesolutions.com\/fr\/wp-json\/wp\/v2\/media\/46516"}],"wp:attachment":[{"href":"https:\/\/jasonhosesolutions.com\/fr\/wp-json\/wp\/v2\/media?parent=45747"}],"curies":[{"name":"wp","href":"https:\/\/api.w.org\/{rel}","templated":true}]}}