{"id":45740,"date":"2025-11-12T07:09:24","date_gmt":"2025-11-12T07:09:24","guid":{"rendered":"https:\/\/jasonhosesolutions.com\/produits\/industriel\/tuyau-a-vapeur\/"},"modified":"2026-01-27T15:38:29","modified_gmt":"2026-01-27T15:38:29","slug":"tuyau-a-vapeur","status":"publish","type":"page","link":"https:\/\/jasonhosesolutions.com\/fr\/produits\/industriel\/tuyau-a-vapeur\/","title":{"rendered":"Tuyau \u00e0 vapeur"},"content":{"rendered":"\n<figure class=\"wp-block-image size-full\"><img loading=\"lazy\" decoding=\"async\" width=\"500\" height=\"333\" src=\"https:\/\/jasonhosesolutions.com\/wp-content\/uploads\/2025\/11\/jason-industrial-4816-steam.jpg\" alt=\"jason industrial 4816 vapeur\" class=\"wp-image-6226\"\/><\/figure>\n\n<p>Jason propose des tuyaux \u00e0 vapeur pour le transfert de vapeur dans les industries suivantes :<\/p>\n\n<ul class=\"wp-block-list\">\n<li>P\u00e2tes et papiers et transformation<\/li>\n\n\n\n<li>Chimie<\/li>\n\n\n\n<li>P\u00e9trole<\/li>\n\n\n\n<li>Alimentation<\/li>\n\n\n\n<li>Bois d\u2019\u0153uvre<\/li>\n\n\n\n<li>Manutention<\/li>\n<\/ul>\n\n<p>Le tube et le rev\u00eatement de nos tuyaux \u00e0 vapeur sont tous deux fabriqu\u00e9s en EPDM. Le rev\u00eatement est micro-perfor\u00e9 pour permettre la ventilation et \u00e9liminer le risque de cloquage et de s\u00e9paration du rev\u00eatement, et il est r\u00e9sistant aux intemp\u00e9ries et \u00e0 l\u2019ozone. Le tuyau offre une pression de service et une temp\u00e9rature nominale \u00e9lev\u00e9es.  <\/p>\n\n<p>Les tuyaux \u00e0 vapeur Jason sont disponibles en s\u00e9ries 4815 ou 4816. Le mod\u00e8le 4815 est dot\u00e9 d\u2019un rev\u00eatement noir, est renforc\u00e9 par deux plis de fil d\u2019acier et est disponible dans des tailles allant de 1\/2 po (12,7 mm) de diam\u00e8tre int\u00e9rieur \u00e0 3 po (76,22 mm) de diam\u00e8tre int\u00e9rieur. Le mod\u00e8le 4816 est dot\u00e9 d\u2019un rev\u00eatement rouge, est renforc\u00e9 par deux tresses de fil d\u2019acier et est disponible dans des tailles allant de 1\/2 po (12,7 mm) de diam\u00e8tre int\u00e9rieur \u00e0 2 po (50,88 mm) de diam\u00e8tre int\u00e9rieur.  <\/p>\n\n<p>La manipulation de la vapeur \u00e9tant tr\u00e8s dangereuse, il est essentiel de faire preuve d\u2019une extr\u00eame prudence et de respecter les consignes de s\u00e9curit\u00e9 afin de r\u00e9duire le risque de dommages corporels ou mat\u00e9riels. Veuillez consulter les <a href=\"https:\/\/jasonhosesolutions.com\/wp-content\/uploads\/2025\/11\/Steam-Hose-Safety-Recommendations.pdf\" target=\"_blank\" rel=\"noopener\">recommandations de s\u00e9curit\u00e9 ARPM-11-1 relatives aux tuyaux \u00e0 vapeur<\/a> pour plus d\u2019informations. <\/p>\n\n<p>Pour obtenir des sp\u00e9cifications plus d\u00e9taill\u00e9es sur nos tuyaux \u00e0 vapeur, consultez notre catalogue en ligne.<\/p>\n\n<p><\/p>\n","protected":false},"excerpt":{"rendered":"<p>Jason propose des tuyaux \u00e0 vapeur pour le transfert de vapeur dans les industries suivantes : Le tube et le rev\u00eatement de nos tuyaux \u00e0 vapeur sont tous deux fabriqu\u00e9s en EPDM. Le rev\u00eatement est micro-perfor\u00e9 pour permettre la ventilation et \u00e9liminer le risque de cloquage et de s\u00e9paration du rev\u00eatement, et il est r\u00e9sistant [&hellip;]<\/p>\n","protected":false},"author":1,"featured_media":0,"parent":45725,"menu_order":0,"comment_status":"closed","ping_status":"closed","template":"","meta":{"_acf_changed":false,"_seopress_robots_primary_cat":"","_seopress_titles_title":"","_seopress_titles_desc":"","_seopress_robots_index":"","footnotes":""},"class_list":["post-45740","page","type-page","status-publish"],"acf":[],"_links":{"self":[{"href":"https:\/\/jasonhosesolutions.com\/fr\/wp-json\/wp\/v2\/pages\/45740","targetHints":{"allow":["GET"]}}],"collection":[{"href":"https:\/\/jasonhosesolutions.com\/fr\/wp-json\/wp\/v2\/pages"}],"about":[{"href":"https:\/\/jasonhosesolutions.com\/fr\/wp-json\/wp\/v2\/types\/page"}],"author":[{"embeddable":true,"href":"https:\/\/jasonhosesolutions.com\/fr\/wp-json\/wp\/v2\/users\/1"}],"replies":[{"embeddable":true,"href":"https:\/\/jasonhosesolutions.com\/fr\/wp-json\/wp\/v2\/comments?post=45740"}],"version-history":[{"count":0,"href":"https:\/\/jasonhosesolutions.com\/fr\/wp-json\/wp\/v2\/pages\/45740\/revisions"}],"up":[{"embeddable":true,"href":"https:\/\/jasonhosesolutions.com\/fr\/wp-json\/wp\/v2\/pages\/45725"}],"wp:attachment":[{"href":"https:\/\/jasonhosesolutions.com\/fr\/wp-json\/wp\/v2\/media?parent=45740"}],"curies":[{"name":"wp","href":"https:\/\/api.w.org\/{rel}","templated":true}]}}