{"id":45736,"date":"2025-11-11T18:37:44","date_gmt":"2025-11-11T18:37:44","guid":{"rendered":"https:\/\/jasonhosesolutions.com\/secteurs-dactivite\/machines-outils\/"},"modified":"2026-02-04T12:54:13","modified_gmt":"2026-02-04T12:54:13","slug":"machines-outils","status":"publish","type":"page","link":"https:\/\/jasonhosesolutions.com\/fr\/secteurs-dactivite\/machines-outils\/","title":{"rendered":"Machines-outils"},"content":{"rendered":"\n<p>Une machine-outil est utilis\u00e9e pour fraiser, fa\u00e7onner, rectifier ou couper des mati\u00e8res premi\u00e8res afin de produire des composants pour l\u2019agriculture, la construction, la fabrication g\u00e9n\u00e9rale et de nombreuses autres <a href=\"https:\/\/jasonhosesolutions.com\/fr\/secteurs-dactivite\/\" data-type=\"page\" data-id=\"323\">industries que nous desservons<\/a>. Les tours CNC, les rectifieuses, les \u00e9quipements de fraisage et autres machines-outils n\u00e9cessitent des flexibles hydrauliques pour un fonctionnement correct. Gr\u00e2ce \u00e0 l\u2019hydraulique, les concepteurs de machines-outils peuvent d\u00e9velopper des fonctions pratiques et puissantes pour am\u00e9liorer la fiabilit\u00e9 et les performances de ces machines.  <\/p>\n\n<p>Les flexibles pour machines-outils transf\u00e8rent efficacement l\u2019huile hydraulique ou d\u2019autres fluides d\u2019un endroit \u00e0 un autre. Ils doivent \u00eatre flexibles et tr\u00e8s durables pour r\u00e9sister au transfert de fluide \u00e0 haute pression. Apprenez-en davantage sur le r\u00f4le des flexibles dans les syst\u00e8mes hydrauliques, l\u2019importance des flexibles dans les machines-outils et la s\u00e9lection des flexibles hydrauliques pour machines-outils disponibles chez Jason.  <\/p>\n\n<h2 class=\"wp-block-heading\">Les flexibles dans les syst\u00e8mes hydrauliques<\/h2>\n\n<p>Les syst\u00e8mes hydrauliques utilisent des fluides sous pression pour transmettre, g\u00e9n\u00e9rer et contr\u00f4ler la puissance. Un flexible hydraulique de haute qualit\u00e9 fait partie int\u00e9grante du syst\u00e8me hydraulique et est essentiel au fonctionnement des machines-outils. Dans les machines CNC, le syst\u00e8me hydraulique utilise la pression du fluide pour d\u00e9placer et contr\u00f4ler efficacement les pi\u00e8ces, les pinces, les outils de coupe et autres pi\u00e8ces essentielles.  <\/p>\n\n<p>Les principaux composants d\u2019un syst\u00e8me hydraulique dans les machines-outils comprennent :<\/p>\n\n<ul class=\"wp-block-list\">\n<li>Pompe<\/li>\n\n\n\n<li>Fluide hydraulique<\/li>\n\n\n\n<li>R\u00e9servoir<\/li>\n\n\n\n<li>Vannes<\/li>\n\n\n\n<li>Actionneurs<\/li>\n<\/ul>\n\n<p>Voici un aper\u00e7u \u00e9tape par \u00e9tape du fonctionnement des syst\u00e8mes hydrauliques :<\/p>\n\n<ol class=\"wp-block-list\">\n<li>La pompe extrait le fluide hydraulique du r\u00e9servoir et met le fluide sous pression.<\/li>\n\n\n\n<li>Le fluide hydraulique sous pression traverse un flexible hydraulique, agissant sur un cylindre cal\u00e9 et poussant sur une b\u00fbche jusqu\u2019\u00e0 ce qu\u2019elle se fende.<\/li>\n\n\n\n<li>Lorsque le piston se r\u00e9tracte, le fluide est repouss\u00e9 par le cylindre dans un flexible de retour, qui m\u00e8ne au r\u00e9servoir.<\/li>\n\n\n\n<li>Le fluide a le temps de refroidir pendant qu\u2019il se pr\u00e9pare pour le cycle suivant.<\/li>\n<\/ol>\n\n<p>Le flexible hydraulique, le cylindre, la pompe et le r\u00e9servoir sont tous des composants essentiels du syst\u00e8me hydraulique. Les flexibles hydrauliques sont charg\u00e9s de connecter ces composants, cr\u00e9ant un r\u00e9seau pour que le fluide circule librement dans tout le syst\u00e8me hydraulique. Ces flexibles renforc\u00e9s sont extr\u00eamement flexibles et con\u00e7us pour r\u00e9sister aux conditions de temp\u00e9rature et de pression \u00e9lev\u00e9es dans les syst\u00e8mes hydrauliques industriels.  <\/p>\n\n<h2 class=\"wp-block-heading\">L\u2019importance de l\u2019hydraulique dans les machines-outils<\/h2>\n\n<p>De conception simple, les syst\u00e8mes hydrauliques sont tr\u00e8s efficaces et entra\u00eenent des pertes minimes lors du transfert d\u2019\u00e9nergie. La performance pr\u00e9cise des machines CNC d\u00e9pend de la pr\u00e9cision et de l\u2019efficacit\u00e9 de leurs syst\u00e8mes hydrauliques. Un syst\u00e8me hydraulique bien entretenu et con\u00e7u peut am\u00e9liorer la fiabilit\u00e9, la pr\u00e9cision et la vitesse d\u2019une machine, ce qui se traduit par des produits de meilleure qualit\u00e9 et une productivit\u00e9 accrue.  <\/p>\n\n<p>L\u2019hydraulique joue un r\u00f4le essentiel, en particulier dans les applications \u00e0 forte impulsion et \u00e0 haute pression. Les flexibles hydrauliques ont des sp\u00e9cifications de sertissage avec une faible marge d\u2019erreur, prennent en charge la maintenance facile du syst\u00e8me et sont fabriqu\u00e9s \u00e0 partir de mat\u00e9riaux de haute qualit\u00e9 pour fournir des performances pr\u00e9cises et \u00e0 long terme dans ces applications difficiles. <\/p>\n\n<h2 class=\"wp-block-heading\">Construction des flexibles hydrauliques<\/h2>\n\n<p>Les flexibles hydrauliques comprennent plusieurs composants qui fonctionnent \u00e0 l\u2019unisson pour assurer l\u2019efficacit\u00e9 et la durabilit\u00e9, m\u00eame dans les conditions les plus exigeantes. Chaque flexible comprend les composants suivants : <\/p>\n\n<ul class=\"wp-block-list\">\n<li><strong>Tube int\u00e9rieur\u00a0:<\/strong> En tant que couche la plus interne du flexible hydraulique, le tube int\u00e9rieur transporte le fluide hydraulique. Il est g\u00e9n\u00e9ralement fabriqu\u00e9 \u00e0 partir d\u2019un mat\u00e9riau en caoutchouc synth\u00e9tique qui peut r\u00e9sister \u00e0 l\u2019usure et qui est compatible avec diff\u00e9rents types de fluide hydraulique. <\/li>\n\n\n\n<li><strong>Couche de renforcement\u00a0:<\/strong> la couche de renforcement fournit une structure et un support au flexible pour r\u00e9sister aux pressions correspondantes. Ce renforcement est g\u00e9n\u00e9ralement constitu\u00e9 de mat\u00e9riaux textiles ou d\u2019acier \u00e0 haute r\u00e9sistance \u00e0 la traction, comme du fil spiral\u00e9 ou tress\u00e9, qui peut r\u00e9sister aux environnements \u00e0 haute pression. <\/li>\n\n\n\n<li><strong>Rev\u00eatement ext\u00e9rieur\u00a0:<\/strong> Cette couche protectrice prot\u00e8ge les composants internes contre les produits chimiques, l\u2019abrasion et d\u2019autres facteurs environnementaux. Le rev\u00eatement ext\u00e9rieur est g\u00e9n\u00e9ralement constitu\u00e9 d\u2019un caoutchouc thermoplastique ou synth\u00e9tique qui r\u00e9siste aux dommages et au vieillissement. <\/li>\n<\/ul>\n\n<h2 class=\"wp-block-heading\">Contactez Jason pour les flexibles hydrauliques<\/h2>\n\n<p>Avec des d\u00e9cennies d\u2019exp\u00e9rience dans l\u2019industrie, Jason a une r\u00e9putation \u00e9prouv\u00e9e en tant que source incontournable de flexibles hydrauliques et industriels. En tant que division des flexibles d\u2019AMMEGA, Jason dessert un large \u00e9ventail d\u2019industries en Am\u00e9rique du Nord, en Am\u00e9rique du Sud et en Am\u00e9rique centrale. <\/p>\n\n<p>Nous offrons des flexibles hydrauliques, des raccords hydrauliques, des flexibles industriels, des raccords industriels et des accessoires.<\/p>\n\n<p><a href=\"https:\/\/jasonhosesolutions.com\/fr\/contact\/\" data-type=\"page\" data-id=\"152\">Contactez-nous<\/a> d\u00e8s aujourd\u2019hui pour en savoir plus sur nos flexibles hydrauliques de haute qualit\u00e9. Vous pouvez \u00e9galement <a href=\"https:\/\/jasonhosesolutions.com\/fr\/demande-de-devis\/\" data-type=\"page\" data-id=\"122\">demander un devis<\/a> pour obtenir des informations d\u00e9taill\u00e9es sur les prix. <\/p>\n","protected":false},"excerpt":{"rendered":"<p>Les machines-outils comme les tours CNC et les rectifieuses utilisent des flexibles hydrauliques pour transf\u00e9rer le fluide sous pression, permettant un contr\u00f4le pr\u00e9cis des pinces, des outils et des pi\u00e8ces. Jason fournit des flexibles durables et performants pour l\u2019hydraulique dans l\u2019agriculture, la construction et la fabrication \u00e0 travers les Am\u00e9riques. <\/p>\n","protected":false},"author":1,"featured_media":46526,"parent":45714,"menu_order":0,"comment_status":"closed","ping_status":"closed","template":"","meta":{"_acf_changed":false,"_seopress_robots_primary_cat":"","_seopress_titles_title":"","_seopress_titles_desc":"","_seopress_robots_index":"","footnotes":""},"class_list":["post-45736","page","type-page","status-publish","has-post-thumbnail"],"acf":[],"_links":{"self":[{"href":"https:\/\/jasonhosesolutions.com\/fr\/wp-json\/wp\/v2\/pages\/45736","targetHints":{"allow":["GET"]}}],"collection":[{"href":"https:\/\/jasonhosesolutions.com\/fr\/wp-json\/wp\/v2\/pages"}],"about":[{"href":"https:\/\/jasonhosesolutions.com\/fr\/wp-json\/wp\/v2\/types\/page"}],"author":[{"embeddable":true,"href":"https:\/\/jasonhosesolutions.com\/fr\/wp-json\/wp\/v2\/users\/1"}],"replies":[{"embeddable":true,"href":"https:\/\/jasonhosesolutions.com\/fr\/wp-json\/wp\/v2\/comments?post=45736"}],"version-history":[{"count":0,"href":"https:\/\/jasonhosesolutions.com\/fr\/wp-json\/wp\/v2\/pages\/45736\/revisions"}],"up":[{"embeddable":true,"href":"https:\/\/jasonhosesolutions.com\/fr\/wp-json\/wp\/v2\/pages\/45714"}],"wp:featuredmedia":[{"embeddable":true,"href":"https:\/\/jasonhosesolutions.com\/fr\/wp-json\/wp\/v2\/media\/46526"}],"wp:attachment":[{"href":"https:\/\/jasonhosesolutions.com\/fr\/wp-json\/wp\/v2\/media?parent=45736"}],"curies":[{"name":"wp","href":"https:\/\/api.w.org\/{rel}","templated":true}]}}