{"id":45733,"date":"2025-11-11T18:38:22","date_gmt":"2025-11-11T18:38:22","guid":{"rendered":"https:\/\/jasonhosesolutions.com\/secteurs-dactivite\/petrole-et-gaz\/"},"modified":"2026-02-04T12:55:03","modified_gmt":"2026-02-04T12:55:03","slug":"petrole-et-gaz","status":"publish","type":"page","link":"https:\/\/jasonhosesolutions.com\/fr\/secteurs-dactivite\/petrole-et-gaz\/","title":{"rendered":"P\u00e9trole et gaz"},"content":{"rendered":"\n<p>Les op\u00e9rations p\u00e9troli\u00e8res et gazi\u00e8res exigent des tuyaux industriels fiables et robustes. Jason est un fournisseur de premier plan de tuyaux industriels con\u00e7us pour la vari\u00e9t\u00e9 de conditions difficiles auxquelles cette industrie est r\u00e9guli\u00e8rement confront\u00e9e, des op\u00e9rations de forage \u00e0 distance au transport du p\u00e9trole vers les raffineries. Notre gamme compl\u00e8te de tuyaux pour le p\u00e9trole et le gaz assure l\u2019efficacit\u00e9 op\u00e9rationnelle, la s\u00e9curit\u00e9 et la fiabilit\u00e9, chacun \u00e9tant adapt\u00e9 \u00e0 son r\u00f4le sp\u00e9cifique dans l\u2019industrie p\u00e9troli\u00e8re et gazi\u00e8re.  <\/p>\n\n<figure class=\"wp-block-video\"><video height=\"734\" style=\"aspect-ratio: 1292 \/ 734;\" width=\"1292\" controls=\"\" poster=\"https:\/\/jasonhosesolutions.com\/wp-content\/uploads\/2025\/12\/screenshot-2025-08-06-125803.jpg\" src=\"https:\/\/jasonhosesolutions.com\/wp-content\/uploads\/2025\/12\/js-industry-oil-and-gas-animated-en.mp4\"><\/video><\/figure>\n\n<p>Continuez votre lecture pour en savoir plus sur les raisons pour lesquelles des tuyaux industriels sp\u00e9cialis\u00e9s pour le gaz sont n\u00e9cessaires pour cette industrie, en plus de leurs applications les plus courantes.<\/p>\n\n<h2 class=\"wp-block-heading\">Le besoin de tuyaux industriels dans le secteur p\u00e9trolier et gazier<\/h2>\n\n<p>\u00c0 mesure que l\u2019industrie p\u00e9troli\u00e8re et gazi\u00e8re a \u00e9volu\u00e9, les fabricants de tuyaux industriels ont innov\u00e9 leurs produits pour s\u2019adapter. Bien que les tuyaux traditionnels conviennent aux industries lourdes comme le papier et la p\u00e2te \u00e0 papier, l\u2019agriculture et l\u2019acier, la croissance de la fracturation et du forage horizontal depuis 2010 a accru la demande de tuyaux industriels plus robustes. Les tuyaux doivent \u00eatre capables de r\u00e9sister aux mat\u00e9riaux corrosifs, aux pressions plus \u00e9lev\u00e9es et aux volumes plus importants de ces nouveaux proc\u00e9d\u00e9s de forage p\u00e9trolier.<br\/>Les op\u00e9rateurs et les fabricants de tuyaux comme Jason reconnaissent que les tuyaux industriels sont essentiels au succ\u00e8s de ces projets. Les applications sp\u00e9cifiques des tuyaux vont des tuyaux de forage \u00e0 la livraison d\u2019eau au site de forage. Les tuyaux pour le p\u00e9trole et le gaz sont m\u00e9ticuleusement con\u00e7us pour r\u00e9sister aux d\u00e9fis environnementaux difficiles et aux mat\u00e9riaux abrasifs qu\u2019ils transportent, ce qui les rend essentiels pour des op\u00e9rations efficaces et s\u00fbres.    <\/p>\n\n<h2 class=\"wp-block-heading\">Applications des tuyaux dans le secteur p\u00e9trolier et gazier<\/h2>\n\n<p>Nos tuyaux industriels servent \u00e0 diverses applications dans l\u2019industrie p\u00e9troli\u00e8re et gazi\u00e8re. Voici un aper\u00e7u des principaux types de produits de tuyaux que nous offrons en fonction du cas d\u2019utilisation. <\/p>\n\n<h2 class=\"wp-block-heading\">Tuyaux de forage<\/h2>\n\n<p>Une op\u00e9ration de forage commence lorsque le fluide de forage est pomp\u00e9 \u00e0 haute pression dans la pompe \u00e0 boue et les tuyaux de forage. La plate-forme de forage moyenne poss\u00e8de de nombreux ensembles de tuyaux, fonctionnant \u00e0 de nombreuses pressions de syst\u00e8me. Une seule d\u00e9faillance de tuyau peut interrompre toutes les op\u00e9rations, entra\u00eenant des co\u00fbts d\u2019immobilisation importants, en particulier pour les sites de forage \u00e9loign\u00e9s. Les retards dus \u00e0 l\u2019impact environnemental peuvent \u00e9galement faire grimper les co\u00fbts d\u2019immobilisation.<br\/>Jason fournit de nombreux types de tuyaux pour ces applications, ainsi qu\u2019un soutien \u00e0 l\u2019application pour assurer le bon fonctionnement de votre application de forage tout en r\u00e9duisant les co\u00fbts. Les tuyaux appropri\u00e9s pour l\u2019application sont \u00e9quip\u00e9s de plusieurs couches de renforcement pour supporter les surtensions soudaines et pr\u00e9venir les \u00e9ruptions. Leur flexibilit\u00e9 permet une manipulation et un positionnement faciles.     <\/p>\n\n<h2 class=\"wp-block-heading\">Tuyaux de fracturation hydraulique<\/h2>\n\n<p>Pendant la fracturation hydraulique, ou fracturation, un m\u00e9lange d\u2019eau, de sable et de produits chimiques est inject\u00e9 dans les puits pour am\u00e9liorer l\u2019extraction des ressources. Ce processus n\u00e9cessite des tuyaux longs et robustes qui peuvent supporter des pressions g\u00e9n\u00e9ralement \u00e0 400 PSI ou plus. Une seule d\u00e9faillance de tuyau peut vous co\u00fbter des heures de productivit\u00e9 critique. Les dommages environnementaux ou les fuites dus \u00e0 des tuyaux d\u00e9fectueux peuvent entra\u00eener de lourdes amendes.<br\/>Les tuyaux haut de gamme de Jason sont con\u00e7us avec une protection ext\u00e9rieure am\u00e9lior\u00e9e pour r\u00e9sister aux conditions m\u00e9t\u00e9orologiques difficiles et \u00e0 l\u2019usure. Nous offrons notre expertise ainsi que notre large gamme de produits de tuyaux industriels pour le p\u00e9trole afin de mieux vous servir, vous et vos op\u00e9rations.    <\/p>\n\n<h2 class=\"wp-block-heading\">Tuyaux de raffinage<\/h2>\n\n<p>Les raffineries fonctionnent sans arr\u00eat, transformant le p\u00e9trole brut en carburant qui alimente d\u2019innombrables produits de tous les jours. Toute interruption due \u00e0 une d\u00e9faillance de tuyau peut entra\u00eener des pertes financi\u00e8res importantes pour chaque heure d\u2019immobilisation. De plus, les fuites de tuyaux peuvent entra\u00eener des amendes r\u00e9glementaires.<br\/>Jason offre des tuyaux qui sont con\u00e7us pour minimiser le risque de fuites et de d\u00e9faillances, assurant un raffinage continu et efficace. Les tuyaux sont adapt\u00e9s dans leurs cotes d\u2019application pour r\u00e9sister aux produits chimiques et aux temp\u00e9ratures sp\u00e9cifiques rencontr\u00e9s dans le raffinage, avec des mat\u00e9riaux sp\u00e9cifiques r\u00e9sistants aux produits chimiques et \u00e0 la chaleur ainsi que des raccords \u00e9tanches.   <\/p>\n\n<h2 class=\"wp-block-heading\">Demander un devis sur les tuyaux pour le p\u00e9trole et le gaz<\/h2>\n\n<p>Choisir Jason, c\u2019est non seulement acheter des tuyaux, mais aussi investir dans un partenariat qui accorde la priorit\u00e9 \u00e0 la plus haute qualit\u00e9 et \u00e0 l\u2019efficacit\u00e9 de vos op\u00e9rations. Nos produits de tuyaux industriels sont con\u00e7us pour r\u00e9pondre aux exigences rigoureuses de l\u2019industrie, assurant ainsi le bon fonctionnement de vos op\u00e9rations, de mani\u00e8re rentable et avec un impact environnemental minimal.<br\/>Contactez-nous d\u00e8s aujourd\u2019hui pour discuter de vos besoins, ou <a href=\"https:\/\/jasonhosesolutions.com\/fr\/demande-de-devis\/\" data-type=\"page\" data-id=\"122\">demandez un devis<\/a> pour obtenir des d\u00e9tails sur les prix. <\/p>\n","protected":false},"excerpt":{"rendered":"<p>Les op\u00e9rations p\u00e9troli\u00e8res et gazi\u00e8res n\u00e9cessitent des tuyaux robustes pour les conditions difficiles de forage, de fracturation et de raffinage. Jason propose des tuyaux industriels sp\u00e9cialis\u00e9s et renforc\u00e9s pour garantir l\u2019efficacit\u00e9, la s\u00e9curit\u00e9 et une immobilisation minimale, adapt\u00e9s aux pressions \u00e9lev\u00e9es, \u00e0 l\u2019abrasion et aux mat\u00e9riaux corrosifs sur les sites distants et les raffineries. <\/p>\n","protected":false},"author":1,"featured_media":46561,"parent":45714,"menu_order":0,"comment_status":"closed","ping_status":"closed","template":"","meta":{"_acf_changed":false,"_seopress_robots_primary_cat":"","_seopress_titles_title":"","_seopress_titles_desc":"","_seopress_robots_index":"","footnotes":""},"class_list":["post-45733","page","type-page","status-publish","has-post-thumbnail"],"acf":[],"_links":{"self":[{"href":"https:\/\/jasonhosesolutions.com\/fr\/wp-json\/wp\/v2\/pages\/45733","targetHints":{"allow":["GET"]}}],"collection":[{"href":"https:\/\/jasonhosesolutions.com\/fr\/wp-json\/wp\/v2\/pages"}],"about":[{"href":"https:\/\/jasonhosesolutions.com\/fr\/wp-json\/wp\/v2\/types\/page"}],"author":[{"embeddable":true,"href":"https:\/\/jasonhosesolutions.com\/fr\/wp-json\/wp\/v2\/users\/1"}],"replies":[{"embeddable":true,"href":"https:\/\/jasonhosesolutions.com\/fr\/wp-json\/wp\/v2\/comments?post=45733"}],"version-history":[{"count":0,"href":"https:\/\/jasonhosesolutions.com\/fr\/wp-json\/wp\/v2\/pages\/45733\/revisions"}],"up":[{"embeddable":true,"href":"https:\/\/jasonhosesolutions.com\/fr\/wp-json\/wp\/v2\/pages\/45714"}],"wp:featuredmedia":[{"embeddable":true,"href":"https:\/\/jasonhosesolutions.com\/fr\/wp-json\/wp\/v2\/media\/46561"}],"wp:attachment":[{"href":"https:\/\/jasonhosesolutions.com\/fr\/wp-json\/wp\/v2\/media?parent=45733"}],"curies":[{"name":"wp","href":"https:\/\/api.w.org\/{rel}","templated":true}]}}