{"id":45729,"date":"2025-11-11T18:35:33","date_gmt":"2025-11-11T18:35:33","guid":{"rendered":"https:\/\/jasonhosesolutions.com\/secteurs-dactivite\/construction-et-industrie-lourde\/"},"modified":"2026-02-04T12:52:33","modified_gmt":"2026-02-04T12:52:33","slug":"construction-et-industrie-lourde","status":"publish","type":"page","link":"https:\/\/jasonhosesolutions.com\/fr\/secteurs-dactivite\/construction-et-industrie-lourde\/","title":{"rendered":"Construction et industrie lourde"},"content":{"rendered":"\n<p>Les entreprises de construction et les entreprises de l&#8217;industrie lourde comptent sur des \u00e9quipements robustes capables de r\u00e9sister \u00e0 des environnements de travail extr\u00eames et \u00e0 de lourdes charges. Les tuyaux industriels robustes con\u00e7us pour ces industries peuvent transporter efficacement et en toute s\u00e9curit\u00e9 des charges denses comme le sable, le gravier et le b\u00e9ton, tandis que les tuyaux hydrauliques aident \u00e0 alimenter et \u00e0 contr\u00f4ler les \u00e9quipements hydrauliques comme les bulldozers et les excavatrices. <\/p>\n\n<p>Chez Jason, nous fournissons \u00e0 nos clients de divers secteurs des tuyaux flexibles capables de supporter un poids important, des pressions intenses et les conditions environnementales de lieux tels que les chantiers de construction, les mines et les usines, tout en offrant une facilit\u00e9 de mouvement optimale. Poursuivez votre lecture pour en savoir plus sur les applications les plus courantes de nos tuyaux industriels dans la construction et l&#8217;industrie lourde. <\/p>\n\n<h2 class=\"wp-block-heading\">Transport de mat\u00e9riaux de construction avec des tuyaux<\/h2>\n\n<p>L&#8217;une des principales applications de nos tuyaux dans le secteur de l&#8217;industrie lourde est le transport de mat\u00e9riaux. Voici trois mat\u00e9riaux typiques de construction et d&#8217;exploitation mini\u00e8re que nos tuyaux robustes et de haute performance peuvent transf\u00e9rer avec comp\u00e9tence : <\/p>\n\n<ul class=\"wp-block-list\">\n<li><strong>B\u00e9ton :<\/strong> Les constructeurs ne peuvent pas compter sur des tuyaux ordinaires pour manipuler le b\u00e9ton. Au lieu de cela, nos tuyaux \u00e0 b\u00e9ton de haute qualit\u00e9 sont sp\u00e9cialement con\u00e7us pour r\u00e9sister \u00e0 l&#8217;abrasion, \u00e0 la corrosion et aux hautes pressions qui pourraient autrement causer des dommages physiques. Non seulement les tuyaux sont durables et r\u00e9sistants, mais ils constituent une solution s\u00fbre pour fournir efficacement du b\u00e9ton aux chantiers de construction.  <\/li>\n\n\n\n<li><strong>Sable :<\/strong> Les entreprises des march\u00e9s du p\u00e9trole et du gaz, de la construction et de l&#8217;exploitation mini\u00e8re utilisent le sable pour la fracturation hydraulique, la production de b\u00e9ton et d&#8217;asphalte, et comme abrasif pour la finition des surfaces. Le sable \u00e9tant un abrasif r\u00e9sistant, il est dur pour le tube d&#8217;un tuyau. Il est donc important d&#8217;utiliser un tuyau de sable renforc\u00e9 avec le mat\u00e9riau et l&#8217;\u00e9paisseur de paroi appropri\u00e9s pour \u00e9viter tout dommage. Les tuyaux de transfert de sable permettent aux op\u00e9rateurs de d\u00e9placer efficacement le sable ou de l&#8217;utiliser pour le sablage et le nettoyage.  <\/li>\n\n\n\n<li><strong>Gravier :<\/strong> De m\u00eame, les tuyaux de dragage et de gravier n\u00e9cessitent des mat\u00e9riaux sp\u00e9cialis\u00e9s et durables qui r\u00e9sistent \u00e0 l&#8217;usure, au d\u00e9veloppement de trous ou \u00e0 la d\u00e9faillance sous les pressions de travail requises. Les applications courantes de nos tuyaux de transfert de gravier sont la livraison de gravier aux toits commerciaux et industriels dans les projets de toiture et le d\u00e9placement de l&#8217;abrasif des mines vers les installations de traitement. <\/li>\n<\/ul>\n\n<h2 class=\"wp-block-heading\">Alimentation des machines de construction avec des tuyaux<\/h2>\n\n<p>Bien que les tuyaux soient essentiels pour d\u00e9placer des mat\u00e9riaux comme le b\u00e9ton, le sable et le gravier, ces produits polyvalents peuvent faire bien plus. Les tuyaux hydrauliques qui r\u00e9sistent \u00e0 l&#8217;usure, aux niveaux de pression \u00e9lev\u00e9s, aux conditions difficiles et \u00e0 la flexion continue sont \u00e9galement essentiels pour alimenter de mani\u00e8re fiable l&#8217;\u00e9quipement et faciliter le fonctionnement dans les domaines suivants : <\/p>\n\n<ul class=\"wp-block-list\">\n<li><strong>Grues sur chenilles :<\/strong> \u00catre capable de contr\u00f4ler efficacement le levage et le positionnement de charges tr\u00e8s lourdes est essentiel sur les chantiers de construction. Pour fournir de mani\u00e8re fiable de l&#8217;\u00e9nergie aux composants de la grue et g\u00e9n\u00e9rer un mouvement fluide et pr\u00e9cis, l&#8217;\u00e9quipement lourd repose sur des tuyaux hydrauliques. Parce que nos tuyaux sont con\u00e7us pour durer, ils soutiennent une plus grande efficacit\u00e9 et productivit\u00e9 du site, plus de temps de fonctionnement et une s\u00e9curit\u00e9 am\u00e9lior\u00e9e en raison du risque r\u00e9duit de blessures des travailleurs et de dommages aux machines.  <\/li>\n\n\n\n<li><strong>B\u00e9tonni\u00e8res :<\/strong> Les tuyaux hydrauliques permettent \u00e9galement un mouvement contr\u00f4l\u00e9 dans les pales des b\u00e9tonni\u00e8res, ce qui maintient le mat\u00e9riau dans un \u00e9tat de mouvement continuellement contr\u00f4l\u00e9. Avec des pales \u00e0 commande hydraulique finement contr\u00f4l\u00e9es et sur\u00e9lev\u00e9es, ces machines peuvent pr\u00e9server et d\u00e9poser du b\u00e9ton bien m\u00e9lang\u00e9 sur le chantier o\u00f9 il est n\u00e9cessaire pour des installations de b\u00e9ton plus efficaces. <\/li>\n\n\n\n<li><strong>Ascenseurs hydrauliques :<\/strong> Les ascenseurs hydrauliques sont des plates-formes qui peuvent soulever verticalement de l&#8217;\u00e9quipement, des charges de mat\u00e9riaux et des travailleurs de la construction vers des endroits \u00e9lev\u00e9s ou difficiles d&#8217;acc\u00e8s. Nos tuyaux hydrauliques alimentent ce mouvement contr\u00f4l\u00e9 et permettent au personnel d&#8217;acc\u00e9der efficacement au toit ou \u00e0 l&#8217;ext\u00e9rieur d&#8217;une structure pour effectuer son travail en toute s\u00e9curit\u00e9. <\/li>\n\n\n\n<li><strong>Bras robotis\u00e9s :<\/strong> Les projets de construction d&#8217;aujourd&#8217;hui int\u00e8grent de plus en plus la robotique pour g\u00e9rer des t\u00e2ches pr\u00e9cises, difficiles ou longues qui seraient difficiles \u00e0 r\u00e9aliser ou \u00e0 acc\u00e9der pour les travailleurs humains sur le site. Nos tuyaux de construction hydrauliques relient les joints flexibles \u00e0 l&#8217;int\u00e9rieur des bras robotis\u00e9s pour alimenter des mouvements finement articul\u00e9s. Les bras robotis\u00e9s sont capables de g\u00e9rer le levage, le positionnement et m\u00eame l&#8217;installation d&#8217;applications lourdes.  <\/li>\n<\/ul>\n\n<h2 class=\"wp-block-heading\">Contactez Jason pour les tuyaux de construction et d&#8217;industrie lourde<\/h2>\n\n<p>Les op\u00e9rations industrielles n\u00e9cessitent des tuyaux de qualit\u00e9 industrielle. Chez Jason, nous fournissons une gamme de tuyaux hydrauliques durables et de haute qualit\u00e9 qui peuvent g\u00e9rer de mani\u00e8re fiable les fluides hydrauliques sous pression et des tuyaux industriels durables pour manipuler les mat\u00e9riaux de construction pour les applications exigeantes. Depuis nos d\u00e9buts en 1958, nous avons \u00e9largi notre offre pour inclure des produits de haute performance comme les tuyaux industriels et hydrauliques, les raccords, les accessoires connexes et plus encore pour servir nos clients \u00e0 travers l&#8217;Am\u00e9rique du Nord, l&#8217;Am\u00e9rique du Sud et l&#8217;Am\u00e9rique centrale.  <\/p>\n\n<p>Nous fournissons nos tuyaux de construction et d&#8217;industrie lourde dans une vari\u00e9t\u00e9 de mat\u00e9riaux, de tailles et d&#8217;options d&#8217;extr\u00e9mit\u00e9 de connecteur de raccord pour mieux r\u00e9pondre aux exigences sp\u00e9cifiques de votre application. <a href=\"https:\/\/jasonhosesolutions.com\/fr\/contact\/\" data-type=\"page\" data-id=\"152\">Contactez-nous<\/a> pour en savoir plus sur nos produits, ou <a href=\"https:\/\/jasonhosesolutions.com\/fr\/demande-de-devis\/\" data-type=\"page\" data-id=\"122\">demandez un devis<\/a> d\u00e8s aujourd&#8217;hui pour commencer.<\/p>\n","protected":false},"excerpt":{"rendered":"<p>Les entreprises de construction comptent sur des tuyaux industriels durables pour transporter le b\u00e9ton, le sable et le gravier, tandis que les tuyaux hydrauliques alimentent des \u00e9quipements tels que les grues, les m\u00e9langeurs, les ascenseurs et les bras robotis\u00e9s. Depuis 1958, Jason fournit des tuyaux flexibles et de haute performance \u00e0 travers les Am\u00e9riques pour des op\u00e9rations industrielles lourdes s\u00fbres et efficaces. <\/p>\n","protected":false},"author":1,"featured_media":46506,"parent":45714,"menu_order":0,"comment_status":"closed","ping_status":"closed","template":"","meta":{"_acf_changed":false,"_seopress_robots_primary_cat":"","_seopress_titles_title":"","_seopress_titles_desc":"","_seopress_robots_index":"","footnotes":""},"class_list":["post-45729","page","type-page","status-publish","has-post-thumbnail"],"acf":[],"_links":{"self":[{"href":"https:\/\/jasonhosesolutions.com\/fr\/wp-json\/wp\/v2\/pages\/45729","targetHints":{"allow":["GET"]}}],"collection":[{"href":"https:\/\/jasonhosesolutions.com\/fr\/wp-json\/wp\/v2\/pages"}],"about":[{"href":"https:\/\/jasonhosesolutions.com\/fr\/wp-json\/wp\/v2\/types\/page"}],"author":[{"embeddable":true,"href":"https:\/\/jasonhosesolutions.com\/fr\/wp-json\/wp\/v2\/users\/1"}],"replies":[{"embeddable":true,"href":"https:\/\/jasonhosesolutions.com\/fr\/wp-json\/wp\/v2\/comments?post=45729"}],"version-history":[{"count":0,"href":"https:\/\/jasonhosesolutions.com\/fr\/wp-json\/wp\/v2\/pages\/45729\/revisions"}],"up":[{"embeddable":true,"href":"https:\/\/jasonhosesolutions.com\/fr\/wp-json\/wp\/v2\/pages\/45714"}],"wp:featuredmedia":[{"embeddable":true,"href":"https:\/\/jasonhosesolutions.com\/fr\/wp-json\/wp\/v2\/media\/46506"}],"wp:attachment":[{"href":"https:\/\/jasonhosesolutions.com\/fr\/wp-json\/wp\/v2\/media?parent=45729"}],"curies":[{"name":"wp","href":"https:\/\/api.w.org\/{rel}","templated":true}]}}