{"id":45727,"date":"2025-11-11T18:36:56","date_gmt":"2025-11-11T18:36:56","guid":{"rendered":"https:\/\/jasonhosesolutions.com\/secteurs-dactivite\/equipement-industriel-robuste\/"},"modified":"2026-02-04T12:53:57","modified_gmt":"2026-02-04T12:53:57","slug":"equipement-industriel-robuste","status":"publish","type":"page","link":"https:\/\/jasonhosesolutions.com\/fr\/secteurs-dactivite\/equipement-industriel-robuste\/","title":{"rendered":"\u00c9quipement industriel robuste"},"content":{"rendered":"\n<p>Les flexibles hydrauliques fournissent efficacement de la puissance hydraulique aux bulldozers, grues, appareils de forage offshore, \u00e9quipements miniers et diverses autres pi\u00e8ces de machinerie industrielle lourde. Ils fournissent des solutions d&#8217;alimentation s\u00fbres et durables, offrant la durabilit\u00e9 et la flexibilit\u00e9 n\u00e9cessaires pour g\u00e9rer divers environnements et applications difficiles. <\/p>\n\n<p>Chez Jason, nous fournissons des flexibles industriels haute performance \u00e0 diverses industries depuis 1958. Nous sommes la division de flexibles d&#8217;AMMEGA, fournissant des produits aux clients \u00e0 travers l&#8217;Am\u00e9rique du Nord, du Sud et centrale. Apprenez-en davantage sur la fa\u00e7on dont nous soutenons nos clients dans l&#8217;industrie lourde avec des flexibles robustes pour l&#8217;\u00e9quipement industriel.  <\/p>\n\n<h2 class=\"wp-block-heading\">Flexibles pour machinerie<\/h2>\n\n<p>Les flexibles pour machinerie sont essentiels \u00e0 la fonctionnalit\u00e9 et \u00e0 l&#8217;efficacit\u00e9 des \u00e9quipements de construction et miniers lourds dot\u00e9s de syst\u00e8mes hydrauliques. Les flexibles hydrauliques transf\u00e8rent la puissance sous forme de fluide \u00e0 haute pression des syst\u00e8mes hydrauliques aux vannes, cylindres, moteurs et autres pi\u00e8ces de machinerie, permettant ainsi le mouvement et le contr\u00f4le des composants. <\/p>\n\n<h3 class=\"wp-block-heading\">Bulldozers<\/h3>\n\n<p>Les bulldozers utilisent des syst\u00e8mes hydrauliques et des flexibles robustes pour fournir de la puissance hydraulique \u00e0 leurs lames. Ces composants permettent aux bulldozers de niveler, de classer, de creuser et de pousser le sol et d&#8217;autres mat\u00e9riaux dans les environnements de construction. <\/p>\n\n<h3 class=\"wp-block-heading\">Grues<\/h3>\n\n<p>Pour faire fonctionner la fl\u00e8che \u2014 le composant d&#8217;\u00e9quipement responsable du levage, de la descente et du transport d&#8217;articles et de mat\u00e9riaux lourds \u2014 les grues sont con\u00e7ues avec des v\u00e9rins hydrauliques. Nos flexibles hydrauliques robustes fournissent efficacement la puissance n\u00e9cessaire pour faire fonctionner les v\u00e9rins dans le syst\u00e8me hydraulique d&#8217;une grue. <\/p>\n\n<h3 class=\"wp-block-heading\">Excavatrices<\/h3>\n\n<p>De m\u00eame, le syst\u00e8me hydraulique \u00e0 l&#8217;int\u00e9rieur d&#8217;une excavatrice fournit de la puissance \u00e0 son godet et \u00e0 sa fl\u00e8che. En fournissant un fluide hautement pressuris\u00e9 aux v\u00e9rins hydrauliques de l&#8217;excavatrice, les flexibles pour machinerie aident \u00e0 donner aux op\u00e9rateurs la fonctionnalit\u00e9 de d\u00e9placer ces pi\u00e8ces d&#8217;\u00e9quipement. <\/p>\n\n<h3 class=\"wp-block-heading\">Chargeuses<\/h3>\n\n<p>En fournissant de la puissance aux v\u00e9rins hydrauliques \u00e0 l&#8217;int\u00e9rieur des chargeuses, les flexibles pour machinerie permettent \u00e0 cet \u00e9quipement de hisser le godet sur son avant. Les op\u00e9rateurs peuvent ensuite contr\u00f4ler le godet pour transporter la terre et les mat\u00e9riaux au besoin. <\/p>\n\n<h3 class=\"wp-block-heading\">\u00c9quipement minier<\/h3>\n\n<p>Dans les applications mini\u00e8res, tant au-dessus qu&#8217;en dessous du sol, la plupart des \u00e9quipements utilisent des flexibles miniers hydrauliques pour assurer un fonctionnement en douceur et une alimentation \u00e9lectrique constante. Les exemples de telles machines comprennent : <\/p>\n\n<ul class=\"wp-block-list\">\n<li>Mineurs continus<\/li>\n\n\n\n<li>Dozers<\/li>\n\n\n\n<li>Foreuses<\/li>\n\n\n\n<li>Camions de transport<\/li>\n\n\n\n<li>Pelles hydrauliques<\/li>\n\n\n\n<li>D\u00e9capeuses<\/li>\n<\/ul>\n\n<h2 class=\"wp-block-heading\">Avantages des flexibles dans les machines lourdes<\/h2>\n\n<p>Les flexibles de machinerie industrielle offrent plusieurs avantages pour l&#8217;\u00e9quipement industriel lourd. Les avantages des flexibles hydrauliques dans ces applications comprennent : <\/p>\n\n<ul class=\"wp-block-list\">\n<li><strong>Alimentation \u00e9lectrique efficace :<\/strong> Fonctionnant entre une source d&#8217;alimentation et des composants comme les v\u00e9rins dans les syst\u00e8mes hydrauliques de votre \u00e9quipement, nos flexibles hydrauliques offrent une flexibilit\u00e9 dans le routage pour transf\u00e9rer l&#8217;\u00e9nergie efficacement entre les points avec de faibles pertes d&#8217;\u00e9nergie. Cela donne \u00e0 nos flexibles robustes l&#8217;avantage secondaire d&#8217;\u00eatre rentables, avec des \u00e9conomies potentielles sur les co\u00fbts op\u00e9rationnels et \u00e9nerg\u00e9tiques. <\/li>\n\n\n\n<li><strong>Haute puissance avec un faible encombrement :<\/strong> En plus de g\u00e9rer efficacement les applications \u00e0 haute puissance, les flexibles hydrauliques offrent une densit\u00e9 de puissance optimale en raison de leur forme compacte et de leur faible poids. Ils sont une option id\u00e9ale pour les applications avec des restrictions d&#8217;espace afin que l&#8217;\u00e9quipement de construction et minier n&#8217;ait pas \u00e0 sacrifier la puissance. <\/li>\n\n\n\n<li><strong>Op\u00e9rations plus s\u00fbres :<\/strong> Les flexibles hydrauliques ont une pression nominale sp\u00e9cifi\u00e9e pour vous aider \u00e0 s\u00e9lectionner la bonne option pour soutenir des op\u00e9rations s\u00fbres dans votre \u00e9quipement industriel. Avec un entretien appropri\u00e9 et p\u00e9riodique, ces flexibles robustes et fiables peuvent r\u00e9sister \u00e0 une utilisation intensive et r\u00e9duire le risque d&#8217;accidents du travail et de dommages \u00e0 l&#8217;\u00e9quipement. L&#8217;assemblage, l&#8217;inspection\/l&#8217;entretien et le remplacement appropri\u00e9s des flexibles sont primordiaux.  <\/li>\n\n\n\n<li><strong>Flexibilit\u00e9 accrue pour faciliter le mouvement :<\/strong> Une partie de leur capacit\u00e9 \u00e0 s&#8217;int\u00e9grer dans des zones restreintes est leur flexibilit\u00e9. Nos flexibles pour machinerie r\u00e9ussissent \u00e0 s&#8217;\u00e9tirer autour des coins, \u00e0 man\u0153uvrer entre les composants, et plus encore pour faciliter le mouvement et r\u00e9pondre aux besoins des \u00e9quipements lourds, m\u00eame dans des espaces ou des environnements difficiles. <\/li>\n\n\n\n<li><strong>Performance durable :<\/strong> Les flexibles hydrauliques r\u00e9sistent de mani\u00e8re fiable dans des environnements difficiles, des applications robustes et une utilisation intensive. Con\u00e7us pour l&#8217;industrie lourde, ils offrent une long\u00e9vit\u00e9 optimale. <\/li>\n\n\n\n<li><strong>Applications polyvalentes :<\/strong> Nos flexibles peuvent s&#8217;adapter \u00e0 des syst\u00e8mes hydrauliques complexes personnalis\u00e9s pour transmettre la puissance \u00e0 travers votre \u00e9quipement industriel lourd sp\u00e9cifique. Vous pouvez m\u00eame alimenter plusieurs composants de machinerie \u00e0 la fois. <\/li>\n<\/ul>\n\n<h2 class=\"wp-block-heading\">Contacter Jason<\/h2>\n\n<p>Les flexibles hydrauliques sont efficaces dans les applications \u00e0 travers les secteurs industriel, de la construction et minier. Fournissant de la puissance \u00e0 divers types d&#8217;\u00e9quipements hydrauliques, nos flexibles hydrauliques sont une solution op\u00e9rationnelle s\u00fbre et efficace. Ils vous offrent la maniabilit\u00e9 et la long\u00e9vit\u00e9 dont votre \u00e9quipement lourd a besoin pour g\u00e9rer des conditions de fonctionnement difficiles.  <\/p>\n\n<p>Lorsque vous vous associez \u00e0 Jason pour des flexibles d&#8217;\u00e9quipement industriel lourd, vous avez acc\u00e8s \u00e0 des d\u00e9cennies de connaissance des produits, \u00e0 un service client sup\u00e9rieur et \u00e0 des flexibles de haute qualit\u00e9 pour des op\u00e9rations fiables. <a href=\"https:\/\/jasonhosesolutions.com\/fr\/contact\/\" data-type=\"page\" data-id=\"152\">Contactez-nous<\/a> d\u00e8s aujourd&#8217;hui pour en savoir plus sur la fa\u00e7on dont notre \u00e9quipe peut soutenir vos applications exigeantes dans l&#8217;industrie lourde, ou <a href=\"https:\/\/jasonhosesolutions.com\/fr\/demande-de-devis\/\" data-type=\"page\" data-id=\"122\">demandez un devis<\/a> pour les d\u00e9tails de prix.<\/p>\n","protected":false},"excerpt":{"rendered":"<p>Les flexibles hydrauliques fournissent une puissance efficace et s\u00fbre aux bulldozers, grues, appareils de forage et \u00e9quipements miniers, offrant durabilit\u00e9 et flexibilit\u00e9 dans les environnements difficiles. Jason, la division de flexibles d&#8217;AMMEGA depuis 1958, fournit des flexibles haute performance \u00e0 travers les Am\u00e9riques pour des solutions industrielles lourdes fiables. <\/p>\n","protected":false},"author":1,"featured_media":46521,"parent":45714,"menu_order":0,"comment_status":"closed","ping_status":"closed","template":"","meta":{"_acf_changed":false,"_seopress_robots_primary_cat":"","_seopress_titles_title":"","_seopress_titles_desc":"","_seopress_robots_index":"","footnotes":""},"class_list":["post-45727","page","type-page","status-publish","has-post-thumbnail"],"acf":[],"_links":{"self":[{"href":"https:\/\/jasonhosesolutions.com\/fr\/wp-json\/wp\/v2\/pages\/45727","targetHints":{"allow":["GET"]}}],"collection":[{"href":"https:\/\/jasonhosesolutions.com\/fr\/wp-json\/wp\/v2\/pages"}],"about":[{"href":"https:\/\/jasonhosesolutions.com\/fr\/wp-json\/wp\/v2\/types\/page"}],"author":[{"embeddable":true,"href":"https:\/\/jasonhosesolutions.com\/fr\/wp-json\/wp\/v2\/users\/1"}],"replies":[{"embeddable":true,"href":"https:\/\/jasonhosesolutions.com\/fr\/wp-json\/wp\/v2\/comments?post=45727"}],"version-history":[{"count":0,"href":"https:\/\/jasonhosesolutions.com\/fr\/wp-json\/wp\/v2\/pages\/45727\/revisions"}],"up":[{"embeddable":true,"href":"https:\/\/jasonhosesolutions.com\/fr\/wp-json\/wp\/v2\/pages\/45714"}],"wp:featuredmedia":[{"embeddable":true,"href":"https:\/\/jasonhosesolutions.com\/fr\/wp-json\/wp\/v2\/media\/46521"}],"wp:attachment":[{"href":"https:\/\/jasonhosesolutions.com\/fr\/wp-json\/wp\/v2\/media?parent=45727"}],"curies":[{"name":"wp","href":"https:\/\/api.w.org\/{rel}","templated":true}]}}