{"id":45725,"date":"2025-11-04T07:58:35","date_gmt":"2025-11-04T07:58:35","guid":{"rendered":"https:\/\/jasonhosesolutions.com\/produits\/industriel\/"},"modified":"2026-01-27T15:37:50","modified_gmt":"2026-01-27T15:37:50","slug":"industriel","status":"publish","type":"page","link":"https:\/\/jasonhosesolutions.com\/fr\/produits\/industriel\/","title":{"rendered":"Industriel"},"content":{"rendered":"\n<p>Jason propose une gamme compl\u00e8te de tuyaux industriels en caoutchouc et en thermoplastique, de raccords et d\u2019accessoires pour un large \u00e9ventail d\u2019industries et d\u2019applications. Notre principal centre de distribution de tuyaux est bas\u00e9 \u00e0 Carol Stream, dans l\u2019Illinois. D\u2019autres centres de distribution aux \u00c9tats-Unis sont situ\u00e9s en Californie, en Floride, dans le New Jersey, en Oregon et au Texas afin de fournir des stocks \u00e0 nos clients le plus rapidement possible. D\u2019autres centres de distribution sont situ\u00e9s dans les Am\u00e9riques et peuvent \u00eatre trouv\u00e9s sur notre page <a href=\"https:\/\/jasonhosesolutions.com\/fr\/a-propos-de-nous\/\" data-type=\"page\" data-id=\"144\">\u00e0 propos de nous<\/a>.   <\/p>\n","protected":false},"excerpt":{"rendered":"<p>Jason propose une gamme compl\u00e8te de tuyaux industriels en caoutchouc et en thermoplastique, de raccords et d\u2019accessoires pour un large \u00e9ventail d\u2019industries et d\u2019applications. Notre principal centre de distribution de tuyaux est bas\u00e9 \u00e0 Carol Stream, dans l\u2019Illinois. D\u2019autres centres de distribution aux \u00c9tats-Unis sont situ\u00e9s en Californie, en Floride, dans le New Jersey, en [&hellip;]<\/p>\n","protected":false},"author":1,"featured_media":45557,"parent":45701,"menu_order":0,"comment_status":"closed","ping_status":"closed","template":"","meta":{"_acf_changed":false,"_seopress_robots_primary_cat":"","_seopress_titles_title":"","_seopress_titles_desc":"","_seopress_robots_index":"","footnotes":""},"class_list":["post-45725","page","type-page","status-publish","has-post-thumbnail"],"acf":[],"_links":{"self":[{"href":"https:\/\/jasonhosesolutions.com\/fr\/wp-json\/wp\/v2\/pages\/45725","targetHints":{"allow":["GET"]}}],"collection":[{"href":"https:\/\/jasonhosesolutions.com\/fr\/wp-json\/wp\/v2\/pages"}],"about":[{"href":"https:\/\/jasonhosesolutions.com\/fr\/wp-json\/wp\/v2\/types\/page"}],"author":[{"embeddable":true,"href":"https:\/\/jasonhosesolutions.com\/fr\/wp-json\/wp\/v2\/users\/1"}],"replies":[{"embeddable":true,"href":"https:\/\/jasonhosesolutions.com\/fr\/wp-json\/wp\/v2\/comments?post=45725"}],"version-history":[{"count":0,"href":"https:\/\/jasonhosesolutions.com\/fr\/wp-json\/wp\/v2\/pages\/45725\/revisions"}],"up":[{"embeddable":true,"href":"https:\/\/jasonhosesolutions.com\/fr\/wp-json\/wp\/v2\/pages\/45701"}],"wp:featuredmedia":[{"embeddable":true,"href":"https:\/\/jasonhosesolutions.com\/fr\/wp-json\/wp\/v2\/media\/45557"}],"wp:attachment":[{"href":"https:\/\/jasonhosesolutions.com\/fr\/wp-json\/wp\/v2\/media?parent=45725"}],"curies":[{"name":"wp","href":"https:\/\/api.w.org\/{rel}","templated":true}]}}