{"id":45718,"date":"2025-11-11T13:15:32","date_gmt":"2025-11-11T13:15:32","guid":{"rendered":"https:\/\/jasonhosesolutions.com\/secteurs-dactivite\/tuyaux-pour-lagriculture\/"},"modified":"2026-02-04T12:54:48","modified_gmt":"2026-02-04T12:54:48","slug":"tuyaux-pour-lagriculture","status":"publish","type":"page","link":"https:\/\/jasonhosesolutions.com\/fr\/secteurs-dactivite\/tuyaux-pour-lagriculture\/","title":{"rendered":"Tuyaux pour l\u2019agriculture"},"content":{"rendered":"\n<p>Jason propose une vaste s\u00e9lection de produits industriels et agricoles. Nous sommes fiers de servir des clients dans des secteurs tr\u00e8s vari\u00e9s avec des tuyaux et des raccords de haute qualit\u00e9 sur lesquels les entreprises, les agriculteurs et les propri\u00e9taires comptent pour une performance sup\u00e9rieure et une utilisation durable. Nous accordons \u00e9galement la priorit\u00e9 \u00e0 un excellent service \u00e0 la client\u00e8le et \u00e0 une disponibilit\u00e9 facile des produits afin que nos clients n\u2019aient pas \u00e0 se soucier des temps d\u2019arr\u00eat impr\u00e9vus et de l\u2019attente de pi\u00e8ces de rechange. Vous pouvez trouver nos produits dans les ranchs, les fermes et les quincailleries.   <\/p>\n\n<figure class=\"wp-block-video\"><video height=\"734\" style=\"aspect-ratio: 1292 \/ 734;\" width=\"1292\" controls=\"\" poster=\"https:\/\/jasonhosesolutions.com\/wp-content\/uploads\/2025\/12\/screenshot-2025-08-06-125803.jpg\" src=\"https:\/\/jasonhosesolutions.com\/wp-content\/uploads\/2025\/12\/agriculture-video.mp4\"><\/video><\/figure>\n\n<h2 class=\"wp-block-heading\">R\u00f4le des tuyaux agricoles<\/h2>\n\n<p>Les entreprises et les op\u00e9rations agricoles doivent tenir compte de nombreux facteurs lors de la mise en place de syst\u00e8mes de transport d\u2019eau et de mat\u00e9riaux ou de soins aux animaux de ferme et aux plantations. Par exemple, les fermes ont besoin d\u2019un \u00e9quipement robuste qui peut r\u00e9sister \u00e0 l\u2019abrasion, aux environnements ext\u00e9rieurs et \u00e0 une utilisation rude ou fr\u00e9quente. De plus, les fermes et les ranchs ont souvent de nombreux b\u00e2timents annexes, dont certains peuvent se trouver dans des endroits plus \u00e9loign\u00e9s, et ils ont besoin de tuyaux fiables pour transf\u00e9rer efficacement les mat\u00e9riaux vers les champs ou les structures \u00e9loign\u00e9s.<br\/>Quels que soient vos besoins, nos tuyaux industriels facilitent une foule de proc\u00e9dures agricoles et constituent une solution de produit id\u00e9ale pour les \u00e9l\u00e9ments suivants\u00a0:  <\/p>\n\n<ul class=\"wp-block-list\">\n<li><strong>Arrosage du b\u00e9tail\u00a0:<\/strong> Une pr\u00e9occupation primordiale dans le soin des animaux de ferme est qu\u2019ils soient correctement nourris et qu\u2019ils aient suffisamment \u00e0 boire. Les tuyaux agricoles fourniront de mani\u00e8re fiable et efficace de l\u2019eau potable pour le b\u00e9tail de votre exploitation agricole. <\/li>\n\n\n\n<li><strong>Irrigation des cultures\u00a0:<\/strong> Avec un temps aussi peu fiable qu\u2019il l\u2019est, il est important de mettre en place des syst\u00e8mes d\u2019irrigation pour fournir suffisamment d\u2019eau aux cultures arables. La capacit\u00e9 de transporter l\u2019eau dans vos champs peut aider \u00e0 assurer des cultures plus fortes et un rendement am\u00e9lior\u00e9. <\/li>\n\n\n\n<li><strong>\u00c9pandage d\u2019engrais\u00a0:<\/strong> L\u2019engrais est un autre mat\u00e9riau essentiel \u00e0 la croissance r\u00e9ussie des cultures, car il fournit aux plantes et au sol les nutriments appropri\u00e9s. L\u2019utilisation de tuyaux agricoles pour la diffusion d\u2019engrais sur le sol d\u2019un champ vous permet d\u2019obtenir une r\u00e9partition uniforme. De m\u00eame, ils peuvent distribuer de la mousse de tourbe, qui aide \u00e0 absorber et \u00e0 retenir l\u2019eau, et \u00e0 \u00e9taler du paillis pour une nutrition suppl\u00e9mentaire du sol et la suppression des mauvaises herbes.  <\/li>\n\n\n\n<li><strong>Manutention des c\u00e9r\u00e9ales\u00a0:<\/strong> De nombreuses fermes doivent traiter et stocker efficacement de grands volumes de c\u00e9r\u00e9ales. Les tuyaux agricoles facilitent la r\u00e9ception et le transfert de ces c\u00e9r\u00e9ales dans les installations de manutention et les d\u00e9pendances d\u2019une ferme. <\/li>\n\n\n\n<li><strong>Alimentation en carburant\u00a0:<\/strong> Nos tuyaux sont \u00e9galement aptes \u00e0 fournir du carburant pour divers \u00e9quipements agricoles lourds. Ils peuvent fournir n\u2019importe quoi, de l\u2019essence standard au biodiesel, \u00e9tant donn\u00e9 leur r\u00e9sistance \u00e0 diverses substances chimiques. <\/li>\n\n\n\n<li><strong>Protection contre les inondations\u00a0:<\/strong> En particulier entre les zones \u00e9loign\u00e9es d\u2019une ferme ou d\u2019un ranch, les tuyaux agricoles peuvent vous aider \u00e0 pr\u00e9parer votre exploitation \u00e0 d\u2019\u00e9ventuelles inondations. Ils favorisent l\u2019autosuffisance face \u00e0 une urgence afin de minimiser les perturbations. <\/li>\n<\/ul>\n\n<h2 class=\"wp-block-heading\">Quel type de tuyau d\u2019ext\u00e9rieur le secteur agricole utilise-t-il\u00a0?<\/h2>\n\n<p>Le march\u00e9 agricole n\u00e9cessite une gamme de diff\u00e9rents types de tuyaux d\u2019ext\u00e9rieur pour r\u00e9pondre aux besoins des diverses applications ci-dessus. Une vari\u00e9t\u00e9 courante, cependant, est celle des tuyaux flexibles. Ces vari\u00e9t\u00e9s polyvalentes et bien con\u00e7ues de Jason permettent aux travailleurs du secteur agricole d\u2019am\u00e9liorer l\u2019efficacit\u00e9, d\u2019augmenter le rendement et de r\u00e9pondre aux demandes du march\u00e9 dans le cadre de nombreuses op\u00e9rations d\u2019agriculture \u00e9cologiquement durable.<br\/>Le caoutchouc thermoplastique est un choix populaire pour les tuyaux flexibles en raison de son rapport co\u00fbt-efficacit\u00e9 et de sa disponibilit\u00e9 dans une myriade de couleurs. Il est important de noter que le mat\u00e9riau est un bon choix pour les applications ext\u00e9rieures comme les tuyaux, car il offre une r\u00e9sistance \u00e9lev\u00e9e \u00e0 la traction et un allongement ainsi qu\u2019une r\u00e9sistance \u00e0 l\u2019humidit\u00e9, aux conditions thermiques variables, aux produits chimiques, \u00e0 la lumi\u00e8re ultraviolette, aux d\u00e9chirures, \u00e0 l\u2019abrasion et \u00e0 la d\u00e9formation. Il offre une durabilit\u00e9 impressionnante et durable pour les projets agricoles robustes, ainsi qu\u2019une libert\u00e9 de conception optimale.    <\/p>\n\n<h2 class=\"wp-block-heading\">Quels produits agricoles Jason propose-t-il\u00a0?<\/h2>\n\n<p>Nos cat\u00e9gories de produits les plus populaires comprennent\u00a0:<\/p>\n\n<ul class=\"wp-block-list\">\n<li>Tuyaux d&#8217;air<\/li>\n\n\n\n<li>Tuyaux de transfert de carburant<\/li>\n\n\n\n<li>Tuyaux et adaptateurs hydrauliques<\/li>\n\n\n\n<li>Tubes tress\u00e9s \u2013 PVC<\/li>\n\n\n\n<li>Tuyaux de pulv\u00e9risateur \u2013 EPDM<\/li>\n\n\n\n<li>Tuyau d\u2019ammoniac anhydre \u2013 EVA<\/li>\n\n\n\n<li>Tuyaux d&#8217;aspiration et de refoulement<\/li>\n\n\n\n<li>Raccords et cr\u00e9pines<\/li>\n<\/ul>\n\n<h2 class=\"wp-block-heading\">Tuyaux et raccords agricoles de Jason<\/h2>\n\n<p>Voici quelques-uns de nos tuyaux et raccords les plus populaires\u00a0:<\/p>\n\n<ul class=\"wp-block-list\">\n<li><strong>Tuyau de transfert de carburant pour r\u00e9servoir de ferme\u00a0:<\/strong> Ce tuyau de transfert robuste renforc\u00e9 de polyester peut distribuer du biodiesel (jusqu\u2019\u00e0 B20), de l\u2019\u00e9thanol (jusqu\u2019\u00e0 E15), de l\u2019essence, du diesel et du k\u00e9ros\u00e8ne. Le tuyau peut r\u00e9sister \u00e0 une large plage de temp\u00e9ratures de -20\u00a0\u00b0F \u00e0 160\u00a0\u00b0F pour une utilisation toute l\u2019ann\u00e9e. <\/li>\n\n\n\n<li><strong>Tuyau de refoulement d\u2019eau plat en PVC bleu\u00a0:<\/strong> Le tuyau s\u2019enroule \u00e0 plat pour le stockage. Les principales utilisations sont pour l\u2019agriculture, l\u2019irrigation goutte \u00e0 goutte, la construction g\u00e9n\u00e9rale et les applications de gestion de l\u2019eau. Il est renforc\u00e9 avec du fil de polyester pour une durabilit\u00e9 et une performance \u00e0 long terme. Nous fournissons \u00e9galement des tuyaux de refoulement \u00e0 usage moyen (rouge, PVC) et \u00e0 usage intensif (blanc, SBR).   <\/li>\n\n\n\n<li><strong>Tuyau d&#8217;aspiration d&#8217;eau en PVC vert\u00a0:<\/strong> Ce tuyau ondul\u00e9 renforc\u00e9 maintient une section transversale circulaire. Il est flexible mais renforc\u00e9 pour g\u00e9rer les applications d&#8217;aspiration et de refoulement. <\/li>\n\n\n\n<li><strong>Tuyau d\u2019aspiration alimentaire FDA et USDA\u00a0:<\/strong> Nous maintenons une s\u00e9lection compl\u00e8te de tuyaux conformes \u00e0 la FDA et \u00e0 l\u2019USDA qui peuvent \u00eatre utilis\u00e9s pour transporter des aliments et des produits d\u2019origine animale sans contamination. Notre tuyau en PVC a une h\u00e9lice dans le sens des aiguilles d\u2019une montre pour l\u2019int\u00e9grit\u00e9 structurelle, peut supporter des temp\u00e9ratures de -5\u00a0\u00b0F \u00e0 140\u00a0\u00b0F et est transparent pour faciliter les inspections et la surveillance. Les utilisations courantes comprennent le transport d\u2019eau potable, de produits laitiers et d\u2019autres liquides de qualit\u00e9 alimentaire.  <\/li>\n<\/ul>\n\n<h2 class=\"wp-block-heading\">Pourquoi s\u2019associer \u00e0 Jason pour les tuyaux et raccords agricoles\u00a0?<\/h2>\n\n<p>Chez Jason, nous sommes fiers d\u2019\u00eatre un guichet unique pour tous les besoins de nos clients en mati\u00e8re de tuyaux et de raccords. Nous produisons et fournissons des tuyaux, des raccords et des accessoires de haute qualit\u00e9 pour une large gamme d\u2019applications agricoles, y compris l\u2019irrigation, les soins aux animaux et la r\u00e9ponse aux inondations d\u2019urgence. Nous maintenons un stock important pour r\u00e9pondre aux besoins de nos clients \u00e0 travers le pays. Chaque tuyau est con\u00e7u pour offrir un haut degr\u00e9 de performance et pour durer pendant des ann\u00e9es d\u2019utilisation fr\u00e9quente. Nous utilisons des mat\u00e9riaux robustes et de haute qualit\u00e9 pour le corps et le renforcement de chaque tuyau tout en offrant des prix rentables. Nous offrons des produits de tuyaux qui sont flexibles, l\u00e9gers et capables de r\u00e9sister \u00e0 des temp\u00e9ratures \u00e9lev\u00e9es et basses pour une utilisation toute l\u2019ann\u00e9e.     <\/p>\n\n<h2 class=\"wp-block-heading\">Contactez Jason pour les tuyaux agricoles<\/h2>\n\n<p>Travailler dans le secteur agricole est un travail difficile. L\u2019\u00e9quipe de Jason s\u2019efforce de soutenir nos clients agricoles en Am\u00e9rique du Nord, du Sud et centrale en rendant ce travail aussi simple que possible. Nous offrons une vaste gamme de tuyaux industriels ainsi que des raccords pour r\u00e9pondre aux besoins des exigences d\u2019application sp\u00e9cifiques \u00e0 l\u2019industrie pour des op\u00e9rations ininterrompues et un service fiable. <a href=\"https:\/\/jasonindustrial.com\/contact-us\/\">Contactez-nous<\/a> d\u00e8s aujourd\u2019hui pour en savoir plus sur nos produits durables pour le secteur agricole, ou <a href=\"https:\/\/jasonindustrial.com\/request-for-quote\/\">demandez un devis<\/a> pour commencer.  <\/p>\n\n<p><\/p>\n","protected":false},"excerpt":{"rendered":"<p>Assurez le bon fonctionnement de vos op\u00e9rations, des semis \u00e0 la r\u00e9colte. Trouvez des courroies de remplacement durables pour votre \u00e9quipement et des tuyaux fiables pour l\u2019irrigation, les engrais liquides et la manutention des c\u00e9r\u00e9ales en vrac. <\/p>\n","protected":false},"author":1,"featured_media":46258,"parent":45714,"menu_order":0,"comment_status":"closed","ping_status":"closed","template":"","meta":{"_acf_changed":false,"_seopress_robots_primary_cat":"","_seopress_titles_title":"","_seopress_titles_desc":"","_seopress_robots_index":"","footnotes":""},"class_list":["post-45718","page","type-page","status-publish","has-post-thumbnail"],"acf":[],"_links":{"self":[{"href":"https:\/\/jasonhosesolutions.com\/fr\/wp-json\/wp\/v2\/pages\/45718","targetHints":{"allow":["GET"]}}],"collection":[{"href":"https:\/\/jasonhosesolutions.com\/fr\/wp-json\/wp\/v2\/pages"}],"about":[{"href":"https:\/\/jasonhosesolutions.com\/fr\/wp-json\/wp\/v2\/types\/page"}],"author":[{"embeddable":true,"href":"https:\/\/jasonhosesolutions.com\/fr\/wp-json\/wp\/v2\/users\/1"}],"replies":[{"embeddable":true,"href":"https:\/\/jasonhosesolutions.com\/fr\/wp-json\/wp\/v2\/comments?post=45718"}],"version-history":[{"count":0,"href":"https:\/\/jasonhosesolutions.com\/fr\/wp-json\/wp\/v2\/pages\/45718\/revisions"}],"up":[{"embeddable":true,"href":"https:\/\/jasonhosesolutions.com\/fr\/wp-json\/wp\/v2\/pages\/45714"}],"wp:featuredmedia":[{"embeddable":true,"href":"https:\/\/jasonhosesolutions.com\/fr\/wp-json\/wp\/v2\/media\/46258"}],"wp:attachment":[{"href":"https:\/\/jasonhosesolutions.com\/fr\/wp-json\/wp\/v2\/media?parent=45718"}],"curies":[{"name":"wp","href":"https:\/\/api.w.org\/{rel}","templated":true}]}}