{"id":45714,"date":"2025-11-04T06:32:08","date_gmt":"2025-11-04T06:32:08","guid":{"rendered":"https:\/\/jasonhosesolutions.com\/secteurs-dactivite\/"},"modified":"2026-03-23T07:07:38","modified_gmt":"2026-03-23T07:07:38","slug":"secteurs-dactivite","status":"publish","type":"page","link":"https:\/\/jasonhosesolutions.com\/fr\/secteurs-dactivite\/","title":{"rendered":"Secteurs d\u2019activit\u00e9"},"content":{"rendered":"\n<p>Chez Jason Hose Solutions, nous pensons que les choses les plus essentielles de la vie passent souvent inaper\u00e7ues. Nos tuyaux sont la force tranquille derri\u00e8re les syst\u00e8mes qui alimentent votre monde, d\u00e9pla\u00e7ant les liquides, les gaz et les mat\u00e9riaux avec pr\u00e9cision et fiabilit\u00e9. De la nourriture que vous mangez \u00e0 l\u2019\u00e9nergie qui alimente votre journ\u00e9e, les tuyaux Jason sont l\u00e0, travaillant dans les coulisses, permettant le progr\u00e8s dans tous les secteurs.  <\/p>\n\n<p><strong>Essential Everywhere<\/strong> est plus qu\u2019un message, c\u2019est notre engagement. Une promesse que partout o\u00f9 il y a un besoin de force, de s\u00e9curit\u00e9 et de performance, Jason est l\u00e0. Qu\u2019il s\u2019agisse de l\u2019agriculture, de la construction, de l\u2019\u00e9nergie ou de la fabrication, nous fournissons des solutions de tuyaux con\u00e7ues pour r\u00e9pondre aux exigences les plus strictes de chaque environnement.  <\/p>\n\n<p>Explorez les secteurs que nous desservons ci-dessous et d\u00e9couvrez comment Jason Hose Solutions est essentiel \u00e0 votre succ\u00e8s.<\/p>\n","protected":false},"excerpt":{"rendered":"<p>Chez Jason Hose Solutions, nous pensons que les choses les plus essentielles de la vie passent souvent inaper\u00e7ues. Nos tuyaux sont la force tranquille derri\u00e8re les syst\u00e8mes qui alimentent votre monde, d\u00e9pla\u00e7ant les liquides, les gaz et les mat\u00e9riaux avec pr\u00e9cision et fiabilit\u00e9. De la nourriture que vous mangez \u00e0 l\u2019\u00e9nergie qui alimente votre journ\u00e9e, [&hellip;]<\/p>\n","protected":false},"author":1,"featured_media":45715,"parent":0,"menu_order":0,"comment_status":"closed","ping_status":"closed","template":"","meta":{"_acf_changed":false,"_seopress_robots_primary_cat":"","_seopress_titles_title":"","_seopress_titles_desc":"","_seopress_robots_index":"","_seopress_analysis_target_kw":"","footnotes":""},"class_list":["post-45714","page","type-page","status-publish","has-post-thumbnail"],"acf":[],"_links":{"self":[{"href":"https:\/\/jasonhosesolutions.com\/fr\/wp-json\/wp\/v2\/pages\/45714","targetHints":{"allow":["GET"]}}],"collection":[{"href":"https:\/\/jasonhosesolutions.com\/fr\/wp-json\/wp\/v2\/pages"}],"about":[{"href":"https:\/\/jasonhosesolutions.com\/fr\/wp-json\/wp\/v2\/types\/page"}],"author":[{"embeddable":true,"href":"https:\/\/jasonhosesolutions.com\/fr\/wp-json\/wp\/v2\/users\/1"}],"replies":[{"embeddable":true,"href":"https:\/\/jasonhosesolutions.com\/fr\/wp-json\/wp\/v2\/comments?post=45714"}],"version-history":[{"count":2,"href":"https:\/\/jasonhosesolutions.com\/fr\/wp-json\/wp\/v2\/pages\/45714\/revisions"}],"predecessor-version":[{"id":60556,"href":"https:\/\/jasonhosesolutions.com\/fr\/wp-json\/wp\/v2\/pages\/45714\/revisions\/60556"}],"wp:featuredmedia":[{"embeddable":true,"href":"https:\/\/jasonhosesolutions.com\/fr\/wp-json\/wp\/v2\/media\/45715"}],"wp:attachment":[{"href":"https:\/\/jasonhosesolutions.com\/fr\/wp-json\/wp\/v2\/media?parent=45714"}],"curies":[{"name":"wp","href":"https:\/\/api.w.org\/{rel}","templated":true}]}}