{"id":45707,"date":"2025-11-04T03:09:44","date_gmt":"2025-11-04T03:09:44","guid":{"rendered":"https:\/\/jasonhosesolutions.com\/conditions-dutilisation\/"},"modified":"2026-01-27T15:36:13","modified_gmt":"2026-01-27T15:36:13","slug":"conditions-dutilisation","status":"publish","type":"page","link":"https:\/\/jasonhosesolutions.com\/fr\/conditions-dutilisation\/","title":{"rendered":"Conditions d\u2019utilisation"},"content":{"rendered":"\n<p>Veuillez lire attentivement les pr\u00e9sentes Conditions d\u2019utilisation (\u00ab\u00a0Conditions\u00a0\u00bb, \u00ab\u00a0Conditions d\u2019utilisation\u00a0\u00bb) avant d\u2019utiliser le site web <a href=\"https:\/\/jasonhosesolutions.com\/fr\/\">jasonhosesolutions.com<\/a> (le \u00ab\u00a0Service\u00a0\u00bb) exploit\u00e9 par Jason (\u00ab\u00a0nous\u00a0\u00bb, \u00ab\u00a0notre\u00a0\u00bb ou \u00ab\u00a0nos\u00a0\u00bb).<\/p>\n\n<p>Votre acc\u00e8s au Service et son utilisation sont conditionn\u00e9s par votre acceptation et votre respect des pr\u00e9sentes Conditions. Les pr\u00e9sentes Conditions s\u2019appliquent \u00e0 tous les visiteurs, utilisateurs et autres personnes qui acc\u00e8dent au Service ou l\u2019utilisent. <\/p>\n\n<p>En acc\u00e9dant au Service ou en l\u2019utilisant, vous acceptez d\u2019\u00eatre li\u00e9 par les pr\u00e9sentes Conditions. Si vous n\u2019\u00eates pas d\u2019accord avec une partie quelconque des conditions, vous ne pouvez pas acc\u00e9der au Service. <\/p>\n\n<h2 class=\"wp-block-heading\">Propri\u00e9t\u00e9 intellectuelle<\/h2>\n\n<p>Le Service et son contenu original, ses caract\u00e9ristiques et ses fonctionnalit\u00e9s sont et resteront la propri\u00e9t\u00e9 exclusive de Jason et de ses conc\u00e9dants de licence.<\/p>\n\n<h2 class=\"wp-block-heading\">Liens vers d\u2019autres sites Web<\/h2>\n\n<p>Notre Service peut contenir des liens vers des sites Web ou des services de tiers qui ne sont pas d\u00e9tenus ou contr\u00f4l\u00e9s par Jason.<\/p>\n\n<p>Jason n\u2019a aucun contr\u00f4le sur le contenu, les politiques de confidentialit\u00e9 ou les pratiques des sites Web ou services de tiers et n\u2019assume aucune responsabilit\u00e9 \u00e0 cet \u00e9gard. Vous reconnaissez et acceptez \u00e9galement que Jason ne saurait \u00eatre tenu responsable, directement ou indirectement, de tout dommage ou perte caus\u00e9 ou pr\u00e9tendument caus\u00e9 par ou en relation avec l\u2019utilisation ou la confiance accord\u00e9e \u00e0 un tel contenu, \u00e0 de tels biens ou \u00e0 de tels services disponibles sur ou via de tels sites Web ou services. <\/p>\n\n<p>Nous vous conseillons vivement de lire les conditions g\u00e9n\u00e9rales et les politiques de confidentialit\u00e9 de tout site Web ou service tiers que vous visitez.<\/p>\n\n<h2 class=\"wp-block-heading\">R\u00e9siliation<\/h2>\n\n<p>Nous pouvons r\u00e9silier ou suspendre l\u2019acc\u00e8s \u00e0 notre Service imm\u00e9diatement, sans pr\u00e9avis ni responsabilit\u00e9, pour quelque raison que ce soit, y compris, sans limitation, si vous violez les Conditions.<\/p>\n\n<p>Toutes les dispositions des Conditions qui, de par leur nature, devraient survivre \u00e0 la r\u00e9siliation survivront \u00e0 la r\u00e9siliation, y compris, sans limitation, les dispositions relatives \u00e0 la propri\u00e9t\u00e9, les exclusions de garantie, l\u2019indemnisation et les limitations de responsabilit\u00e9.<\/p>\n\n<h2 class=\"wp-block-heading\">Avis de non-responsabilit\u00e9<\/h2>\n\n<p>Votre utilisation du Service est \u00e0 vos propres risques. Le Service est fourni \u00ab\u00a0TEL QUEL\u00a0\u00bb et \u00ab\u00a0SELON LA DISPONIBILIT\u00c9\u00a0\u00bb. Le Service est fourni sans garantie d\u2019aucune sorte, expresse ou implicite, y compris, mais sans s\u2019y limiter, les garanties implicites de qualit\u00e9 marchande, d\u2019ad\u00e9quation \u00e0 un usage particulier, d\u2019absence de contrefa\u00e7on ou de d\u00e9roulement de l\u2019ex\u00e9cution.  <\/p>\n\n<h2 class=\"wp-block-heading\">Droit applicable<\/h2>\n\n<p>Les pr\u00e9sentes Conditions sont r\u00e9gies et interpr\u00e9t\u00e9es conform\u00e9ment aux lois des \u00c9tats-Unis, sans \u00e9gard \u00e0 ses dispositions relatives aux conflits de lois.<\/p>\n\n<p>Notre incapacit\u00e9 \u00e0 faire appliquer un droit ou une disposition des pr\u00e9sentes Conditions ne sera pas consid\u00e9r\u00e9e comme une renonciation \u00e0 ces droits. Si une disposition des pr\u00e9sentes Conditions est jug\u00e9e invalide ou inapplicable par un tribunal, les dispositions restantes des pr\u00e9sentes Conditions resteront en vigueur. Les pr\u00e9sentes Conditions constituent l\u2019int\u00e9gralit\u00e9 de l\u2019accord entre nous concernant notre Service, et remplacent tous les accords ant\u00e9rieurs que nous pourrions avoir entre nous concernant le Service.  <\/p>\n\n<h2 class=\"wp-block-heading\">Modifications<\/h2>\n\n<p>Nous nous r\u00e9servons le droit, \u00e0 notre seule discr\u00e9tion, de modifier ou de remplacer les pr\u00e9sentes Conditions \u00e0 tout moment. Si une r\u00e9vision est importante, nous essaierons de fournir un pr\u00e9avis d\u2019au moins 30\u00a0jours avant l\u2019entr\u00e9e en vigueur de toute nouvelle condition. Ce qui constitue un changement important sera d\u00e9termin\u00e9 \u00e0 notre seule discr\u00e9tion.  <\/p>\n\n<p>En continuant d\u2019acc\u00e9der \u00e0 notre Service ou de l\u2019utiliser apr\u00e8s l\u2019entr\u00e9e en vigueur de ces r\u00e9visions, vous acceptez d\u2019\u00eatre li\u00e9 par les conditions r\u00e9vis\u00e9es. Si vous n\u2019acceptez pas les nouvelles conditions, veuillez cesser d\u2019utiliser le Service. <\/p>\n\n<h2 class=\"wp-block-heading\">Nous contacter<\/h2>\n\n<p>Si vous avez des questions concernant ces conditions, veuillez nous contacter.<\/p>\n","protected":false},"excerpt":{"rendered":"<p>Veuillez lire attentivement les pr\u00e9sentes Conditions d\u2019utilisation (\u00ab\u00a0Conditions\u00a0\u00bb, \u00ab\u00a0Conditions d\u2019utilisation\u00a0\u00bb) avant d\u2019utiliser le site web jasonhosesolutions.com (le \u00ab\u00a0Service\u00a0\u00bb) exploit\u00e9 par Jason (\u00ab\u00a0nous\u00a0\u00bb, \u00ab\u00a0notre\u00a0\u00bb ou \u00ab\u00a0nos\u00a0\u00bb). Votre acc\u00e8s au Service et son utilisation sont conditionn\u00e9s par votre acceptation et votre respect des pr\u00e9sentes Conditions. Les pr\u00e9sentes Conditions s\u2019appliquent \u00e0 tous les visiteurs, utilisateurs et autres personnes [&hellip;]<\/p>\n","protected":false},"author":1,"featured_media":0,"parent":0,"menu_order":0,"comment_status":"closed","ping_status":"closed","template":"","meta":{"_acf_changed":false,"_seopress_robots_primary_cat":"","_seopress_titles_title":"","_seopress_titles_desc":"","_seopress_robots_index":"","footnotes":""},"class_list":["post-45707","page","type-page","status-publish"],"acf":[],"_links":{"self":[{"href":"https:\/\/jasonhosesolutions.com\/fr\/wp-json\/wp\/v2\/pages\/45707","targetHints":{"allow":["GET"]}}],"collection":[{"href":"https:\/\/jasonhosesolutions.com\/fr\/wp-json\/wp\/v2\/pages"}],"about":[{"href":"https:\/\/jasonhosesolutions.com\/fr\/wp-json\/wp\/v2\/types\/page"}],"author":[{"embeddable":true,"href":"https:\/\/jasonhosesolutions.com\/fr\/wp-json\/wp\/v2\/users\/1"}],"replies":[{"embeddable":true,"href":"https:\/\/jasonhosesolutions.com\/fr\/wp-json\/wp\/v2\/comments?post=45707"}],"version-history":[{"count":0,"href":"https:\/\/jasonhosesolutions.com\/fr\/wp-json\/wp\/v2\/pages\/45707\/revisions"}],"wp:attachment":[{"href":"https:\/\/jasonhosesolutions.com\/fr\/wp-json\/wp\/v2\/media?parent=45707"}],"curies":[{"name":"wp","href":"https:\/\/api.w.org\/{rel}","templated":true}]}}