{"id":45628,"date":"2025-11-12T10:03:48","date_gmt":"2025-11-12T10:03:48","guid":{"rendered":"https:\/\/jasonhosesolutions.com\/raccords-hydrauliques\/"},"modified":"2026-02-09T11:30:54","modified_gmt":"2026-02-09T11:30:54","slug":"raccords-hydrauliques","status":"publish","type":"page","link":"https:\/\/jasonhosesolutions.com\/fr\/produits\/produits-hydrauliques\/raccords-hydrauliques\/","title":{"rendered":"Raccords hydrauliques"},"content":{"rendered":"\n<p>Les syst\u00e8mes hydrauliques n\u00e9cessitent des raccords durables et de haute qualit\u00e9 pour cr\u00e9er une connexion s\u00e9curis\u00e9e entre les tuyaux et les tubes. Chez Jason, nous proposons une s\u00e9lection de raccords hydrauliques fiables pour une gamme d&#8217;applications. <\/p>\n\n\n\n<h2 class=\"wp-block-heading\">Types de raccords hydrauliques<\/h2>\n\n\n\n<p>Pour r\u00e9pondre aux divers besoins de nos clients, nous proposons une s\u00e9lection de raccords hydrauliques \u00e0 sertir int\u00e9gral, de type \u00ab&nbsp;bite the wire&nbsp;\u00bb, dans nos s\u00e9ries 12, 40 et 60.<\/p>\n\n\n\n<p><strong>SAE J514, \u00c9vasement \u00e0 37\u00b0<\/strong><br>\u00c9galement appel\u00e9 JIC \u00e0 \u00e9vasement \u00e0 37\u00b0, ce raccord est dot\u00e9 d&#8217;un si\u00e8ge m\u00e2le \u00e0 37\u00b0 qui s&#8217;ins\u00e8re dans le si\u00e8ge femelle \u00e0 \u00e9vasement \u00e0 37\u00b0 lors de la fixation de filetages droits. Les syst\u00e8mes hydrauliques sont des applications courantes pour ces raccords. <\/p>\n\n\n\n<p><strong>SAE J514 Raccord \u00e0 joint torique \u00e0 filetage droit<\/strong><br>Bien qu&#8217;il pr\u00e9sente les m\u00eames filetages que le J514 \u00e0 \u00e9vasement \u00e0 37\u00b0, ce raccord utilise un joint torique au lieu de l&#8217;\u00e9vasement \u00e0 37\u00b0. Captur\u00e9 avec un lamage conique, le joint torique cr\u00e9e un joint solide lorsqu&#8217;il est mont\u00e9 avec l&#8217;orifice femelle du bossage de joint torique. <\/p>\n\n\n\n<p><strong>SAE J1453 Joint d&#8217;\u00e9tanch\u00e9it\u00e9 \u00e0 face \u00e0 joint torique<\/strong><br>Ce joint con\u00e7u pour \u00eatre \u00e9tanche est capable de r\u00e9sister \u00e0 des niveaux de pression allant jusqu&#8217;\u00e0 6&nbsp;000&nbsp;PSI sur certaines tailles. Il est dot\u00e9 d&#8217;une extr\u00e9mit\u00e9 m\u00e2le avec des filetages droits et un joint torique dans sa face qui se connecte \u00e0 la face plate du si\u00e8ge femelle, le tout maintenu m\u00e9caniquement \u00e0 l&#8217;aide d&#8217;un \u00e9crou femelle pivotant. <\/p>\n\n\n\n<p><strong>SAE J512, \u00c9vasement \u00e0 45\u00b0<\/strong><br>Les si\u00e8ges et les filetages de ces connecteurs sur certaines tailles sont similaires \u00e0 ceux des J514 \u00e0 \u00e9vasement \u00e0 37\u00b0, mais avec un angle d&#8217;\u00e9vasement de 45\u00b0. Compte tenu de leurs similitudes, il est important de les identifier positivement en fonction de leurs \u00e9vasements et de leurs filetages. Compatibles avec les applications \u00e0 basse pression, les utilisations courantes comprennent les adaptateurs en laiton et les syst\u00e8mes hydrauliques automobiles.  <\/p>\n\n\n\n<p><strong>Filetages de tuyaux am\u00e9ricains (NPTF et NPSM)<\/strong><br>Un type de raccord tr\u00e8s courant, ces raccords utilisent deux techniques d&#8217;\u00e9tanch\u00e9it\u00e9. Le filetage conique m\u00e2le National Pipe Taper Fuel (NPTF), ou Dryseal, s&#8217;embo\u00eete avec un filetage femelle conique NPTF servant g\u00e9n\u00e9ralement d&#8217;orifice. Le joint est form\u00e9 en \u00e9crasant les filetages m\u00e2les et femelles ensemble.  <\/p>\n\n\n\n<p>Alternativement, les filetages m\u00e2les Pipe Thread Fuel (PTF), ou Dryseal court, sont plus courts que les vari\u00e9t\u00e9s NPTF d&#8217;un filetage \u00e0 l&#8217;extr\u00e9mit\u00e9 petite et conique. Sinon, leurs filetages sont semblables. Du ruban PTFE, du scellant \u00e0 filetage et d&#8217;autres aides \u00e0 l&#8217;\u00e9tanch\u00e9it\u00e9 peuvent \u00eatre utilis\u00e9s conjointement pour un joint plus efficace.  <\/p>\n\n\n\n<p>Les raccords m\u00e2les avec un si\u00e8ge \u00e0 30\u00b0 sont compatibles avec le si\u00e8ge conique \u00e0 30\u00b0 d&#8217;un raccord femelle pivotant \u00e0 filetage droit National Pipe Straight Mechanical (NPSM). Il est g\u00e9n\u00e9ralement pr\u00e9sent sur un adaptateur, et les filetages fixent m\u00e9caniquement la connexion. <\/p>\n\n\n\n<p><strong>British Standard Pipe \u2013 BSP<\/strong><br>Les raccords BSP sont disponibles en types de filetage parall\u00e8les (BSPP) ou coniques (BSPT). Cr\u00e9ant un joint filet\u00e9, les raccords BSPT m\u00e2les sont con\u00e7us pour se connecter aux raccords BSPT femelles, qui servent souvent d&#8217;orifices. Il est important de noter que, bien que similaires, les filetages British Standard Pipe (BSP) diff\u00e8rent des filetages am\u00e9ricains NPTF et NPSM et ne sont pas interchangeables.  <\/p>\n\n\n\n<p><strong>\u00c9vasement JIS \u00e0 30\u00b0 avec filetages de tuyaux parall\u00e8les<\/strong><br>Ces connecteurs hydrauliques sont comparables aux \u00e9vasements JIS \u00e0 37\u00b0 am\u00e9ricains, mais avec un si\u00e8ge \u00e0 30\u00b0 \u00e0 la place et des filetages de tuyaux parall\u00e8les droits similaires \u00e0 ceux des raccords BSPP.<\/p>\n\n\n\n<p><strong>Filetage de tuyau conique JIS<\/strong><br>Ce raccord sert d&#8217;alternative identique au filetage de tuyau conique BSPT britannique, sauf qu&#8217;il n&#8217;a pas de chanfrein \u00e0 60\u00b0 \u00e0 l&#8217;extr\u00e9mit\u00e9 m\u00e2le. De plus, il n&#8217;est possible de sceller qu&#8217;en \u00e9crasant les filetages ensemble dans un orifice BSP ou JIS compatible. <\/p>\n\n\n\n<p><strong>C\u00f4ne DIN \u00e0 24\u00b0<\/strong><br>Les m\u00e2les \u00e0 c\u00f4ne DIN \u00e0 24\u00b0 comprennent des si\u00e8ges \u00e0 24\u00b0, des filetages droits m\u00e9triques et des lamages encastr\u00e9s \u00e9gaux au diam\u00e8tre ext\u00e9rieur (DE) du tube de raccordement qui l&#8217;accompagne. Ils sont compatibles avec une vari\u00e9t\u00e9 de c\u00f4nes femelles. La contrepartie femelle peut \u00eatre un c\u00f4ne \u00e0 24\u00b0 et un joint torique, un c\u00f4ne universel \u00e0 24\u00b0\/60\u00b0 ou un raccord de tube m\u00e9trique.  <\/p>\n\n\n\n<p>Des raccords DIN des s\u00e9ries lourdes (S) et l\u00e9g\u00e8res (L) sont disponibles. Pour identifier ces raccords, vous mesurerez leur DE de tube et la taille du filetage. Les raccords de la s\u00e9rie lourde ont une plus grande \u00e9paisseur de paroi et un plus petit DE de tube par rapport \u00e0 la s\u00e9rie l\u00e9g\u00e8re. \u00c0 l&#8217;aide d&#8217;une jauge d&#8217;angle de si\u00e8ge \u00e0 12\u00b0, vous pouvez d\u00e9terminer l&#8217;angle d&#8217;\u00e9vasement \u00e0 partir de la ligne m\u00e9diane du connecteur.   <\/p>\n\n\n\n<p><strong>C\u00f4ne DIN \u00e0 60\u00b0<\/strong><br>Ce c\u00f4ne m\u00e2le ne fonctionne qu&#8217;avec le connecteur femelle universel \u00e0 c\u00f4ne \u00e0 24\u00b0 ou 60\u00b0. Il est dot\u00e9 de filetages m\u00e9triques droits et d&#8217;un si\u00e8ge \u00e0 60\u00b0, tandis que la contrepartie femelle a un si\u00e8ge universel \u00e0 24\u00b0 et 60\u00b0 avec le m\u00eame type de filetage. Vous pouvez utiliser la jauge d&#8217;angle de si\u00e8ge \u00e0 30\u00b0 pour mesurer l&#8217;angle d&#8217;\u00e9vasement \u00e0 partir de la ligne m\u00e9diane du connecteur.  <\/p>\n\n\n\n<h2 class=\"wp-block-heading\">Raccords hydrauliques de Jason<\/h2>\n\n\n\n<p>Pour une fonctionnalit\u00e9 optimis\u00e9e du syst\u00e8me hydraulique et des op\u00e9rations s\u00fbres, il est important de s\u00e9lectionner les bons raccords et connecteurs de tuyaux hydrauliques pour votre application. L&#8217;\u00e9quipe Jason aide ses clients avec des adaptateurs et des raccords hydrauliques fiables et de haute qualit\u00e9 depuis 1958. <\/p>\n\n\n\n<p>Nos experts en tuyaux et accessoires hydrauliques et industriels se feront un plaisir de vous aider \u00e0 trouver les solutions de produits id\u00e9ales pour vos besoins uniques. <a href=\"https:\/\/jasonhosesolutions.com\/fr\/contact\/\" data-type=\"page\" data-id=\"152\">Contactez<\/a>-nous d\u00e8s aujourd&#8217;hui pour plus d&#8217;informations, ou <a href=\"https:\/\/jasonhosesolutions.com\/fr\/demande-de-devis\/\" data-type=\"page\" data-id=\"122\">demandez un devis<\/a> pour votre raccord hydraulique pr\u00e9f\u00e9r\u00e9.<\/p>\n","protected":false},"excerpt":{"rendered":"<p>Les syst\u00e8mes hydrauliques n\u00e9cessitent des raccords durables et de haute qualit\u00e9 pour cr\u00e9er une connexion s\u00e9curis\u00e9e entre les tuyaux et les tubes. Chez Jason, nous proposons une s\u00e9lection de raccords hydrauliques fiables pour une gamme d&#8217;applications. Types de raccords hydrauliques Pour r\u00e9pondre aux divers besoins de nos clients, nous proposons une s\u00e9lection de raccords hydrauliques [&hellip;]<\/p>\n","protected":false},"author":1,"featured_media":45557,"parent":45750,"menu_order":0,"comment_status":"closed","ping_status":"closed","template":"","meta":{"_acf_changed":false,"_seopress_robots_primary_cat":"","_seopress_titles_title":"","_seopress_titles_desc":"","_seopress_robots_index":"","footnotes":""},"class_list":["post-45628","page","type-page","status-publish","has-post-thumbnail"],"acf":[],"_links":{"self":[{"href":"https:\/\/jasonhosesolutions.com\/fr\/wp-json\/wp\/v2\/pages\/45628","targetHints":{"allow":["GET"]}}],"collection":[{"href":"https:\/\/jasonhosesolutions.com\/fr\/wp-json\/wp\/v2\/pages"}],"about":[{"href":"https:\/\/jasonhosesolutions.com\/fr\/wp-json\/wp\/v2\/types\/page"}],"author":[{"embeddable":true,"href":"https:\/\/jasonhosesolutions.com\/fr\/wp-json\/wp\/v2\/users\/1"}],"replies":[{"embeddable":true,"href":"https:\/\/jasonhosesolutions.com\/fr\/wp-json\/wp\/v2\/comments?post=45628"}],"version-history":[{"count":0,"href":"https:\/\/jasonhosesolutions.com\/fr\/wp-json\/wp\/v2\/pages\/45628\/revisions"}],"up":[{"embeddable":true,"href":"https:\/\/jasonhosesolutions.com\/fr\/wp-json\/wp\/v2\/pages\/45750"}],"wp:featuredmedia":[{"embeddable":true,"href":"https:\/\/jasonhosesolutions.com\/fr\/wp-json\/wp\/v2\/media\/45557"}],"wp:attachment":[{"href":"https:\/\/jasonhosesolutions.com\/fr\/wp-json\/wp\/v2\/media?parent=45628"}],"curies":[{"name":"wp","href":"https:\/\/api.w.org\/{rel}","templated":true}]}}