{"id":45620,"date":"2025-11-12T10:08:37","date_gmt":"2025-11-12T10:08:37","guid":{"rendered":"https:\/\/jasonhosesolutions.com\/vous-souhaitez-devenir-distributeur-de-produits-hydrauliques-jason\/"},"modified":"2026-01-27T15:22:39","modified_gmt":"2026-01-27T15:22:39","slug":"vous-souhaitez-devenir-distributeur-de-produits-hydrauliques-jason","status":"publish","type":"page","link":"https:\/\/jasonhosesolutions.com\/fr\/vous-souhaitez-devenir-distributeur-de-produits-hydrauliques-jason\/","title":{"rendered":"Vous souhaitez devenir distributeur de produits hydrauliques Jason&nbsp;?"},"content":{"rendered":"\n<p>Chez Jason, nous proposons un vaste inventaire de produits de tuyaux hydrauliques de pointe. Choisir le tuyau hydraulique appropri\u00e9 peut \u00eatre difficile, c\u2019est pourquoi notre \u00e9quipe de sp\u00e9cialistes est toujours pr\u00eate \u00e0 vous aider \u00e0 trouver le produit optimal pour votre application. Notre vaste gamme de produits nous permet de r\u00e9pondre aux besoins des clients dans un large \u00e9ventail d\u2019industries et d\u2019applications.  <\/p>\n\n<p>Nous offrons continuellement \u00e0 nos partenaires des niveaux exceptionnels de service \u00e0 la client\u00e8le, des produits de la plus haute qualit\u00e9, des outils B2B solides et des livraisons rapides. Ceci, en plus de nos stocks bien garnis et de notre planification logistique pour les entreprises partenaires, a men\u00e9 \u00e0 notre succ\u00e8s continu en travaillant avec des distributeurs nationaux et internationaux. En nous tenant au courant de toutes les tendances en mati\u00e8re de transport de fluides, nous sommes en mesure d\u2019ajuster notre inventaire afin de mieux r\u00e9pondre aux besoins de nos clients.  <\/p>\n\n<h2 class=\"wp-block-heading\">\u00c0 propos de nos tuyaux hydrauliques<\/h2>\n\n<p>Nos tuyaux hydrauliques, notre \u00e9quipement de sertissage, nos raccords et nos accessoires sont parfaitement adapt\u00e9s \u00e0 une grande vari\u00e9t\u00e9 d\u2019applications hydrauliques allant de l\u2019agriculture \u00e0 la construction hors route, en passant par les applications industrielles.<\/p>\n\n<p>Jason offre les tuyaux hydrauliques les plus couramment utilis\u00e9s sur le march\u00e9. Sur plusieurs des tuyaux renforc\u00e9s par une tresse m\u00e9tallique, nous offrons \u00e0 la fois un rev\u00eatement lisse et un rev\u00eatement sp\u00e9cial r\u00e9sistant \u00e0 l\u2019abrasion avec une finition vulcanis\u00e9e. <\/p>\n\n<p>Pour les applications n\u00e9cessitant des niveaux plus \u00e9lev\u00e9s de protection ext\u00e9rieure des tuyaux, nous offrons notre rev\u00eatement en caoutchouc r\u00e9sistant \u00e0 l\u2019abrasion Dreamshield\u00ae. Fabriqu\u00e9 \u00e0 partir de compos\u00e9s de caoutchouc particuli\u00e8rement durables, ce rev\u00eatement protecteur est jusqu\u2019\u00e0 8\u00a0fois plus r\u00e9sistant \u00e0 l\u2019abrasion que les options traditionnelles de mat\u00e9riaux de rev\u00eatement en caoutchouc. Ainsi, Dreamshield\u00ae peut prolonger consid\u00e9rablement la dur\u00e9e de vie des tuyaux hydrauliques. Tous les tuyaux hydrauliques recouverts de caoutchouc offerts par Jason utilisent des rev\u00eatements ignifuges (homologu\u00e9s MSHA).   <\/p>\n\n<p>Jason propose une gamme compl\u00e8te de flexibles hydrauliques et de produits connexes, notamment :<\/p>\n\n<figure class=\"wp-block-image is-resized\"><img alt=\"\" decoding=\"async\" src=\"https:\/\/jasonhosesolutions.com\/wp-content\/uploads\/2022\/04\/Hydraulic-Hose-Product-Guide-2017-1_Page_002_Image_0001-1.jpg\" alt=\"\" class=\"wp-image-1682\" style=\"object-fit:cover;width:396px;height:auto\"\/><\/figure>\n\n<ul class=\"wp-block-list\">\n<li>S\u00e9rie\u00a05011 (SAE 100R1\/1SN, rev\u00eatement lisse)<\/li>\n\n\n\n<li>S\u00e9rie\u00a05012 (SAE 100R1\/1SN, rev\u00eatement Dreamshield\u00ae avec finition vulcanis\u00e9e)<\/li>\n\n\n\n<li>S\u00e9rie\u00a05021 (SAE 100R2\/2SN, rev\u00eatement lisse)<\/li>\n\n\n\n<li>S\u00e9rie\u00a05022 (SAE 100R2\/2SN, rev\u00eatement Dreamshield\u00ae avec finition vulcanis\u00e9e)<\/li>\n\n\n\n<li>S\u00e9rie\u00a05040 (SAE 100R4, tr\u00e8s flexible)<\/li>\n\n\n\n<li>S\u00e9rie\u00a05050 (SAE 100R5, haute temp\u00e9rature avec rev\u00eatement textile noir)<\/li>\n\n\n\n<li>S\u00e9rie\u00a05161 (SAE 100R16\/2SC, rev\u00eatement lisse)<\/li>\n\n\n\n<li>S\u00e9rie\u00a05162 (SAE 100R16\/2SC, rev\u00eatement Dreamshield\u00ae avec finition vulcanis\u00e9e)<\/li>\n\n\n\n<li>S\u00e9rie\u00a05171 (SAE 100R17, rev\u00eatement lisse)<\/li>\n\n\n\n<li>S\u00e9rie\u00a05172 (SAE 100R17, rev\u00eatement Dreamshield\u00ae avec finition vulcanis\u00e9e)<\/li>\n\n\n\n<li>S\u00e9rie\u00a05192 (SAE 100R19, rev\u00eatement Dreamshield\u00ae avec finition vulcanis\u00e9e)<\/li>\n\n\n\n<li>S\u00e9rie\u00a05122 (SAE 100R12, rev\u00eatement Dreamshield\u00ae avec finition vulcanis\u00e9e)<\/li>\n\n\n\n<li>S\u00e9rie\u00a05132 (SAE 100R13, rev\u00eatement Dreamshield\u00ae avec finition vulcanis\u00e9e)<\/li>\n\n\n\n<li>S\u00e9rie\u00a05152 (SAE 100R15, rev\u00eatement Dreamshield\u00ae avec finition vulcanis\u00e9e)<\/li>\n<\/ul>\n\n<p>Notre s\u00e9lection de <a href=\"https:\/\/jasonhosesolutions.com\/types\/hydraulic\/fittings\/\">raccords de tuyaux<\/a> comprend\u00a0:<\/p>\n\n<ul class=\"wp-block-list\">\n<li>S\u00e9rie\u00a012 (pour les tresses m\u00e9talliques Jason et 5040)<\/li>\n\n\n\n<li>S\u00e9rie\u00a040 (pour utilisation avec 5122)<\/li>\n\n\n\n<li>S\u00e9rie\u00a060 (pour utilisation avec 5132 et 5152)<\/li>\n\n\n\n<li>S\u00e9rie\u00a075 (raccords raccordables sur le terrain pour utilisation avec 5050)<\/li>\n<\/ul>\n\n<p>Tous ces raccords (\u00e0 l\u2019exception de la s\u00e9rie\u00a075) ont \u00e9t\u00e9 mis au point comme \u00ab\u00a0sans d\u00e9lardage\u00a0\u00bb et \u00e0 sertissage complet, ce qui simplifie grandement l\u2019assemblage sur le tuyau.<\/p>\n\n<p>Nous fournissons \u00e9galement une vari\u00e9t\u00e9 d\u2019outils de sertissage, des petites unit\u00e9s portables aux sertisseuses de production \u00e0 grande \u00e9chelle\u00a0:<\/p>\n\n<ul class=\"wp-block-list\">\n<li>S\u00e9rie\u00a0JCD100S-T420 (sertisseuse de tuyaux de service portative)<\/li>\n\n\n\n<li>S\u00e9rie\u00a0JCD165M-T420 (sertisseuse de tuyaux standard)<\/li>\n\n\n\n<li>S\u00e9rie\u00a0JCD205-WB (sertisseuse de tuyaux hydrauliques)<\/li>\n\n\n\n<li>S\u00e9rie\u00a0JCC-200 (sertisseuse de tuyaux de production g\u00e9n\u00e9rale)<\/li>\n\n\n\n<li>JIC340 (sertisseuse de tuyaux de production g\u00e9n\u00e9rale avec contr\u00f4leur)<\/li>\n\n\n\n<li>D\u2019autres sertisseuses et \u00e9quipements d\u2019assemblage sont disponibles<\/li>\n<\/ul>\n\n<p>Pour la commodit\u00e9 de nos clients, nous fournissons continuellement des sp\u00e9cifications de sertissage mises \u00e0 jour sur l\u2019application Jason MyCrimp (<a href=\"https:\/\/apps.apple.com\/us\/app\/mycrimp-%20jason-industrial\/id1250484050\" target=\"_blank\" rel=\"noopener nofollow\">IOS<\/a> \/ <a href=\"https:\/\/play.google.com\/store\/apps\/details?id=com.customcrimp.jasonindustrial&amp;hl=en_US&amp;gl=US\" target=\"_blank\" rel=\"noopener nofollow\">Android<\/a>) et la <a href=\"https:\/\/jasonhosesolutions.com\/resources\/\">page de ressources de notre site Web<\/a>. Cela permet aux professionnels de l\u2019assemblage de tuyaux de s\u2019assurer beaucoup plus facilement que les sp\u00e9cifications de sertissage les plus r\u00e9centes sont \u00e0 leur disposition pour les offres de produits en constante \u00e9volution de Jason. <\/p>\n\n<h2 class=\"wp-block-heading\">Nouvelle gamme de tuyaux \u00e0 pression constante (isobares)<\/h2>\n\n<p>Nous avons \u00e9largi notre gamme pour offrir les tuyaux \u00e0 pression constante (\u00e9galement appel\u00e9s \u00ab\u00a0isobares\u00a0\u00bb) les plus couramment utilis\u00e9s, et tous sont offerts avec le rev\u00eatement Dreamshield\u00ae. Les voici\u00a0: <\/p>\n\n<ul class=\"wp-block-list\">\n<li>SAE 100R17 \u2013 3\u00a0000\u00a0PSI (5171, rev\u00eatement lisse standard et 5172, rev\u00eatement Dreamshield\u00ae)<\/li>\n\n\n\n<li>SAE 100R19 \u2013 4\u00a0000\u00a0PSI (5192, rev\u00eatement Dreamshield\u00ae)<\/li>\n\n\n\n<li>SAE 100R13 \u2013 5\u00a0000\u00a0PSI (5132, rev\u00eatement Dreamshield\u00ae)<\/li>\n\n\n\n<li>SAE 100R15 \u2013 6\u00a0000\u00a0PSI (5152, rev\u00eatement Dreamshield\u00ae)<\/li>\n<\/ul>\n\n<p>Nous offrons \u00e9galement une gamme compl\u00e8te de raccords monoblocs, par-dessus le rev\u00eatement\/mordant le fil qui s\u2019agencent \u00e0 ces tuyaux hydrauliques. Ils sont tous enti\u00e8rement test\u00e9s et approuv\u00e9s avec nos sp\u00e9cifications de sertissage fournies par Jason. Afin d\u2019assurer une qualit\u00e9, une fonctionnalit\u00e9 et une durabilit\u00e9 optimales, nous fabriquons tous ces raccords \u00e0 partir d\u2019acier de haute qualit\u00e9, avec des inserts faits d\u2019une seule pi\u00e8ce (pas de joints bras\u00e9s qui fuient ou qui tombent en panne). Nous utilisons \u00e9galement des \u00e9crous de connecteur form\u00e9s \u00e0 froid, ce qui \u00e9limine pratiquement le risque de fissuration pendant le processus de serrage. Les embouts sont faits d\u2019acier form\u00e9 \u00e0 froid ou \u00e0 chaud sans \u00e9l\u00e9ments d\u2019usinage libre, ce qui offre une formabilit\u00e9 de sertissage optimale sans fissuration.    <\/p>\n\n<h2 class=\"wp-block-heading\">Devenez partenaire des experts de Jason<\/h2>\n\n<p>Gr\u00e2ce \u00e0 notre d\u00e9vouement au service \u00e0 la client\u00e8le, il est toujours facile de travailler avec l\u2019\u00e9quipe Jason. Nous accordons une grande importance aux relations que nous entretenons avec nos distributeurs, en accordant continuellement la priorit\u00e9 \u00e0 une communication ouverte et \u00e0 des temps de r\u00e9ponse rapides. Notre vaste inventaire comprend une gamme compl\u00e8te de sertisseuses, et nous avons les capacit\u00e9s de production n\u00e9cessaires pour r\u00e9pondre \u00e0 vos besoins avec un d\u00e9lai d\u2019ex\u00e9cution rapide. Nous offrons \u00e9galement une commande B2B facile.   <\/p>\n\n<p>Depuis plus de 60\u00a0ans, nous sommes des fournisseurs de premier plan de tuyaux et d\u2019\u00e9quipements hydrauliques. En plus de notre \u00e9quipe d\u2019experts sur appel, nous offrons \u00e9galement l\u2019application Jason MyCrimp (<a href=\"https:\/\/apps.apple.com\/us\/app\/mycrimp-%20jason-industrial\/id1250484050\" target=\"_blank\" rel=\"noopener nofollow\">IOS<\/a> \/ <a href=\"https:\/\/play.google.com\/store\/apps\/details?id=com.customcrimp.jasonindustrial&amp;hl=en_US&amp;gl=US\" target=\"_blank\" rel=\"noopener nofollow\">Android<\/a>) pour vous fournir les derni\u00e8res informations sur nos \u00e9quipements de sertissage, nos tuyaux et nos raccords. Pour en savoir plus sur la collaboration avec Jason, <a href=\"https:\/\/jasonhosesolutions.com\/contact\/\">communiquez avec nous<\/a> ou <a href=\"https:\/\/jasonhosesolutions.com\/rfq\/\">demandez un devis<\/a> d\u00e8s aujourd\u2019hui.  <\/p>\n","protected":false},"excerpt":{"rendered":"<p>Chez Jason, nous proposons un vaste inventaire de produits de tuyaux hydrauliques de pointe. Choisir le tuyau hydraulique appropri\u00e9 peut \u00eatre difficile, c\u2019est pourquoi notre \u00e9quipe de sp\u00e9cialistes est toujours pr\u00eate \u00e0 vous aider \u00e0 trouver le produit optimal pour votre application. Notre vaste gamme de produits nous permet de r\u00e9pondre aux besoins des clients [&hellip;]<\/p>\n","protected":false},"author":1,"featured_media":45557,"parent":0,"menu_order":0,"comment_status":"closed","ping_status":"closed","template":"","meta":{"_acf_changed":false,"_seopress_robots_primary_cat":"","_seopress_titles_title":"","_seopress_titles_desc":"","_seopress_robots_index":"","footnotes":""},"class_list":["post-45620","page","type-page","status-publish","has-post-thumbnail"],"acf":[],"_links":{"self":[{"href":"https:\/\/jasonhosesolutions.com\/fr\/wp-json\/wp\/v2\/pages\/45620","targetHints":{"allow":["GET"]}}],"collection":[{"href":"https:\/\/jasonhosesolutions.com\/fr\/wp-json\/wp\/v2\/pages"}],"about":[{"href":"https:\/\/jasonhosesolutions.com\/fr\/wp-json\/wp\/v2\/types\/page"}],"author":[{"embeddable":true,"href":"https:\/\/jasonhosesolutions.com\/fr\/wp-json\/wp\/v2\/users\/1"}],"replies":[{"embeddable":true,"href":"https:\/\/jasonhosesolutions.com\/fr\/wp-json\/wp\/v2\/comments?post=45620"}],"version-history":[{"count":0,"href":"https:\/\/jasonhosesolutions.com\/fr\/wp-json\/wp\/v2\/pages\/45620\/revisions"}],"wp:featuredmedia":[{"embeddable":true,"href":"https:\/\/jasonhosesolutions.com\/fr\/wp-json\/wp\/v2\/media\/45557"}],"wp:attachment":[{"href":"https:\/\/jasonhosesolutions.com\/fr\/wp-json\/wp\/v2\/media?parent=45620"}],"curies":[{"name":"wp","href":"https:\/\/api.w.org\/{rel}","templated":true}]}}