{"id":45604,"date":"2025-11-17T17:02:40","date_gmt":"2025-11-17T17:02:40","guid":{"rendered":"https:\/\/jasonhosesolutions.com\/courroies\/"},"modified":"2026-01-27T15:36:07","modified_gmt":"2026-01-27T15:36:07","slug":"courroies","status":"publish","type":"page","link":"https:\/\/jasonhosesolutions.com\/fr\/produits\/courroies\/","title":{"rendered":"Courroies"},"content":{"rendered":"\n<p>Jason a toujours \u00e9t\u00e9 reconnu pour la fabrication et la fourniture de courroies de transmission de puissance et de tuyaux industriels de haute qualit\u00e9. Au fil des ans, notre offre de produits a connu une croissance importante. Du c\u00f4t\u00e9 des courroies, nous avons collabor\u00e9 avec Megadyne pour \u00e9largir notre portefeuille et avons officiellement uni nos forces en 2007. Notre activit\u00e9 de tuyaux a \u00e9galement continu\u00e9 de cro\u00eetre avec l\u2019ajout de notre gamme de tuyaux industriels et le lancement de notre gamme de tuyaux hydrauliques.   <\/p>\n\n<p>Gr\u00e2ce \u00e0 notre portefeuille de produits \u00e9largi et \u00e0 notre s\u00e9lection de marques, nous avons simplifi\u00e9 nos offres en d\u00e9finissant des messages plus clairs pour chaque marque. Cette restructuration de la marque fait d\u00e9sormais de Jason notre marque de tuyaux, et Megadyne, un leader mondial dans la fabrication de courroies de transmission de puissance en caoutchouc et en ur\u00e9thane, est d\u00e9sormais reconnue comme notre marque de courroies de transmission de puissance. Les m\u00eames produits et solutions de courroies fiables auxquels vous \u00eates habitu\u00e9 de Jason restent disponibles via Megadyne, ainsi que les connaissances, les personnes et le service de classe mondiale qui ont toujours fait de Jason votre fournisseur de choix.  <\/p>\n","protected":false},"excerpt":{"rendered":"<p>Jason a toujours \u00e9t\u00e9 reconnu pour la fabrication et la fourniture de courroies de transmission de puissance et de tuyaux industriels de haute qualit\u00e9. Au fil des ans, notre offre de produits a connu une croissance importante. Du c\u00f4t\u00e9 des courroies, nous avons collabor\u00e9 avec Megadyne pour \u00e9largir notre portefeuille et avons officiellement uni nos [&hellip;]<\/p>\n","protected":false},"author":1,"featured_media":45557,"parent":45701,"menu_order":0,"comment_status":"closed","ping_status":"closed","template":"","meta":{"_acf_changed":false,"_seopress_robots_primary_cat":"","_seopress_titles_title":"","_seopress_titles_desc":"","_seopress_robots_index":"","footnotes":""},"class_list":["post-45604","page","type-page","status-publish","has-post-thumbnail"],"acf":[],"_links":{"self":[{"href":"https:\/\/jasonhosesolutions.com\/fr\/wp-json\/wp\/v2\/pages\/45604","targetHints":{"allow":["GET"]}}],"collection":[{"href":"https:\/\/jasonhosesolutions.com\/fr\/wp-json\/wp\/v2\/pages"}],"about":[{"href":"https:\/\/jasonhosesolutions.com\/fr\/wp-json\/wp\/v2\/types\/page"}],"author":[{"embeddable":true,"href":"https:\/\/jasonhosesolutions.com\/fr\/wp-json\/wp\/v2\/users\/1"}],"replies":[{"embeddable":true,"href":"https:\/\/jasonhosesolutions.com\/fr\/wp-json\/wp\/v2\/comments?post=45604"}],"version-history":[{"count":0,"href":"https:\/\/jasonhosesolutions.com\/fr\/wp-json\/wp\/v2\/pages\/45604\/revisions"}],"up":[{"embeddable":true,"href":"https:\/\/jasonhosesolutions.com\/fr\/wp-json\/wp\/v2\/pages\/45701"}],"wp:featuredmedia":[{"embeddable":true,"href":"https:\/\/jasonhosesolutions.com\/fr\/wp-json\/wp\/v2\/media\/45557"}],"wp:attachment":[{"href":"https:\/\/jasonhosesolutions.com\/fr\/wp-json\/wp\/v2\/media?parent=45604"}],"curies":[{"name":"wp","href":"https:\/\/api.w.org\/{rel}","templated":true}]}}