{"id":45591,"date":"2025-12-02T09:48:51","date_gmt":"2025-12-02T09:48:51","guid":{"rendered":"https:\/\/jasonhosesolutions.com\/emplois-et-carrieres\/"},"modified":"2026-01-27T15:21:31","modified_gmt":"2026-01-27T15:21:31","slug":"emplois-et-carrieres","status":"publish","type":"page","link":"https:\/\/jasonhosesolutions.com\/fr\/emplois-et-carrieres\/","title":{"rendered":"Emplois et carri\u00e8res"},"content":{"rendered":"\n<h2 class=\"wp-block-heading\">Un avenir pour vous chez Jason<\/h2>\n\n<p>Jason est l&#8217;un des leaders mondiaux en mati\u00e8re de puissance hydraulique. Nos employ\u00e9s servent des clients dans toutes les Am\u00e9riques, en leur fournissant des produits, des services et un soutien de qualit\u00e9. <\/p>\n\n<p>En travaillant chez Jason, vous \u00e9voluerez dans un environnement international, avec des coll\u00e8gues talentueux, passionn\u00e9s par leur travail et par la strat\u00e9gie de croissance de l&#8217;entreprise. Vous travaillerez dur, accomplirez beaucoup et prendrez plaisir \u00e0 le faire, tout en \u00e9tant respect\u00e9 et en recevant une juste r\u00e9compense pour vos efforts. <\/p>\n\n<p>Notre succ\u00e8s est d\u00fb au succ\u00e8s de nos employ\u00e9s : ils sont d\u00e9vou\u00e9s, cr\u00e9atifs et s&#8217;\u00e9panouissent gr\u00e2ce au travail d&#8217;\u00e9quipe. Ils vont de l&#8217;avant, et vous pouvez les rejoindre. <\/p>\n\n<p>Toutes les offres d&#8217;emploi disponibles seront affich\u00e9es ci-dessous.<\/p>\n","protected":false},"excerpt":{"rendered":"<p>Un avenir pour vous chez Jason Jason est l&#8217;un des leaders mondiaux en mati\u00e8re de puissance hydraulique. Nos employ\u00e9s servent des clients dans toutes les Am\u00e9riques, en leur fournissant des produits, des services et un soutien de qualit\u00e9. En travaillant chez Jason, vous \u00e9voluerez dans un environnement international, avec des coll\u00e8gues talentueux, passionn\u00e9s par leur [&hellip;]<\/p>\n","protected":false},"author":1,"featured_media":45592,"parent":0,"menu_order":0,"comment_status":"closed","ping_status":"closed","template":"","meta":{"_acf_changed":false,"_seopress_robots_primary_cat":"","_seopress_titles_title":"","_seopress_titles_desc":"","_seopress_robots_index":"","footnotes":""},"class_list":["post-45591","page","type-page","status-publish","has-post-thumbnail"],"acf":[],"_links":{"self":[{"href":"https:\/\/jasonhosesolutions.com\/fr\/wp-json\/wp\/v2\/pages\/45591","targetHints":{"allow":["GET"]}}],"collection":[{"href":"https:\/\/jasonhosesolutions.com\/fr\/wp-json\/wp\/v2\/pages"}],"about":[{"href":"https:\/\/jasonhosesolutions.com\/fr\/wp-json\/wp\/v2\/types\/page"}],"author":[{"embeddable":true,"href":"https:\/\/jasonhosesolutions.com\/fr\/wp-json\/wp\/v2\/users\/1"}],"replies":[{"embeddable":true,"href":"https:\/\/jasonhosesolutions.com\/fr\/wp-json\/wp\/v2\/comments?post=45591"}],"version-history":[{"count":0,"href":"https:\/\/jasonhosesolutions.com\/fr\/wp-json\/wp\/v2\/pages\/45591\/revisions"}],"wp:featuredmedia":[{"embeddable":true,"href":"https:\/\/jasonhosesolutions.com\/fr\/wp-json\/wp\/v2\/media\/45592"}],"wp:attachment":[{"href":"https:\/\/jasonhosesolutions.com\/fr\/wp-json\/wp\/v2\/media?parent=45591"}],"curies":[{"name":"wp","href":"https:\/\/api.w.org\/{rel}","templated":true}]}}