{"id":60093,"date":"2026-03-06T14:10:39","date_gmt":"2026-03-06T14:10:39","guid":{"rendered":"https:\/\/jasonhosesolutions.com\/productos\/agriculture-products\/"},"modified":"2026-03-11T11:34:13","modified_gmt":"2026-03-11T11:34:13","slug":"agriculture-products","status":"publish","type":"page","link":"https:\/\/jasonhosesolutions.com\/es\/productos\/agriculture-products\/","title":{"rendered":"Productos agr\u00edcolas"},"content":{"rendered":"\n<p>Jason ofrece una amplia selecci\u00f3n de productos agr\u00edcolas e industriales. Nos enorgullece atender a nuestros clientes con mangueras y acoplamientos de alta calidad en los que propietarios de viviendas, agricultores y empresas pueden confiar para un uso superior y a largo plazo. Tambi\u00e9n priorizamos un excelente servicio al cliente y una f\u00e1cil disponibilidad de los productos para que nuestros clientes no tengan que preocuparse por los tiempos de inactividad no programados y la espera de las piezas de repuesto. Nuestros productos se pueden encontrar en tiendas minoristas de granjas, ranchos y ferreter\u00edas.   <\/p>\n\n\n\n<h2 class=\"wp-block-heading\">Qu\u00e9 productos agr\u00edcolas ofrece Jason?<\/h2>\n\n\n\n<p>Nuestras categor\u00edas de productos m\u00e1s populares incluyen:<\/p>\n\n\n\n<ul class=\"wp-block-list\">\n<li>Mangueras de aire<\/li>\n\n\n\n<li>Manguera de transferencia de combustible<\/li>\n\n\n\n<li>Mangueras y adaptadores hidr\u00e1ulicos<\/li>\n\n\n\n<li>Tubos trenzados \u2013 PVC<\/li>\n\n\n\n<li>Mangueras de pulverizaci\u00f3n \u2013 EPDM<\/li>\n\n\n\n<li>Amon\u00edaco anhidro \u2013 EVA<\/li>\n\n\n\n<li>Mangueras de aspiraci\u00f3n e impulsi\u00f3n<\/li>\n\n\n\n<li>Acoplamientos y filtros<\/li>\n\n\n\n<li>Correas trapezoidales<\/li>\n<\/ul>\n\n\n\n<h2 class=\"wp-block-heading\">Mangueras y acoplamientos agr\u00edcolas de Jason<\/h2>\n\n\n\n<p>Algunos de nuestros productos populares de mangueras y acoplamientos incluyen:<\/p>\n\n\n\n<ul class=\"wp-block-list\">\n<li><strong>Manguera de transferencia de combustible para dep\u00f3sito agr\u00edcola:<\/strong> Esta resistente manguera de trasvase reforzada con poli\u00e9ster puede dispensar biodi\u00e9sel, etanol (hasta E15), gasolina, gas\u00f3leo y queroseno. La manguera puede soportar un amplio intervalo de temperaturas de -20\u00b0F a 160\u00b0F para su uso durante todo el a\u00f1o. <\/li>\n\n\n\n<li><strong>Manguera de descarga de agua plana de PVC azul:<\/strong> La manguera se enrolla plana para guardarla. Sus usos principales son la agricultura, el riego por goteo, la construcci\u00f3n en general y las aplicaciones de gesti\u00f3n del agua. Est\u00e1 reforzada con hilo de poli\u00e9ster para ofrecer durabilidad y rendimiento a largo plazo. Tambi\u00e9n ofrecemos mangueras de descarga de uso medio (rojas, PVC) y de uso intensivo (blancas, SBR).   <\/li>\n\n\n\n<li><strong>Manguera de PVC verde para aspiraci\u00f3n de agua:<\/strong> Esta manguera reforzada y corrugada mantiene una secci\u00f3n transversal circular. Es flexible pero reforzada para soportar aplicaciones de succi\u00f3n y descarga. <\/li>\n\n\n\n<li><strong>Mangueras de aspiraci\u00f3n de alimentos de la FDA y la USDA:<\/strong> Mantenemos una completa selecci\u00f3n de mangueras conformes con la FDA y la USDA que pueden utilizarse para transportar alimentos y productos animales sin contaminarlos. Nuestros tubos de PVC tienen una h\u00e9lice en el sentido de las agujas del reloj para mayor integridad estructural, pueden soportar temperaturas de -5 \u00b0F a 140 \u00b0F y son transparentes para facilitar las inspecciones y el control. Entre los usos m\u00e1s comunes est\u00e1n el transporte de agua potable, productos l\u00e1cteos y otros l\u00edquidos aptos para uso alimentario.  <\/li>\n<\/ul>\n\n\n\n<h2 class=\"wp-block-heading\">Ventajas de trabajar con Jason<\/h2>\n\n\n\n<p>En Jason, nos enorgullece ser una ventanilla \u00fanica para todas las necesidades de mangueras y acoplamientos de nuestros clientes. Producimos y suministramos mangueras, correas, accesorios y complementos de alta calidad para una amplia gama de aplicaciones agr\u00edcolas, incluido el riego, el cuidado de animales y las respuestas de emergencia a inundaciones. Mantenemos un gran stock para satisfacer las necesidades de nuestros clientes en todo el pa\u00eds. Cada manguera est\u00e1 dise\u00f1ada para proporcionar un alto grado de rendimiento y durar a\u00f1os de uso frecuente. Utilizamos materiales resistentes y de alta calidad para el cuerpo y el refuerzo de cada manguera, al tiempo que ofrecemos precios rentables. Nuestros productos de mangueras son flexibles, ligeros y capaces de soportar temperaturas altas y bajas para su uso durante todo el a\u00f1o.     <\/p>\n\n\n\n<p>Ofrecemos un excelente servicio de atenci\u00f3n al cliente. Nuestro equipo est\u00e1 aqu\u00ed para ayudarte a encontrar la mejor opci\u00f3n de manguera para cada proyecto de tu propiedad. Podemos ayudarte a seleccionar los racores, acoplamientos y accesorios adecuados para que ese proyecto tenga \u00e9xito. Cada art\u00edculo de nuestro extenso inventario se somete a pruebas de durabilidad a altas temperaturas y resistencia a las formas habituales de da\u00f1os en los emplazamientos agr\u00edcolas e industriales. Ponte en contacto con nuestro equipo hoy mismo para saber m\u00e1s sobre la integridad de nuestros productos o    &nbsp;<a href=\"https:\/\/jasonhosesolutions.com\/es\/peticion-de-oferta\/\" data-type=\"page\" data-id=\"122\" target=\"_blank\" rel=\"noopener\">solicita un presupuesto<\/a> para iniciar tu pedido.<\/p>\n","protected":false},"excerpt":{"rendered":"<p>Jason ofrece una amplia selecci\u00f3n de productos agr\u00edcolas e industriales. Nos enorgullece atender a nuestros clientes con mangueras y acoplamientos de alta calidad en los que propietarios de viviendas, agricultores y empresas pueden confiar para un uso superior y a largo plazo. Tambi\u00e9n priorizamos un excelente servicio al cliente y una f\u00e1cil disponibilidad de los [&hellip;]<\/p>\n","protected":false},"author":3,"featured_media":26692,"parent":45996,"menu_order":0,"comment_status":"closed","ping_status":"closed","template":"","meta":{"_acf_changed":false,"_seopress_robots_primary_cat":"","_seopress_titles_title":"","_seopress_titles_desc":"","_seopress_robots_index":"","footnotes":""},"class_list":["post-60093","page","type-page","status-publish","has-post-thumbnail"],"acf":[],"_links":{"self":[{"href":"https:\/\/jasonhosesolutions.com\/es\/wp-json\/wp\/v2\/pages\/60093","targetHints":{"allow":["GET"]}}],"collection":[{"href":"https:\/\/jasonhosesolutions.com\/es\/wp-json\/wp\/v2\/pages"}],"about":[{"href":"https:\/\/jasonhosesolutions.com\/es\/wp-json\/wp\/v2\/types\/page"}],"author":[{"embeddable":true,"href":"https:\/\/jasonhosesolutions.com\/es\/wp-json\/wp\/v2\/users\/3"}],"replies":[{"embeddable":true,"href":"https:\/\/jasonhosesolutions.com\/es\/wp-json\/wp\/v2\/comments?post=60093"}],"version-history":[{"count":1,"href":"https:\/\/jasonhosesolutions.com\/es\/wp-json\/wp\/v2\/pages\/60093\/revisions"}],"predecessor-version":[{"id":60094,"href":"https:\/\/jasonhosesolutions.com\/es\/wp-json\/wp\/v2\/pages\/60093\/revisions\/60094"}],"up":[{"embeddable":true,"href":"https:\/\/jasonhosesolutions.com\/es\/wp-json\/wp\/v2\/pages\/45996"}],"wp:featuredmedia":[{"embeddable":true,"href":"https:\/\/jasonhosesolutions.com\/es\/wp-json\/wp\/v2\/media\/26692"}],"wp:attachment":[{"href":"https:\/\/jasonhosesolutions.com\/es\/wp-json\/wp\/v2\/media?parent=60093"}],"curies":[{"name":"wp","href":"https:\/\/api.w.org\/{rel}","templated":true}]}}