{"id":46077,"date":"2025-11-04T03:09:44","date_gmt":"2025-11-04T03:09:44","guid":{"rendered":"https:\/\/jasonhosesolutions.com\/condiciones-del-servicio\/"},"modified":"2026-01-30T12:44:34","modified_gmt":"2026-01-30T12:44:34","slug":"condiciones-del-servicio","status":"publish","type":"page","link":"https:\/\/jasonhosesolutions.com\/es\/condiciones-del-servicio\/","title":{"rendered":"Condiciones del servicio"},"content":{"rendered":"\n<p>Lee atentamente estas Condiciones de uso (&#8220;Condiciones&#8221;, &#8220;Condiciones de uso&#8221;) antes de utilizar el sitio web <a href=\"https:\/\/jasonhosesolutions.com\/es\/\">jasonhosesolutions.com<\/a> (el &#8220;Servicio&#8221;) operado por Jason (&#8220;nosotros&#8221;, &#8220;nos&#8221; o &#8220;nuestro&#8221;).<\/p>\n\n<p>Su acceso y uso del Servicio est\u00e1n condicionados a la aceptaci\u00f3n y el cumplimiento de estas Condiciones. Estas Condiciones se aplican a todos los visitantes, usuarios y otras personas que accedan al Servicio o lo utilicen. <\/p>\n\n<p>Al acceder al Servicio o utilizarlo, usted acepta quedar vinculado por estas Condiciones. Si no est\u00e1 de acuerdo con alguna parte de las condiciones, no podr\u00e1 acceder al Servicio. <\/p>\n\n<h2 class=\"wp-block-heading\">Propiedad intelectual<\/h2>\n\n<p>El Servicio y su contenido, caracter\u00edsticas y funcionalidad originales son y seguir\u00e1n siendo propiedad exclusiva de Jason y sus licenciantes.<\/p>\n\n<h2 class=\"wp-block-heading\">Enlaces a otros sitios web<\/h2>\n\n<p>Nuestro Servicio puede contener enlaces a sitios web o servicios de terceros que no son propiedad de Jason ni est\u00e1n controlados por este.<\/p>\n\n<p>Jason no tiene control sobre el contenido, las pol\u00edticas de privacidad o las pr\u00e1cticas de los sitios web o servicios de terceros, y no asume ninguna responsabilidad al respecto. Asimismo, usted reconoce y acepta que Jason no ser\u00e1 responsable, directa o indirectamente, de ning\u00fan da\u00f1o o p\u00e9rdida causada o supuestamente causada por el uso o la confianza en dicho contenido, bienes o servicios disponibles en o a trav\u00e9s de dichos sitios web o servicios. <\/p>\n\n<p>Le recomendamos encarecidamente que lea los t\u00e9rminos y condiciones y las pol\u00edticas de privacidad de los sitios web o servicios de terceros que visite.<\/p>\n\n<h2 class=\"wp-block-heading\">Rescisi\u00f3n<\/h2>\n\n<p>Podemos rescindir o suspender el acceso a nuestro Servicio de forma inmediata, sin previo aviso ni responsabilidad, por cualquier motivo, incluido, entre otros, el incumplimiento de las Condiciones.<\/p>\n\n<p>Todas las disposiciones de las Condiciones que, por su naturaleza, deban seguir vigentes tras la rescisi\u00f3n seguir\u00e1n vigentes tras la rescisi\u00f3n, incluidas, entre otras, las disposiciones sobre propiedad, las renuncias de garant\u00eda, la indemnizaci\u00f3n y las limitaciones de responsabilidad.<\/p>\n\n<h2 class=\"wp-block-heading\">Descargo de responsabilidad<\/h2>\n\n<p>El uso que usted haga del Servicio es por su cuenta y riesgo. El Servicio se proporciona \u201cTAL CUAL\u201d y \u201cSEG\u00daN DISPONIBILIDAD\u201d. El Servicio se proporciona sin garant\u00edas de ning\u00fan tipo, ya sean expresas o impl\u00edcitas, incluidas, entre otras, las garant\u00edas impl\u00edcitas de comerciabilidad, idoneidad para un fin determinado, no infracci\u00f3n o curso de ejecuci\u00f3n.  <\/p>\n\n<h2 class=\"wp-block-heading\">Legislaci\u00f3n aplicable<\/h2>\n\n<p>Estas Condiciones se regir\u00e1n e interpretar\u00e1n de acuerdo con las leyes de los Estados Unidos, sin tener en cuenta sus disposiciones sobre conflicto de leyes.<\/p>\n\n<p>El hecho de que no hagamos valer alg\u00fan derecho o disposici\u00f3n de estas Condiciones no se considerar\u00e1 una renuncia a dichos derechos. Si alguna disposici\u00f3n de estas Condiciones se considera inv\u00e1lida o inaplicable por un tribunal, las restantes disposiciones de estas Condiciones seguir\u00e1n vigentes. Estas Condiciones constituyen el acuerdo completo entre nosotros con respecto a nuestro Servicio, y sustituyen y reemplazan cualquier acuerdo anterior que hayamos podido tener entre nosotros con respecto al Servicio.  <\/p>\n\n<h2 class=\"wp-block-heading\">Cambios<\/h2>\n\n<p>Nos reservamos el derecho, a nuestra entera discreci\u00f3n, de modificar o reemplazar estas Condiciones en cualquier momento. Si una revisi\u00f3n es importante, intentaremos avisarle con al menos 30 d\u00edas de antelaci\u00f3n a la entrada en vigor de las nuevas condiciones. Lo que constituye un cambio importante se determinar\u00e1 a nuestra entera discreci\u00f3n.  <\/p>\n\n<p>Al continuar accediendo a nuestro Servicio o utiliz\u00e1ndolo despu\u00e9s de que esas revisiones entren en vigor, usted acepta quedar vinculado por las condiciones revisadas. Si no est\u00e1 de acuerdo con las nuevas condiciones, deje de utilizar el Servicio. <\/p>\n\n<h2 class=\"wp-block-heading\">Contacto<\/h2>\n\n<p>Si tienes alguna pregunta sobre estas Condiciones, ponte en contacto con nosotros.<\/p>\n","protected":false},"excerpt":{"rendered":"<p>Lee atentamente estas Condiciones de uso (&#8220;Condiciones&#8221;, &#8220;Condiciones de uso&#8221;) antes de utilizar el sitio web jasonhosesolutions.com (el &#8220;Servicio&#8221;) operado por Jason (&#8220;nosotros&#8221;, &#8220;nos&#8221; o &#8220;nuestro&#8221;). Su acceso y uso del Servicio est\u00e1n condicionados a la aceptaci\u00f3n y el cumplimiento de estas Condiciones. Estas Condiciones se aplican a todos los visitantes, usuarios y otras personas [&hellip;]<\/p>\n","protected":false},"author":1,"featured_media":0,"parent":0,"menu_order":0,"comment_status":"closed","ping_status":"closed","template":"","meta":{"_acf_changed":false,"_seopress_robots_primary_cat":"","_seopress_titles_title":"","_seopress_titles_desc":"","_seopress_robots_index":"","footnotes":""},"class_list":["post-46077","page","type-page","status-publish"],"acf":[],"_links":{"self":[{"href":"https:\/\/jasonhosesolutions.com\/es\/wp-json\/wp\/v2\/pages\/46077","targetHints":{"allow":["GET"]}}],"collection":[{"href":"https:\/\/jasonhosesolutions.com\/es\/wp-json\/wp\/v2\/pages"}],"about":[{"href":"https:\/\/jasonhosesolutions.com\/es\/wp-json\/wp\/v2\/types\/page"}],"author":[{"embeddable":true,"href":"https:\/\/jasonhosesolutions.com\/es\/wp-json\/wp\/v2\/users\/1"}],"replies":[{"embeddable":true,"href":"https:\/\/jasonhosesolutions.com\/es\/wp-json\/wp\/v2\/comments?post=46077"}],"version-history":[{"count":0,"href":"https:\/\/jasonhosesolutions.com\/es\/wp-json\/wp\/v2\/pages\/46077\/revisions"}],"wp:attachment":[{"href":"https:\/\/jasonhosesolutions.com\/es\/wp-json\/wp\/v2\/media?parent=46077"}],"curies":[{"name":"wp","href":"https:\/\/api.w.org\/{rel}","templated":true}]}}