{"id":46043,"date":"2025-11-11T18:35:33","date_gmt":"2025-11-11T18:35:33","guid":{"rendered":"https:\/\/jasonhosesolutions.com\/industrias\/construccion-e-industria-pesada\/"},"modified":"2026-02-04T12:52:33","modified_gmt":"2026-02-04T12:52:33","slug":"construccion-e-industria-pesada","status":"publish","type":"page","link":"https:\/\/jasonhosesolutions.com\/es\/industrias\/construccion-e-industria-pesada\/","title":{"rendered":"Construcci\u00f3n e industria pesada"},"content":{"rendered":"\n<p>Las constructoras y las empresas de la industria pesada dependen de equipos robustos capaces de soportar entornos de trabajo extremos y cargas pesadas. Las mangueras industriales de alta resistencia construidas para estas industrias pueden transportar con eficacia y seguridad cargas densas como arena, grava y hormig\u00f3n, mientras que las mangueras hidr\u00e1ulicas ayudan a accionar y controlar equipos hidr\u00e1ulicos como excavadoras y bulldozers. <\/p>\n\n<p>En Jason, proporcionamos a clientes de diversas industrias mangueras flexibles que pueden soportar un peso considerable, presiones intensas y las condiciones ambientales de lugares como obras de construcci\u00f3n, minas y f\u00e1bricas, al tiempo que proporcionan una facilidad de movimiento \u00f3ptima. Sigue leyendo para saber m\u00e1s sobre las aplicaciones m\u00e1s comunes de nuestras mangueras industriales en la construcci\u00f3n y la industria pesada. <\/p>\n\n<h2 class=\"wp-block-heading\">Mover materiales de construcci\u00f3n con mangueras<\/h2>\n\n<p>Una de las principales aplicaciones de nuestras mangueras en el sector de la industria pesada es el transporte de materiales. Tres materiales t\u00edpicos de la construcci\u00f3n y la miner\u00eda que nuestras resistentes mangueras de alto rendimiento pueden trasladar con capacidad son: <\/p>\n\n<ul class=\"wp-block-list\">\n<li><strong>Hormig\u00f3n: <\/strong>Los constructores no pueden confiar en las mangueras t\u00edpicas para manipular hormig\u00f3n. En su lugar, nuestras mangueras de hormig\u00f3n de alta calidad est\u00e1n especialmente fabricadas para resistir la abrasi\u00f3n, la corrosi\u00f3n y las altas presiones que, de otro modo, podr\u00edan causar da\u00f1os f\u00edsicos. Las mangueras no s\u00f3lo son resistentes y duraderas, sino que son una soluci\u00f3n segura para suministrar hormig\u00f3n de forma eficaz a las obras.  <\/li>\n\n\n\n<li><strong>La arena: <\/strong>Las empresas de los mercados del petr\u00f3leo y el gas, la construcci\u00f3n y la miner\u00eda utilizan arena para la hidrofracturaci\u00f3n, la generaci\u00f3n de hormig\u00f3n y asfalto, y como abrasivo para el acabado de superficies. Como la arena es un abrasivo duro, resulta dif\u00edcil para el tubo de una manguera, por lo que es importante utilizar una manguera reforzada para arena con el material y el grosor de pared del tubo adecuados para evitar da\u00f1os. Las mangueras de transferencia de arena permiten a los operarios mover la arena con eficacia o utilizarla para chorreado y limpieza.  <\/li>\n\n\n\n<li><strong>De grava: <\/strong>Del mismo modo, las mangueras para dragado y grava requieren materiales especializados y duraderos que resistan el desgaste, desarrollen agujeros o fallen bajo las presiones de trabajo requeridas. Las aplicaciones m\u00e1s comunes de nuestras mangueras de transferencia de grava son la entrega de grava a tejados comerciales e industriales en proyectos de techado y el traslado del abrasivo desde las minas a las instalaciones de procesamiento. <\/li>\n<\/ul>\n\n<h2 class=\"wp-block-heading\">Alimentar la maquinaria de construcci\u00f3n con mangueras<\/h2>\n\n<p>Aunque las mangueras son esenciales para mover materiales como hormig\u00f3n, arena y grava, estos productos vers\u00e1tiles pueden hacer mucho m\u00e1s. Las mangueras hidr\u00e1ulicas que resisten el desgaste, las roturas, los altos niveles de presi\u00f3n, las condiciones duras y la flexi\u00f3n continua tambi\u00e9n son vitales para accionar equipos de forma fiable y facilitar su funcionamiento en lo siguiente: <\/p>\n\n<ul class=\"wp-block-list\">\n<li><strong>Gr\u00faas sobre orugas: <\/strong>Poder controlar eficazmente la elevaci\u00f3n y colocaci\u00f3n de cargas muy pesadas es fundamental en las obras de construcci\u00f3n. Para suministrar potencia de forma fiable a los componentes de la gr\u00faa y generar un movimiento suave y preciso, el equipo pesado depende de las mangueras hidr\u00e1ulicas. Como nuestras mangueras est\u00e1n fabricadas para durar, contribuyen a una mayor eficacia y productividad de la obra, m\u00e1s tiempo de funcionamiento y una mayor seguridad al reducirse el riesgo de lesiones de los trabajadores y da\u00f1os a la maquinaria.  <\/li>\n\n\n\n<li><strong>Hormigoneras: <\/strong>Las mangueras hidr\u00e1ulicas tambi\u00e9n permiten un movimiento controlado en las palas de las hormigoneras, que mantienen el material en un estado de movimiento continuamente controlado. Con palas de accionamiento hidr\u00e1ulico finamente controladas y elevadas, estas m\u00e1quinas pueden conservar y depositar hormig\u00f3n bien mezclado en el lugar donde se necesita para instalaciones de hormig\u00f3n m\u00e1s eficientes. <\/li>\n\n\n\n<li><strong>Elevadores Hidr\u00e1ulicos: <\/strong>Los elevadores hidr\u00e1ulicos son plataformas que pueden elevar verticalmente equipos, cargas de materiales y trabajadores de la construcci\u00f3n a lugares elevados o de dif\u00edcil acceso. Nuestras mangueras hidr\u00e1ulicas impulsan este movimiento controlado y permiten al personal acceder con eficacia al tejado o al exterior de una estructura para realizar su trabajo con seguridad. <\/li>\n\n\n\n<li><strong>Brazos rob <\/strong>\u00f3ticos<strong>: <\/strong>Los proyectos de construcci\u00f3n actuales incorporan cada vez m\u00e1s la rob\u00f3tica para realizar tareas precisas, dif\u00edciles o largas que ser\u00edan dif\u00edciles de realizar o a las que los trabajadores humanos no podr\u00edan acceder en la obra. Nuestras mangueras hidr\u00e1ulicas de construcci\u00f3n conectan las articulaciones flexibles de los brazos rob\u00f3ticos para impulsar movimientos finamente articulados. Los brazos rob\u00f3ticos son capaces de manejar aplicaciones pesadas de elevaci\u00f3n, posicionamiento e incluso instalaci\u00f3n.  <\/li>\n<\/ul>\n\n<h2 class=\"wp-block-heading\">Contacta con Jason para Mangueras para la Construcci\u00f3n y la Industria Pesada<\/h2>\n\n<p>Las operaciones industriales requieren mangueras de resistencia industrial. En Jason, ofrecemos una gama de mangueras hidr\u00e1ulicas duraderas y de alta calidad que pueden manejar con fiabilidad fluidos hidr\u00e1ulicos presurizados y mangueras industriales duraderas para manejar materiales de construcci\u00f3n en aplicaciones exigentes. Desde nuestros comienzos en 1958, hemos ampliado nuestra oferta para incluir productos de alto rendimiento como mangueras industriales e hidr\u00e1ulicas, acoplamientos, accesorios relacionados y mucho m\u00e1s para servir a clientes de Norteam\u00e9rica, Sudam\u00e9rica y Centroam\u00e9rica.  <\/p>\n\n<p>Suministramos nuestras mangueras para la construcci\u00f3n y la industria pesada en una variedad de materiales, tama\u00f1os y opciones de extremos de conectores de racores para que se adapten mejor a los requisitos espec\u00edficos de tu aplicaci\u00f3n. <a href=\"https:\/\/jasonhosesolutions.com\/es\/ponte-en-contacto-con\/\" data-type=\"page\" data-id=\"152\">Ponte en contacto con nosotros<\/a> para obtener m\u00e1s informaci\u00f3n sobre nuestros productos, o <a href=\"https:\/\/jasonhosesolutions.com\/es\/peticion-de-oferta\/\" data-type=\"page\" data-id=\"122\">solicita un presupuesto<\/a> hoy mismo para empezar.<\/p>\n","protected":false},"excerpt":{"rendered":"<p>Las empresas de construcci\u00f3n conf\u00edan en las mangueras industriales duraderas para transportar hormig\u00f3n, arena y grava, mientras que las mangueras hidr\u00e1ulicas accionan equipos como gr\u00faas, mezcladoras, elevadores y brazos rob\u00f3ticos. Jason, desde 1958, suministra mangueras flexibles de alto rendimiento en todo el continente americano para que las operaciones de la industria pesada sean seguras y eficientes. <\/p>\n","protected":false},"author":1,"featured_media":46508,"parent":46025,"menu_order":0,"comment_status":"closed","ping_status":"closed","template":"","meta":{"_acf_changed":false,"_seopress_robots_primary_cat":"","_seopress_titles_title":"","_seopress_titles_desc":"","_seopress_robots_index":"","footnotes":""},"class_list":["post-46043","page","type-page","status-publish","has-post-thumbnail"],"acf":[],"_links":{"self":[{"href":"https:\/\/jasonhosesolutions.com\/es\/wp-json\/wp\/v2\/pages\/46043","targetHints":{"allow":["GET"]}}],"collection":[{"href":"https:\/\/jasonhosesolutions.com\/es\/wp-json\/wp\/v2\/pages"}],"about":[{"href":"https:\/\/jasonhosesolutions.com\/es\/wp-json\/wp\/v2\/types\/page"}],"author":[{"embeddable":true,"href":"https:\/\/jasonhosesolutions.com\/es\/wp-json\/wp\/v2\/users\/1"}],"replies":[{"embeddable":true,"href":"https:\/\/jasonhosesolutions.com\/es\/wp-json\/wp\/v2\/comments?post=46043"}],"version-history":[{"count":0,"href":"https:\/\/jasonhosesolutions.com\/es\/wp-json\/wp\/v2\/pages\/46043\/revisions"}],"up":[{"embeddable":true,"href":"https:\/\/jasonhosesolutions.com\/es\/wp-json\/wp\/v2\/pages\/46025"}],"wp:featuredmedia":[{"embeddable":true,"href":"https:\/\/jasonhosesolutions.com\/es\/wp-json\/wp\/v2\/media\/46508"}],"wp:attachment":[{"href":"https:\/\/jasonhosesolutions.com\/es\/wp-json\/wp\/v2\/media?parent=46043"}],"curies":[{"name":"wp","href":"https:\/\/api.w.org\/{rel}","templated":true}]}}