{"id":46026,"date":"2025-11-11T13:15:32","date_gmt":"2025-11-11T13:15:32","guid":{"rendered":"https:\/\/jasonhosesolutions.com\/mangueras-agricolas\/"},"modified":"2026-02-04T12:54:48","modified_gmt":"2026-02-04T12:54:48","slug":"mangueras-agricolas","status":"publish","type":"page","link":"https:\/\/jasonhosesolutions.com\/es\/industrias\/mangueras-agricolas\/","title":{"rendered":"Mangueras agr\u00edcolas"},"content":{"rendered":"\n<p>Jason ofrece una amplia selecci\u00f3n de productos industriales y agr\u00edcolas. Estamos orgullosos de servir a clientes de sectores muy variados con mangueras y acoplamientos de alta calidad de los que dependen empresas, agricultores y propietarios de viviendas para obtener un rendimiento superior y un uso duradero. Tambi\u00e9n damos prioridad a un excelente servicio de atenci\u00f3n al cliente y a la f\u00e1cil disponibilidad de los productos, para que nuestros clientes no tengan que preocuparse por tiempos de inactividad no programados y esperas para la sustituci\u00f3n de piezas. Puedes encontrar nuestros productos en tiendas de ranchos, granjas y ferreter\u00edas.   <\/p>\n\n<figure class=\"wp-block-video\"><video height=\"734\" style=\"aspect-ratio: 1292 \/ 734;\" width=\"1292\" controls=\"\" poster=\"https:\/\/jasonhosesolutions.com\/wp-content\/uploads\/2025\/12\/screenshot-2025-08-06-125803.jpg\" src=\"https:\/\/jasonhosesolutions.com\/wp-content\/uploads\/2025\/12\/agriculture-video.mp4\"><\/video><\/figure>\n\n<h2 class=\"wp-block-heading\">Funci\u00f3n de las mangueras agr\u00edcolas<\/h2>\n\n<p>Las empresas y explotaciones agr\u00edcolas deben tener en cuenta muchos factores a la hora de establecer sistemas para transportar agua y materiales o cuidar de los animales de granja y las plantaciones. Por ejemplo, las granjas requieren equipos resistentes que puedan soportar la abrasi\u00f3n, los entornos exteriores y el uso rudo o frecuente. Adem\u00e1s, las granjas y ranchos suelen tener muchas dependencias, algunas de las cuales pueden estar en lugares m\u00e1s remotos, y necesitan mangueras fiables para trasladar eficazmente los materiales a los campos o estructuras perif\u00e9ricos.<br\/>Sean cuales sean tus necesidades, nuestras mangueras industriales facilitan una gran cantidad de procedimientos agr\u00edcolas y son una soluci\u00f3n de producto ideal para lo siguiente:  <\/p>\n\n<ul class=\"wp-block-list\">\n<li><strong>Riego del ganado:<\/strong> Una preocupaci\u00f3n primordial en el cuidado de los animales de granja es que est\u00e9n bien alimentados y tengan suficiente para beber. Las mangueras agr\u00edcolas suministran agua potable al ganado de tu explotaci\u00f3n de forma fiable y eficaz. <\/li>\n\n\n\n<li><strong>Riego de cultivos:<\/strong> Con un tiempo tan poco fiable como el actual, es importante disponer de sistemas de riego que proporcionen agua suficiente a los cultivos herb\u00e1ceos. La capacidad de transportar agua a tus campos puede ayudar a garantizar cosechas m\u00e1s fuertes y un mayor rendimiento. <\/li>\n\n\n\n<li><strong>Esparcir fertilizante:<\/strong> El fertilizante es otro material vital para el crecimiento satisfactorio de los cultivos, ya que proporciona tanto a las plantas como al suelo los nutrientes adecuados. Utilizar mangueras agr\u00edcolas para esparcir fertilizante sobre el suelo de un campo te permite lograr una distribuci\u00f3n uniforme. Del mismo modo, pueden distribuir musgo de turba, que ayuda a absorber y retener el agua, y colocar capas de mantillo para a\u00f1adir nutrici\u00f3n al suelo y suprimir las malas hierbas.  <\/li>\n\n\n\n<li><strong>Manipulaci\u00f3n del grano:<\/strong> Muchas granjas deben procesar y almacenar eficazmente grandes vol\u00famenes de grano. Las mangueras agr\u00edcolas facilitan la recepci\u00f3n y el traslado de ese grano dentro de las instalaciones de manipulaci\u00f3n y las dependencias de una granja. <\/li>\n\n\n\n<li><strong>Suministro de combustible:<\/strong> Nuestras mangueras tambi\u00e9n son aptas para suministrar combustible a diversos equipos agr\u00edcolas pesados. Pueden suministrar desde gasolina normal hasta biodi\u00e9sel, dada su resistencia a diversas sustancias qu\u00edmicas. <\/li>\n\n\n\n<li><strong>Protecci\u00f3n contra las inundaciones:<\/strong> Especialmente entre zonas alejadas de una granja o rancho, las mangueras agr\u00edcolas pueden ayudarte a preparar tu explotaci\u00f3n para posibles inundaciones. Apoyan la autosuficiencia ante una emergencia para ayudar a minimizar las interrupciones. <\/li>\n<\/ul>\n\n<h2 class=\"wp-block-heading\">\u00bfQu\u00e9 tipo de manguera de exterior utiliza el sector agr\u00edcola?<\/h2>\n\n<p>El mercado agr\u00edcola requiere una serie de tipos diferentes de mangueras de exterior para satisfacer las necesidades de las distintas aplicaciones mencionadas. Una variedad com\u00fan, sin embargo, son las mangueras flexibles. Estas variedades vers\u00e1tiles y bien dise\u00f1adas de Jason permiten a los trabajadores del sector agr\u00edcola mejorar la eficacia, aumentar el rendimiento y satisfacer las demandas del mercado como parte de muchas operaciones de la agricultura sostenible desde el punto de vista medioambiental.<br\/>El caucho termopl\u00e1stico es una opci\u00f3n popular para las mangueras flexibles debido a su rentabilidad y disponibilidad en infinidad de colores. Y lo que es m\u00e1s importante, este material es una buena elecci\u00f3n para aplicaciones al aire libre como las mangueras, ya que ofrece una gran resistencia a la tracci\u00f3n y al alargamiento, as\u00ed como resistencia a la humedad, a las condiciones t\u00e9rmicas variables, a los productos qu\u00edmicos, a la luz ultravioleta, a los desgarros, a la abrasi\u00f3n y a la deformaci\u00f3n. Ofrece una durabilidad impresionante y duradera para proyectos agr\u00edcolas resistentes, junto con una \u00f3ptima libertad de dise\u00f1o.    <\/p>\n\n<h2 class=\"wp-block-heading\">\u00bfQu\u00e9 productos agr\u00edcolas ofrece Jason?<\/h2>\n\n<p>Nuestras categor\u00edas de productos m\u00e1s populares incluyen:<\/p>\n\n<ul class=\"wp-block-list\">\n<li>Mangueras de aire<\/li>\n\n\n\n<li>Mangueras de transferencia de combustible<\/li>\n\n\n\n<li>Mangueras y adaptadores hidr\u00e1ulicos<\/li>\n\n\n\n<li>Tubos trenzados \u2013 PVC<\/li>\n\n\n\n<li>Mangueras de pulverizaci\u00f3n \u2013 EPDM<\/li>\n\n\n\n<li>Tubo de amon\u00edaco anhidro &#8211; EVA<\/li>\n\n\n\n<li>Mangueras de aspiraci\u00f3n e impulsi\u00f3n<\/li>\n\n\n\n<li>Acoplamientos y filtros<\/li>\n<\/ul>\n\n<h2 class=\"wp-block-heading\">Mangueras y Acoplamientos Agr\u00edcolas Jason&#8217;s<\/h2>\n\n<p>Algunos de nuestros productos populares de mangueras y acoplamientos incluyen:<\/p>\n\n<ul class=\"wp-block-list\">\n<li><strong>Manguera de transferencia de combustible para dep\u00f3sito agr\u00edcola:<\/strong> Esta robusta manguera de trasvase, reforzada con poli\u00e9ster, puede dispensar biodi\u00e9sel (hasta B20), etanol (hasta E15), gasolina, gas\u00f3leo y queroseno. La manguera puede soportar un amplio rango de temperaturas de -20\u00b0 F a 160\u00b0 F para su uso durante todo el a\u00f1o. <\/li>\n\n\n\n<li><strong>Manguera de descarga de agua plana de PVC azul:<\/strong> La manguera se enrolla plana para guardarla. Sus usos principales son la agricultura, el riego por goteo, la construcci\u00f3n en general y las aplicaciones de gesti\u00f3n del agua. Est\u00e1 reforzada con hilo de poli\u00e9ster para ofrecer durabilidad y rendimiento a largo plazo. Tambi\u00e9n ofrecemos mangueras de descarga de uso medio (rojas, PVC) y de uso intensivo (blancas, SBR).   <\/li>\n\n\n\n<li><strong>Manguera de aspiraci\u00f3n de agua de PVC verde:<\/strong> Esta manguera corrugada reforzada mantiene una secci\u00f3n transversal circular. Es flexible pero est\u00e1 reforzada para soportar aplicaciones de aspiraci\u00f3n e impulsi\u00f3n. <\/li>\n\n\n\n<li><strong>Mangueras de aspiraci\u00f3n de alimentos FDA y USDA:<\/strong> Mantenemos una completa selecci\u00f3n de mangueras conformes con la FDA y la USDA que pueden utilizarse para transportar alimentos y productos animales sin contaminarlos. Nuestra manguera de PVC tiene una h\u00e9lice en el sentido de las agujas del reloj para mayor integridad estructural, puede soportar temperaturas de -5\u00b0 F a 140\u00b0 F, y es transparente para facilitar las inspecciones y el control. Los usos m\u00e1s comunes incluyen el transporte de agua potable, productos l\u00e1cteos y otros l\u00edquidos aptos para uso alimentario.  <\/li>\n<\/ul>\n\n<h2 class=\"wp-block-heading\">\u00bfPor qu\u00e9 asociarse con Jason para mangueras y acoplamientos agr\u00edcolas?<\/h2>\n\n<p>En Jason, nos enorgullecemos de ser una ventanilla \u00fanica para todas las necesidades de mangueras y acoplamientos de nuestros clientes. Producimos y suministramos mangueras, acoplamientos y accesorios de alta calidad para una amplia gama de aplicaciones agr\u00edcolas, como el riego, el cuidado de animales y la respuesta de emergencia ante inundaciones. Mantenemos un amplio stock para satisfacer las necesidades de nuestros clientes en todo el pa\u00eds. Cada manguera est\u00e1 dise\u00f1ada para ofrecer un alto grado de rendimiento y durar a\u00f1os de uso frecuente. Utilizamos materiales resistentes y de alta calidad para el cuerpo y el refuerzo de cada manguera, sin dejar de ofrecer precios rentables. Ofrecemos mangueras flexibles, ligeras y capaces de soportar temperaturas altas y bajas para su uso durante todo el a\u00f1o.     <\/p>\n\n<h2 class=\"wp-block-heading\">Contacta con Jason para Mangueras Agr\u00edcolas<\/h2>\n\n<p>Trabajar en el sector agr\u00edcola es un trabajo duro. El equipo de Jason se esfuerza por apoyar a nuestros clientes agr\u00edcolas de Norteam\u00e9rica, Sudam\u00e9rica y Centroam\u00e9rica haciendo que ese trabajo sea lo m\u00e1s sencillo posible. Ofrecemos una amplia l\u00ednea de mangueras industriales, as\u00ed como acoplamientos y racores, para satisfacer las necesidades de las aplicaciones espec\u00edficas del sector, con el fin de lograr un funcionamiento ininterrumpido y un servicio fiable. <a href=\"https:\/\/jasonindustrial.com\/contact-us\/\">Ponte en contacto con nosotros<\/a> hoy mismo para obtener m\u00e1s informaci\u00f3n sobre nuestros productos duraderos para el sector agr\u00edcola, o <a href=\"https:\/\/jasonindustrial.com\/request-for-quote\/\">solicita un presupuesto<\/a> para empezar.  <\/p>\n\n<p><\/p>\n","protected":false},"excerpt":{"rendered":"<p>Mant\u00e9n tus operaciones en marcha desde la siembra hasta la cosecha. Encuentra correas de repuesto duraderas para tu maquinaria y mangueras fiables para riego, fertilizantes l\u00edquidos y manipulaci\u00f3n de grano a granel. <\/p>\n","protected":false},"author":1,"featured_media":46260,"parent":46025,"menu_order":0,"comment_status":"closed","ping_status":"closed","template":"","meta":{"_acf_changed":false,"_seopress_robots_primary_cat":"","_seopress_titles_title":"","_seopress_titles_desc":"","_seopress_robots_index":"","footnotes":""},"class_list":["post-46026","page","type-page","status-publish","has-post-thumbnail"],"acf":[],"_links":{"self":[{"href":"https:\/\/jasonhosesolutions.com\/es\/wp-json\/wp\/v2\/pages\/46026","targetHints":{"allow":["GET"]}}],"collection":[{"href":"https:\/\/jasonhosesolutions.com\/es\/wp-json\/wp\/v2\/pages"}],"about":[{"href":"https:\/\/jasonhosesolutions.com\/es\/wp-json\/wp\/v2\/types\/page"}],"author":[{"embeddable":true,"href":"https:\/\/jasonhosesolutions.com\/es\/wp-json\/wp\/v2\/users\/1"}],"replies":[{"embeddable":true,"href":"https:\/\/jasonhosesolutions.com\/es\/wp-json\/wp\/v2\/comments?post=46026"}],"version-history":[{"count":0,"href":"https:\/\/jasonhosesolutions.com\/es\/wp-json\/wp\/v2\/pages\/46026\/revisions"}],"up":[{"embeddable":true,"href":"https:\/\/jasonhosesolutions.com\/es\/wp-json\/wp\/v2\/pages\/46025"}],"wp:featuredmedia":[{"embeddable":true,"href":"https:\/\/jasonhosesolutions.com\/es\/wp-json\/wp\/v2\/media\/46260"}],"wp:attachment":[{"href":"https:\/\/jasonhosesolutions.com\/es\/wp-json\/wp\/v2\/media?parent=46026"}],"curies":[{"name":"wp","href":"https:\/\/api.w.org\/{rel}","templated":true}]}}