{"id":46025,"date":"2025-11-04T06:32:08","date_gmt":"2025-11-04T06:32:08","guid":{"rendered":"https:\/\/jasonhosesolutions.com\/industrias\/"},"modified":"2026-03-23T07:09:03","modified_gmt":"2026-03-23T07:09:03","slug":"industrias","status":"publish","type":"page","link":"https:\/\/jasonhosesolutions.com\/es\/industrias\/","title":{"rendered":"Industrias"},"content":{"rendered":"\n<p>En Jason Hose Solutions, creemos que las cosas m\u00e1s esenciales de la vida a menudo pasan desapercibidas. Nuestras mangueras son la fuerza silenciosa que hay detr\u00e1s de los sistemas que impulsan tu mundo moviendo l\u00edquidos, gases y materiales con precisi\u00f3n y fiabilidad. Desde los alimentos que consumes hasta la energ\u00eda que alimenta tu d\u00eda a d\u00eda, las mangueras Jason est\u00e1n ah\u00ed trabajando entre bastidores, haciendo posible el progreso en todos los sectores.  <\/p>\n\n<p><strong>Essential Everywhere<\/strong> es m\u00e1s que un mensaje, es nuestro compromiso. Una promesa de que dondequiera que haya necesidad de resistencia, seguridad y rendimiento, all\u00ed estar\u00e1 Jason. Ya sea en la agricultura, la construcci\u00f3n, la energ\u00eda o la fabricaci\u00f3n, ofrecemos soluciones de mangueras dise\u00f1adas para satisfacer las demandas m\u00e1s exigentes de cada entorno.  <\/p>\n\n<p>Explora las industrias a las que servimos a continuaci\u00f3n y descubre c\u00f3mo Jason Hose Solutions es esencial para tu \u00e9xito.<\/p>\n","protected":false},"excerpt":{"rendered":"<p>En Jason Hose Solutions, creemos que las cosas m\u00e1s esenciales de la vida a menudo pasan desapercibidas. Nuestras mangueras son la fuerza silenciosa que hay detr\u00e1s de los sistemas que impulsan tu mundo moviendo l\u00edquidos, gases y materiales con precisi\u00f3n y fiabilidad. Desde los alimentos que consumes hasta la energ\u00eda que alimenta tu d\u00eda a [&hellip;]<\/p>\n","protected":false},"author":1,"featured_media":26195,"parent":0,"menu_order":0,"comment_status":"closed","ping_status":"closed","template":"","meta":{"_acf_changed":false,"_seopress_robots_primary_cat":"","_seopress_titles_title":"","_seopress_titles_desc":"","_seopress_robots_index":"","footnotes":""},"class_list":["post-46025","page","type-page","status-publish","has-post-thumbnail"],"acf":[],"_links":{"self":[{"href":"https:\/\/jasonhosesolutions.com\/es\/wp-json\/wp\/v2\/pages\/46025","targetHints":{"allow":["GET"]}}],"collection":[{"href":"https:\/\/jasonhosesolutions.com\/es\/wp-json\/wp\/v2\/pages"}],"about":[{"href":"https:\/\/jasonhosesolutions.com\/es\/wp-json\/wp\/v2\/types\/page"}],"author":[{"embeddable":true,"href":"https:\/\/jasonhosesolutions.com\/es\/wp-json\/wp\/v2\/users\/1"}],"replies":[{"embeddable":true,"href":"https:\/\/jasonhosesolutions.com\/es\/wp-json\/wp\/v2\/comments?post=46025"}],"version-history":[{"count":2,"href":"https:\/\/jasonhosesolutions.com\/es\/wp-json\/wp\/v2\/pages\/46025\/revisions"}],"predecessor-version":[{"id":60559,"href":"https:\/\/jasonhosesolutions.com\/es\/wp-json\/wp\/v2\/pages\/46025\/revisions\/60559"}],"wp:featuredmedia":[{"embeddable":true,"href":"https:\/\/jasonhosesolutions.com\/es\/wp-json\/wp\/v2\/media\/26195"}],"wp:attachment":[{"href":"https:\/\/jasonhosesolutions.com\/es\/wp-json\/wp\/v2\/media?parent=46025"}],"curies":[{"name":"wp","href":"https:\/\/api.w.org\/{rel}","templated":true}]}}