{"id":46022,"date":"2025-11-04T07:58:35","date_gmt":"2025-11-04T07:58:35","guid":{"rendered":"https:\/\/jasonhosesolutions.com\/productos\/industrial\/"},"modified":"2026-01-30T12:44:35","modified_gmt":"2026-01-30T12:44:35","slug":"industrial","status":"publish","type":"page","link":"https:\/\/jasonhosesolutions.com\/es\/productos\/industrial\/","title":{"rendered":"Industrial"},"content":{"rendered":"\n<p>Jason ofrece una l\u00ednea completa de mangueras industriales de caucho y termopl\u00e1stico, acoplamientos y accesorios para una amplia gama de industrias y aplicaciones. Nuestro principal centro de distribuci\u00f3n de mangueras se encuentra en Carol Stream, Illinois. Otros centros de distribuci\u00f3n en los Estados Unidos est\u00e1n ubicados en California, Florida, Nueva Jersey, Oreg\u00f3n y Texas con el fin de proporcionar inventario a nuestros clientes lo m\u00e1s r\u00e1pido posible. Otros centros de distribuci\u00f3n est\u00e1n ubicados en todo el continente americano y se pueden encontrar en nuestra p\u00e1gina <a href=\"https:\/\/jasonhosesolutions.com\/es\/sobre-nosotros\/\" data-type=\"page\" data-id=\"144\">acerca de nosotros<\/a>.   <\/p>\n","protected":false},"excerpt":{"rendered":"<p>Jason ofrece una l\u00ednea completa de mangueras industriales de caucho y termopl\u00e1stico, acoplamientos y accesorios para una amplia gama de industrias y aplicaciones. Nuestro principal centro de distribuci\u00f3n de mangueras se encuentra en Carol Stream, Illinois. Otros centros de distribuci\u00f3n en los Estados Unidos est\u00e1n ubicados en California, Florida, Nueva Jersey, Oreg\u00f3n y Texas con [&hellip;]<\/p>\n","protected":false},"author":1,"featured_media":26692,"parent":45996,"menu_order":0,"comment_status":"closed","ping_status":"closed","template":"","meta":{"_acf_changed":false,"_seopress_robots_primary_cat":"","_seopress_titles_title":"","_seopress_titles_desc":"","_seopress_robots_index":"","footnotes":""},"class_list":["post-46022","page","type-page","status-publish","has-post-thumbnail"],"acf":[],"_links":{"self":[{"href":"https:\/\/jasonhosesolutions.com\/es\/wp-json\/wp\/v2\/pages\/46022","targetHints":{"allow":["GET"]}}],"collection":[{"href":"https:\/\/jasonhosesolutions.com\/es\/wp-json\/wp\/v2\/pages"}],"about":[{"href":"https:\/\/jasonhosesolutions.com\/es\/wp-json\/wp\/v2\/types\/page"}],"author":[{"embeddable":true,"href":"https:\/\/jasonhosesolutions.com\/es\/wp-json\/wp\/v2\/users\/1"}],"replies":[{"embeddable":true,"href":"https:\/\/jasonhosesolutions.com\/es\/wp-json\/wp\/v2\/comments?post=46022"}],"version-history":[{"count":0,"href":"https:\/\/jasonhosesolutions.com\/es\/wp-json\/wp\/v2\/pages\/46022\/revisions"}],"up":[{"embeddable":true,"href":"https:\/\/jasonhosesolutions.com\/es\/wp-json\/wp\/v2\/pages\/45996"}],"wp:featuredmedia":[{"embeddable":true,"href":"https:\/\/jasonhosesolutions.com\/es\/wp-json\/wp\/v2\/media\/26692"}],"wp:attachment":[{"href":"https:\/\/jasonhosesolutions.com\/es\/wp-json\/wp\/v2\/media?parent=46022"}],"curies":[{"name":"wp","href":"https:\/\/api.w.org\/{rel}","templated":true}]}}