{"id":45998,"date":"2025-11-11T18:38:22","date_gmt":"2025-11-11T18:38:22","guid":{"rendered":"https:\/\/jasonhosesolutions.com\/petroleo-y-gas\/"},"modified":"2026-02-04T12:55:03","modified_gmt":"2026-02-04T12:55:03","slug":"petroleo-y-gas","status":"publish","type":"page","link":"https:\/\/jasonhosesolutions.com\/es\/industrias\/petroleo-y-gas\/","title":{"rendered":"Petr\u00f3leo y gas"},"content":{"rendered":"\n<p>Las operaciones de petr\u00f3leo y gas exigen mangueras industriales fiables y robustas. Jason es un proveedor l\u00edder de mangueras industriales dise\u00f1adas para la variedad de duras condiciones a las que se enfrenta este sector con regularidad, desde operaciones de perforaci\u00f3n remotas hasta el transporte de petr\u00f3leo a refiner\u00edas. Nuestra amplia gama de mangueras para petr\u00f3leo y gas garantiza la eficacia operativa, la seguridad y la fiabilidad, cada una adaptada a su funci\u00f3n espec\u00edfica en la industria del petr\u00f3leo y el gas.  <\/p>\n\n<figure class=\"wp-block-video\"><video height=\"734\" style=\"aspect-ratio: 1292 \/ 734;\" width=\"1292\" controls=\"\" poster=\"https:\/\/jasonhosesolutions.com\/wp-content\/uploads\/2025\/12\/screenshot-2025-08-06-125803.jpg\" src=\"https:\/\/jasonhosesolutions.com\/wp-content\/uploads\/2025\/12\/js-industry-oil-and-gas-animated-en.mp4\"><\/video><\/figure>\n\n<p>Sigue leyendo para saber m\u00e1s sobre por qu\u00e9 son necesarias las mangueras especializadas en gases industriales para esta industria, adem\u00e1s de sus aplicaciones m\u00e1s comunes.<\/p>\n\n<h2 class=\"wp-block-heading\">La necesidad de mangueras industriales en petr\u00f3leo y gas<\/h2>\n\n<p>A medida que la industria del petr\u00f3leo y el gas ha evolucionado, los fabricantes de mangueras industriales han innovado sus productos para adaptarse. Aunque las mangueras tradicionales son adecuadas para industrias pesadas como la del papel y la pasta de papel, la agricultura y el acero, el crecimiento del fracking y la perforaci\u00f3n horizontal desde 2010 ha aumentado la demanda de mangueras industriales m\u00e1s robustas. Las mangueras deben ser capaces de soportar materiales corrosivos, presiones m\u00e1s altas y mayores vol\u00famenes de estos nuevos procesos de perforaci\u00f3n petrol\u00edfera.<br\/>Los operadores y fabricantes de mangueras como Jason reconocen que las mangueras industriales son fundamentales para el \u00e9xito de estos proyectos. Las aplicaciones espec\u00edficas de las mangueras van desde las mangueras de perforaci\u00f3n hasta el suministro de agua al lugar de perforaci\u00f3n. Las mangueras para petr\u00f3leo y gas est\u00e1n meticulosamente dise\u00f1adas para soportar los duros retos medioambientales y los materiales abrasivos que transportan, por lo que son cruciales para unas operaciones eficaces y seguras.    <\/p>\n\n<h2 class=\"wp-block-heading\">Aplicaciones de las mangueras en petr\u00f3leo y gas<\/h2>\n\n<p>Nuestras mangueras industriales sirven para diversas aplicaciones en la industria del petr\u00f3leo y el gas. Aqu\u00ed tienes un resumen de los principales tipos de mangueras que ofrecemos en funci\u00f3n de su uso. <\/p>\n\n<h2 class=\"wp-block-heading\">Mangueras de perforaci\u00f3n<\/h2>\n\n<p>Una operaci\u00f3n de perforaci\u00f3n comienza cuando el fluido de perforaci\u00f3n se bombea a alta presi\u00f3n en la bomba de lodo y las mangueras de perforaci\u00f3n. El equipo de perforaci\u00f3n medio tiene numerosos conjuntos de mangueras, que funcionan a muchas presiones del sistema. Un solo fallo de las mangueras puede detener todas las operaciones, con los consiguientes costes de inactividad, especialmente en las perforaciones remotas. Los retrasos debidos al impacto medioambiental tambi\u00e9n pueden aumentar los costes de las paradas.<br\/>Jason proporciona muchos tipos de mangueras para estas aplicaciones, as\u00ed como asistencia en aplicaciones para que tu aplicaci\u00f3n de perforaci\u00f3n funcione sin problemas, manteniendo los costes bajos. Las mangueras adecuadas para cada aplicaci\u00f3n est\u00e1n equipadas con varias capas de refuerzo para hacer frente a los aumentos repentinos de presi\u00f3n y evitar reventones. Su flexibilidad facilita su manejo y colocaci\u00f3n.     <\/p>\n\n<h2 class=\"wp-block-heading\">Mangueras de fracturaci\u00f3n hidr\u00e1ulica<\/h2>\n\n<p>Durante la fracturaci\u00f3n hidr\u00e1ulica, o fracking, se inyecta en los pozos una mezcla de agua, arena y productos qu\u00edmicos para mejorar la extracci\u00f3n de recursos. Este proceso requiere mangueras largas y robustas que puedan soportar presiones normalmente de 400 PSI o m\u00e1s. Un solo fallo de la manguera puede costarte horas de productividad cr\u00edtica. Los da\u00f1os al medio ambiente o las fugas debidas a mangueras defectuosas pueden acarrear cuantiosas multas. Las mangueras de primera calidad de<br\/>Jason est\u00e1n dise\u00f1adas con una protecci\u00f3n exterior mejorada para resistir las duras condiciones meteorol\u00f3gicas y el desgaste. Te ofrecemos nuestra experiencia junto con nuestra amplia gama de mangueras industriales para aceite para servirte mejor a ti y a tus operaciones.    <\/p>\n\n<h2 class=\"wp-block-heading\">Mangueras de refinado<\/h2>\n\n<p>Las refiner\u00edas funcionan sin parar, transformando el petr\u00f3leo crudo en combustible que alimenta innumerables productos cotidianos. Cualquier interrupci\u00f3n debida a un fallo de la manguera puede acarrear importantes p\u00e9rdidas econ\u00f3micas por cada hora de inactividad. Adem\u00e1s, las fugas en las mangueras pueden acarrear multas reglamentarias.<br\/>Jason ofrece mangueras dise\u00f1adas para minimizar el riesgo de fugas y fallos, garantizando un refinado continuo y eficiente. Las mangueras se adaptan a los valores nominales de su aplicaci\u00f3n para soportar los productos qu\u00edmicos y las temperaturas espec\u00edficos del refinado, con materiales espec\u00edficos resistentes a los productos qu\u00edmicos y al calor, as\u00ed como accesorios a prueba de fugas.   <\/p>\n\n<h2 class=\"wp-block-heading\">Solicitar un presupuesto de Mangueras para petr\u00f3leo y gas<\/h2>\n\n<p>Elegir a Jason significa que no s\u00f3lo est\u00e1s comprando mangueras: est\u00e1s invirtiendo en una asociaci\u00f3n que da prioridad a la m\u00e1xima calidad y eficacia en tus operaciones. Nuestros productos de mangueras industriales est\u00e1n dise\u00f1ados para satisfacer las rigurosas exigencias de la industria, garantizando que tus operaciones se desarrollen sin problemas, de forma rentable y con un impacto medioambiental m\u00ednimo.<br\/>Ponte en contacto con nosotros hoy mismo para hablar de tus necesidades, o <a href=\"https:\/\/jasonhosesolutions.com\/es\/peticion-de-oferta\/\" data-type=\"page\" data-id=\"122\">solicita un presupuesto<\/a> para conocer los precios. <\/p>\n","protected":false},"excerpt":{"rendered":"<p>Las operaciones de petr\u00f3leo y gas requieren mangueras robustas para las duras condiciones de perforaci\u00f3n, fracturaci\u00f3n y refinado. Jason suministra mangueras industriales especializadas y reforzadas para garantizar la eficacia, la seguridad y un tiempo de inactividad m\u00ednimo, adaptadas para altas presiones, abrasi\u00f3n y materiales corrosivos en lugares remotos y refiner\u00edas. <\/p>\n","protected":false},"author":1,"featured_media":46563,"parent":46025,"menu_order":0,"comment_status":"closed","ping_status":"closed","template":"","meta":{"_acf_changed":false,"_seopress_robots_primary_cat":"","_seopress_titles_title":"","_seopress_titles_desc":"","_seopress_robots_index":"","footnotes":""},"class_list":["post-45998","page","type-page","status-publish","has-post-thumbnail"],"acf":[],"_links":{"self":[{"href":"https:\/\/jasonhosesolutions.com\/es\/wp-json\/wp\/v2\/pages\/45998","targetHints":{"allow":["GET"]}}],"collection":[{"href":"https:\/\/jasonhosesolutions.com\/es\/wp-json\/wp\/v2\/pages"}],"about":[{"href":"https:\/\/jasonhosesolutions.com\/es\/wp-json\/wp\/v2\/types\/page"}],"author":[{"embeddable":true,"href":"https:\/\/jasonhosesolutions.com\/es\/wp-json\/wp\/v2\/users\/1"}],"replies":[{"embeddable":true,"href":"https:\/\/jasonhosesolutions.com\/es\/wp-json\/wp\/v2\/comments?post=45998"}],"version-history":[{"count":0,"href":"https:\/\/jasonhosesolutions.com\/es\/wp-json\/wp\/v2\/pages\/45998\/revisions"}],"up":[{"embeddable":true,"href":"https:\/\/jasonhosesolutions.com\/es\/wp-json\/wp\/v2\/pages\/46025"}],"wp:featuredmedia":[{"embeddable":true,"href":"https:\/\/jasonhosesolutions.com\/es\/wp-json\/wp\/v2\/media\/46563"}],"wp:attachment":[{"href":"https:\/\/jasonhosesolutions.com\/es\/wp-json\/wp\/v2\/media?parent=45998"}],"curies":[{"name":"wp","href":"https:\/\/api.w.org\/{rel}","templated":true}]}}