{"id":45997,"date":"2025-11-11T18:37:44","date_gmt":"2025-11-11T18:37:44","guid":{"rendered":"https:\/\/jasonhosesolutions.com\/maquinas-herramienta\/"},"modified":"2026-02-04T12:54:13","modified_gmt":"2026-02-04T12:54:13","slug":"maquinas-herramienta","status":"publish","type":"page","link":"https:\/\/jasonhosesolutions.com\/es\/industrias\/maquinas-herramienta\/","title":{"rendered":"M\u00e1quinas herramienta"},"content":{"rendered":"\n<p>Una m\u00e1quina herramienta se utiliza para fresar, dar forma, esmerilar o cortar materias primas para producir componentes para la agricultura, la construcci\u00f3n, la fabricaci\u00f3n en general y muchas otras <a href=\"https:\/\/jasonhosesolutions.com\/es\/industrias\/\" data-type=\"page\" data-id=\"323\">industrias a las que servimos<\/a>. Los tornos CNC, las rectificadoras, los equipos de fresado y otras m\u00e1quinas herramienta necesitan mangueras hidr\u00e1ulicas para funcionar correctamente. Con la hidr\u00e1ulica, los dise\u00f1adores de m\u00e1quinas herramienta pueden desarrollar funciones pr\u00e1cticas y potentes para mejorar la fiabilidad y el rendimiento de estas m\u00e1quinas.  <\/p>\n\n<p>Las mangueras de las m\u00e1quinas herramienta transfieren eficazmente aceite hidr\u00e1ulico u otros fluidos de un lugar a otro. Deben ser flexibles y muy duraderas para soportar la transferencia de fluidos a alta presi\u00f3n. M\u00e1s informaci\u00f3n sobre el papel de las mangueras en los sistemas hidr\u00e1ulicos, la importancia de las mangueras en las m\u00e1quinas herramienta y la selecci\u00f3n de mangueras hidr\u00e1ulicas para m\u00e1quinas herramienta que ofrece Jason.  <\/p>\n\n<h2 class=\"wp-block-heading\">Mangueras en sistemas hidr\u00e1ulicos<\/h2>\n\n<p>Los sistemas hidr\u00e1ulicos dependen de fluidos a presi\u00f3n para transmitir, generar y controlar la potencia. Una manguera hidr\u00e1ulica de alta calidad es parte integrante del sistema hidr\u00e1ulico y esencial para el funcionamiento de las m\u00e1quinas herramienta. En las m\u00e1quinas CNC, el sistema hidr\u00e1ulico utiliza la presi\u00f3n del fluido para mover y controlar eficazmente las piezas de trabajo, las mordazas, las herramientas de corte y otras piezas vitales.  <\/p>\n\n<p>Los componentes principales de un sistema hidr\u00e1ulico en m\u00e1quinas herramienta son:<\/p>\n\n<ul class=\"wp-block-list\">\n<li>Bomba<\/li>\n\n\n\n<li>Fluido hidr\u00e1ulico<\/li>\n\n\n\n<li>Dep\u00f3sito<\/li>\n\n\n\n<li>V\u00e1lvulas<\/li>\n\n\n\n<li>Actuadores<\/li>\n<\/ul>\n\n<p>Aqu\u00ed tienes un ejemplo paso a paso de c\u00f3mo funcionan los sistemas hidr\u00e1ulicos:<\/p>\n\n<ol class=\"wp-block-list\">\n<li>La bomba extrae el fluido hidr\u00e1ulico del dep\u00f3sito y lo presuriza.<\/li>\n\n\n\n<li>El fluido hidr\u00e1ulico a presi\u00f3n atraviesa una manguera hidr\u00e1ulica, act\u00faa sobre un cilindro con cu\u00f1a y empuja el tronco hasta que se parte.<\/li>\n\n\n\n<li>Cuando el pist\u00f3n se retrae, el fluido es empujado por el cilindro hacia una manguera de retorno, que conduce al dep\u00f3sito.<\/li>\n\n\n\n<li>El fluido tiene tiempo para enfriarse mientras se prepara para el siguiente ciclo.<\/li>\n<\/ol>\n\n<p>El latiguillo hidr\u00e1ulico, el cilindro, la bomba y el dep\u00f3sito son componentes esenciales del sistema hidr\u00e1ulico. Las mangueras hidr\u00e1ulicas se encargan de conectar estos componentes, creando una red para que el fluido fluya libremente por todo el sistema hidr\u00e1ulico. Estas mangueras reforzadas son extremadamente flexibles y est\u00e1n dise\u00f1adas para soportar las condiciones de alta temperatura y alta presi\u00f3n de los sistemas hidr\u00e1ulicos industriales.  <\/p>\n\n<h2 class=\"wp-block-heading\">La importancia de la hidr\u00e1ulica en las m\u00e1quinas herramienta<\/h2>\n\n<p>De dise\u00f1o sencillo, los sistemas hidr\u00e1ulicos son muy eficientes e incurren en p\u00e9rdidas m\u00ednimas durante la transferencia de energ\u00eda. El rendimiento preciso de las m\u00e1quinas CNC depende de la exactitud y eficacia de sus sistemas hidr\u00e1ulicos. Un sistema hidr\u00e1ulico bien mantenido y dise\u00f1ado puede mejorar la fiabilidad, precisi\u00f3n y velocidad de una m\u00e1quina, lo que se traduce en productos de mejor calidad y mayor productividad.  <\/p>\n\n<p>La hidr\u00e1ulica desempe\u00f1a un papel vital, especialmente en aplicaciones de alto impulso y alta presi\u00f3n. Las mangueras hidr\u00e1ulicas tienen especificaciones de engarce con un bajo margen de error, admiten un mantenimiento sencillo del sistema y est\u00e1n fabricadas con materiales de alta calidad para ofrecer un rendimiento preciso y duradero en estas aplicaciones dif\u00edciles. <\/p>\n\n<h2 class=\"wp-block-heading\">Construcci\u00f3n de mangueras hidr\u00e1ulicas<\/h2>\n\n<p>Las mangueras hidr\u00e1ulicas incluyen varios componentes que trabajan al un\u00edsono para proporcionar eficacia y durabilidad, incluso en las condiciones m\u00e1s exigentes. Cada manguera consta de los siguientes componentes <\/p>\n\n<ul class=\"wp-block-list\">\n<li><strong>Tubo interior: <\/strong>Como capa m\u00e1s interna de la manguera hidr\u00e1ulica, el tubo interior transporta el fluido hidr\u00e1ulico. Suele estar hecho de un material de caucho sint\u00e9tico que resiste el desgaste y es compatible con varios tipos de fluido hidr\u00e1ulico. <\/li>\n\n\n\n<li>Capa de refuerzo<strong>: <\/strong>la capa de refuerzo proporciona estructura y soporte a la manguera para que resista las presiones correspondientes. Este refuerzo suele consistir en materiales textiles o acero de alta resistencia a la tracci\u00f3n, como alambre trenzado o enrollado en espiral, que pueden soportar entornos de alta presi\u00f3n. <\/li>\n\n\n\n<li><strong>Cubierta exterior: <\/strong>Esta capa protectora protege los componentes internos de los productos qu\u00edmicos, la abrasi\u00f3n y otros factores ambientales. La cubierta exterior suele consistir en un caucho termopl\u00e1stico o sint\u00e9tico que resiste los da\u00f1os y el envejecimiento. <\/li>\n<\/ul>\n\n<h2 class=\"wp-block-heading\">Contacta con Jason para Mangueras hidr\u00e1ulicas<\/h2>\n\n<p>Con d\u00e9cadas de experiencia en el sector, Jason tiene una reputaci\u00f3n demostrada como proveedor de mangueras hidr\u00e1ulicas e industriales. Como divisi\u00f3n de mangueras de AMMEGA, Jason presta servicio a una amplia gama de industrias de Norteam\u00e9rica, Sudam\u00e9rica y Centroam\u00e9rica. <\/p>\n\n<p>Ofrecemos mangueras hidr\u00e1ulicas, acoplamientos hidr\u00e1ulicos, mangueras industriales, acoplamientos industriales y accesorios.<\/p>\n\n<p><a href=\"https:\/\/jasonhosesolutions.com\/es\/ponte-en-contacto-con\/\" data-type=\"page\" data-id=\"152\">Ponte en contacto con nosotros<\/a> hoy mismo para obtener m\u00e1s informaci\u00f3n sobre nuestras mangueras hidr\u00e1ulicas de alta calidad. Tambi\u00e9n puedes <a href=\"https:\/\/jasonhosesolutions.com\/es\/peticion-de-oferta\/\" data-type=\"page\" data-id=\"122\">solicitar un presupuesto<\/a> para obtener informaci\u00f3n detallada sobre precios. <\/p>\n","protected":false},"excerpt":{"rendered":"<p>Las m\u00e1quinas herramienta, como los tornos CNC y las amoladoras, dependen de las mangueras hidr\u00e1ulicas para transferir fluido a presi\u00f3n, lo que permite un control preciso de las abrazaderas, las herramientas y las piezas de trabajo. Jason suministra mangueras duraderas y de alto rendimiento para sistemas hidr\u00e1ulicos en agricultura, construcci\u00f3n y fabricaci\u00f3n en toda Am\u00e9rica. <\/p>\n","protected":false},"author":1,"featured_media":46528,"parent":46025,"menu_order":0,"comment_status":"closed","ping_status":"closed","template":"","meta":{"_acf_changed":false,"_seopress_robots_primary_cat":"","_seopress_titles_title":"","_seopress_titles_desc":"","_seopress_robots_index":"","footnotes":""},"class_list":["post-45997","page","type-page","status-publish","has-post-thumbnail"],"acf":[],"_links":{"self":[{"href":"https:\/\/jasonhosesolutions.com\/es\/wp-json\/wp\/v2\/pages\/45997","targetHints":{"allow":["GET"]}}],"collection":[{"href":"https:\/\/jasonhosesolutions.com\/es\/wp-json\/wp\/v2\/pages"}],"about":[{"href":"https:\/\/jasonhosesolutions.com\/es\/wp-json\/wp\/v2\/types\/page"}],"author":[{"embeddable":true,"href":"https:\/\/jasonhosesolutions.com\/es\/wp-json\/wp\/v2\/users\/1"}],"replies":[{"embeddable":true,"href":"https:\/\/jasonhosesolutions.com\/es\/wp-json\/wp\/v2\/comments?post=45997"}],"version-history":[{"count":0,"href":"https:\/\/jasonhosesolutions.com\/es\/wp-json\/wp\/v2\/pages\/45997\/revisions"}],"up":[{"embeddable":true,"href":"https:\/\/jasonhosesolutions.com\/es\/wp-json\/wp\/v2\/pages\/46025"}],"wp:featuredmedia":[{"embeddable":true,"href":"https:\/\/jasonhosesolutions.com\/es\/wp-json\/wp\/v2\/media\/46528"}],"wp:attachment":[{"href":"https:\/\/jasonhosesolutions.com\/es\/wp-json\/wp\/v2\/media?parent=45997"}],"curies":[{"name":"wp","href":"https:\/\/api.w.org\/{rel}","templated":true}]}}