{"id":45995,"date":"2025-11-11T18:36:56","date_gmt":"2025-11-11T18:36:56","guid":{"rendered":"https:\/\/jasonhosesolutions.com\/equipos-industriales-pesados\/"},"modified":"2026-02-04T12:53:57","modified_gmt":"2026-02-04T12:53:57","slug":"equipos-industriales-pesados","status":"publish","type":"page","link":"https:\/\/jasonhosesolutions.com\/es\/industrias\/equipos-industriales-pesados\/","title":{"rendered":"Equipos industriales pesados"},"content":{"rendered":"\n<p>Las mangueras hidr\u00e1ulicas suministran potencia hidr\u00e1ulica de forma eficaz a excavadoras, gr\u00faas, plataformas de perforaci\u00f3n en alta mar, equipos de miner\u00eda y otras piezas de maquinaria industrial pesada. Proporcionan soluciones de potencia seguras y duraderas, y ofrecen la durabilidad y flexibilidad necesarias para hacer frente a diversos entornos y aplicaciones dif\u00edciles. <\/p>\n\n<p>En Jason, llevamos suministrando mangueras industriales de alto rendimiento a diversas industrias desde 1958. Somos la divisi\u00f3n de mangueras de AMMEGA y suministramos productos a clientes de Norteam\u00e9rica, Sudam\u00e9rica y Centroam\u00e9rica. Obt\u00e9n m\u00e1s informaci\u00f3n sobre c\u00f3mo ayudamos a nuestros clientes de la industria pesada con mangueras resistentes para equipos industriales.  <\/p>\n\n<h2 class=\"wp-block-heading\">Mangueras de maquinaria<\/h2>\n\n<p>Las mangueras de maquinaria son fundamentales para la funcionalidad y eficacia de los equipos de construcci\u00f3n y miner\u00eda de gran potencia con sistemas hidr\u00e1ulicos. Las mangueras hidr\u00e1ulicas transfieren potencia en forma de fluido a alta presi\u00f3n desde los sistemas hidr\u00e1ulicos a las v\u00e1lvulas, cilindros, motores y otras piezas de la maquinaria, permitiendo en \u00faltima instancia el movimiento y control de los componentes. <\/p>\n\n<h3 class=\"wp-block-heading\">Bulldozers<\/h3>\n\n<p>Las excavadoras utilizan sistemas hidr\u00e1ulicos y mangueras de alta resistencia para proporcionar potencia de fluido a sus palas. Estos componentes permiten a las excavadoras nivelar, allanar, excavar y empujar tierra y otros materiales en entornos de construcci\u00f3n. <\/p>\n\n<h3 class=\"wp-block-heading\">Gr\u00faas<\/h3>\n\n<p>Para accionar la pluma -el componente del equipo responsable de elevar, bajar y transportar objetos y materiales pesados-, las gr\u00faas se dise\u00f1an con cilindros hidr\u00e1ulicos. Nuestras mangueras hidr\u00e1ulicas de alta resistencia suministran eficazmente la potencia necesaria para accionar los cilindros del sistema hidr\u00e1ulico de una gr\u00faa. <\/p>\n\n<h3 class=\"wp-block-heading\">Excavadoras<\/h3>\n\n<p>Del mismo modo, el sistema hidr\u00e1ulico de una excavadora proporciona potencia a su cuchara y pluma. Al suministrar fluido altamente presurizado a los cilindros hidr\u00e1ulicos de la excavadora, las mangueras de la maquinaria ayudan a dar a los operarios la funcionalidad necesaria para mover esas piezas del equipo. <\/p>\n\n<h3 class=\"wp-block-heading\">Cargadoras<\/h3>\n\n<p>Al proporcionar potencia a los cilindros hidr\u00e1ulicos de las palas cargadoras, las mangueras de maquinaria permiten a este equipo elevar la cuchara en su parte delantera. Los operadores pueden entonces controlar la cuchara para transportar la suciedad y los materiales seg\u00fan sea necesario. <\/p>\n\n<h3 class=\"wp-block-heading\">Equipos de miner\u00eda<\/h3>\n\n<p>En las aplicaciones mineras, tanto en superficie como subterr\u00e1neas, la mayor\u00eda de los equipos utilizan mangueras hidr\u00e1ulicas mineras para garantizar un funcionamiento sin problemas y una entrega de potencia constante. Algunos ejemplos de este tipo de maquinaria son: <\/p>\n\n<ul class=\"wp-block-list\">\n<li>Mineros continuos<\/li>\n\n\n\n<li>Topadoras<\/li>\n\n\n\n<li>Taladros<\/li>\n\n\n\n<li>Camiones de transporte<\/li>\n\n\n\n<li>Palas hidr\u00e1ulicas<\/li>\n\n\n\n<li>Rascadores<\/li>\n<\/ul>\n\n<h2 class=\"wp-block-heading\">Ventajas de las mangueras en la maquinaria pesada<\/h2>\n\n<p>Las mangueras para maquinaria industrial ofrecen varias ventajas para los equipos industriales pesados. Las ventajas de las mangueras hidr\u00e1ulicas en estas aplicaciones incluyen: <\/p>\n\n<ul class=\"wp-block-list\">\n<li><strong>Suministro de energ\u00eda eficiente:<\/strong> Nuestras mangueras hidr\u00e1ulicas, que discurren entre una fuente de energ\u00eda y componentes como los cilindros de los sistemas hidr\u00e1ulicos de tu equipo, proporcionan flexibilidad en el trazado para transferir energ\u00eda de forma eficiente entre puntos con bajas p\u00e9rdidas de energ\u00eda. Esto da a nuestras mangueras de alta resistencia la ventaja adicional de ser rentables, con un ahorro potencial en costes operativos y energ\u00e9ticos. <\/li>\n\n\n\n<li><strong>Alta potencia con un tama\u00f1o compacto:<\/strong> Adem\u00e1s de manejar eficazmente las aplicaciones de alta potencia, las mangueras hidr\u00e1ulicas ofrecen una densidad de potencia \u00f3ptima gracias a su forma compacta y bajo peso. Son una opci\u00f3n ideal para aplicaciones con restricciones de espacio, para que los equipos de construcci\u00f3n y miner\u00eda no tengan que sacrificar potencia. <\/li>\n\n\n\n<li><strong>Operaciones m\u00e1s seguras:<\/strong> Las mangueras hidr\u00e1ulicas tienen un \u00edndice de presi\u00f3n especificado para ayudarte a seleccionar la opci\u00f3n adecuada para respaldar las operaciones seguras de tu equipo industrial. Con un mantenimiento adecuado y peri\u00f3dico, estas mangueras resistentes y fiables pueden soportar un uso rudo y disminuir el riesgo de accidentes laborales y da\u00f1os al equipo. Es primordial que el montaje, la inspecci\u00f3n\/mantenimiento y la sustituci\u00f3n de las mangueras sean adecuados.  <\/li>\n\n\n\n<li><strong>Mayor Flexibilidad para Facilitar los Movimientos: <\/strong>Parte de su capacidad para encajar en espacios reducidos es su flexibilidad. Nuestras mangueras para maquinaria consiguen estirarse por las esquinas, maniobrar entre los componentes y mucho m\u00e1s para facilitar el movimiento y satisfacer las necesidades de los equipos pesados incluso en espacios o entornos dif\u00edciles. <\/li>\n\n\n\n<li><strong>Rendimiento duradero: <\/strong>Las mangueras hidr\u00e1ulicas resisten bien en entornos duros, aplicaciones resistentes y uso rudo. Dise\u00f1adas pensando en la industria pesada, ofrecen una longevidad \u00f3ptima. <\/li>\n\n\n\n<li><strong>Aplicaciones vers\u00e1tiles:<\/strong> Nuestras mangueras pueden adaptarse a complejos sistemas hidr\u00e1ulicos personalizados para transmitir potencia a trav\u00e9s de tu equipo industrial pesado espec\u00edfico. Incluso pueden alimentar varios componentes de la maquinaria a la vez. <\/li>\n<\/ul>\n\n<h2 class=\"wp-block-heading\">Contactar con Jason<\/h2>\n\n<p>Las mangueras hidr\u00e1ulicas son eficaces en aplicaciones de los sectores industrial, de la construcci\u00f3n y minero. Al proporcionar potencia a varios tipos de equipos hidr\u00e1ulicos, nuestras mangueras hidr\u00e1ulicas son una soluci\u00f3n operativa segura y eficaz. Te proporcionan la maniobrabilidad y longevidad que necesita tu equipo pesado para hacer frente a las duras condiciones de funcionamiento.  <\/p>\n\n<p>Cuando te asocias con Jason para las mangueras de equipos industriales pesados, obtienes acceso a d\u00e9cadas de conocimiento del producto, un servicio de atenci\u00f3n al cliente superior y mangueras de alta calidad para operaciones fiables. <a href=\"https:\/\/jasonhosesolutions.com\/es\/ponte-en-contacto-con\/\" data-type=\"page\" data-id=\"152\">Ponte en contacto con nosotros<\/a> hoy mismo para obtener m\u00e1s informaci\u00f3n sobre c\u00f3mo nuestro equipo puede respaldar tus exigentes aplicaciones en la industria pesada, o <a href=\"https:\/\/jasonhosesolutions.com\/es\/peticion-de-oferta\/\" data-type=\"page\" data-id=\"122\">solicita un presupuesto<\/a> para conocer los precios.<\/p>\n","protected":false},"excerpt":{"rendered":"<p>Las mangueras hidr\u00e1ulicas proporcionan potencia eficiente y segura a excavadoras, gr\u00faas, plataformas y equipos de miner\u00eda, ofreciendo durabilidad y flexibilidad en entornos dif\u00edciles. Jason, la divisi\u00f3n de mangueras de AMMEGA desde 1958, suministra mangueras de alto rendimiento en todo el continente americano para ofrecer soluciones fiables a la industria pesada. <\/p>\n","protected":false},"author":1,"featured_media":46523,"parent":46025,"menu_order":0,"comment_status":"closed","ping_status":"closed","template":"","meta":{"_acf_changed":false,"_seopress_robots_primary_cat":"","_seopress_titles_title":"","_seopress_titles_desc":"","_seopress_robots_index":"","footnotes":""},"class_list":["post-45995","page","type-page","status-publish","has-post-thumbnail"],"acf":[],"_links":{"self":[{"href":"https:\/\/jasonhosesolutions.com\/es\/wp-json\/wp\/v2\/pages\/45995","targetHints":{"allow":["GET"]}}],"collection":[{"href":"https:\/\/jasonhosesolutions.com\/es\/wp-json\/wp\/v2\/pages"}],"about":[{"href":"https:\/\/jasonhosesolutions.com\/es\/wp-json\/wp\/v2\/types\/page"}],"author":[{"embeddable":true,"href":"https:\/\/jasonhosesolutions.com\/es\/wp-json\/wp\/v2\/users\/1"}],"replies":[{"embeddable":true,"href":"https:\/\/jasonhosesolutions.com\/es\/wp-json\/wp\/v2\/comments?post=45995"}],"version-history":[{"count":0,"href":"https:\/\/jasonhosesolutions.com\/es\/wp-json\/wp\/v2\/pages\/45995\/revisions"}],"up":[{"embeddable":true,"href":"https:\/\/jasonhosesolutions.com\/es\/wp-json\/wp\/v2\/pages\/46025"}],"wp:featuredmedia":[{"embeddable":true,"href":"https:\/\/jasonhosesolutions.com\/es\/wp-json\/wp\/v2\/media\/46523"}],"wp:attachment":[{"href":"https:\/\/jasonhosesolutions.com\/es\/wp-json\/wp\/v2\/media?parent=45995"}],"curies":[{"name":"wp","href":"https:\/\/api.w.org\/{rel}","templated":true}]}}