{"id":45975,"date":"2025-11-11T18:36:30","date_gmt":"2025-11-11T18:36:30","guid":{"rendered":"https:\/\/jasonhosesolutions.com\/fabricacion-general\/"},"modified":"2026-03-19T06:18:39","modified_gmt":"2026-03-19T06:18:39","slug":"fabricacion-general","status":"publish","type":"page","link":"https:\/\/jasonhosesolutions.com\/es\/industrias\/fabricacion-general\/","title":{"rendered":"Fabricaci\u00f3n general"},"content":{"rendered":"\n<p\/>\n\n\n\n<p\/>\n","protected":false},"excerpt":{"rendered":"<p>Las mangueras industriales e hidr\u00e1ulicas garantizan la eficacia y la seguridad en la fabricaci\u00f3n mediante la transferencia de materiales y la transmisi\u00f3n de potencia. Jason, la divisi\u00f3n de mangueras de AMMEGA, suministra mangueras duraderas y espec\u00edficas para cada aplicaci\u00f3n en toda Am\u00e9rica, apoyando la producci\u00f3n desde la materia prima hasta la distribuci\u00f3n con una selecci\u00f3n experta y un rendimiento fiable. <\/p>\n","protected":false},"author":1,"featured_media":46518,"parent":46025,"menu_order":0,"comment_status":"closed","ping_status":"closed","template":"","meta":{"_acf_changed":false,"_seopress_robots_primary_cat":"","_seopress_titles_title":"","_seopress_titles_desc":"","_seopress_robots_index":"","footnotes":""},"class_list":["post-45975","page","type-page","status-publish","has-post-thumbnail"],"acf":[],"_links":{"self":[{"href":"https:\/\/jasonhosesolutions.com\/es\/wp-json\/wp\/v2\/pages\/45975","targetHints":{"allow":["GET"]}}],"collection":[{"href":"https:\/\/jasonhosesolutions.com\/es\/wp-json\/wp\/v2\/pages"}],"about":[{"href":"https:\/\/jasonhosesolutions.com\/es\/wp-json\/wp\/v2\/types\/page"}],"author":[{"embeddable":true,"href":"https:\/\/jasonhosesolutions.com\/es\/wp-json\/wp\/v2\/users\/1"}],"replies":[{"embeddable":true,"href":"https:\/\/jasonhosesolutions.com\/es\/wp-json\/wp\/v2\/comments?post=45975"}],"version-history":[{"count":2,"href":"https:\/\/jasonhosesolutions.com\/es\/wp-json\/wp\/v2\/pages\/45975\/revisions"}],"predecessor-version":[{"id":60451,"href":"https:\/\/jasonhosesolutions.com\/es\/wp-json\/wp\/v2\/pages\/45975\/revisions\/60451"}],"up":[{"embeddable":true,"href":"https:\/\/jasonhosesolutions.com\/es\/wp-json\/wp\/v2\/pages\/46025"}],"wp:featuredmedia":[{"embeddable":true,"href":"https:\/\/jasonhosesolutions.com\/es\/wp-json\/wp\/v2\/media\/46518"}],"wp:attachment":[{"href":"https:\/\/jasonhosesolutions.com\/es\/wp-json\/wp\/v2\/media?parent=45975"}],"curies":[{"name":"wp","href":"https:\/\/api.w.org\/{rel}","templated":true}]}}