{"id":45967,"date":"2025-11-12T07:09:24","date_gmt":"2025-11-12T07:09:24","guid":{"rendered":"https:\/\/jasonhosesolutions.com\/manguera-de-vapor\/"},"modified":"2026-01-30T12:43:53","modified_gmt":"2026-01-30T12:43:53","slug":"manguera-de-vapor","status":"publish","type":"page","link":"https:\/\/jasonhosesolutions.com\/es\/productos\/industrial\/manguera-de-vapor\/","title":{"rendered":"Manguera de vapor"},"content":{"rendered":"\n<figure class=\"wp-block-image size-full\"><img loading=\"lazy\" decoding=\"async\" width=\"500\" height=\"333\" src=\"https:\/\/jasonhosesolutions.com\/wp-content\/uploads\/2025\/11\/jason-industrial-4816-steam.jpg\" alt=\"jason industrial 4816 vapor\" class=\"wp-image-6226\"\/><\/figure>\n\n<p>Jason ofrece mangueras de vapor para transferir vapor en las siguientes industrias:<\/p>\n\n<ul class=\"wp-block-list\">\n<li>Pulpa y procesado<\/li>\n\n\n\n<li>Qu\u00edmica<\/li>\n\n\n\n<li>Petr\u00f3leo<\/li>\n\n\n\n<li>Alimentaci\u00f3n<\/li>\n\n\n\n<li>Madera<\/li>\n\n\n\n<li>Manipulaci\u00f3n de materiales<\/li>\n<\/ul>\n\n<p>Tanto el tubo como la cubierta de nuestra Manguera de Vapor est\u00e1n fabricados con EPDM. La cubierta est\u00e1 agujereada para permitir la ventilaci\u00f3n y eliminar el riesgo de ampollas y separaci\u00f3n de la cubierta, y es resistente a la intemperie y al ozono. La manguera tiene una presi\u00f3n de trabajo y una temperatura nominales elevadas.  <\/p>\n\n<p>La manguera de vapor Jason est\u00e1 disponible en las series 4815 o 4816. La 4815 tiene una cubierta negra, est\u00e1 reforzada con dos capas de alambre de acero y est\u00e1 disponible en tama\u00f1os de 12,7 mm (1\/2 pulg.) de di\u00e1metro interior a 76,22 mm (3 pulg.) de di\u00e1metro interior. La 4816 tiene una cubierta roja, est\u00e1 reforzada con dos trenzas de alambre de acero y est\u00e1 disponible en tama\u00f1os de 12,7 mm (1\/2 pulg.) de di\u00e1metro interior a 50,88 mm (2 pulg.) de di\u00e1metro interior.  <\/p>\n\n<p>Como la manipulaci\u00f3n del vapor es muy peligrosa, es fundamental extremar el cuidado y seguir las precauciones de seguridad para reducir el riesgo de da\u00f1os personales o materiales. Consulta las <a href=\"https:\/\/jasonhosesolutions.com\/wp-content\/uploads\/2025\/11\/Steam-Hose-Safety-Recommendations.pdf\" target=\"_blank\" rel=\"noopener\">Recomendaciones de seguridad para mangueras de vapor ARPM-11-1<\/a> para obtener m\u00e1s informaci\u00f3n. <\/p>\n\n<p>Para obtener especificaciones m\u00e1s detalladas sobre nuestras Mangueras de Vapor, consulta nuestro Cat\u00e1logo Online.<\/p>\n\n<p><\/p>\n","protected":false},"excerpt":{"rendered":"<p>Jason ofrece mangueras de vapor para transferir vapor en las siguientes industrias: Tanto el tubo como la cubierta de nuestra Manguera de Vapor est\u00e1n fabricados con EPDM. La cubierta est\u00e1 agujereada para permitir la ventilaci\u00f3n y eliminar el riesgo de ampollas y separaci\u00f3n de la cubierta, y es resistente a la intemperie y al ozono. [&hellip;]<\/p>\n","protected":false},"author":1,"featured_media":0,"parent":46022,"menu_order":0,"comment_status":"closed","ping_status":"closed","template":"","meta":{"_acf_changed":false,"_seopress_robots_primary_cat":"","_seopress_titles_title":"","_seopress_titles_desc":"","_seopress_robots_index":"","footnotes":""},"class_list":["post-45967","page","type-page","status-publish"],"acf":[],"_links":{"self":[{"href":"https:\/\/jasonhosesolutions.com\/es\/wp-json\/wp\/v2\/pages\/45967","targetHints":{"allow":["GET"]}}],"collection":[{"href":"https:\/\/jasonhosesolutions.com\/es\/wp-json\/wp\/v2\/pages"}],"about":[{"href":"https:\/\/jasonhosesolutions.com\/es\/wp-json\/wp\/v2\/types\/page"}],"author":[{"embeddable":true,"href":"https:\/\/jasonhosesolutions.com\/es\/wp-json\/wp\/v2\/users\/1"}],"replies":[{"embeddable":true,"href":"https:\/\/jasonhosesolutions.com\/es\/wp-json\/wp\/v2\/comments?post=45967"}],"version-history":[{"count":0,"href":"https:\/\/jasonhosesolutions.com\/es\/wp-json\/wp\/v2\/pages\/45967\/revisions"}],"up":[{"embeddable":true,"href":"https:\/\/jasonhosesolutions.com\/es\/wp-json\/wp\/v2\/pages\/46022"}],"wp:attachment":[{"href":"https:\/\/jasonhosesolutions.com\/es\/wp-json\/wp\/v2\/media?parent=45967"}],"curies":[{"name":"wp","href":"https:\/\/api.w.org\/{rel}","templated":true}]}}