{"id":45961,"date":"2025-11-12T07:09:25","date_gmt":"2025-11-12T07:09:25","guid":{"rendered":"https:\/\/jasonhosesolutions.com\/manguera-de-agua\/"},"modified":"2026-01-30T12:43:53","modified_gmt":"2026-01-30T12:43:53","slug":"manguera-de-agua","status":"publish","type":"page","link":"https:\/\/jasonhosesolutions.com\/es\/productos\/industrial\/manguera-de-agua\/","title":{"rendered":"Manguera de agua"},"content":{"rendered":"\n<p>Jason ofrece una amplia gama de mangueras para uso en agua en movimiento. Desde la aspiraci\u00f3n hasta la descarga, pasando por el lavado, el chorro y el riego, nuestras mangueras fabricadas con diversos materiales termopl\u00e1sticos y de caucho est\u00e1n dise\u00f1adas para satisfacer las necesidades espec\u00edficas de tu aplicaci\u00f3n. <\/p>\n\n<h2 class=\"wp-block-heading\">Nuestra l\u00ednea de mangueras de agua incluye<\/h2>\n\n<h3 class=\"wp-block-heading\">Manguera de succi\u00f3n y transferencia de PVC resistente<\/h3>\n\n<p>Con un refuerzo de hilo de poli\u00e9ster de alta resistencia y una distintiva h\u00e9lice naranja, esta manguera se dise\u00f1\u00f3 originalmente para la succi\u00f3n de peces, la aspiraci\u00f3n de agua y el bombeo de basura. Sin embargo, ahora ha descubierto nuevas aplicaciones en la industria del fracking. Es muy popular para mover agua dentro y fuera de estanques de retenci\u00f3n. Esta manguera soporta altas presiones de trasvase.   <\/p>\n\n<h3 class=\"wp-block-heading\">Manguera de aspiraci\u00f3n de PVC transparente para clima fr\u00edo HD Sub-Zero<\/h3>\n\n<p>Dise\u00f1ada para su uso en condiciones clim\u00e1ticas extremas, esta manguera puede soportar temperaturas de hasta -40\u00b0F.<\/p>\n\n<h3 class=\"wp-block-heading\">Manguera de aspiraci\u00f3n de agua est\u00e1ndar<\/h3>\n\n<p>Esta manguera de aspiraci\u00f3n de agua se ofrece en modelos FRAC y de goma. Para el reciclado de la aspiraci\u00f3n y la evacuaci\u00f3n del agua de retorno, la opci\u00f3n FRAC es la m\u00e1s adecuada. Sin embargo, para la aspiraci\u00f3n, descarga o flujo de agua por gravedad en aplicaciones de construcci\u00f3n, miner\u00eda, prospecci\u00f3n petrol\u00edfera, agricultura y alquiler de equipos, es m\u00e1s adecuada la opci\u00f3n de goma<strong>.<\/strong>  <\/p>\n\n<h3 class=\"wp-block-heading\">Manguera no conductora para puerta de horno<\/h3>\n\n<p>Al transferir agua fr\u00eda a las puertas de los hornos en acer\u00edas, f\u00e1bricas de vidrio y otras operaciones similares, esta manguera reduce la temperatura de las puertas sin riesgo potencial para los usuarios. La construcci\u00f3n de EPDM\/fibra de vidrio de esta manguera resiste el calor y es ign\u00edfuga. La propia cubierta puede resistir salpicaduras de metal fundido de hasta +575 \u00b0F.  <\/p>\n\n<h3 class=\"wp-block-heading\">Mangueras y conjuntos de PVC para descarga de agua a granel<\/h3>\n\n<p>Con opciones de uso medio (disponible en colores azul o rojo vino) y uso intensivo (color rojo) en stock, esta manguera se emplea a menudo para la descarga de agua con fines generales en la construcci\u00f3n, la agricultura, el riego por goteo y el alquiler de equipos. Esta manguera es ligera y f\u00e1cil de manejar, y se enrolla en plano para guardarla c\u00f3modamente. <\/p>\n\n<h3 class=\"wp-block-heading\">Mangueras y conjuntos de descarga de molinos<\/h3>\n\n<p>Esta manguera est\u00e1 disponible en dos estilos: DJ de alta resistencia y SJ de grado municipal. La manguera de alta resistencia se utiliza con frecuencia para el lavado municipal o de cubiertas de barcos, el alquiler de bombas o la l\u00ednea de suministro de agua de hidrante a cami\u00f3n. En cambio, la manguera de grado municipal se emplea a menudo para el servicio de descarga de agua en astilleros de alquiler, servicio de flotas, lavado municipal y desag\u00fce de servicios p\u00fablicos.  <\/p>\n\n<h3 class=\"wp-block-heading\">Manguera de aspiraci\u00f3n de EPDM<\/h3>\n\n<p>Esta manguera es muy adecuada para aplicaciones est\u00e1ndar de aspiraci\u00f3n y manipulaci\u00f3n de agua, como fosas s\u00e9pticas, aguas residuales, esti\u00e9rcol l\u00edquido y fertilizantes l\u00edquidos agr\u00edcolas.<\/p>\n\n<h3 class=\"wp-block-heading\">Manguera de aspiraci\u00f3n de agua de PVC verde o PVC Helix transparente\/blanco<\/h3>\n\n<p>Disponible en PVC helicoidal verde o transparente\/blanco, esta manguera se utiliza mejor para la aspiraci\u00f3n, descarga o flujo por gravedad de agua, agua salada y agua aceitosa en la construcci\u00f3n, agricultura, miner\u00eda o alquiler de equipos.<\/p>\n\n<h3 class=\"wp-block-heading\">Manguera de descarga de agua de goma de 2 capas<\/h3>\n\n<p>Con modelos de 2 y 4 capas disponibles, esta manguera se emplea en el alquiler de maquinaria pesada, la construcci\u00f3n en general, minas, canteras y otras aplicaciones de descarga de agua. Estas mangueras se colocan planas y permiten enrollarlas f\u00e1cilmente, al tiempo que mantienen la resistencia a la intemperie y al ozono. <\/p>\n\n<h3 class=\"wp-block-heading\">Mainstream\u2122 Conjuntos de hidrolimpiadora<\/h3>\n\n<p>Como esta manguera est\u00e1 dise\u00f1ada para aplicaciones de lavado a presi\u00f3n, se utiliza sobre todo para la limpieza de plantas av\u00edcolas, lecher\u00edas, equipos todoterreno, f\u00e1bricas de papel, construcci\u00f3n, viviendas y patios exteriores. Esta manguera soporta presiones de trabajo de hasta 3.000 lbs. <\/p>\n\n<h3 class=\"wp-block-heading\">Manguera de descarga de nitrilo\/PVC resistente al aceite<\/h3>\n\n<p>Disponible en modelos negro o amarillo, esta manguera se utiliza generalmente para lavado industrial, riego, achique general, descarga de bombas y drenaje. Estas mangueras funcionan hasta 250 PSI (17,25 BAR). Disponibles en longitudes de 660&#8242; en di\u00e1metros interiores de 4&#8243;, 6&#8243; y 8&#8243;.  <\/p>\n\n<h3 class=\"wp-block-heading\">Mangueras contra incendios MSHA<\/h3>\n\n<p>Esta manguera cumple la clasificaci\u00f3n 18-FHA08001 de la MSHA. Con opciones de longitud de manguera de 50 y 100 pies, este conjunto de manguera se utiliza como manguera contra incendios para miner\u00eda subterr\u00e1nea. Esta manguera se enrolla en plano para facilitar su almacenamiento.  <\/p>\n","protected":false},"excerpt":{"rendered":"<p>Jason ofrece una amplia gama de mangueras para uso en agua en movimiento. Desde la aspiraci\u00f3n hasta la descarga, pasando por el lavado, el chorro y el riego, nuestras mangueras fabricadas con diversos materiales termopl\u00e1sticos y de caucho est\u00e1n dise\u00f1adas para satisfacer las necesidades espec\u00edficas de tu aplicaci\u00f3n. Nuestra l\u00ednea de mangueras de agua incluye [&hellip;]<\/p>\n","protected":false},"author":1,"featured_media":26692,"parent":46022,"menu_order":0,"comment_status":"closed","ping_status":"closed","template":"","meta":{"_acf_changed":false,"_seopress_robots_primary_cat":"","_seopress_titles_title":"","_seopress_titles_desc":"","_seopress_robots_index":"","footnotes":""},"class_list":["post-45961","page","type-page","status-publish","has-post-thumbnail"],"acf":[],"_links":{"self":[{"href":"https:\/\/jasonhosesolutions.com\/es\/wp-json\/wp\/v2\/pages\/45961","targetHints":{"allow":["GET"]}}],"collection":[{"href":"https:\/\/jasonhosesolutions.com\/es\/wp-json\/wp\/v2\/pages"}],"about":[{"href":"https:\/\/jasonhosesolutions.com\/es\/wp-json\/wp\/v2\/types\/page"}],"author":[{"embeddable":true,"href":"https:\/\/jasonhosesolutions.com\/es\/wp-json\/wp\/v2\/users\/1"}],"replies":[{"embeddable":true,"href":"https:\/\/jasonhosesolutions.com\/es\/wp-json\/wp\/v2\/comments?post=45961"}],"version-history":[{"count":0,"href":"https:\/\/jasonhosesolutions.com\/es\/wp-json\/wp\/v2\/pages\/45961\/revisions"}],"up":[{"embeddable":true,"href":"https:\/\/jasonhosesolutions.com\/es\/wp-json\/wp\/v2\/pages\/46022"}],"wp:featuredmedia":[{"embeddable":true,"href":"https:\/\/jasonhosesolutions.com\/es\/wp-json\/wp\/v2\/media\/26692"}],"wp:attachment":[{"href":"https:\/\/jasonhosesolutions.com\/es\/wp-json\/wp\/v2\/media?parent=45961"}],"curies":[{"name":"wp","href":"https:\/\/api.w.org\/{rel}","templated":true}]}}